{"id":8744,"date":"2026-03-04T08:04:34","date_gmt":"2026-03-04T08:04:34","guid":{"rendered":"https:\/\/www.staging.pullnerfilter.com\/?post_type=product&#038;p=8744"},"modified":"2026-04-02T03:47:31","modified_gmt":"2026-04-02T03:47:31","slug":"elemento-filtrante-de-condensado-de-proceso","status":"publish","type":"product","link":"https:\/\/www.staging.pullnerfilter.com\/es\/producto\/elemento-filtrante-de-condensado-de-proceso\/","title":{"rendered":"Elemento filtrante de condensado de proceso"},"content":{"rendered":"<p>Serie PHFX <a href=\"https:\/\/www.pullnerfilter.com\/string-wound-filter-cartridge\/\" target=\"_blank\" rel=\"noopener\">cartucho filtrante bobinado<\/a> es el filtro de profundidad, utilizando fibra de alto rendimiento (polipropileno, algod\u00f3n absorbente o fibra de vidrio) hilo de acuerdo con un proceso espec\u00edfico, firmemente enrollada en el n\u00facleo central poroso (PP o SS tubo de agujero), formar una estructura de panal con escasa fuera y densa en el interior.<br>Est\u00e1 dise\u00f1ado para la eliminaci\u00f3n de hierro en condensados de centrales el\u00e9ctricas, con o sin revestimiento previo de resina. Longitud de uso com\u00fan 70\u2033 (1778mm), la gran longitud con gran \u00e1rea de filtraci\u00f3n asegura para reducir el n\u00famero de cartuchos de filtro y la dimensi\u00f3n de la vivienda requerida. La larga vida \u00fatil y el alto caudal dan como resultado una baja inversi\u00f3n y menos mano de obra en muchas aplicaciones<\/p>\n\n\n\n<ul class=\"wp-block-list\">\n<li>Temperatura m\u00e1xima de funcionamiento: 250\u2103<\/li>\n\n\n\n<li>Presi\u00f3n diferencial m\u00e1xima de funcionamiento: 3,0bar@90\u2103<\/li>\n\n\n\n<li>Caudal: 2-2.8m<sup>3<\/sup>\/h(Dise\u00f1o)<\/li>\n\n\n\n<li>5m<sup>3<\/sup>\/h(Recomendaci\u00f3n)<\/li>\n\n\n\n<li>Calidad del agua de entrada(Recomendaci\u00f3n):\uff1c1000ppb<\/li>\n<\/ul>","protected":false},"featured_media":2272,"menu_order":0,"template":"","meta":{"_acf_changed":false,"_seopress_robots_primary_cat":"none","_seopress_titles_title":"","_seopress_titles_desc":"","_seopress_robots_index":"","_uag_custom_page_level_css":"","site-sidebar-layout":"default","site-content-layout":"","ast-site-content-layout":"default","site-content-style":"default","site-sidebar-style":"default","ast-global-header-display":"","ast-banner-title-visibility":"","ast-main-header-display":"","ast-hfb-above-header-display":"","ast-hfb-below-header-display":"","ast-hfb-mobile-header-display":"","site-post-title":"","ast-breadcrumbs-content":"","ast-featured-img":"","footer-sml-layout":"","theme-transparent-header-meta":"","adv-header-id-meta":"","stick-header-meta":"","header-above-stick-meta":"","header-main-stick-meta":"","header-below-stick-meta":"","astra-migrate-meta-layouts":"set","ast-page-background-enabled":"default","ast-page-background-meta":{"desktop":{"background-color":"","background-image":"","background-repeat":"repeat","background-position":"center center","background-size":"auto","background-attachment":"scroll","background-type":"","background-media":"","overlay-type":"","overlay-color":"","overlay-opacity":"","overlay-gradient":""},"tablet":{"background-color":"","background-image":"","background-repeat":"repeat","background-position":"center center","background-size":"auto","background-attachment":"scroll","background-type":"","background-media":"","overlay-type":"","overlay-color":"","overlay-opacity":"","overlay-gradient":""},"mobile":{"background-color":"","background-image":"","background-repeat":"repeat","background-position":"center center","background-size":"auto","background-attachment":"scroll","background-type":"","background-media":"","overlay-type":"","overlay-color":"","overlay-opacity":"","overlay-gradient":""}},"ast-content-background-meta":{"desktop":{"background-color":"var(--ast-global-color-5)","background-image":"","background-repeat":"repeat","background-position":"center center","background-size":"auto","background-attachment":"scroll","background-type":"","background-media":"","overlay-type":"","overlay-color":"","overlay-opacity":"","overlay-gradient":""},"tablet":{"background-color":"var(--ast-global-color-5)","background-image":"","background-repeat":"repeat","background-position":"center center","background-size":"auto","background-attachment":"scroll","background-type":"","background-media":"","overlay-type":"","overlay-color":"","overlay-opacity":"","overlay-gradient":""},"mobile":{"background-color":"var(--ast-global-color-5)","background-image":"","background-repeat":"repeat","background-position":"center center","background-size":"auto","background-attachment":"scroll","background-type":"","background-media":"","overlay-type":"","overlay-color":"","overlay-opacity":"","overlay-gradient":""}},"_product_flow_rate":"","_product_micron":"","_product_temp":"","_product_sku":"","_product_mpn":"","_product_description":"","_product_gallery":"2272","_product_tabs":"","_product_tab_features":"","_product_tab_specs":"","_product_tab_applications":""},"product_category":[80],"product_brand":[],"product_application":[],"product_flow_rate":[],"product_micron":[],"class_list":["post-8744","product","type-product","status-publish","has-post-thumbnail"],"acf":[],"uagb_featured_image_src":{"full":["https:\/\/www.staging.pullnerfilter.com\/wp-content\/uploads\/2023\/01\/Process-condensate-filter-element-1.jpg",800,534,false],"thumbnail":["https:\/\/www.staging.pullnerfilter.com\/wp-content\/uploads\/2023\/01\/Process-condensate-filter-element-1-150x150.jpg",150,150,true],"medium":["https:\/\/www.staging.pullnerfilter.com\/wp-content\/uploads\/2023\/01\/Process-condensate-filter-element-1-300x200.jpg",300,200,true],"medium_large":["https:\/\/www.staging.pullnerfilter.com\/wp-content\/uploads\/2023\/01\/Process-condensate-filter-element-1-768x513.jpg",768,513,true],"large":["https:\/\/www.staging.pullnerfilter.com\/wp-content\/uploads\/2023\/01\/Process-condensate-filter-element-1.jpg",800,534,false],"1536x1536":["https:\/\/www.staging.pullnerfilter.com\/wp-content\/uploads\/2023\/01\/Process-condensate-filter-element-1.jpg",800,534,false],"2048x2048":["https:\/\/www.staging.pullnerfilter.com\/wp-content\/uploads\/2023\/01\/Process-condensate-filter-element-1.jpg",800,534,false],"trp-custom-language-flag":["https:\/\/www.staging.pullnerfilter.com\/wp-content\/uploads\/2023\/01\/Process-condensate-filter-element-1.jpg",18,12,false]},"uagb_author_info":{"display_name":"marc","author_link":"https:\/\/www.staging.pullnerfilter.com\/es\/author\/"},"uagb_comment_info":0,"uagb_excerpt":"PHFX series string wound filter cartridge is depth filter, using high-performance fiber (Polypropylene, Absorbent cotton or Glass fiber) thread according to a specific process, tightly wound on the porous center core (PP or SS hole tube), form a honeycomb structure with sparse outside and dense inside.It\u2019s designed for power plant condensate iron removal, use with&hellip;","_links":{"self":[{"href":"https:\/\/www.staging.pullnerfilter.com\/es\/wp-json\/wp\/v2\/product\/8744","targetHints":{"allow":["GET"]}}],"collection":[{"href":"https:\/\/www.staging.pullnerfilter.com\/es\/wp-json\/wp\/v2\/product"}],"about":[{"href":"https:\/\/www.staging.pullnerfilter.com\/es\/wp-json\/wp\/v2\/types\/product"}],"wp:featuredmedia":[{"embeddable":true,"href":"https:\/\/www.staging.pullnerfilter.com\/es\/wp-json\/wp\/v2\/media\/2272"}],"wp:attachment":[{"href":"https:\/\/www.staging.pullnerfilter.com\/es\/wp-json\/wp\/v2\/media?parent=8744"}],"wp:term":[{"taxonomy":"product_category","embeddable":true,"href":"https:\/\/www.staging.pullnerfilter.com\/es\/wp-json\/wp\/v2\/product_category?post=8744"},{"taxonomy":"product_brand","embeddable":true,"href":"https:\/\/www.staging.pullnerfilter.com\/es\/wp-json\/wp\/v2\/product_brand?post=8744"},{"taxonomy":"product_application","embeddable":true,"href":"https:\/\/www.staging.pullnerfilter.com\/es\/wp-json\/wp\/v2\/product_application?post=8744"},{"taxonomy":"product_flow_rate","embeddable":true,"href":"https:\/\/www.staging.pullnerfilter.com\/es\/wp-json\/wp\/v2\/product_flow_rate?post=8744"},{"taxonomy":"product_micron","embeddable":true,"href":"https:\/\/www.staging.pullnerfilter.com\/es\/wp-json\/wp\/v2\/product_micron?post=8744"}],"curies":[{"name":"wp","href":"https:\/\/api.w.org\/{rel}","templated":true}]}}