{"id":8719,"date":"2026-03-04T07:19:51","date_gmt":"2026-03-04T07:19:51","guid":{"rendered":"https:\/\/www.staging.pullnerfilter.com\/?post_type=product&#038;p=8719"},"modified":"2026-04-02T03:47:37","modified_gmt":"2026-04-02T03:47:37","slug":"elemento-filtrante-resistente-a-altas-temperaturas","status":"publish","type":"product","link":"https:\/\/www.staging.pullnerfilter.com\/es\/product\/elemento-filtrante-resistente-a-altas-temperaturas\/","title":{"rendered":"Elemento filtrante resistente a altas temperaturas"},"content":{"rendered":"<p>El elemento filtrante resistente a altas temperaturas es un elemento filtrante plisado, fabricado con material de poli\u00e9ster (PET), que puede satisfacer la filtraci\u00f3n de precisi\u00f3n de benceno, tolueno y otros l\u00edquidos que contienen disolventes de hidrocarburos arom\u00e1ticos.<\/p>\n\n\n\n<p>El material de poli\u00e9ster tiene buena resistencia a la temperatura y la presi\u00f3n, puede soportar 120\u2103 de alta temperatura durante una semana, y 4 bar de diferencia de presi\u00f3n de trabajo.<\/p>","protected":false},"featured_media":773,"menu_order":0,"template":"","meta":{"_acf_changed":false,"_seopress_robots_primary_cat":"none","_seopress_titles_title":"","_seopress_titles_desc":"","_seopress_robots_index":"","_uag_custom_page_level_css":"","site-sidebar-layout":"default","site-content-layout":"","ast-site-content-layout":"default","site-content-style":"default","site-sidebar-style":"default","ast-global-header-display":"","ast-banner-title-visibility":"","ast-main-header-display":"","ast-hfb-above-header-display":"","ast-hfb-below-header-display":"","ast-hfb-mobile-header-display":"","site-post-title":"","ast-breadcrumbs-content":"","ast-featured-img":"","footer-sml-layout":"","theme-transparent-header-meta":"","adv-header-id-meta":"","stick-header-meta":"","header-above-stick-meta":"","header-main-stick-meta":"","header-below-stick-meta":"","astra-migrate-meta-layouts":"set","ast-page-background-enabled":"default","ast-page-background-meta":{"desktop":{"background-color":"","background-image":"","background-repeat":"repeat","background-position":"center center","background-size":"auto","background-attachment":"scroll","background-type":"","background-media":"","overlay-type":"","overlay-color":"","overlay-opacity":"","overlay-gradient":""},"tablet":{"background-color":"","background-image":"","background-repeat":"repeat","background-position":"center center","background-size":"auto","background-attachment":"scroll","background-type":"","background-media":"","overlay-type":"","overlay-color":"","overlay-opacity":"","overlay-gradient":""},"mobile":{"background-color":"","background-image":"","background-repeat":"repeat","background-position":"center center","background-size":"auto","background-attachment":"scroll","background-type":"","background-media":"","overlay-type":"","overlay-color":"","overlay-opacity":"","overlay-gradient":""}},"ast-content-background-meta":{"desktop":{"background-color":"var(--ast-global-color-5)","background-image":"","background-repeat":"repeat","background-position":"center center","background-size":"auto","background-attachment":"scroll","background-type":"","background-media":"","overlay-type":"","overlay-color":"","overlay-opacity":"","overlay-gradient":""},"tablet":{"background-color":"var(--ast-global-color-5)","background-image":"","background-repeat":"repeat","background-position":"center center","background-size":"auto","background-attachment":"scroll","background-type":"","background-media":"","overlay-type":"","overlay-color":"","overlay-opacity":"","overlay-gradient":""},"mobile":{"background-color":"var(--ast-global-color-5)","background-image":"","background-repeat":"repeat","background-position":"center center","background-size":"auto","background-attachment":"scroll","background-type":"","background-media":"","overlay-type":"","overlay-color":"","overlay-opacity":"","overlay-gradient":""}},"_product_flow_rate":"","_product_micron":"","_product_temp":"","_product_sku":"","_product_mpn":"","_product_description":"","_product_gallery":"773","_product_tabs":"","_product_tab_features":"","_product_tab_specs":"","_product_tab_applications":""},"product_category":[80],"product_brand":[],"product_application":[],"product_flow_rate":[],"product_micron":[],"class_list":["post-8719","product","type-product","status-publish","has-post-thumbnail"],"acf":[],"uagb_featured_image_src":{"full":["https:\/\/www.staging.pullnerfilter.com\/wp-content\/uploads\/2020\/10\/18-HPPV-High-Dirt-Holding-Capacity-Pleated-Water-Filters.jpg",600,400,false],"thumbnail":["https:\/\/www.staging.pullnerfilter.com\/wp-content\/uploads\/2020\/10\/18-HPPV-High-Dirt-Holding-Capacity-Pleated-Water-Filters-150x150.jpg",150,150,true],"medium":["https:\/\/www.staging.pullnerfilter.com\/wp-content\/uploads\/2020\/10\/18-HPPV-High-Dirt-Holding-Capacity-Pleated-Water-Filters-300x200.jpg",300,200,true],"medium_large":["https:\/\/www.staging.pullnerfilter.com\/wp-content\/uploads\/2020\/10\/18-HPPV-High-Dirt-Holding-Capacity-Pleated-Water-Filters.jpg",600,400,false],"large":["https:\/\/www.staging.pullnerfilter.com\/wp-content\/uploads\/2020\/10\/18-HPPV-High-Dirt-Holding-Capacity-Pleated-Water-Filters.jpg",600,400,false],"1536x1536":["https:\/\/www.staging.pullnerfilter.com\/wp-content\/uploads\/2020\/10\/18-HPPV-High-Dirt-Holding-Capacity-Pleated-Water-Filters.jpg",600,400,false],"2048x2048":["https:\/\/www.staging.pullnerfilter.com\/wp-content\/uploads\/2020\/10\/18-HPPV-High-Dirt-Holding-Capacity-Pleated-Water-Filters.jpg",600,400,false],"trp-custom-language-flag":["https:\/\/www.staging.pullnerfilter.com\/wp-content\/uploads\/2020\/10\/18-HPPV-High-Dirt-Holding-Capacity-Pleated-Water-Filters.jpg",18,12,false]},"uagb_author_info":{"display_name":"marc","author_link":"https:\/\/www.staging.pullnerfilter.com\/es\/author\/"},"uagb_comment_info":0,"uagb_excerpt":"High temperature resistant filter element is belong to pleated filter element, which is made of all Polyester (PET) material, which can meet the precision filtration of benzene, toluene and other liquids containing aromatic hydrocarbon solvents. The Polyester material has good temperature and pressure resistance, can withstand 120\u2103 high temperature for a week, and 4 bar&hellip;","_links":{"self":[{"href":"https:\/\/www.staging.pullnerfilter.com\/es\/wp-json\/wp\/v2\/product\/8719","targetHints":{"allow":["GET"]}}],"collection":[{"href":"https:\/\/www.staging.pullnerfilter.com\/es\/wp-json\/wp\/v2\/product"}],"about":[{"href":"https:\/\/www.staging.pullnerfilter.com\/es\/wp-json\/wp\/v2\/types\/product"}],"wp:featuredmedia":[{"embeddable":true,"href":"https:\/\/www.staging.pullnerfilter.com\/es\/wp-json\/wp\/v2\/media\/773"}],"wp:attachment":[{"href":"https:\/\/www.staging.pullnerfilter.com\/es\/wp-json\/wp\/v2\/media?parent=8719"}],"wp:term":[{"taxonomy":"product_category","embeddable":true,"href":"https:\/\/www.staging.pullnerfilter.com\/es\/wp-json\/wp\/v2\/product_category?post=8719"},{"taxonomy":"product_brand","embeddable":true,"href":"https:\/\/www.staging.pullnerfilter.com\/es\/wp-json\/wp\/v2\/product_brand?post=8719"},{"taxonomy":"product_application","embeddable":true,"href":"https:\/\/www.staging.pullnerfilter.com\/es\/wp-json\/wp\/v2\/product_application?post=8719"},{"taxonomy":"product_flow_rate","embeddable":true,"href":"https:\/\/www.staging.pullnerfilter.com\/es\/wp-json\/wp\/v2\/product_flow_rate?post=8719"},{"taxonomy":"product_micron","embeddable":true,"href":"https:\/\/www.staging.pullnerfilter.com\/es\/wp-json\/wp\/v2\/product_micron?post=8719"}],"curies":[{"name":"wp","href":"https:\/\/api.w.org\/{rel}","templated":true}]}}