{"id":8715,"date":"2026-03-04T07:14:12","date_gmt":"2026-03-04T07:14:12","guid":{"rendered":"https:\/\/www.staging.pullnerfilter.com\/?post_type=product&#038;p=8715"},"modified":"2026-04-02T03:47:38","modified_gmt":"2026-04-02T03:47:38","slug":"elemento-filtrante-de-fibra-de-vidrio-de-gran-caudal","status":"publish","type":"product","link":"https:\/\/www.staging.pullnerfilter.com\/es\/product\/elemento-filtrante-de-fibra-de-vidrio-de-gran-caudal\/","title":{"rendered":"Elemento filtrante de fibra de vidrio de gran caudal"},"content":{"rendered":"<p>El elemento filtrante de fibra de vidrio de gran caudal pertenece a <a href=\"https:\/\/www.pullnerfilter.com\/high-flow-filter-cartridge\/\" target=\"_blank\" rel=\"noopener\">cartucho filtrante de l\u00edquidos de alto caudal<\/a>, que est\u00e1 hecho de un cartucho de gran di\u00e1metro de 6\u201d (152 mm), de un solo extremo abierto, sin n\u00facleo y plisado, con un patr\u00f3n de flujo de dentro a fuera. La avanzada tecnolog\u00eda de pliegues, combinada con su gran di\u00e1metro y una amplia gama de micras, desde 1 micra hasta 200 micras, permite al cliente utilizar menos filtros y una carcasa de menor tama\u00f1o para aplicaciones de gran caudal.<\/p>\n\n\n\n<ul class=\"wp-block-list\">\n<li>Gran superficie de filtraci\u00f3n, alto rendimiento<\/li>\n\n\n\n<li>M\u00faltiples opciones de materiales de membrana<\/li>\n\n\n\n<li>Selecci\u00f3n de longitud m\u00faltiple<\/li>\n<\/ul>","protected":false},"featured_media":2208,"menu_order":0,"template":"","meta":{"_acf_changed":false,"_seopress_robots_primary_cat":"none","_seopress_titles_title":"","_seopress_titles_desc":"","_seopress_robots_index":"","_uag_custom_page_level_css":"","site-sidebar-layout":"default","site-content-layout":"","ast-site-content-layout":"default","site-content-style":"default","site-sidebar-style":"default","ast-global-header-display":"","ast-banner-title-visibility":"","ast-main-header-display":"","ast-hfb-above-header-display":"","ast-hfb-below-header-display":"","ast-hfb-mobile-header-display":"","site-post-title":"","ast-breadcrumbs-content":"","ast-featured-img":"","footer-sml-layout":"","theme-transparent-header-meta":"","adv-header-id-meta":"","stick-header-meta":"","header-above-stick-meta":"","header-main-stick-meta":"","header-below-stick-meta":"","astra-migrate-meta-layouts":"set","ast-page-background-enabled":"default","ast-page-background-meta":{"desktop":{"background-color":"","background-image":"","background-repeat":"repeat","background-position":"center center","background-size":"auto","background-attachment":"scroll","background-type":"","background-media":"","overlay-type":"","overlay-color":"","overlay-opacity":"","overlay-gradient":""},"tablet":{"background-color":"","background-image":"","background-repeat":"repeat","background-position":"center center","background-size":"auto","background-attachment":"scroll","background-type":"","background-media":"","overlay-type":"","overlay-color":"","overlay-opacity":"","overlay-gradient":""},"mobile":{"background-color":"","background-image":"","background-repeat":"repeat","background-position":"center center","background-size":"auto","background-attachment":"scroll","background-type":"","background-media":"","overlay-type":"","overlay-color":"","overlay-opacity":"","overlay-gradient":""}},"ast-content-background-meta":{"desktop":{"background-color":"var(--ast-global-color-5)","background-image":"","background-repeat":"repeat","background-position":"center center","background-size":"auto","background-attachment":"scroll","background-type":"","background-media":"","overlay-type":"","overlay-color":"","overlay-opacity":"","overlay-gradient":""},"tablet":{"background-color":"var(--ast-global-color-5)","background-image":"","background-repeat":"repeat","background-position":"center center","background-size":"auto","background-attachment":"scroll","background-type":"","background-media":"","overlay-type":"","overlay-color":"","overlay-opacity":"","overlay-gradient":""},"mobile":{"background-color":"var(--ast-global-color-5)","background-image":"","background-repeat":"repeat","background-position":"center center","background-size":"auto","background-attachment":"scroll","background-type":"","background-media":"","overlay-type":"","overlay-color":"","overlay-opacity":"","overlay-gradient":""}},"_product_flow_rate":"","_product_micron":"","_product_temp":"","_product_sku":"","_product_mpn":"","_product_description":"","_product_gallery":"2208","_product_tabs":"","_product_tab_features":"","_product_tab_specs":"","_product_tab_applications":""},"product_category":[80],"product_brand":[],"product_application":[],"product_flow_rate":[],"product_micron":[],"class_list":["post-8715","product","type-product","status-publish","has-post-thumbnail"],"acf":[],"uagb_featured_image_src":{"full":["https:\/\/www.staging.pullnerfilter.com\/wp-content\/uploads\/2023\/01\/Glass-fiber-large-flow-filter-element.jpg",650,658,false],"thumbnail":["https:\/\/www.staging.pullnerfilter.com\/wp-content\/uploads\/2023\/01\/Glass-fiber-large-flow-filter-element-150x150.jpg",150,150,true],"medium":["https:\/\/www.staging.pullnerfilter.com\/wp-content\/uploads\/2023\/01\/Glass-fiber-large-flow-filter-element-296x300.jpg",296,300,true],"medium_large":["https:\/\/www.staging.pullnerfilter.com\/wp-content\/uploads\/2023\/01\/Glass-fiber-large-flow-filter-element.jpg",650,658,false],"large":["https:\/\/www.staging.pullnerfilter.com\/wp-content\/uploads\/2023\/01\/Glass-fiber-large-flow-filter-element.jpg",650,658,false],"1536x1536":["https:\/\/www.staging.pullnerfilter.com\/wp-content\/uploads\/2023\/01\/Glass-fiber-large-flow-filter-element.jpg",650,658,false],"2048x2048":["https:\/\/www.staging.pullnerfilter.com\/wp-content\/uploads\/2023\/01\/Glass-fiber-large-flow-filter-element.jpg",650,658,false],"trp-custom-language-flag":["https:\/\/www.staging.pullnerfilter.com\/wp-content\/uploads\/2023\/01\/Glass-fiber-large-flow-filter-element.jpg",12,12,false]},"uagb_author_info":{"display_name":"marc","author_link":"https:\/\/www.staging.pullnerfilter.com\/es\/author\/"},"uagb_comment_info":0,"uagb_excerpt":"Glass fiber large flow filter element is belong to high flow liquid filter cartridge, which is made of large diameter 6\u201d (152mm), single open end, coreless, and pleated cartridge with inside to outside flow pattern. Advance pleat technology, combined with its large diameter and wide range of micron rating from 1 micron to 200 micron,&hellip;","_links":{"self":[{"href":"https:\/\/www.staging.pullnerfilter.com\/es\/wp-json\/wp\/v2\/product\/8715","targetHints":{"allow":["GET"]}}],"collection":[{"href":"https:\/\/www.staging.pullnerfilter.com\/es\/wp-json\/wp\/v2\/product"}],"about":[{"href":"https:\/\/www.staging.pullnerfilter.com\/es\/wp-json\/wp\/v2\/types\/product"}],"wp:featuredmedia":[{"embeddable":true,"href":"https:\/\/www.staging.pullnerfilter.com\/es\/wp-json\/wp\/v2\/media\/2208"}],"wp:attachment":[{"href":"https:\/\/www.staging.pullnerfilter.com\/es\/wp-json\/wp\/v2\/media?parent=8715"}],"wp:term":[{"taxonomy":"product_category","embeddable":true,"href":"https:\/\/www.staging.pullnerfilter.com\/es\/wp-json\/wp\/v2\/product_category?post=8715"},{"taxonomy":"product_brand","embeddable":true,"href":"https:\/\/www.staging.pullnerfilter.com\/es\/wp-json\/wp\/v2\/product_brand?post=8715"},{"taxonomy":"product_application","embeddable":true,"href":"https:\/\/www.staging.pullnerfilter.com\/es\/wp-json\/wp\/v2\/product_application?post=8715"},{"taxonomy":"product_flow_rate","embeddable":true,"href":"https:\/\/www.staging.pullnerfilter.com\/es\/wp-json\/wp\/v2\/product_flow_rate?post=8715"},{"taxonomy":"product_micron","embeddable":true,"href":"https:\/\/www.staging.pullnerfilter.com\/es\/wp-json\/wp\/v2\/product_micron?post=8715"}],"curies":[{"name":"wp","href":"https:\/\/api.w.org\/{rel}","templated":true}]}}