{"id":8700,"date":"2026-03-04T06:43:00","date_gmt":"2026-03-04T06:43:00","guid":{"rendered":"https:\/\/www.staging.pullnerfilter.com\/?post_type=product&#038;p=8700"},"modified":"2026-04-02T03:47:42","modified_gmt":"2026-04-02T03:47:42","slug":"cartucho-filtrante-envuelto","status":"publish","type":"product","link":"https:\/\/www.staging.pullnerfilter.com\/es\/product\/cartucho-filtrante-envuelto\/","title":{"rendered":"Cartucho filtrante envuelto"},"content":{"rendered":"<p>El cartucho filtrante envuelto adopta un dise\u00f1o de estructura enrollada, que puede filtrar con precisi\u00f3n el lodo CMP, interceptar eficazmente las part\u00edculas grandes y liberar las part\u00edculas efectivas. La estructura de gradiente de fuera a dentro aumenta el espacio de retenci\u00f3n de suciedad y prolonga la vida \u00fatil del elemento filtrante.<\/p>\n\n\n\n<ul style=\"padding-right:var(--wp--preset--spacing--70);padding-left:var(--wp--preset--spacing--70)\" class=\"wp-block-list\">\n<li>Precipitaciones escasas<\/li>\n\n\n\n<li>Gran capacidad de retenci\u00f3n de suciedad, larga vida \u00fatil<\/li>\n\n\n\n<li>Filtraci\u00f3n eficaz<\/li>\n\n\n\n<li>Prevenir la p\u00e9rdida de fibras<\/li>\n<\/ul>","protected":false},"featured_media":2174,"menu_order":0,"template":"","meta":{"_acf_changed":false,"_seopress_robots_primary_cat":"none","_seopress_titles_title":"","_seopress_titles_desc":"","_seopress_robots_index":"","_uag_custom_page_level_css":"","site-sidebar-layout":"default","site-content-layout":"","ast-site-content-layout":"default","site-content-style":"default","site-sidebar-style":"default","ast-global-header-display":"","ast-banner-title-visibility":"","ast-main-header-display":"","ast-hfb-above-header-display":"","ast-hfb-below-header-display":"","ast-hfb-mobile-header-display":"","site-post-title":"","ast-breadcrumbs-content":"","ast-featured-img":"","footer-sml-layout":"","theme-transparent-header-meta":"","adv-header-id-meta":"","stick-header-meta":"","header-above-stick-meta":"","header-main-stick-meta":"","header-below-stick-meta":"","astra-migrate-meta-layouts":"set","ast-page-background-enabled":"default","ast-page-background-meta":{"desktop":{"background-color":"","background-image":"","background-repeat":"repeat","background-position":"center center","background-size":"auto","background-attachment":"scroll","background-type":"","background-media":"","overlay-type":"","overlay-color":"","overlay-opacity":"","overlay-gradient":""},"tablet":{"background-color":"","background-image":"","background-repeat":"repeat","background-position":"center center","background-size":"auto","background-attachment":"scroll","background-type":"","background-media":"","overlay-type":"","overlay-color":"","overlay-opacity":"","overlay-gradient":""},"mobile":{"background-color":"","background-image":"","background-repeat":"repeat","background-position":"center center","background-size":"auto","background-attachment":"scroll","background-type":"","background-media":"","overlay-type":"","overlay-color":"","overlay-opacity":"","overlay-gradient":""}},"ast-content-background-meta":{"desktop":{"background-color":"var(--ast-global-color-5)","background-image":"","background-repeat":"repeat","background-position":"center center","background-size":"auto","background-attachment":"scroll","background-type":"","background-media":"","overlay-type":"","overlay-color":"","overlay-opacity":"","overlay-gradient":""},"tablet":{"background-color":"var(--ast-global-color-5)","background-image":"","background-repeat":"repeat","background-position":"center center","background-size":"auto","background-attachment":"scroll","background-type":"","background-media":"","overlay-type":"","overlay-color":"","overlay-opacity":"","overlay-gradient":""},"mobile":{"background-color":"var(--ast-global-color-5)","background-image":"","background-repeat":"repeat","background-position":"center center","background-size":"auto","background-attachment":"scroll","background-type":"","background-media":"","overlay-type":"","overlay-color":"","overlay-opacity":"","overlay-gradient":""}},"_product_flow_rate":"","_product_micron":"","_product_temp":"","_product_sku":"","_product_mpn":"","_product_description":"","_product_gallery":"2174","_product_tabs":"","_product_tab_features":"","_product_tab_specs":"","_product_tab_applications":""},"product_category":[80],"product_brand":[],"product_application":[],"product_flow_rate":[],"product_micron":[],"class_list":["post-8700","product","type-product","status-publish","has-post-thumbnail"],"acf":[],"uagb_featured_image_src":{"full":["https:\/\/www.staging.pullnerfilter.com\/wp-content\/uploads\/2023\/01\/Wrapped-filter-cartridge.jpg",540,360,false],"thumbnail":["https:\/\/www.staging.pullnerfilter.com\/wp-content\/uploads\/2023\/01\/Wrapped-filter-cartridge-150x150.jpg",150,150,true],"medium":["https:\/\/www.staging.pullnerfilter.com\/wp-content\/uploads\/2023\/01\/Wrapped-filter-cartridge-300x200.jpg",300,200,true],"medium_large":["https:\/\/www.staging.pullnerfilter.com\/wp-content\/uploads\/2023\/01\/Wrapped-filter-cartridge.jpg",540,360,false],"large":["https:\/\/www.staging.pullnerfilter.com\/wp-content\/uploads\/2023\/01\/Wrapped-filter-cartridge.jpg",540,360,false],"1536x1536":["https:\/\/www.staging.pullnerfilter.com\/wp-content\/uploads\/2023\/01\/Wrapped-filter-cartridge.jpg",540,360,false],"2048x2048":["https:\/\/www.staging.pullnerfilter.com\/wp-content\/uploads\/2023\/01\/Wrapped-filter-cartridge.jpg",540,360,false],"trp-custom-language-flag":["https:\/\/www.staging.pullnerfilter.com\/wp-content\/uploads\/2023\/01\/Wrapped-filter-cartridge.jpg",18,12,false]},"uagb_author_info":{"display_name":"marc","author_link":"https:\/\/www.staging.pullnerfilter.com\/es\/author\/"},"uagb_comment_info":0,"uagb_excerpt":"Wrapped filter cartridge adopts a winding structure design, which can accurately filter the CMP slurry, efficiently intercept large particles and release effective particles. The gradient structure from outside to inside increases the dirt holding space and prolongs the service life of the filter element.","_links":{"self":[{"href":"https:\/\/www.staging.pullnerfilter.com\/es\/wp-json\/wp\/v2\/product\/8700","targetHints":{"allow":["GET"]}}],"collection":[{"href":"https:\/\/www.staging.pullnerfilter.com\/es\/wp-json\/wp\/v2\/product"}],"about":[{"href":"https:\/\/www.staging.pullnerfilter.com\/es\/wp-json\/wp\/v2\/types\/product"}],"wp:featuredmedia":[{"embeddable":true,"href":"https:\/\/www.staging.pullnerfilter.com\/es\/wp-json\/wp\/v2\/media\/2174"}],"wp:attachment":[{"href":"https:\/\/www.staging.pullnerfilter.com\/es\/wp-json\/wp\/v2\/media?parent=8700"}],"wp:term":[{"taxonomy":"product_category","embeddable":true,"href":"https:\/\/www.staging.pullnerfilter.com\/es\/wp-json\/wp\/v2\/product_category?post=8700"},{"taxonomy":"product_brand","embeddable":true,"href":"https:\/\/www.staging.pullnerfilter.com\/es\/wp-json\/wp\/v2\/product_brand?post=8700"},{"taxonomy":"product_application","embeddable":true,"href":"https:\/\/www.staging.pullnerfilter.com\/es\/wp-json\/wp\/v2\/product_application?post=8700"},{"taxonomy":"product_flow_rate","embeddable":true,"href":"https:\/\/www.staging.pullnerfilter.com\/es\/wp-json\/wp\/v2\/product_flow_rate?post=8700"},{"taxonomy":"product_micron","embeddable":true,"href":"https:\/\/www.staging.pullnerfilter.com\/es\/wp-json\/wp\/v2\/product_micron?post=8700"}],"curies":[{"name":"wp","href":"https:\/\/api.w.org\/{rel}","templated":true}]}}