{"id":8696,"date":"2026-03-04T06:30:08","date_gmt":"2026-03-04T06:30:08","guid":{"rendered":"https:\/\/www.staging.pullnerfilter.com\/?post_type=product&#038;p=8696"},"modified":"2026-04-02T03:47:43","modified_gmt":"2026-04-02T03:47:43","slug":"cartucho-filtrante-electronico-para-lodos","status":"publish","type":"product","link":"https:\/\/www.staging.pullnerfilter.com\/es\/product\/cartucho-filtrante-electronico-para-lodos\/","title":{"rendered":"Cartucho electr\u00f3nico de filtro de lodos"},"content":{"rendered":"<p>El cartucho electr\u00f3nico de filtro de lodo pertenece al filtro de c\u00e1psula. Adopta un dise\u00f1o de estructura sinuosa, que puede filtrar con precisi\u00f3n el lodo CMP, interceptar eficazmente las part\u00edculas grandes y liberar las part\u00edculas efectivas. La estructura de gradiente de fuera a dentro aumenta el espacio de retenci\u00f3n de suciedad y prolonga la vida \u00fatil del elemento filtrante.<\/p>\n\n\n\n<ul style=\"padding-right:var(--wp--preset--spacing--70);padding-left:var(--wp--preset--spacing--70)\" class=\"wp-block-list\">\n<li>Medio filtrante: Polipropileno (PP)<\/li>\n\n\n\n<li>Jaula\/n\u00facleo\/tapas finales: Polipropileno (PP)<\/li>\n\n\n\n<li>Micras: 0,5\u03bcm, 1\u03bcm, 3\u03bcm, 5\u03bcm, 10\u03bcm, 25\u03bcm, 40\u03bcm, 50\u03bcm.<\/li>\n\n\n\n<li>Presi\u00f3n diferencial m\u00e1xima de funcionamiento: 4bar@21\u2103\/2,4 bar @ 80 \u2103<\/li>\n<\/ul>\n\n\n\n<p><\/p>","protected":false},"featured_media":2167,"menu_order":0,"template":"","meta":{"_acf_changed":false,"_seopress_robots_primary_cat":"none","_seopress_titles_title":"","_seopress_titles_desc":"","_seopress_robots_index":"","_uag_custom_page_level_css":"","site-sidebar-layout":"default","site-content-layout":"","ast-site-content-layout":"default","site-content-style":"default","site-sidebar-style":"default","ast-global-header-display":"","ast-banner-title-visibility":"","ast-main-header-display":"","ast-hfb-above-header-display":"","ast-hfb-below-header-display":"","ast-hfb-mobile-header-display":"","site-post-title":"","ast-breadcrumbs-content":"","ast-featured-img":"","footer-sml-layout":"","theme-transparent-header-meta":"","adv-header-id-meta":"","stick-header-meta":"","header-above-stick-meta":"","header-main-stick-meta":"","header-below-stick-meta":"","astra-migrate-meta-layouts":"set","ast-page-background-enabled":"default","ast-page-background-meta":{"desktop":{"background-color":"","background-image":"","background-repeat":"repeat","background-position":"center center","background-size":"auto","background-attachment":"scroll","background-type":"","background-media":"","overlay-type":"","overlay-color":"","overlay-opacity":"","overlay-gradient":""},"tablet":{"background-color":"","background-image":"","background-repeat":"repeat","background-position":"center center","background-size":"auto","background-attachment":"scroll","background-type":"","background-media":"","overlay-type":"","overlay-color":"","overlay-opacity":"","overlay-gradient":""},"mobile":{"background-color":"","background-image":"","background-repeat":"repeat","background-position":"center center","background-size":"auto","background-attachment":"scroll","background-type":"","background-media":"","overlay-type":"","overlay-color":"","overlay-opacity":"","overlay-gradient":""}},"ast-content-background-meta":{"desktop":{"background-color":"var(--ast-global-color-5)","background-image":"","background-repeat":"repeat","background-position":"center center","background-size":"auto","background-attachment":"scroll","background-type":"","background-media":"","overlay-type":"","overlay-color":"","overlay-opacity":"","overlay-gradient":""},"tablet":{"background-color":"var(--ast-global-color-5)","background-image":"","background-repeat":"repeat","background-position":"center center","background-size":"auto","background-attachment":"scroll","background-type":"","background-media":"","overlay-type":"","overlay-color":"","overlay-opacity":"","overlay-gradient":""},"mobile":{"background-color":"var(--ast-global-color-5)","background-image":"","background-repeat":"repeat","background-position":"center center","background-size":"auto","background-attachment":"scroll","background-type":"","background-media":"","overlay-type":"","overlay-color":"","overlay-opacity":"","overlay-gradient":""}},"_product_flow_rate":"","_product_micron":"","_product_temp":"","_product_sku":"","_product_mpn":"","_product_description":"Electronic slurry filter cartridge is belong to the capsule filter. It adopts a winding structure design, which can accurately filter the CMP slurry, efficiently intercept large particles and release effective particles. The gradient structure from outside to inside increases the dirt holding space and prolongs the service life of the filter element.","_product_gallery":"2167","_product_tabs":"","_product_tab_features":"","_product_tab_specs":"","_product_tab_applications":""},"product_category":[80],"product_brand":[],"product_application":[],"product_flow_rate":[],"product_micron":[],"class_list":["post-8696","product","type-product","status-publish","has-post-thumbnail"],"acf":[],"uagb_featured_image_src":{"full":["https:\/\/www.staging.pullnerfilter.com\/wp-content\/uploads\/2023\/01\/Electronic-slurry-filter-element.jpg",650,587,false],"thumbnail":["https:\/\/www.staging.pullnerfilter.com\/wp-content\/uploads\/2023\/01\/Electronic-slurry-filter-element-150x150.jpg",150,150,true],"medium":["https:\/\/www.staging.pullnerfilter.com\/wp-content\/uploads\/2023\/01\/Electronic-slurry-filter-element-300x271.jpg",300,271,true],"medium_large":["https:\/\/www.staging.pullnerfilter.com\/wp-content\/uploads\/2023\/01\/Electronic-slurry-filter-element.jpg",650,587,false],"large":["https:\/\/www.staging.pullnerfilter.com\/wp-content\/uploads\/2023\/01\/Electronic-slurry-filter-element.jpg",650,587,false],"1536x1536":["https:\/\/www.staging.pullnerfilter.com\/wp-content\/uploads\/2023\/01\/Electronic-slurry-filter-element.jpg",650,587,false],"2048x2048":["https:\/\/www.staging.pullnerfilter.com\/wp-content\/uploads\/2023\/01\/Electronic-slurry-filter-element.jpg",650,587,false],"trp-custom-language-flag":["https:\/\/www.staging.pullnerfilter.com\/wp-content\/uploads\/2023\/01\/Electronic-slurry-filter-element.jpg",13,12,false]},"uagb_author_info":{"display_name":"marc","author_link":"https:\/\/www.staging.pullnerfilter.com\/es\/author\/"},"uagb_comment_info":0,"uagb_excerpt":"Electronic slurry filter cartridge is belong to the capsule filter. It adopts a winding structure design, which can accurately filter the CMP slurry, efficiently intercept large particles and release effective particles. The gradient structure from outside to inside increases the dirt holding space and prolongs the service life of the filter element.","_links":{"self":[{"href":"https:\/\/www.staging.pullnerfilter.com\/es\/wp-json\/wp\/v2\/product\/8696","targetHints":{"allow":["GET"]}}],"collection":[{"href":"https:\/\/www.staging.pullnerfilter.com\/es\/wp-json\/wp\/v2\/product"}],"about":[{"href":"https:\/\/www.staging.pullnerfilter.com\/es\/wp-json\/wp\/v2\/types\/product"}],"wp:featuredmedia":[{"embeddable":true,"href":"https:\/\/www.staging.pullnerfilter.com\/es\/wp-json\/wp\/v2\/media\/2167"}],"wp:attachment":[{"href":"https:\/\/www.staging.pullnerfilter.com\/es\/wp-json\/wp\/v2\/media?parent=8696"}],"wp:term":[{"taxonomy":"product_category","embeddable":true,"href":"https:\/\/www.staging.pullnerfilter.com\/es\/wp-json\/wp\/v2\/product_category?post=8696"},{"taxonomy":"product_brand","embeddable":true,"href":"https:\/\/www.staging.pullnerfilter.com\/es\/wp-json\/wp\/v2\/product_brand?post=8696"},{"taxonomy":"product_application","embeddable":true,"href":"https:\/\/www.staging.pullnerfilter.com\/es\/wp-json\/wp\/v2\/product_application?post=8696"},{"taxonomy":"product_flow_rate","embeddable":true,"href":"https:\/\/www.staging.pullnerfilter.com\/es\/wp-json\/wp\/v2\/product_flow_rate?post=8696"},{"taxonomy":"product_micron","embeddable":true,"href":"https:\/\/www.staging.pullnerfilter.com\/es\/wp-json\/wp\/v2\/product_micron?post=8696"}],"curies":[{"name":"wp","href":"https:\/\/api.w.org\/{rel}","templated":true}]}}