{"id":8666,"date":"2026-03-02T09:27:21","date_gmt":"2026-03-02T09:27:21","guid":{"rendered":"https:\/\/www.staging.pullnerfilter.com\/?post_type=product&#038;p=8666"},"modified":"2026-04-02T03:47:47","modified_gmt":"2026-04-02T03:47:47","slug":"elemento-filtrante-de-alta-viscosidad","status":"publish","type":"product","link":"https:\/\/www.staging.pullnerfilter.com\/es\/product\/elemento-filtrante-de-alta-viscosidad\/","title":{"rendered":"Elemento filtrante de alta viscosidad"},"content":{"rendered":"<p>El elemento filtrante de alta viscosidad pertenece a <a href=\"https:\/\/www.pullnerfilter.com\/membrane-filter-cartridge\/\">cartucho filtrante de membrana<\/a>. Adopta la membrana de PP de fibra Nano multicapa, que puede interceptar eficazmente las part\u00edculas en coloide, adecuado para la filtraci\u00f3n de l\u00edquidos con alta viscosidad y alto contenido de s\u00f3lidos.&nbsp;<\/p>\n\n\n\n<ul style=\"padding-right:var(--wp--preset--spacing--70);padding-left:var(--wp--preset--spacing--70)\" class=\"wp-block-list\">\n<li>Medio filtrante: Polipropileno (PP) de nanofibras<\/li>\n\n\n\n<li>Jaula\/n\u00facleo\/tapa final: Polipropileno (PP)<\/li>\n\n\n\n<li>Material de la junta: EPDM, Viton, FEP<\/li>\n\n\n\n<li>Temperatura m\u00e1xima de funcionamiento: 80\u2103<\/li>\n\n\n\n<li>Temperatura m\u00e1xima de funcionamiento: 4bar@21\u2103 \/ 4bar@80\u2103<\/li>\n<\/ul>","protected":false},"featured_media":2151,"menu_order":0,"template":"","meta":{"_acf_changed":false,"_seopress_robots_primary_cat":"none","_seopress_titles_title":"","_seopress_titles_desc":"","_seopress_robots_index":"","_uag_custom_page_level_css":"","site-sidebar-layout":"default","site-content-layout":"","ast-site-content-layout":"default","site-content-style":"default","site-sidebar-style":"default","ast-global-header-display":"","ast-banner-title-visibility":"","ast-main-header-display":"","ast-hfb-above-header-display":"","ast-hfb-below-header-display":"","ast-hfb-mobile-header-display":"","site-post-title":"","ast-breadcrumbs-content":"","ast-featured-img":"","footer-sml-layout":"","theme-transparent-header-meta":"","adv-header-id-meta":"","stick-header-meta":"","header-above-stick-meta":"","header-main-stick-meta":"","header-below-stick-meta":"","astra-migrate-meta-layouts":"set","ast-page-background-enabled":"default","ast-page-background-meta":{"desktop":{"background-color":"","background-image":"","background-repeat":"repeat","background-position":"center center","background-size":"auto","background-attachment":"scroll","background-type":"","background-media":"","overlay-type":"","overlay-color":"","overlay-opacity":"","overlay-gradient":""},"tablet":{"background-color":"","background-image":"","background-repeat":"repeat","background-position":"center center","background-size":"auto","background-attachment":"scroll","background-type":"","background-media":"","overlay-type":"","overlay-color":"","overlay-opacity":"","overlay-gradient":""},"mobile":{"background-color":"","background-image":"","background-repeat":"repeat","background-position":"center center","background-size":"auto","background-attachment":"scroll","background-type":"","background-media":"","overlay-type":"","overlay-color":"","overlay-opacity":"","overlay-gradient":""}},"ast-content-background-meta":{"desktop":{"background-color":"var(--ast-global-color-5)","background-image":"","background-repeat":"repeat","background-position":"center center","background-size":"auto","background-attachment":"scroll","background-type":"","background-media":"","overlay-type":"","overlay-color":"","overlay-opacity":"","overlay-gradient":""},"tablet":{"background-color":"var(--ast-global-color-5)","background-image":"","background-repeat":"repeat","background-position":"center center","background-size":"auto","background-attachment":"scroll","background-type":"","background-media":"","overlay-type":"","overlay-color":"","overlay-opacity":"","overlay-gradient":""},"mobile":{"background-color":"var(--ast-global-color-5)","background-image":"","background-repeat":"repeat","background-position":"center center","background-size":"auto","background-attachment":"scroll","background-type":"","background-media":"","overlay-type":"","overlay-color":"","overlay-opacity":"","overlay-gradient":""}},"_product_flow_rate":"500 GPM","_product_micron":"5, 10, 25 \u03bcm","_product_temp":"up to 80\u00b0C","_product_sku":"","_product_mpn":"","_product_description":"High viscosity filter element is belong to membrane filter cartridge. It adopts multi-layer Nano fiber PP membrane, which can efficiently intercept the particles in colloid, suitable for liquid filtration with high viscosity and high solid content.\u00a0","_product_gallery":"2151","_product_tabs":"","_product_tab_features":"","_product_tab_specs":"","_product_tab_applications":""},"product_category":[79],"product_brand":[],"product_application":[65],"product_flow_rate":[],"product_micron":[],"class_list":["post-8666","product","type-product","status-publish","has-post-thumbnail"],"acf":[],"uagb_featured_image_src":{"full":["https:\/\/www.staging.pullnerfilter.com\/wp-content\/uploads\/2022\/11\/High-Viscosity-Filter-Element.jpg",540,360,false],"thumbnail":["https:\/\/www.staging.pullnerfilter.com\/wp-content\/uploads\/2022\/11\/High-Viscosity-Filter-Element-150x150.jpg",150,150,true],"medium":["https:\/\/www.staging.pullnerfilter.com\/wp-content\/uploads\/2022\/11\/High-Viscosity-Filter-Element-300x200.jpg",300,200,true],"medium_large":["https:\/\/www.staging.pullnerfilter.com\/wp-content\/uploads\/2022\/11\/High-Viscosity-Filter-Element.jpg",540,360,false],"large":["https:\/\/www.staging.pullnerfilter.com\/wp-content\/uploads\/2022\/11\/High-Viscosity-Filter-Element.jpg",540,360,false],"1536x1536":["https:\/\/www.staging.pullnerfilter.com\/wp-content\/uploads\/2022\/11\/High-Viscosity-Filter-Element.jpg",540,360,false],"2048x2048":["https:\/\/www.staging.pullnerfilter.com\/wp-content\/uploads\/2022\/11\/High-Viscosity-Filter-Element.jpg",540,360,false],"trp-custom-language-flag":["https:\/\/www.staging.pullnerfilter.com\/wp-content\/uploads\/2022\/11\/High-Viscosity-Filter-Element.jpg",18,12,false]},"uagb_author_info":{"display_name":"marc","author_link":"https:\/\/www.staging.pullnerfilter.com\/es\/author\/"},"uagb_comment_info":0,"uagb_excerpt":"High viscosity filter element is belong to membrane filter cartridge. It adopts multi-layer Nano fiber PP membrane, which can efficiently intercept the particles in colloid, suitable for liquid filtration with high viscosity and high solid content.&nbsp;","_links":{"self":[{"href":"https:\/\/www.staging.pullnerfilter.com\/es\/wp-json\/wp\/v2\/product\/8666","targetHints":{"allow":["GET"]}}],"collection":[{"href":"https:\/\/www.staging.pullnerfilter.com\/es\/wp-json\/wp\/v2\/product"}],"about":[{"href":"https:\/\/www.staging.pullnerfilter.com\/es\/wp-json\/wp\/v2\/types\/product"}],"wp:featuredmedia":[{"embeddable":true,"href":"https:\/\/www.staging.pullnerfilter.com\/es\/wp-json\/wp\/v2\/media\/2151"}],"wp:attachment":[{"href":"https:\/\/www.staging.pullnerfilter.com\/es\/wp-json\/wp\/v2\/media?parent=8666"}],"wp:term":[{"taxonomy":"product_category","embeddable":true,"href":"https:\/\/www.staging.pullnerfilter.com\/es\/wp-json\/wp\/v2\/product_category?post=8666"},{"taxonomy":"product_brand","embeddable":true,"href":"https:\/\/www.staging.pullnerfilter.com\/es\/wp-json\/wp\/v2\/product_brand?post=8666"},{"taxonomy":"product_application","embeddable":true,"href":"https:\/\/www.staging.pullnerfilter.com\/es\/wp-json\/wp\/v2\/product_application?post=8666"},{"taxonomy":"product_flow_rate","embeddable":true,"href":"https:\/\/www.staging.pullnerfilter.com\/es\/wp-json\/wp\/v2\/product_flow_rate?post=8666"},{"taxonomy":"product_micron","embeddable":true,"href":"https:\/\/www.staging.pullnerfilter.com\/es\/wp-json\/wp\/v2\/product_micron?post=8666"}],"curies":[{"name":"wp","href":"https:\/\/api.w.org\/{rel}","templated":true}]}}