{"id":8662,"date":"2026-03-02T09:18:57","date_gmt":"2026-03-02T09:18:57","guid":{"rendered":"https:\/\/www.staging.pullnerfilter.com\/?post_type=product&#038;p=8662"},"modified":"2026-04-09T03:50:30","modified_gmt":"2026-04-09T03:50:30","slug":"high-mucosal-membrane-filter-cartridge","status":"publish","type":"product","link":"https:\/\/www.staging.pullnerfilter.com\/es\/product\/high-mucosal-membrane-filter-cartridge\/","title":{"rendered":"Cartucho filtrante de membrana de alta mucosa"},"content":{"rendered":"<p>El cartucho filtrante de membrana mucosa alta pertenece a <a href=\"https:\/\/www.pullnerfilter.com\/membrane-filter-cartridge\/\" target=\"_blank\" rel=\"noopener\">cartucho filtrante de membrana<\/a>. Adopta la membrana multicapa Nano fibra PP, que puede interceptar eficazmente las part\u00edculas en coloide, adecuado para la filtraci\u00f3n de l\u00edquidos con alta viscosidad y alto contenido de s\u00f3lidos. Se puede utilizar en la filtraci\u00f3n de ultra-precisi\u00f3n de sustancias coloidales y de alta viscosidad, alto contenido de s\u00f3lidos de filtraci\u00f3n de l\u00edquidos.<\/p>\n\n\n\n<ul style=\"padding-right:var(--wp--preset--spacing--70);padding-left:var(--wp--preset--spacing--70)\" class=\"wp-block-list\">\n<li>Filtro de nanofibra<\/li>\n\n\n\n<li>Alta eficacia<\/li>\n\n\n\n<li>Adecuado para la filtraci\u00f3n de fluidos de alta viscosidad<\/li>\n\n\n\n<li>100% Lavado antes de la entrega<\/li>\n<\/ul>","protected":false},"featured_media":2136,"menu_order":0,"template":"","meta":{"_acf_changed":false,"_seopress_robots_primary_cat":"none","_seopress_titles_title":"","_seopress_titles_desc":"","_seopress_robots_index":"","_uag_custom_page_level_css":"","site-sidebar-layout":"default","site-content-layout":"","ast-site-content-layout":"default","site-content-style":"default","site-sidebar-style":"default","ast-global-header-display":"","ast-banner-title-visibility":"","ast-main-header-display":"","ast-hfb-above-header-display":"","ast-hfb-below-header-display":"","ast-hfb-mobile-header-display":"","site-post-title":"","ast-breadcrumbs-content":"","ast-featured-img":"","footer-sml-layout":"","theme-transparent-header-meta":"","adv-header-id-meta":"","stick-header-meta":"","header-above-stick-meta":"","header-main-stick-meta":"","header-below-stick-meta":"","astra-migrate-meta-layouts":"set","ast-page-background-enabled":"default","ast-page-background-meta":{"desktop":{"background-color":"","background-image":"","background-repeat":"repeat","background-position":"center center","background-size":"auto","background-attachment":"scroll","background-type":"","background-media":"","overlay-type":"","overlay-color":"","overlay-opacity":"","overlay-gradient":""},"tablet":{"background-color":"","background-image":"","background-repeat":"repeat","background-position":"center center","background-size":"auto","background-attachment":"scroll","background-type":"","background-media":"","overlay-type":"","overlay-color":"","overlay-opacity":"","overlay-gradient":""},"mobile":{"background-color":"","background-image":"","background-repeat":"repeat","background-position":"center center","background-size":"auto","background-attachment":"scroll","background-type":"","background-media":"","overlay-type":"","overlay-color":"","overlay-opacity":"","overlay-gradient":""}},"ast-content-background-meta":{"desktop":{"background-color":"var(--ast-global-color-5)","background-image":"","background-repeat":"repeat","background-position":"center center","background-size":"auto","background-attachment":"scroll","background-type":"","background-media":"","overlay-type":"","overlay-color":"","overlay-opacity":"","overlay-gradient":""},"tablet":{"background-color":"var(--ast-global-color-5)","background-image":"","background-repeat":"repeat","background-position":"center center","background-size":"auto","background-attachment":"scroll","background-type":"","background-media":"","overlay-type":"","overlay-color":"","overlay-opacity":"","overlay-gradient":""},"mobile":{"background-color":"var(--ast-global-color-5)","background-image":"","background-repeat":"repeat","background-position":"center center","background-size":"auto","background-attachment":"scroll","background-type":"","background-media":"","overlay-type":"","overlay-color":"","overlay-opacity":"","overlay-gradient":""}},"_product_flow_rate":"500 GPM","_product_micron":"5, 10, 25 \u03bcm","_product_temp":"up to 80\u00b0C","_product_sku":"","_product_mpn":"","_product_description":"High mucosal membrane filter cartridge is belong to membrane filter cartridge. It adopts multi-layer Nano fiber PP membrane, which can efficiently intercept the particles in colloid, suitable for liquid filtration with high viscosity and high solid content. It can be used in Ultra-precision filtration of colloidal substances and High viscosity, high solid content fluid filtration","_product_gallery":"2136","_product_tabs":"","_product_tab_features":"","_product_tab_specs":"","_product_tab_applications":""},"product_category":[79],"product_brand":[],"product_application":[],"product_flow_rate":[],"product_micron":[],"class_list":["post-8662","product","type-product","status-publish","has-post-thumbnail"],"acf":[],"uagb_featured_image_src":{"full":["https:\/\/www.staging.pullnerfilter.com\/wp-content\/uploads\/2022\/09\/\u56fe\u7247-1.jpg",540,360,false],"thumbnail":["https:\/\/www.staging.pullnerfilter.com\/wp-content\/uploads\/2022\/09\/\u56fe\u7247-1-150x150.jpg",150,150,true],"medium":["https:\/\/www.staging.pullnerfilter.com\/wp-content\/uploads\/2022\/09\/\u56fe\u7247-1-300x200.jpg",300,200,true],"medium_large":["https:\/\/www.staging.pullnerfilter.com\/wp-content\/uploads\/2022\/09\/\u56fe\u7247-1.jpg",540,360,false],"large":["https:\/\/www.staging.pullnerfilter.com\/wp-content\/uploads\/2022\/09\/\u56fe\u7247-1.jpg",540,360,false],"1536x1536":["https:\/\/www.staging.pullnerfilter.com\/wp-content\/uploads\/2022\/09\/\u56fe\u7247-1.jpg",540,360,false],"2048x2048":["https:\/\/www.staging.pullnerfilter.com\/wp-content\/uploads\/2022\/09\/\u56fe\u7247-1.jpg",540,360,false],"trp-custom-language-flag":["https:\/\/www.staging.pullnerfilter.com\/wp-content\/uploads\/2022\/09\/\u56fe\u7247-1.jpg",18,12,false]},"uagb_author_info":{"display_name":"marc","author_link":"https:\/\/www.staging.pullnerfilter.com\/es\/author\/"},"uagb_comment_info":0,"uagb_excerpt":"High mucosal membrane filter cartridge is belong to membrane filter cartridge. It adopts multi-layer Nano fiber PP membrane, which can efficiently intercept the particles in colloid, suitable for liquid filtration with high viscosity and high solid content. It can be used in Ultra-precision filtration of colloidal substances and High viscosity, high solid content fluid filtration","_links":{"self":[{"href":"https:\/\/www.staging.pullnerfilter.com\/es\/wp-json\/wp\/v2\/product\/8662","targetHints":{"allow":["GET"]}}],"collection":[{"href":"https:\/\/www.staging.pullnerfilter.com\/es\/wp-json\/wp\/v2\/product"}],"about":[{"href":"https:\/\/www.staging.pullnerfilter.com\/es\/wp-json\/wp\/v2\/types\/product"}],"wp:featuredmedia":[{"embeddable":true,"href":"https:\/\/www.staging.pullnerfilter.com\/es\/wp-json\/wp\/v2\/media\/2136"}],"wp:attachment":[{"href":"https:\/\/www.staging.pullnerfilter.com\/es\/wp-json\/wp\/v2\/media?parent=8662"}],"wp:term":[{"taxonomy":"product_category","embeddable":true,"href":"https:\/\/www.staging.pullnerfilter.com\/es\/wp-json\/wp\/v2\/product_category?post=8662"},{"taxonomy":"product_brand","embeddable":true,"href":"https:\/\/www.staging.pullnerfilter.com\/es\/wp-json\/wp\/v2\/product_brand?post=8662"},{"taxonomy":"product_application","embeddable":true,"href":"https:\/\/www.staging.pullnerfilter.com\/es\/wp-json\/wp\/v2\/product_application?post=8662"},{"taxonomy":"product_flow_rate","embeddable":true,"href":"https:\/\/www.staging.pullnerfilter.com\/es\/wp-json\/wp\/v2\/product_flow_rate?post=8662"},{"taxonomy":"product_micron","embeddable":true,"href":"https:\/\/www.staging.pullnerfilter.com\/es\/wp-json\/wp\/v2\/product_micron?post=8662"}],"curies":[{"name":"wp","href":"https:\/\/api.w.org\/{rel}","templated":true}]}}