{"id":8644,"date":"2026-03-02T08:43:08","date_gmt":"2026-03-02T08:43:08","guid":{"rendered":"https:\/\/www.staging.pullnerfilter.com\/?post_type=product&#038;p=8644"},"modified":"2026-04-02T03:47:50","modified_gmt":"2026-04-02T03:47:50","slug":"filtros-de-agua-plegados-con-gran-capacidad-de-retencion-de-suciedad","status":"publish","type":"product","link":"https:\/\/www.staging.pullnerfilter.com\/es\/product\/filtros-de-agua-plegados-con-gran-capacidad-de-retencion-de-suciedad\/","title":{"rendered":"Filtros de agua plisados con gran capacidad de retenci\u00f3n de suciedad"},"content":{"rendered":"<p>Los cartuchos filtrantes de la serie HPPV est\u00e1n hechos de materiales de nanofibras multicapa, que tienen una alta capacidad de ensuciamiento bajo un dise\u00f1o de estructura de gradiente razonable.<\/p>\n\n\n\n<p>La caracter\u00edstica de interceptaci\u00f3n multietapa de di\u00e1metro de poro gradual de grueso a fino hace que el cartucho filtrante tenga una capacidad de ensuciamiento m\u00e1s fuerte, puede mejorar eficazmente el problema de la obstrucci\u00f3n r\u00e1pida de la superficie, extender en gran medida la vida \u00fatil del cartucho filtrante, adecuado para la filtraci\u00f3n de part\u00edculas suspendidas altas, sustancias coloidales, l\u00edquido de alta viscosidad, etc.<\/p>","protected":false},"featured_media":773,"menu_order":0,"template":"","meta":{"_acf_changed":false,"_seopress_robots_primary_cat":"none","_seopress_titles_title":"","_seopress_titles_desc":"","_seopress_robots_index":"","_uag_custom_page_level_css":"","site-sidebar-layout":"default","site-content-layout":"","ast-site-content-layout":"default","site-content-style":"default","site-sidebar-style":"default","ast-global-header-display":"","ast-banner-title-visibility":"","ast-main-header-display":"","ast-hfb-above-header-display":"","ast-hfb-below-header-display":"","ast-hfb-mobile-header-display":"","site-post-title":"","ast-breadcrumbs-content":"","ast-featured-img":"","footer-sml-layout":"","theme-transparent-header-meta":"","adv-header-id-meta":"","stick-header-meta":"","header-above-stick-meta":"","header-main-stick-meta":"","header-below-stick-meta":"","astra-migrate-meta-layouts":"set","ast-page-background-enabled":"default","ast-page-background-meta":{"desktop":{"background-color":"","background-image":"","background-repeat":"repeat","background-position":"center center","background-size":"auto","background-attachment":"scroll","background-type":"","background-media":"","overlay-type":"","overlay-color":"","overlay-opacity":"","overlay-gradient":""},"tablet":{"background-color":"","background-image":"","background-repeat":"repeat","background-position":"center center","background-size":"auto","background-attachment":"scroll","background-type":"","background-media":"","overlay-type":"","overlay-color":"","overlay-opacity":"","overlay-gradient":""},"mobile":{"background-color":"","background-image":"","background-repeat":"repeat","background-position":"center center","background-size":"auto","background-attachment":"scroll","background-type":"","background-media":"","overlay-type":"","overlay-color":"","overlay-opacity":"","overlay-gradient":""}},"ast-content-background-meta":{"desktop":{"background-color":"var(--ast-global-color-5)","background-image":"","background-repeat":"repeat","background-position":"center center","background-size":"auto","background-attachment":"scroll","background-type":"","background-media":"","overlay-type":"","overlay-color":"","overlay-opacity":"","overlay-gradient":""},"tablet":{"background-color":"var(--ast-global-color-5)","background-image":"","background-repeat":"repeat","background-position":"center center","background-size":"auto","background-attachment":"scroll","background-type":"","background-media":"","overlay-type":"","overlay-color":"","overlay-opacity":"","overlay-gradient":""},"mobile":{"background-color":"var(--ast-global-color-5)","background-image":"","background-repeat":"repeat","background-position":"center center","background-size":"auto","background-attachment":"scroll","background-type":"","background-media":"","overlay-type":"","overlay-color":"","overlay-opacity":"","overlay-gradient":""}},"_product_flow_rate":"500 GPM","_product_micron":"5, 10, 25 \u03bcm","_product_temp":"up to 80\u00b0C","_product_sku":"","_product_mpn":"","_product_description":"HPPV series filter cartridges are made of multi-layer Nano-fiber materials, which have high fouling capacity under reasonable gradient structure design.","_product_gallery":"2480,2482,2481","_product_tabs":"","_product_tab_features":"","_product_tab_specs":"","_product_tab_applications":""},"product_category":[82],"product_brand":[],"product_application":[],"product_flow_rate":[],"product_micron":[],"class_list":["post-8644","product","type-product","status-publish","has-post-thumbnail"],"acf":[],"uagb_featured_image_src":{"full":["https:\/\/www.staging.pullnerfilter.com\/wp-content\/uploads\/2020\/10\/18-HPPV-High-Dirt-Holding-Capacity-Pleated-Water-Filters.jpg",600,400,false],"thumbnail":["https:\/\/www.staging.pullnerfilter.com\/wp-content\/uploads\/2020\/10\/18-HPPV-High-Dirt-Holding-Capacity-Pleated-Water-Filters-150x150.jpg",150,150,true],"medium":["https:\/\/www.staging.pullnerfilter.com\/wp-content\/uploads\/2020\/10\/18-HPPV-High-Dirt-Holding-Capacity-Pleated-Water-Filters-300x200.jpg",300,200,true],"medium_large":["https:\/\/www.staging.pullnerfilter.com\/wp-content\/uploads\/2020\/10\/18-HPPV-High-Dirt-Holding-Capacity-Pleated-Water-Filters.jpg",600,400,false],"large":["https:\/\/www.staging.pullnerfilter.com\/wp-content\/uploads\/2020\/10\/18-HPPV-High-Dirt-Holding-Capacity-Pleated-Water-Filters.jpg",600,400,false],"1536x1536":["https:\/\/www.staging.pullnerfilter.com\/wp-content\/uploads\/2020\/10\/18-HPPV-High-Dirt-Holding-Capacity-Pleated-Water-Filters.jpg",600,400,false],"2048x2048":["https:\/\/www.staging.pullnerfilter.com\/wp-content\/uploads\/2020\/10\/18-HPPV-High-Dirt-Holding-Capacity-Pleated-Water-Filters.jpg",600,400,false],"trp-custom-language-flag":["https:\/\/www.staging.pullnerfilter.com\/wp-content\/uploads\/2020\/10\/18-HPPV-High-Dirt-Holding-Capacity-Pleated-Water-Filters.jpg",18,12,false]},"uagb_author_info":{"display_name":"marc","author_link":"https:\/\/www.staging.pullnerfilter.com\/es\/author\/"},"uagb_comment_info":0,"uagb_excerpt":"HPPV series filter cartridges are made of multi-layer Nano-fiber materials, which have high fouling capacity under reasonable gradient structure design. The multi-stage interception characteristic of gradual pore diameter from thick to fine makes the filter cartridge have stronger fouling capacity, can effectively improve the problem of rapid surface blockage, greatly extend the service life of&hellip;","_links":{"self":[{"href":"https:\/\/www.staging.pullnerfilter.com\/es\/wp-json\/wp\/v2\/product\/8644","targetHints":{"allow":["GET"]}}],"collection":[{"href":"https:\/\/www.staging.pullnerfilter.com\/es\/wp-json\/wp\/v2\/product"}],"about":[{"href":"https:\/\/www.staging.pullnerfilter.com\/es\/wp-json\/wp\/v2\/types\/product"}],"wp:featuredmedia":[{"embeddable":true,"href":"https:\/\/www.staging.pullnerfilter.com\/es\/wp-json\/wp\/v2\/media\/773"}],"wp:attachment":[{"href":"https:\/\/www.staging.pullnerfilter.com\/es\/wp-json\/wp\/v2\/media?parent=8644"}],"wp:term":[{"taxonomy":"product_category","embeddable":true,"href":"https:\/\/www.staging.pullnerfilter.com\/es\/wp-json\/wp\/v2\/product_category?post=8644"},{"taxonomy":"product_brand","embeddable":true,"href":"https:\/\/www.staging.pullnerfilter.com\/es\/wp-json\/wp\/v2\/product_brand?post=8644"},{"taxonomy":"product_application","embeddable":true,"href":"https:\/\/www.staging.pullnerfilter.com\/es\/wp-json\/wp\/v2\/product_application?post=8644"},{"taxonomy":"product_flow_rate","embeddable":true,"href":"https:\/\/www.staging.pullnerfilter.com\/es\/wp-json\/wp\/v2\/product_flow_rate?post=8644"},{"taxonomy":"product_micron","embeddable":true,"href":"https:\/\/www.staging.pullnerfilter.com\/es\/wp-json\/wp\/v2\/product_micron?post=8644"}],"curies":[{"name":"wp","href":"https:\/\/api.w.org\/{rel}","templated":true}]}}