{"id":8640,"date":"2026-03-02T08:35:15","date_gmt":"2026-03-02T08:35:15","guid":{"rendered":"https:\/\/www.staging.pullnerfilter.com\/?post_type=product&#038;p=8640"},"modified":"2026-04-02T03:47:51","modified_gmt":"2026-04-02T03:47:51","slug":"filtros-de-agua-plegados-de-polipropileno","status":"publish","type":"product","link":"https:\/\/www.staging.pullnerfilter.com\/es\/product\/filtros-de-agua-plegados-de-polipropileno\/","title":{"rendered":"Filtros de agua plegados de polipropileno"},"content":{"rendered":"<p>Los filtros de agua plisados de polipropileno son filtros especiales fabricados con un tipo de pl\u00e1stico llamado polipropileno, que se pliega en un dise\u00f1o plisado. Estos filtros se utilizan habitualmente para limpiar impurezas como sedimentos, suciedad y otros contaminantes del agua. Son f\u00e1ciles de instalar y r\u00e1pidos de sustituir, lo que los convierte en una opci\u00f3n popular para muchas personas que desean mejorar la calidad de su agua potable.<\/p>\n\n\n\n<p>El cartucho filtrante plisado de la serie PPM combina las caracter\u00edsticas de la tecnolog\u00eda de filtraci\u00f3n profunda y el material filtrante plisado para garantizar que el cartucho filtrante tenga una alta capacidad de retenci\u00f3n de suciedad y \u00e1rea de filtraci\u00f3n, especialmente adecuado para la filtraci\u00f3n de part\u00edculas en suspensi\u00f3n altas, sustancias coloidales y l\u00edquidos de alta viscosidad.<\/p>","protected":false},"featured_media":772,"menu_order":0,"template":"","meta":{"_acf_changed":false,"_seopress_robots_primary_cat":"none","_seopress_titles_title":"","_seopress_titles_desc":"","_seopress_robots_index":"","_uag_custom_page_level_css":"","site-sidebar-layout":"default","site-content-layout":"","ast-site-content-layout":"default","site-content-style":"default","site-sidebar-style":"default","ast-global-header-display":"","ast-banner-title-visibility":"","ast-main-header-display":"","ast-hfb-above-header-display":"","ast-hfb-below-header-display":"","ast-hfb-mobile-header-display":"","site-post-title":"","ast-breadcrumbs-content":"","ast-featured-img":"","footer-sml-layout":"","theme-transparent-header-meta":"","adv-header-id-meta":"","stick-header-meta":"","header-above-stick-meta":"","header-main-stick-meta":"","header-below-stick-meta":"","astra-migrate-meta-layouts":"set","ast-page-background-enabled":"default","ast-page-background-meta":{"desktop":{"background-color":"","background-image":"","background-repeat":"repeat","background-position":"center center","background-size":"auto","background-attachment":"scroll","background-type":"","background-media":"","overlay-type":"","overlay-color":"","overlay-opacity":"","overlay-gradient":""},"tablet":{"background-color":"","background-image":"","background-repeat":"repeat","background-position":"center center","background-size":"auto","background-attachment":"scroll","background-type":"","background-media":"","overlay-type":"","overlay-color":"","overlay-opacity":"","overlay-gradient":""},"mobile":{"background-color":"","background-image":"","background-repeat":"repeat","background-position":"center center","background-size":"auto","background-attachment":"scroll","background-type":"","background-media":"","overlay-type":"","overlay-color":"","overlay-opacity":"","overlay-gradient":""}},"ast-content-background-meta":{"desktop":{"background-color":"var(--ast-global-color-5)","background-image":"","background-repeat":"repeat","background-position":"center center","background-size":"auto","background-attachment":"scroll","background-type":"","background-media":"","overlay-type":"","overlay-color":"","overlay-opacity":"","overlay-gradient":""},"tablet":{"background-color":"var(--ast-global-color-5)","background-image":"","background-repeat":"repeat","background-position":"center center","background-size":"auto","background-attachment":"scroll","background-type":"","background-media":"","overlay-type":"","overlay-color":"","overlay-opacity":"","overlay-gradient":""},"mobile":{"background-color":"var(--ast-global-color-5)","background-image":"","background-repeat":"repeat","background-position":"center center","background-size":"auto","background-attachment":"scroll","background-type":"","background-media":"","overlay-type":"","overlay-color":"","overlay-opacity":"","overlay-gradient":""}},"_product_flow_rate":"500 GPM","_product_micron":"5, 10, 25 \u03bcm","_product_temp":"up to 80\u00b0C","_product_sku":"","_product_mpn":"","_product_description":"Polypropylene pleated water filters are special filters made with a type of plastic called polypropylene, which is folded in a pleated design. These filters are commonly used to clean impurities like sediment, dirt, and other contaminants from water. They're easy to install and quick to replace, making them a popular choice for many people who want to improve the quality of their drinking water.","_product_gallery":"775,772","_product_tabs":"","_product_tab_features":"","_product_tab_specs":"","_product_tab_applications":""},"product_category":[82],"product_brand":[],"product_application":[66,36,34],"product_flow_rate":[],"product_micron":[],"class_list":["post-8640","product","type-product","status-publish","has-post-thumbnail"],"acf":[],"uagb_featured_image_src":{"full":["https:\/\/www.staging.pullnerfilter.com\/wp-content\/uploads\/2020\/10\/16-PPM-High-Viscosity-Polypropylene-Pleated-Water-Filters.jpg",600,400,false],"thumbnail":["https:\/\/www.staging.pullnerfilter.com\/wp-content\/uploads\/2020\/10\/16-PPM-High-Viscosity-Polypropylene-Pleated-Water-Filters-150x150.jpg",150,150,true],"medium":["https:\/\/www.staging.pullnerfilter.com\/wp-content\/uploads\/2020\/10\/16-PPM-High-Viscosity-Polypropylene-Pleated-Water-Filters-300x200.jpg",300,200,true],"medium_large":["https:\/\/www.staging.pullnerfilter.com\/wp-content\/uploads\/2020\/10\/16-PPM-High-Viscosity-Polypropylene-Pleated-Water-Filters.jpg",600,400,false],"large":["https:\/\/www.staging.pullnerfilter.com\/wp-content\/uploads\/2020\/10\/16-PPM-High-Viscosity-Polypropylene-Pleated-Water-Filters.jpg",600,400,false],"1536x1536":["https:\/\/www.staging.pullnerfilter.com\/wp-content\/uploads\/2020\/10\/16-PPM-High-Viscosity-Polypropylene-Pleated-Water-Filters.jpg",600,400,false],"2048x2048":["https:\/\/www.staging.pullnerfilter.com\/wp-content\/uploads\/2020\/10\/16-PPM-High-Viscosity-Polypropylene-Pleated-Water-Filters.jpg",600,400,false],"trp-custom-language-flag":["https:\/\/www.staging.pullnerfilter.com\/wp-content\/uploads\/2020\/10\/16-PPM-High-Viscosity-Polypropylene-Pleated-Water-Filters.jpg",18,12,false]},"uagb_author_info":{"display_name":"marc","author_link":"https:\/\/www.staging.pullnerfilter.com\/es\/author\/"},"uagb_comment_info":0,"uagb_excerpt":"Polypropylene pleated water filters are special filters made with a type of plastic called polypropylene, which is folded in a pleated design. These filters are commonly used to clean impurities like sediment, dirt, and other contaminants from water. They&#8217;re easy to install and quick to replace, making them a popular choice for many people who&hellip;","_links":{"self":[{"href":"https:\/\/www.staging.pullnerfilter.com\/es\/wp-json\/wp\/v2\/product\/8640","targetHints":{"allow":["GET"]}}],"collection":[{"href":"https:\/\/www.staging.pullnerfilter.com\/es\/wp-json\/wp\/v2\/product"}],"about":[{"href":"https:\/\/www.staging.pullnerfilter.com\/es\/wp-json\/wp\/v2\/types\/product"}],"wp:featuredmedia":[{"embeddable":true,"href":"https:\/\/www.staging.pullnerfilter.com\/es\/wp-json\/wp\/v2\/media\/772"}],"wp:attachment":[{"href":"https:\/\/www.staging.pullnerfilter.com\/es\/wp-json\/wp\/v2\/media?parent=8640"}],"wp:term":[{"taxonomy":"product_category","embeddable":true,"href":"https:\/\/www.staging.pullnerfilter.com\/es\/wp-json\/wp\/v2\/product_category?post=8640"},{"taxonomy":"product_brand","embeddable":true,"href":"https:\/\/www.staging.pullnerfilter.com\/es\/wp-json\/wp\/v2\/product_brand?post=8640"},{"taxonomy":"product_application","embeddable":true,"href":"https:\/\/www.staging.pullnerfilter.com\/es\/wp-json\/wp\/v2\/product_application?post=8640"},{"taxonomy":"product_flow_rate","embeddable":true,"href":"https:\/\/www.staging.pullnerfilter.com\/es\/wp-json\/wp\/v2\/product_flow_rate?post=8640"},{"taxonomy":"product_micron","embeddable":true,"href":"https:\/\/www.staging.pullnerfilter.com\/es\/wp-json\/wp\/v2\/product_micron?post=8640"}],"curies":[{"name":"wp","href":"https:\/\/api.w.org\/{rel}","templated":true}]}}