{"id":8635,"date":"2026-03-02T08:25:08","date_gmt":"2026-03-02T08:25:08","guid":{"rendered":"https:\/\/www.staging.pullnerfilter.com\/?post_type=product&#038;p=8635"},"modified":"2026-04-02T03:47:53","modified_gmt":"2026-04-02T03:47:53","slug":"pp-pleated-water-filter-cartridge","status":"publish","type":"product","link":"https:\/\/www.staging.pullnerfilter.com\/es\/product\/pp-pleated-water-filter-cartridge\/","title":{"rendered":"Cartucho de filtro de agua plegado de PP"},"content":{"rendered":"<p>A <a href=\"https:\/\/www.pullnerfilter.com\/pleated-filter-cartridges\/\">Cartucho filtrante de agua plisado de PP<\/a> es un tipo de filtro de agua que utiliza polipropileno (PP) como material filtrante. El PP es un tipo de pl\u00e1stico conocido por su resistencia, durabilidad y resistencia qu\u00edmica. Los cartuchos filtrantes de agua plisados de PP se utilizan normalmente en aplicaciones de prefiltraci\u00f3n, donde eliminan part\u00edculas grandes y contaminantes del agua.<br>Los filtros de agua plegados de la serie PPL est\u00e1n fabricados en polipropileno, con un alto \u00edndice de retenci\u00f3n, un alto caudal, una gran capacidad de retenci\u00f3n de suciedad, una alta eficacia de filtraci\u00f3n y un bajo coste.<br>Con amplia compatibilidad qu\u00edmica, se utiliza para filtrar diversas bases \u00e1cidas y disolventes.<\/p>\n\n\n\n<p><\/p>\n\n\n\n<p><\/p>","protected":false},"featured_media":2464,"menu_order":0,"template":"","meta":{"_acf_changed":false,"_seopress_robots_primary_cat":"none","_seopress_titles_title":"","_seopress_titles_desc":"","_seopress_robots_index":"","_uag_custom_page_level_css":"","site-sidebar-layout":"default","site-content-layout":"","ast-site-content-layout":"default","site-content-style":"default","site-sidebar-style":"default","ast-global-header-display":"","ast-banner-title-visibility":"","ast-main-header-display":"","ast-hfb-above-header-display":"","ast-hfb-below-header-display":"","ast-hfb-mobile-header-display":"","site-post-title":"","ast-breadcrumbs-content":"","ast-featured-img":"","footer-sml-layout":"","theme-transparent-header-meta":"","adv-header-id-meta":"","stick-header-meta":"","header-above-stick-meta":"","header-main-stick-meta":"","header-below-stick-meta":"","astra-migrate-meta-layouts":"set","ast-page-background-enabled":"default","ast-page-background-meta":{"desktop":{"background-color":"","background-image":"","background-repeat":"repeat","background-position":"center center","background-size":"auto","background-attachment":"scroll","background-type":"","background-media":"","overlay-type":"","overlay-color":"","overlay-opacity":"","overlay-gradient":""},"tablet":{"background-color":"","background-image":"","background-repeat":"repeat","background-position":"center center","background-size":"auto","background-attachment":"scroll","background-type":"","background-media":"","overlay-type":"","overlay-color":"","overlay-opacity":"","overlay-gradient":""},"mobile":{"background-color":"","background-image":"","background-repeat":"repeat","background-position":"center center","background-size":"auto","background-attachment":"scroll","background-type":"","background-media":"","overlay-type":"","overlay-color":"","overlay-opacity":"","overlay-gradient":""}},"ast-content-background-meta":{"desktop":{"background-color":"var(--ast-global-color-5)","background-image":"","background-repeat":"repeat","background-position":"center center","background-size":"auto","background-attachment":"scroll","background-type":"","background-media":"","overlay-type":"","overlay-color":"","overlay-opacity":"","overlay-gradient":""},"tablet":{"background-color":"var(--ast-global-color-5)","background-image":"","background-repeat":"repeat","background-position":"center center","background-size":"auto","background-attachment":"scroll","background-type":"","background-media":"","overlay-type":"","overlay-color":"","overlay-opacity":"","overlay-gradient":""},"mobile":{"background-color":"var(--ast-global-color-5)","background-image":"","background-repeat":"repeat","background-position":"center center","background-size":"auto","background-attachment":"scroll","background-type":"","background-media":"","overlay-type":"","overlay-color":"","overlay-opacity":"","overlay-gradient":""}},"_product_flow_rate":"500 GPM","_product_micron":"5, 10, 25 \u03bcm","_product_temp":"up to 80\u00b0C","_product_sku":"","_product_mpn":"","_product_description":"A PP pleated water filter cartridge is a type of water filter that uses polypropylene (PP) as the filtering material. PP is a type of plastic that is known for its strength, durability, and chemical resistance. PP pleated water filter cartridges are typically used in pre-filtration applications, where they remove large particles and contaminants from water.","_product_gallery":"2464,2465","_product_tabs":"","_product_tab_features":"","_product_tab_specs":"","_product_tab_applications":""},"product_category":[82],"product_brand":[],"product_application":[36,34,62,35],"product_flow_rate":[],"product_micron":[],"class_list":["post-8635","product","type-product","status-publish","has-post-thumbnail"],"acf":[],"uagb_featured_image_src":{"full":["https:\/\/www.staging.pullnerfilter.com\/wp-content\/uploads\/2023\/04\/PP-Pleated-Water-Fitler-Cartridge.jpg",310,336,false],"thumbnail":["https:\/\/www.staging.pullnerfilter.com\/wp-content\/uploads\/2023\/04\/PP-Pleated-Water-Fitler-Cartridge-150x150.jpg",150,150,true],"medium":["https:\/\/www.staging.pullnerfilter.com\/wp-content\/uploads\/2023\/04\/PP-Pleated-Water-Fitler-Cartridge-277x300.jpg",277,300,true],"medium_large":["https:\/\/www.staging.pullnerfilter.com\/wp-content\/uploads\/2023\/04\/PP-Pleated-Water-Fitler-Cartridge.jpg",310,336,false],"large":["https:\/\/www.staging.pullnerfilter.com\/wp-content\/uploads\/2023\/04\/PP-Pleated-Water-Fitler-Cartridge.jpg",310,336,false],"1536x1536":["https:\/\/www.staging.pullnerfilter.com\/wp-content\/uploads\/2023\/04\/PP-Pleated-Water-Fitler-Cartridge.jpg",310,336,false],"2048x2048":["https:\/\/www.staging.pullnerfilter.com\/wp-content\/uploads\/2023\/04\/PP-Pleated-Water-Fitler-Cartridge.jpg",310,336,false],"trp-custom-language-flag":["https:\/\/www.staging.pullnerfilter.com\/wp-content\/uploads\/2023\/04\/PP-Pleated-Water-Fitler-Cartridge.jpg",11,12,false]},"uagb_author_info":{"display_name":"marc","author_link":"https:\/\/www.staging.pullnerfilter.com\/es\/author\/"},"uagb_comment_info":0,"uagb_excerpt":"A PP pleated water filter cartridge is a type of water filter that uses polypropylene (PP) as the filtering material. PP is a type of plastic that is known for its strength, durability, and chemical resistance. PP pleated water filter cartridges are typically used in pre-filtration applications, where they remove large particles and contaminants from&hellip;","_links":{"self":[{"href":"https:\/\/www.staging.pullnerfilter.com\/es\/wp-json\/wp\/v2\/product\/8635","targetHints":{"allow":["GET"]}}],"collection":[{"href":"https:\/\/www.staging.pullnerfilter.com\/es\/wp-json\/wp\/v2\/product"}],"about":[{"href":"https:\/\/www.staging.pullnerfilter.com\/es\/wp-json\/wp\/v2\/types\/product"}],"wp:featuredmedia":[{"embeddable":true,"href":"https:\/\/www.staging.pullnerfilter.com\/es\/wp-json\/wp\/v2\/media\/2464"}],"wp:attachment":[{"href":"https:\/\/www.staging.pullnerfilter.com\/es\/wp-json\/wp\/v2\/media?parent=8635"}],"wp:term":[{"taxonomy":"product_category","embeddable":true,"href":"https:\/\/www.staging.pullnerfilter.com\/es\/wp-json\/wp\/v2\/product_category?post=8635"},{"taxonomy":"product_brand","embeddable":true,"href":"https:\/\/www.staging.pullnerfilter.com\/es\/wp-json\/wp\/v2\/product_brand?post=8635"},{"taxonomy":"product_application","embeddable":true,"href":"https:\/\/www.staging.pullnerfilter.com\/es\/wp-json\/wp\/v2\/product_application?post=8635"},{"taxonomy":"product_flow_rate","embeddable":true,"href":"https:\/\/www.staging.pullnerfilter.com\/es\/wp-json\/wp\/v2\/product_flow_rate?post=8635"},{"taxonomy":"product_micron","embeddable":true,"href":"https:\/\/www.staging.pullnerfilter.com\/es\/wp-json\/wp\/v2\/product_micron?post=8635"}],"curies":[{"name":"wp","href":"https:\/\/api.w.org\/{rel}","templated":true}]}}