{"id":8631,"date":"2026-03-02T08:12:41","date_gmt":"2026-03-02T08:12:41","guid":{"rendered":"https:\/\/www.staging.pullnerfilter.com\/?post_type=product&#038;p=8631"},"modified":"2026-04-09T04:09:15","modified_gmt":"2026-04-09T04:09:15","slug":"phfz-condensate-polishing-pleated-filter-cartridge","status":"publish","type":"product","link":"https:\/\/www.staging.pullnerfilter.com\/es\/product\/phfz-condensate-polishing-pleated-filter-cartridge\/","title":{"rendered":"PHFZ Cartucho filtrante plisado para pulido de condensados"},"content":{"rendered":"<p>El cartucho filtrante plisado de la serie PHFZ es un tipo de <a href=\"https:\/\/www.pullnerfilter.com\/pleated-filter-cartridges\/\">Cartucho filtrante plisado<\/a> que puede lavarse repetidamente. Todo se forma mediante soldadura en caliente, sin contaminaci\u00f3n secundaria ni desprendimiento de medios.<br>Est\u00e1 especialmente dise\u00f1ado para el tratamiento refinado de condensados de centrales el\u00e9ctricas. De acuerdo con la forma de la estructura se puede dividir en PHFZ-I (7 secciones), PHFZ-II(4+3) y PHFZ-II(3+1) tres tipos de productos, el tipo PHFZ-II(4+3) cartucho de filtro es de 40 \u201cy 30\u201d soldada, es un di\u00e1metro total de 69 esqueleto del producto.<\/p>\n\n\n\n<p><\/p>","protected":false},"featured_media":2451,"menu_order":0,"template":"","meta":{"_acf_changed":true,"_seopress_robots_primary_cat":"none","_seopress_titles_title":"","_seopress_titles_desc":"","_seopress_robots_index":"","_uag_custom_page_level_css":"","site-sidebar-layout":"default","site-content-layout":"","ast-site-content-layout":"default","site-content-style":"default","site-sidebar-style":"default","ast-global-header-display":"","ast-banner-title-visibility":"","ast-main-header-display":"","ast-hfb-above-header-display":"","ast-hfb-below-header-display":"","ast-hfb-mobile-header-display":"","site-post-title":"","ast-breadcrumbs-content":"","ast-featured-img":"","footer-sml-layout":"","theme-transparent-header-meta":"","adv-header-id-meta":"","stick-header-meta":"","header-above-stick-meta":"","header-main-stick-meta":"","header-below-stick-meta":"","astra-migrate-meta-layouts":"set","ast-page-background-enabled":"default","ast-page-background-meta":{"desktop":{"background-color":"","background-image":"","background-repeat":"repeat","background-position":"center center","background-size":"auto","background-attachment":"scroll","background-type":"","background-media":"","overlay-type":"","overlay-color":"","overlay-opacity":"","overlay-gradient":""},"tablet":{"background-color":"","background-image":"","background-repeat":"repeat","background-position":"center center","background-size":"auto","background-attachment":"scroll","background-type":"","background-media":"","overlay-type":"","overlay-color":"","overlay-opacity":"","overlay-gradient":""},"mobile":{"background-color":"","background-image":"","background-repeat":"repeat","background-position":"center center","background-size":"auto","background-attachment":"scroll","background-type":"","background-media":"","overlay-type":"","overlay-color":"","overlay-opacity":"","overlay-gradient":""}},"ast-content-background-meta":{"desktop":{"background-color":"var(--ast-global-color-5)","background-image":"","background-repeat":"repeat","background-position":"center center","background-size":"auto","background-attachment":"scroll","background-type":"","background-media":"","overlay-type":"","overlay-color":"","overlay-opacity":"","overlay-gradient":""},"tablet":{"background-color":"var(--ast-global-color-5)","background-image":"","background-repeat":"repeat","background-position":"center center","background-size":"auto","background-attachment":"scroll","background-type":"","background-media":"","overlay-type":"","overlay-color":"","overlay-opacity":"","overlay-gradient":""},"mobile":{"background-color":"var(--ast-global-color-5)","background-image":"","background-repeat":"repeat","background-position":"center center","background-size":"auto","background-attachment":"scroll","background-type":"","background-media":"","overlay-type":"","overlay-color":"","overlay-opacity":"","overlay-gradient":""}},"_product_flow_rate":"500 GPM","_product_micron":"5, 10, 25 \u03bcm","_product_temp":"up to 80\u00b0C","_product_sku":"","_product_mpn":"","_product_description":"PHFZ series Pleated filter cartridge is a kind of Pleated filter cartridge that can be washed repeatedly. It is all formed by hot-melt welding, with no secondary pollution and no media shedding.","_product_gallery":"2451,2453,2452","_product_tabs":"","_product_tab_features":"","_product_tab_specs":"","_product_tab_applications":""},"product_category":[82],"product_brand":[],"product_application":[],"product_flow_rate":[],"product_micron":[],"class_list":["post-8631","product","type-product","status-publish","has-post-thumbnail"],"acf":[],"uagb_featured_image_src":{"full":["https:\/\/www.staging.pullnerfilter.com\/wp-content\/uploads\/2023\/04\/PHFZ-PP-Pleated-Water-Filter-Cartridge-for-Power-Plant-Boiler-Condensate-2.jpg",1400,1000,false],"thumbnail":["https:\/\/www.staging.pullnerfilter.com\/wp-content\/uploads\/2023\/04\/PHFZ-PP-Pleated-Water-Filter-Cartridge-for-Power-Plant-Boiler-Condensate-2-150x150.jpg",150,150,true],"medium":["https:\/\/www.staging.pullnerfilter.com\/wp-content\/uploads\/2023\/04\/PHFZ-PP-Pleated-Water-Filter-Cartridge-for-Power-Plant-Boiler-Condensate-2-300x214.jpg",300,214,true],"medium_large":["https:\/\/www.staging.pullnerfilter.com\/wp-content\/uploads\/2023\/04\/PHFZ-PP-Pleated-Water-Filter-Cartridge-for-Power-Plant-Boiler-Condensate-2-768x549.jpg",768,549,true],"large":["https:\/\/www.staging.pullnerfilter.com\/wp-content\/uploads\/2023\/04\/PHFZ-PP-Pleated-Water-Filter-Cartridge-for-Power-Plant-Boiler-Condensate-2-1024x731.jpg",1024,731,true],"1536x1536":["https:\/\/www.staging.pullnerfilter.com\/wp-content\/uploads\/2023\/04\/PHFZ-PP-Pleated-Water-Filter-Cartridge-for-Power-Plant-Boiler-Condensate-2.jpg",1400,1000,false],"2048x2048":["https:\/\/www.staging.pullnerfilter.com\/wp-content\/uploads\/2023\/04\/PHFZ-PP-Pleated-Water-Filter-Cartridge-for-Power-Plant-Boiler-Condensate-2.jpg",1400,1000,false],"trp-custom-language-flag":["https:\/\/www.staging.pullnerfilter.com\/wp-content\/uploads\/2023\/04\/PHFZ-PP-Pleated-Water-Filter-Cartridge-for-Power-Plant-Boiler-Condensate-2.jpg",18,12,false]},"uagb_author_info":{"display_name":"marc","author_link":"https:\/\/www.staging.pullnerfilter.com\/es\/author\/"},"uagb_comment_info":0,"uagb_excerpt":"PHFZ series Pleated filter cartridge is a kind of Pleated filter cartridge that can be washed repeatedly. It is all formed by hot-melt welding, with no secondary pollution and no media shedding.It is specially designed for condensate refined treatment of power plant. According to the structure form can be divided into PHFZ-I (7 sections), PHFZ-II(4+3)&hellip;","_links":{"self":[{"href":"https:\/\/www.staging.pullnerfilter.com\/es\/wp-json\/wp\/v2\/product\/8631","targetHints":{"allow":["GET"]}}],"collection":[{"href":"https:\/\/www.staging.pullnerfilter.com\/es\/wp-json\/wp\/v2\/product"}],"about":[{"href":"https:\/\/www.staging.pullnerfilter.com\/es\/wp-json\/wp\/v2\/types\/product"}],"wp:featuredmedia":[{"embeddable":true,"href":"https:\/\/www.staging.pullnerfilter.com\/es\/wp-json\/wp\/v2\/media\/2451"}],"wp:attachment":[{"href":"https:\/\/www.staging.pullnerfilter.com\/es\/wp-json\/wp\/v2\/media?parent=8631"}],"wp:term":[{"taxonomy":"product_category","embeddable":true,"href":"https:\/\/www.staging.pullnerfilter.com\/es\/wp-json\/wp\/v2\/product_category?post=8631"},{"taxonomy":"product_brand","embeddable":true,"href":"https:\/\/www.staging.pullnerfilter.com\/es\/wp-json\/wp\/v2\/product_brand?post=8631"},{"taxonomy":"product_application","embeddable":true,"href":"https:\/\/www.staging.pullnerfilter.com\/es\/wp-json\/wp\/v2\/product_application?post=8631"},{"taxonomy":"product_flow_rate","embeddable":true,"href":"https:\/\/www.staging.pullnerfilter.com\/es\/wp-json\/wp\/v2\/product_flow_rate?post=8631"},{"taxonomy":"product_micron","embeddable":true,"href":"https:\/\/www.staging.pullnerfilter.com\/es\/wp-json\/wp\/v2\/product_micron?post=8631"}],"curies":[{"name":"wp","href":"https:\/\/api.w.org\/{rel}","templated":true}]}}