{"id":8622,"date":"2026-03-02T07:48:58","date_gmt":"2026-03-02T07:48:58","guid":{"rendered":"https:\/\/www.staging.pullnerfilter.com\/?post_type=product&#038;p=8622"},"modified":"2026-04-02T03:47:57","modified_gmt":"2026-04-02T03:47:57","slug":"elemento-filtrante-de-baja-precipitacion-de-grado-electronico","status":"publish","type":"product","link":"https:\/\/www.staging.pullnerfilter.com\/es\/product\/elemento-filtrante-de-baja-precipitacion-de-grado-electronico\/","title":{"rendered":"Elemento filtrante electr\u00f3nico de baja precipitaci\u00f3n"},"content":{"rendered":"<p>El elemento filtrante de baja precipitaci\u00f3n de grado electr\u00f3nico pertenece a <a href=\"https:\/\/www.pullnerfilter.com\/pleated-filter-cartridges\/\" target=\"_blank\" rel=\"noopener\">cartucho filtrante de pliegues<\/a>, Tiene una alta eficacia de interceptaci\u00f3n, adecuada para filtrar agua de refrigeraci\u00f3n y agua de proceso. Precisi\u00f3n de filtraci\u00f3n opcional de 0,1-25 m, para satisfacer diferentes requisitos de filtraci\u00f3n, se puede personalizar seg\u00fan la aplicaci\u00f3n y las necesidades del cliente.<\/p>\n\n\n\n<ul style=\"padding-right:var(--wp--preset--spacing--70);padding-left:var(--wp--preset--spacing--70)\" class=\"wp-block-list\">\n<li style=\"padding-right:0;padding-left:0\">Utilizando materiales de alta pureza, el proceso de producci\u00f3n sin ning\u00fan tipo de tensioactivo, el uso de adhesivos.<\/li>\n\n\n\n<li>Puede personalizarse seg\u00fan la aplicaci\u00f3n y las necesidades del cliente.<\/li>\n\n\n\n<li>Se caracteriza por una elevada eficacia de filtraci\u00f3n y un alto rendimiento econ\u00f3mico.<\/li>\n<\/ul>","protected":false},"featured_media":2060,"menu_order":0,"template":"","meta":{"_acf_changed":false,"_seopress_robots_primary_cat":"none","_seopress_titles_title":"","_seopress_titles_desc":"","_seopress_robots_index":"","_uag_custom_page_level_css":"","site-sidebar-layout":"default","site-content-layout":"","ast-site-content-layout":"default","site-content-style":"default","site-sidebar-style":"default","ast-global-header-display":"","ast-banner-title-visibility":"","ast-main-header-display":"","ast-hfb-above-header-display":"","ast-hfb-below-header-display":"","ast-hfb-mobile-header-display":"","site-post-title":"","ast-breadcrumbs-content":"","ast-featured-img":"","footer-sml-layout":"","theme-transparent-header-meta":"","adv-header-id-meta":"","stick-header-meta":"","header-above-stick-meta":"","header-main-stick-meta":"","header-below-stick-meta":"","astra-migrate-meta-layouts":"set","ast-page-background-enabled":"default","ast-page-background-meta":{"desktop":{"background-color":"","background-image":"","background-repeat":"repeat","background-position":"center center","background-size":"auto","background-attachment":"scroll","background-type":"","background-media":"","overlay-type":"","overlay-color":"","overlay-opacity":"","overlay-gradient":""},"tablet":{"background-color":"","background-image":"","background-repeat":"repeat","background-position":"center center","background-size":"auto","background-attachment":"scroll","background-type":"","background-media":"","overlay-type":"","overlay-color":"","overlay-opacity":"","overlay-gradient":""},"mobile":{"background-color":"","background-image":"","background-repeat":"repeat","background-position":"center center","background-size":"auto","background-attachment":"scroll","background-type":"","background-media":"","overlay-type":"","overlay-color":"","overlay-opacity":"","overlay-gradient":""}},"ast-content-background-meta":{"desktop":{"background-color":"var(--ast-global-color-5)","background-image":"","background-repeat":"repeat","background-position":"center center","background-size":"auto","background-attachment":"scroll","background-type":"","background-media":"","overlay-type":"","overlay-color":"","overlay-opacity":"","overlay-gradient":""},"tablet":{"background-color":"var(--ast-global-color-5)","background-image":"","background-repeat":"repeat","background-position":"center center","background-size":"auto","background-attachment":"scroll","background-type":"","background-media":"","overlay-type":"","overlay-color":"","overlay-opacity":"","overlay-gradient":""},"mobile":{"background-color":"var(--ast-global-color-5)","background-image":"","background-repeat":"repeat","background-position":"center center","background-size":"auto","background-attachment":"scroll","background-type":"","background-media":"","overlay-type":"","overlay-color":"","overlay-opacity":"","overlay-gradient":""}},"_product_flow_rate":"500 GPM","_product_micron":"5, 10, 25 \u03bcm","_product_temp":"up to 80\u00b0C","_product_sku":"","_product_mpn":"","_product_description":"Electronic grade low precipitation filter element is belong to pleated filter cartridge, it has high interception efficiency, suitable for filtering cooling water and process water. Optional 0.1-25 m filtration accuracy, to meet different filtration requirements, can be customized according to the application and customer needs.","_product_gallery":"2060","_product_tabs":"","_product_tab_features":"","_product_tab_specs":"","_product_tab_applications":""},"product_category":[82],"product_brand":[],"product_application":[],"product_flow_rate":[],"product_micron":[],"class_list":["post-8622","product","type-product","status-publish","has-post-thumbnail"],"acf":[],"uagb_featured_image_src":{"full":["https:\/\/www.staging.pullnerfilter.com\/wp-content\/uploads\/2022\/07\/Electronic-grade-low-precipitation-filter-element.jpg",500,500,false],"thumbnail":["https:\/\/www.staging.pullnerfilter.com\/wp-content\/uploads\/2022\/07\/Electronic-grade-low-precipitation-filter-element-150x150.jpg",150,150,true],"medium":["https:\/\/www.staging.pullnerfilter.com\/wp-content\/uploads\/2022\/07\/Electronic-grade-low-precipitation-filter-element-300x300.jpg",300,300,true],"medium_large":["https:\/\/www.staging.pullnerfilter.com\/wp-content\/uploads\/2022\/07\/Electronic-grade-low-precipitation-filter-element.jpg",500,500,false],"large":["https:\/\/www.staging.pullnerfilter.com\/wp-content\/uploads\/2022\/07\/Electronic-grade-low-precipitation-filter-element.jpg",500,500,false],"1536x1536":["https:\/\/www.staging.pullnerfilter.com\/wp-content\/uploads\/2022\/07\/Electronic-grade-low-precipitation-filter-element.jpg",500,500,false],"2048x2048":["https:\/\/www.staging.pullnerfilter.com\/wp-content\/uploads\/2022\/07\/Electronic-grade-low-precipitation-filter-element.jpg",500,500,false],"trp-custom-language-flag":["https:\/\/www.staging.pullnerfilter.com\/wp-content\/uploads\/2022\/07\/Electronic-grade-low-precipitation-filter-element.jpg",12,12,false]},"uagb_author_info":{"display_name":"marc","author_link":"https:\/\/www.staging.pullnerfilter.com\/es\/author\/"},"uagb_comment_info":0,"uagb_excerpt":"Electronic grade low precipitation filter element is belong to pleated filter cartridge, it has high interception efficiency, suitable for filtering cooling water and process water. Optional 0.1-25 m filtration accuracy, to meet different filtration requirements, can be customized according to the application and customer needs.","_links":{"self":[{"href":"https:\/\/www.staging.pullnerfilter.com\/es\/wp-json\/wp\/v2\/product\/8622","targetHints":{"allow":["GET"]}}],"collection":[{"href":"https:\/\/www.staging.pullnerfilter.com\/es\/wp-json\/wp\/v2\/product"}],"about":[{"href":"https:\/\/www.staging.pullnerfilter.com\/es\/wp-json\/wp\/v2\/types\/product"}],"wp:featuredmedia":[{"embeddable":true,"href":"https:\/\/www.staging.pullnerfilter.com\/es\/wp-json\/wp\/v2\/media\/2060"}],"wp:attachment":[{"href":"https:\/\/www.staging.pullnerfilter.com\/es\/wp-json\/wp\/v2\/media?parent=8622"}],"wp:term":[{"taxonomy":"product_category","embeddable":true,"href":"https:\/\/www.staging.pullnerfilter.com\/es\/wp-json\/wp\/v2\/product_category?post=8622"},{"taxonomy":"product_brand","embeddable":true,"href":"https:\/\/www.staging.pullnerfilter.com\/es\/wp-json\/wp\/v2\/product_brand?post=8622"},{"taxonomy":"product_application","embeddable":true,"href":"https:\/\/www.staging.pullnerfilter.com\/es\/wp-json\/wp\/v2\/product_application?post=8622"},{"taxonomy":"product_flow_rate","embeddable":true,"href":"https:\/\/www.staging.pullnerfilter.com\/es\/wp-json\/wp\/v2\/product_flow_rate?post=8622"},{"taxonomy":"product_micron","embeddable":true,"href":"https:\/\/www.staging.pullnerfilter.com\/es\/wp-json\/wp\/v2\/product_micron?post=8622"}],"curies":[{"name":"wp","href":"https:\/\/api.w.org\/{rel}","templated":true}]}}