{"id":8618,"date":"2026-03-02T07:41:48","date_gmt":"2026-03-02T07:41:48","guid":{"rendered":"https:\/\/www.staging.pullnerfilter.com\/?post_type=product&#038;p=8618"},"modified":"2026-04-02T03:47:58","modified_gmt":"2026-04-02T03:47:58","slug":"cartucho-filtrante-de-agua-de-proceso","status":"publish","type":"product","link":"https:\/\/www.staging.pullnerfilter.com\/es\/product\/cartucho-filtrante-de-agua-de-proceso\/","title":{"rendered":"Cartucho de filtro de agua de proceso"},"content":{"rendered":"<p>El cartucho filtrante de agua de proceso pertenece a <a href=\"https:\/\/www.pullnerfilter.com\/pleated-filter-cartridges\/\" target=\"_blank\" rel=\"noopener\">cartucho filtrante de pliegues<\/a>, El material de grado electr\u00f3nico utilizado en el elemento filtrante de la serie de proceso puede controlar eficazmente el problema de precipitaci\u00f3n de iones de la filtraci\u00f3n, y la estructura de polipropileno puro hace que el elemento filtrante tenga una amplia gama de compatibilidad qu\u00edmica. Se puede aplicar a la filtraci\u00f3n de la mayor\u00eda de los \u00e1cidos y bases, agua de proceso y disolventes org\u00e1nicos.<\/p>\n\n\n\n<ul style=\"padding-right:var(--wp--preset--spacing--70);padding-left:var(--wp--preset--spacing--70)\" class=\"wp-block-list\">\n<li>baja precipitaci\u00f3n<\/li>\n\n\n\n<li>Amplia compatibilidad qu\u00edmica<\/li>\n\n\n\n<li>Se puede seleccionar una variedad de precisi\u00f3n de filtrado<\/li>\n<\/ul>","protected":false},"featured_media":2052,"menu_order":0,"template":"","meta":{"_acf_changed":false,"_seopress_robots_primary_cat":"none","_seopress_titles_title":"","_seopress_titles_desc":"","_seopress_robots_index":"","_uag_custom_page_level_css":"","site-sidebar-layout":"default","site-content-layout":"","ast-site-content-layout":"default","site-content-style":"default","site-sidebar-style":"default","ast-global-header-display":"","ast-banner-title-visibility":"","ast-main-header-display":"","ast-hfb-above-header-display":"","ast-hfb-below-header-display":"","ast-hfb-mobile-header-display":"","site-post-title":"","ast-breadcrumbs-content":"","ast-featured-img":"","footer-sml-layout":"","theme-transparent-header-meta":"","adv-header-id-meta":"","stick-header-meta":"","header-above-stick-meta":"","header-main-stick-meta":"","header-below-stick-meta":"","astra-migrate-meta-layouts":"set","ast-page-background-enabled":"default","ast-page-background-meta":{"desktop":{"background-color":"","background-image":"","background-repeat":"repeat","background-position":"center center","background-size":"auto","background-attachment":"scroll","background-type":"","background-media":"","overlay-type":"","overlay-color":"","overlay-opacity":"","overlay-gradient":""},"tablet":{"background-color":"","background-image":"","background-repeat":"repeat","background-position":"center center","background-size":"auto","background-attachment":"scroll","background-type":"","background-media":"","overlay-type":"","overlay-color":"","overlay-opacity":"","overlay-gradient":""},"mobile":{"background-color":"","background-image":"","background-repeat":"repeat","background-position":"center center","background-size":"auto","background-attachment":"scroll","background-type":"","background-media":"","overlay-type":"","overlay-color":"","overlay-opacity":"","overlay-gradient":""}},"ast-content-background-meta":{"desktop":{"background-color":"var(--ast-global-color-5)","background-image":"","background-repeat":"repeat","background-position":"center center","background-size":"auto","background-attachment":"scroll","background-type":"","background-media":"","overlay-type":"","overlay-color":"","overlay-opacity":"","overlay-gradient":""},"tablet":{"background-color":"var(--ast-global-color-5)","background-image":"","background-repeat":"repeat","background-position":"center center","background-size":"auto","background-attachment":"scroll","background-type":"","background-media":"","overlay-type":"","overlay-color":"","overlay-opacity":"","overlay-gradient":""},"mobile":{"background-color":"var(--ast-global-color-5)","background-image":"","background-repeat":"repeat","background-position":"center center","background-size":"auto","background-attachment":"scroll","background-type":"","background-media":"","overlay-type":"","overlay-color":"","overlay-opacity":"","overlay-gradient":""}},"_product_flow_rate":"500 GPM","_product_micron":"5, 10, 25 \u03bcm","_product_temp":"up to 80\u00b0C","_product_sku":"","_product_mpn":"","_product_description":"Process water filter cartridge belong to pleated filter cartridge, The electronic grade material used in the process series filter element can effectively control the ion precipitation problem of filtration, and the pure polypropylene structure makes the filter element have a wide range of chemical compatibility. It can be applied to the filtration of most acids and bases, process water and organic solvents.","_product_gallery":"2052","_product_tabs":"","_product_tab_features":"","_product_tab_specs":"","_product_tab_applications":""},"product_category":[82],"product_brand":[],"product_application":[],"product_flow_rate":[42],"product_micron":[44],"class_list":["post-8618","product","type-product","status-publish","has-post-thumbnail"],"acf":[],"uagb_featured_image_src":{"full":["https:\/\/www.staging.pullnerfilter.com\/wp-content\/uploads\/2022\/07\/Process-water-filter-cartridge.jpg",600,600,false],"thumbnail":["https:\/\/www.staging.pullnerfilter.com\/wp-content\/uploads\/2022\/07\/Process-water-filter-cartridge-150x150.jpg",150,150,true],"medium":["https:\/\/www.staging.pullnerfilter.com\/wp-content\/uploads\/2022\/07\/Process-water-filter-cartridge-300x300.jpg",300,300,true],"medium_large":["https:\/\/www.staging.pullnerfilter.com\/wp-content\/uploads\/2022\/07\/Process-water-filter-cartridge.jpg",600,600,false],"large":["https:\/\/www.staging.pullnerfilter.com\/wp-content\/uploads\/2022\/07\/Process-water-filter-cartridge.jpg",600,600,false],"1536x1536":["https:\/\/www.staging.pullnerfilter.com\/wp-content\/uploads\/2022\/07\/Process-water-filter-cartridge.jpg",600,600,false],"2048x2048":["https:\/\/www.staging.pullnerfilter.com\/wp-content\/uploads\/2022\/07\/Process-water-filter-cartridge.jpg",600,600,false],"trp-custom-language-flag":["https:\/\/www.staging.pullnerfilter.com\/wp-content\/uploads\/2022\/07\/Process-water-filter-cartridge.jpg",12,12,false]},"uagb_author_info":{"display_name":"marc","author_link":"https:\/\/www.staging.pullnerfilter.com\/es\/author\/"},"uagb_comment_info":0,"uagb_excerpt":"Process water filter cartridge belong to pleated filter cartridge, The electronic grade material used in the process series filter element can effectively control the ion precipitation problem of filtration, and the pure polypropylene structure makes the filter element have a wide range of chemical compatibility. It can be applied to the filtration of most acids&hellip;","_links":{"self":[{"href":"https:\/\/www.staging.pullnerfilter.com\/es\/wp-json\/wp\/v2\/product\/8618","targetHints":{"allow":["GET"]}}],"collection":[{"href":"https:\/\/www.staging.pullnerfilter.com\/es\/wp-json\/wp\/v2\/product"}],"about":[{"href":"https:\/\/www.staging.pullnerfilter.com\/es\/wp-json\/wp\/v2\/types\/product"}],"wp:featuredmedia":[{"embeddable":true,"href":"https:\/\/www.staging.pullnerfilter.com\/es\/wp-json\/wp\/v2\/media\/2052"}],"wp:attachment":[{"href":"https:\/\/www.staging.pullnerfilter.com\/es\/wp-json\/wp\/v2\/media?parent=8618"}],"wp:term":[{"taxonomy":"product_category","embeddable":true,"href":"https:\/\/www.staging.pullnerfilter.com\/es\/wp-json\/wp\/v2\/product_category?post=8618"},{"taxonomy":"product_brand","embeddable":true,"href":"https:\/\/www.staging.pullnerfilter.com\/es\/wp-json\/wp\/v2\/product_brand?post=8618"},{"taxonomy":"product_application","embeddable":true,"href":"https:\/\/www.staging.pullnerfilter.com\/es\/wp-json\/wp\/v2\/product_application?post=8618"},{"taxonomy":"product_flow_rate","embeddable":true,"href":"https:\/\/www.staging.pullnerfilter.com\/es\/wp-json\/wp\/v2\/product_flow_rate?post=8618"},{"taxonomy":"product_micron","embeddable":true,"href":"https:\/\/www.staging.pullnerfilter.com\/es\/wp-json\/wp\/v2\/product_micron?post=8618"}],"curies":[{"name":"wp","href":"https:\/\/api.w.org\/{rel}","templated":true}]}}