{"id":8554,"date":"2026-02-27T10:08:53","date_gmt":"2026-02-27T10:08:53","guid":{"rendered":"https:\/\/www.staging.pullnerfilter.com\/?post_type=product&#038;p=8554"},"modified":"2026-04-02T03:48:01","modified_gmt":"2026-04-02T03:48:01","slug":"elemento-filtrante-de-ultra-alta-capacidad-de-retencion-de-suciedad","status":"publish","type":"product","link":"https:\/\/www.staging.pullnerfilter.com\/es\/product\/elemento-filtrante-de-ultra-alta-capacidad-de-retencion-de-suciedad\/","title":{"rendered":"Elemento filtrante de gran capacidad de retenci\u00f3n de suciedad"},"content":{"rendered":"<p>El elemento filtrante de alta capacidad de retenci\u00f3n de suciedad pertenece al cartucho filtrante de membrana.<br>El elemento filtrante con capacidad de retenci\u00f3n de suciedad ultra alta es adecuado para procesos de fabricaci\u00f3n de paneles LCD en l\u00ednea de alta generaci\u00f3n, y se utiliza principalmente en procesos con requisitos de flujo elevados. Puede reducir los tiempos de inactividad del equipo causados por el cambio de filtro. El \u00e1rea de filtraci\u00f3n alcanza m\u00e1s de 2\u33a1.<\/p>\n\n\n\n<ul style=\"padding-right:var(--wp--preset--spacing--70);padding-left:var(--wp--preset--spacing--70)\" class=\"wp-block-list\">\n<li>Alto rendimiento<\/li>\n\n\n\n<li>Rentable<\/li>\n\n\n\n<li>Diversos materiales filtrantes y precisi\u00f3n de filtraci\u00f3n<\/li>\n\n\n\n<li>Materiales de grado electr\u00f3nico<\/li>\n<\/ul>","protected":false},"featured_media":2082,"menu_order":0,"template":"","meta":{"_acf_changed":false,"_seopress_robots_primary_cat":"none","_seopress_titles_title":"","_seopress_titles_desc":"","_seopress_robots_index":"","_uag_custom_page_level_css":"","site-sidebar-layout":"default","site-content-layout":"","ast-site-content-layout":"default","site-content-style":"default","site-sidebar-style":"default","ast-global-header-display":"","ast-banner-title-visibility":"","ast-main-header-display":"","ast-hfb-above-header-display":"","ast-hfb-below-header-display":"","ast-hfb-mobile-header-display":"","site-post-title":"","ast-breadcrumbs-content":"","ast-featured-img":"","footer-sml-layout":"","theme-transparent-header-meta":"","adv-header-id-meta":"","stick-header-meta":"","header-above-stick-meta":"","header-main-stick-meta":"","header-below-stick-meta":"","astra-migrate-meta-layouts":"set","ast-page-background-enabled":"default","ast-page-background-meta":{"desktop":{"background-color":"","background-image":"","background-repeat":"repeat","background-position":"center center","background-size":"auto","background-attachment":"scroll","background-type":"","background-media":"","overlay-type":"","overlay-color":"","overlay-opacity":"","overlay-gradient":""},"tablet":{"background-color":"","background-image":"","background-repeat":"repeat","background-position":"center center","background-size":"auto","background-attachment":"scroll","background-type":"","background-media":"","overlay-type":"","overlay-color":"","overlay-opacity":"","overlay-gradient":""},"mobile":{"background-color":"","background-image":"","background-repeat":"repeat","background-position":"center center","background-size":"auto","background-attachment":"scroll","background-type":"","background-media":"","overlay-type":"","overlay-color":"","overlay-opacity":"","overlay-gradient":""}},"ast-content-background-meta":{"desktop":{"background-color":"var(--ast-global-color-5)","background-image":"","background-repeat":"repeat","background-position":"center center","background-size":"auto","background-attachment":"scroll","background-type":"","background-media":"","overlay-type":"","overlay-color":"","overlay-opacity":"","overlay-gradient":""},"tablet":{"background-color":"var(--ast-global-color-5)","background-image":"","background-repeat":"repeat","background-position":"center center","background-size":"auto","background-attachment":"scroll","background-type":"","background-media":"","overlay-type":"","overlay-color":"","overlay-opacity":"","overlay-gradient":""},"mobile":{"background-color":"var(--ast-global-color-5)","background-image":"","background-repeat":"repeat","background-position":"center center","background-size":"auto","background-attachment":"scroll","background-type":"","background-media":"","overlay-type":"","overlay-color":"","overlay-opacity":"","overlay-gradient":""}},"_product_flow_rate":"500 GPM","_product_micron":"5, 10, 25 \u03bcm","_product_temp":"up to 80\u00b0C","_product_sku":"","_product_mpn":"","_product_description":"Ultra-high dirt holding capacity filter element is suitable for high-generation line LCD panel manufacturing processes, mainly used in processes with high flow requirements.\u00a0It can reduce equipment down-times caused by filter change-out. Filtration area reach more than 2\u33a1.","_product_gallery":"2082","_product_tabs":"","_product_tab_features":"","_product_tab_specs":"","_product_tab_applications":""},"product_category":[79],"product_brand":[],"product_application":[],"product_flow_rate":[42],"product_micron":[44],"class_list":["post-8554","product","type-product","status-publish","has-post-thumbnail"],"acf":[],"uagb_featured_image_src":{"full":["https:\/\/www.staging.pullnerfilter.com\/wp-content\/uploads\/2022\/07\/Ultra-high-dirt-holding-capacity-filter-element.jpg",600,600,false],"thumbnail":["https:\/\/www.staging.pullnerfilter.com\/wp-content\/uploads\/2022\/07\/Ultra-high-dirt-holding-capacity-filter-element-150x150.jpg",150,150,true],"medium":["https:\/\/www.staging.pullnerfilter.com\/wp-content\/uploads\/2022\/07\/Ultra-high-dirt-holding-capacity-filter-element-300x300.jpg",300,300,true],"medium_large":["https:\/\/www.staging.pullnerfilter.com\/wp-content\/uploads\/2022\/07\/Ultra-high-dirt-holding-capacity-filter-element.jpg",600,600,false],"large":["https:\/\/www.staging.pullnerfilter.com\/wp-content\/uploads\/2022\/07\/Ultra-high-dirt-holding-capacity-filter-element.jpg",600,600,false],"1536x1536":["https:\/\/www.staging.pullnerfilter.com\/wp-content\/uploads\/2022\/07\/Ultra-high-dirt-holding-capacity-filter-element.jpg",600,600,false],"2048x2048":["https:\/\/www.staging.pullnerfilter.com\/wp-content\/uploads\/2022\/07\/Ultra-high-dirt-holding-capacity-filter-element.jpg",600,600,false],"trp-custom-language-flag":["https:\/\/www.staging.pullnerfilter.com\/wp-content\/uploads\/2022\/07\/Ultra-high-dirt-holding-capacity-filter-element.jpg",12,12,false]},"uagb_author_info":{"display_name":"marc","author_link":"https:\/\/www.staging.pullnerfilter.com\/es\/author\/"},"uagb_comment_info":0,"uagb_excerpt":"Ultra-high dirt holding capacity filter element belong to membrane filter cartridge.Ultra-high dirt holding capacity filter element is suitable for high-generation line LCD panel manufacturing processes, mainly used in processes with high flow requirements.\u00a0It can reduce equipment down-times caused by filter change-out. Filtration area reach more than 2\u33a1.","_links":{"self":[{"href":"https:\/\/www.staging.pullnerfilter.com\/es\/wp-json\/wp\/v2\/product\/8554","targetHints":{"allow":["GET"]}}],"collection":[{"href":"https:\/\/www.staging.pullnerfilter.com\/es\/wp-json\/wp\/v2\/product"}],"about":[{"href":"https:\/\/www.staging.pullnerfilter.com\/es\/wp-json\/wp\/v2\/types\/product"}],"wp:featuredmedia":[{"embeddable":true,"href":"https:\/\/www.staging.pullnerfilter.com\/es\/wp-json\/wp\/v2\/media\/2082"}],"wp:attachment":[{"href":"https:\/\/www.staging.pullnerfilter.com\/es\/wp-json\/wp\/v2\/media?parent=8554"}],"wp:term":[{"taxonomy":"product_category","embeddable":true,"href":"https:\/\/www.staging.pullnerfilter.com\/es\/wp-json\/wp\/v2\/product_category?post=8554"},{"taxonomy":"product_brand","embeddable":true,"href":"https:\/\/www.staging.pullnerfilter.com\/es\/wp-json\/wp\/v2\/product_brand?post=8554"},{"taxonomy":"product_application","embeddable":true,"href":"https:\/\/www.staging.pullnerfilter.com\/es\/wp-json\/wp\/v2\/product_application?post=8554"},{"taxonomy":"product_flow_rate","embeddable":true,"href":"https:\/\/www.staging.pullnerfilter.com\/es\/wp-json\/wp\/v2\/product_flow_rate?post=8554"},{"taxonomy":"product_micron","embeddable":true,"href":"https:\/\/www.staging.pullnerfilter.com\/es\/wp-json\/wp\/v2\/product_micron?post=8554"}],"curies":[{"name":"wp","href":"https:\/\/api.w.org\/{rel}","templated":true}]}}