{"id":8552,"date":"2026-02-27T10:00:34","date_gmt":"2026-02-27T10:00:34","guid":{"rendered":"https:\/\/www.staging.pullnerfilter.com\/?post_type=product&#038;p=8552"},"modified":"2026-04-10T06:35:40","modified_gmt":"2026-04-10T06:35:40","slug":"electronic-grade-precision-filter-element","status":"publish","type":"product","link":"https:\/\/www.staging.pullnerfilter.com\/es\/product\/electronic-grade-precision-filter-element\/","title":{"rendered":"Elemento filtrante de precisi\u00f3n de grado electr\u00f3nico"},"content":{"rendered":"<p>El elemento filtrante de precisi\u00f3n de grado electr\u00f3nico pertenece a <a href=\"https:\/\/www.pullnerfilter.com\/membrane-filter-cartridge\/\" target=\"_blank\" rel=\"noopener\">cartucho filtrante de membrana<\/a>, PULLNER ha producido filtros construidos en PTFE, Poliarilsulfona, nylon, PVDF, polietileno y polisulfona, proporcionando la mejor selecci\u00f3n para cada aplicaci\u00f3n.<\/p>\r\n<p>Se ha dise\u00f1ado espec\u00edficamente para limitar la extracci\u00f3n de hierro de modo que cumpla los requisitos de los productos qu\u00edmicos y disolventes org\u00e1nicos de la industria electr\u00f3nica.<\/p>","protected":false},"featured_media":2074,"menu_order":0,"template":"","meta":{"_acf_changed":false,"_seopress_robots_primary_cat":"none","_seopress_titles_title":"","_seopress_titles_desc":"","_seopress_robots_index":"","_uag_custom_page_level_css":"","site-sidebar-layout":"default","site-content-layout":"","ast-site-content-layout":"default","site-content-style":"default","site-sidebar-style":"default","ast-global-header-display":"","ast-banner-title-visibility":"","ast-main-header-display":"","ast-hfb-above-header-display":"","ast-hfb-below-header-display":"","ast-hfb-mobile-header-display":"","site-post-title":"","ast-breadcrumbs-content":"","ast-featured-img":"","footer-sml-layout":"","theme-transparent-header-meta":"default","adv-header-id-meta":"","stick-header-meta":"default","header-above-stick-meta":"","header-main-stick-meta":"","header-below-stick-meta":"","astra-migrate-meta-layouts":"set","ast-page-background-enabled":"default","ast-page-background-meta":{"desktop":{"background-color":"","background-image":"","background-repeat":"repeat","background-position":"center center","background-size":"auto","background-attachment":"scroll","background-type":"","background-media":"","overlay-type":"","overlay-color":"","overlay-opacity":"","overlay-gradient":""},"tablet":{"background-color":"","background-image":"","background-repeat":"repeat","background-position":"center center","background-size":"auto","background-attachment":"scroll","background-type":"","background-media":"","overlay-type":"","overlay-color":"","overlay-opacity":"","overlay-gradient":""},"mobile":{"background-color":"","background-image":"","background-repeat":"repeat","background-position":"center center","background-size":"auto","background-attachment":"scroll","background-type":"","background-media":"","overlay-type":"","overlay-color":"","overlay-opacity":"","overlay-gradient":""}},"ast-content-background-meta":{"desktop":{"background-color":"var(--ast-global-color-5)","background-image":"","background-repeat":"repeat","background-position":"center center","background-size":"auto","background-attachment":"scroll","background-type":"","background-media":"","overlay-type":"","overlay-color":"","overlay-opacity":"","overlay-gradient":""},"tablet":{"background-color":"var(--ast-global-color-5)","background-image":"","background-repeat":"repeat","background-position":"center center","background-size":"auto","background-attachment":"scroll","background-type":"","background-media":"","overlay-type":"","overlay-color":"","overlay-opacity":"","overlay-gradient":""},"mobile":{"background-color":"var(--ast-global-color-5)","background-image":"","background-repeat":"repeat","background-position":"center center","background-size":"auto","background-attachment":"scroll","background-type":"","background-media":"","overlay-type":"","overlay-color":"","overlay-opacity":"","overlay-gradient":""}},"_product_flow_rate":"500 GPM","_product_micron":"5, 10, 25 \u03bcm","_product_temp":"up to 80\u00b0C","_product_sku":"","_product_mpn":"","_product_description":"Electronic grade precision filter element belong to membrane filter cartridge, PULLNER has produced filters constructed of PTFE, Polyarylsulfone, nylon, PVDF, polyethylene, and polysulfone, providing the best selection for each application.","_product_gallery":"2074","_product_tabs":"","_product_tab_features":"","_product_tab_specs":"","_product_tab_applications":""},"product_category":[79],"product_brand":[],"product_application":[],"product_flow_rate":[42],"product_micron":[44],"class_list":["post-8552","product","type-product","status-publish","has-post-thumbnail"],"acf":[],"uagb_featured_image_src":{"full":["https:\/\/www.staging.pullnerfilter.com\/wp-content\/uploads\/2022\/07\/Electronic-Grade-Precision-Filter-Element.jpg",500,500,false],"thumbnail":["https:\/\/www.staging.pullnerfilter.com\/wp-content\/uploads\/2022\/07\/Electronic-Grade-Precision-Filter-Element-150x150.jpg",150,150,true],"medium":["https:\/\/www.staging.pullnerfilter.com\/wp-content\/uploads\/2022\/07\/Electronic-Grade-Precision-Filter-Element-300x300.jpg",300,300,true],"medium_large":["https:\/\/www.staging.pullnerfilter.com\/wp-content\/uploads\/2022\/07\/Electronic-Grade-Precision-Filter-Element.jpg",500,500,false],"large":["https:\/\/www.staging.pullnerfilter.com\/wp-content\/uploads\/2022\/07\/Electronic-Grade-Precision-Filter-Element.jpg",500,500,false],"1536x1536":["https:\/\/www.staging.pullnerfilter.com\/wp-content\/uploads\/2022\/07\/Electronic-Grade-Precision-Filter-Element.jpg",500,500,false],"2048x2048":["https:\/\/www.staging.pullnerfilter.com\/wp-content\/uploads\/2022\/07\/Electronic-Grade-Precision-Filter-Element.jpg",500,500,false],"trp-custom-language-flag":["https:\/\/www.staging.pullnerfilter.com\/wp-content\/uploads\/2022\/07\/Electronic-Grade-Precision-Filter-Element.jpg",12,12,false]},"uagb_author_info":{"display_name":"marc","author_link":"https:\/\/www.staging.pullnerfilter.com\/es\/author\/"},"uagb_comment_info":0,"uagb_excerpt":"Electronic grade precision filter element belong to membrane filter cartridge, PULLNER has produced filters constructed of PTFE, Polyarylsulfone, nylon, PVDF, polyethylene, and polysulfone, providing the best selection for each application. It is specifically designed to limit iron extraction so that it meets the requirements of chemicals and organic solvents in the electronics industry.","_links":{"self":[{"href":"https:\/\/www.staging.pullnerfilter.com\/es\/wp-json\/wp\/v2\/product\/8552","targetHints":{"allow":["GET"]}}],"collection":[{"href":"https:\/\/www.staging.pullnerfilter.com\/es\/wp-json\/wp\/v2\/product"}],"about":[{"href":"https:\/\/www.staging.pullnerfilter.com\/es\/wp-json\/wp\/v2\/types\/product"}],"wp:featuredmedia":[{"embeddable":true,"href":"https:\/\/www.staging.pullnerfilter.com\/es\/wp-json\/wp\/v2\/media\/2074"}],"wp:attachment":[{"href":"https:\/\/www.staging.pullnerfilter.com\/es\/wp-json\/wp\/v2\/media?parent=8552"}],"wp:term":[{"taxonomy":"product_category","embeddable":true,"href":"https:\/\/www.staging.pullnerfilter.com\/es\/wp-json\/wp\/v2\/product_category?post=8552"},{"taxonomy":"product_brand","embeddable":true,"href":"https:\/\/www.staging.pullnerfilter.com\/es\/wp-json\/wp\/v2\/product_brand?post=8552"},{"taxonomy":"product_application","embeddable":true,"href":"https:\/\/www.staging.pullnerfilter.com\/es\/wp-json\/wp\/v2\/product_application?post=8552"},{"taxonomy":"product_flow_rate","embeddable":true,"href":"https:\/\/www.staging.pullnerfilter.com\/es\/wp-json\/wp\/v2\/product_flow_rate?post=8552"},{"taxonomy":"product_micron","embeddable":true,"href":"https:\/\/www.staging.pullnerfilter.com\/es\/wp-json\/wp\/v2\/product_micron?post=8552"}],"curies":[{"name":"wp","href":"https:\/\/api.w.org\/{rel}","templated":true}]}}