{"id":8532,"date":"2026-02-27T08:27:12","date_gmt":"2026-02-27T08:27:12","guid":{"rendered":"https:\/\/www.staging.pullnerfilter.com\/?post_type=product&#038;p=8532"},"modified":"2026-04-09T04:06:10","modified_gmt":"2026-04-09T04:06:10","slug":"inkjet-ink-filter-cartridge","status":"publish","type":"product","link":"https:\/\/www.staging.pullnerfilter.com\/es\/product\/inkjet-ink-filter-cartridge\/","title":{"rendered":"Inkjet Ink Filter Cartridge"},"content":{"rendered":"<p>El cartucho de filtro de tinta de inyecci\u00f3n pertenece a&nbsp;<a href=\"https:\/\/www.pullnerfilter.com\/pleated-filter-cartridges\/\" target=\"_blank\" rel=\"noopener\">cartucho filtrante de pliegues<\/a>&nbsp;que se utilizan en la construcci\u00f3n de una sola pieza. Carcasas de diferentes tama\u00f1os para adaptarse a los distintos requisitos de caudal y vida \u00fatil. Especialmente para impresoras industriales. Cartucho de filtro de tinta de inyecci\u00f3n de tinta utilizado principalmente en el sistema de suministro de tinta digital. Los cartuchos de filtro de inyecci\u00f3n de tinta est\u00e1n hechos de membrana de polipropileno, tienen una excelente compatibilidad con la mayor\u00eda de los sistemas de tinta.<\/p>\n\n\n\n<ul style=\"padding-top:0;padding-right:var(--wp--preset--spacing--70);padding-bottom:0;padding-left:var(--wp--preset--spacing--70)\" class=\"wp-block-list\">\n<li>Material: PP<\/li>\n\n\n\n<li>Micron: 1\u03bcm \u2013 10\u03bcm<\/li>\n\n\n\n<li>M\u00e1x. Presi\u00f3n admisible: 4,1 bar\/60 PSI<\/li>\n\n\n\n<li>M\u00e1x. Temperatura admisible: 50\u00b0C \/ 120\u00b0F<\/li>\n<\/ul>","protected":false},"featured_media":2016,"menu_order":0,"template":"","meta":{"_acf_changed":false,"_seopress_robots_primary_cat":"none","_seopress_titles_title":"","_seopress_titles_desc":"","_seopress_robots_index":"","_uag_custom_page_level_css":"","site-sidebar-layout":"default","site-content-layout":"","ast-site-content-layout":"default","site-content-style":"default","site-sidebar-style":"default","ast-global-header-display":"","ast-banner-title-visibility":"","ast-main-header-display":"","ast-hfb-above-header-display":"","ast-hfb-below-header-display":"","ast-hfb-mobile-header-display":"","site-post-title":"","ast-breadcrumbs-content":"","ast-featured-img":"","footer-sml-layout":"","theme-transparent-header-meta":"","adv-header-id-meta":"","stick-header-meta":"","header-above-stick-meta":"","header-main-stick-meta":"","header-below-stick-meta":"","astra-migrate-meta-layouts":"set","ast-page-background-enabled":"default","ast-page-background-meta":{"desktop":{"background-color":"","background-image":"","background-repeat":"repeat","background-position":"center center","background-size":"auto","background-attachment":"scroll","background-type":"","background-media":"","overlay-type":"","overlay-color":"","overlay-opacity":"","overlay-gradient":""},"tablet":{"background-color":"","background-image":"","background-repeat":"repeat","background-position":"center center","background-size":"auto","background-attachment":"scroll","background-type":"","background-media":"","overlay-type":"","overlay-color":"","overlay-opacity":"","overlay-gradient":""},"mobile":{"background-color":"","background-image":"","background-repeat":"repeat","background-position":"center center","background-size":"auto","background-attachment":"scroll","background-type":"","background-media":"","overlay-type":"","overlay-color":"","overlay-opacity":"","overlay-gradient":""}},"ast-content-background-meta":{"desktop":{"background-color":"var(--ast-global-color-5)","background-image":"","background-repeat":"repeat","background-position":"center center","background-size":"auto","background-attachment":"scroll","background-type":"","background-media":"","overlay-type":"","overlay-color":"","overlay-opacity":"","overlay-gradient":""},"tablet":{"background-color":"var(--ast-global-color-5)","background-image":"","background-repeat":"repeat","background-position":"center center","background-size":"auto","background-attachment":"scroll","background-type":"","background-media":"","overlay-type":"","overlay-color":"","overlay-opacity":"","overlay-gradient":""},"mobile":{"background-color":"var(--ast-global-color-5)","background-image":"","background-repeat":"repeat","background-position":"center center","background-size":"auto","background-attachment":"scroll","background-type":"","background-media":"","overlay-type":"","overlay-color":"","overlay-opacity":"","overlay-gradient":""}},"_product_flow_rate":"500 GPM","_product_micron":"5, 10, 25 \u03bcm","_product_temp":"up to 80\u00b0C","_product_sku":"","_product_mpn":"","_product_description":"Inkjet ink filter cartridge is belong to\u00a0pleated filter cartridge\u00a0which used in one-piece construction. Different size housings in order to fit different flow rate requirements and service life demand. Especially for industrial printer. Inkjet ink filter cartridge mainly used in the digital ink supply system. Inkjet Filter cartridges are made of all-polypropylene membrane, have excellent compatibility with most ink systems.","_product_gallery":"2016","_product_tabs":"","_product_tab_features":"","_product_tab_specs":"","_product_tab_applications":""},"product_category":[82],"product_brand":[],"product_application":[],"product_flow_rate":[42],"product_micron":[44],"class_list":["post-8532","product","type-product","status-publish","has-post-thumbnail"],"acf":[],"uagb_featured_image_src":{"full":["https:\/\/www.staging.pullnerfilter.com\/wp-content\/uploads\/2022\/07\/Inkjet-ink-filter-cartridge.jpg",600,400,false],"thumbnail":["https:\/\/www.staging.pullnerfilter.com\/wp-content\/uploads\/2022\/07\/Inkjet-ink-filter-cartridge-150x150.jpg",150,150,true],"medium":["https:\/\/www.staging.pullnerfilter.com\/wp-content\/uploads\/2022\/07\/Inkjet-ink-filter-cartridge-300x200.jpg",300,200,true],"medium_large":["https:\/\/www.staging.pullnerfilter.com\/wp-content\/uploads\/2022\/07\/Inkjet-ink-filter-cartridge.jpg",600,400,false],"large":["https:\/\/www.staging.pullnerfilter.com\/wp-content\/uploads\/2022\/07\/Inkjet-ink-filter-cartridge.jpg",600,400,false],"1536x1536":["https:\/\/www.staging.pullnerfilter.com\/wp-content\/uploads\/2022\/07\/Inkjet-ink-filter-cartridge.jpg",600,400,false],"2048x2048":["https:\/\/www.staging.pullnerfilter.com\/wp-content\/uploads\/2022\/07\/Inkjet-ink-filter-cartridge.jpg",600,400,false],"trp-custom-language-flag":["https:\/\/www.staging.pullnerfilter.com\/wp-content\/uploads\/2022\/07\/Inkjet-ink-filter-cartridge.jpg",18,12,false]},"uagb_author_info":{"display_name":"marc","author_link":"https:\/\/www.staging.pullnerfilter.com\/es\/author\/"},"uagb_comment_info":0,"uagb_excerpt":"Inkjet ink filter cartridge is belong to&nbsp;pleated filter cartridge&nbsp;which used in one-piece construction. Different size housings in order to fit different flow rate requirements and service life demand. Especially for industrial printer. Inkjet ink filter cartridge mainly used in the digital ink supply system. Inkjet Filter cartridges are made of all-polypropylene membrane, have excellent compatibility&hellip;","_links":{"self":[{"href":"https:\/\/www.staging.pullnerfilter.com\/es\/wp-json\/wp\/v2\/product\/8532","targetHints":{"allow":["GET"]}}],"collection":[{"href":"https:\/\/www.staging.pullnerfilter.com\/es\/wp-json\/wp\/v2\/product"}],"about":[{"href":"https:\/\/www.staging.pullnerfilter.com\/es\/wp-json\/wp\/v2\/types\/product"}],"wp:featuredmedia":[{"embeddable":true,"href":"https:\/\/www.staging.pullnerfilter.com\/es\/wp-json\/wp\/v2\/media\/2016"}],"wp:attachment":[{"href":"https:\/\/www.staging.pullnerfilter.com\/es\/wp-json\/wp\/v2\/media?parent=8532"}],"wp:term":[{"taxonomy":"product_category","embeddable":true,"href":"https:\/\/www.staging.pullnerfilter.com\/es\/wp-json\/wp\/v2\/product_category?post=8532"},{"taxonomy":"product_brand","embeddable":true,"href":"https:\/\/www.staging.pullnerfilter.com\/es\/wp-json\/wp\/v2\/product_brand?post=8532"},{"taxonomy":"product_application","embeddable":true,"href":"https:\/\/www.staging.pullnerfilter.com\/es\/wp-json\/wp\/v2\/product_application?post=8532"},{"taxonomy":"product_flow_rate","embeddable":true,"href":"https:\/\/www.staging.pullnerfilter.com\/es\/wp-json\/wp\/v2\/product_flow_rate?post=8532"},{"taxonomy":"product_micron","embeddable":true,"href":"https:\/\/www.staging.pullnerfilter.com\/es\/wp-json\/wp\/v2\/product_micron?post=8532"}],"curies":[{"name":"wp","href":"https:\/\/api.w.org\/{rel}","templated":true}]}}