{"id":8528,"date":"2026-02-27T08:11:20","date_gmt":"2026-02-27T08:11:20","guid":{"rendered":"https:\/\/www.staging.pullnerfilter.com\/?post_type=product&#038;p=8528"},"modified":"2026-04-08T11:41:55","modified_gmt":"2026-04-08T11:41:55","slug":"power-plant-condensate-high-flow-filter-cartridge","status":"publish","type":"product","link":"https:\/\/www.staging.pullnerfilter.com\/es\/product\/power-plant-condensate-high-flow-filter-cartridge\/","title":{"rendered":"Cartucho filtrante de alto caudal para condensados de centrales el\u00e9ctricas (serie PHF-L)"},"content":{"rendered":"<p>Agua condensada de centrales el\u00e9ctricas <a href=\"https:\/\/www.pullnerfilter.com\/high-flow-filter-cartridge\/\">filtro de agua de gran caudal<\/a> est\u00e1 dise\u00f1ado con diferentes di\u00e1metros grandes (152 mm, 157 mm, 160 mm), proporcionar gran \u00e1rea de filtraci\u00f3n, de alta velocidad de flujo, y larga vida \u00fatil.<\/p>\n\n\n\n<p>Reduzca el tiempo de inactividad de los cambios y ahorre costes a los clientes.<\/p>\n\n\n\n<p><\/p>","protected":false},"featured_media":2411,"menu_order":0,"template":"","meta":{"_acf_changed":false,"_seopress_robots_primary_cat":"none","_seopress_titles_title":"","_seopress_titles_desc":"","_seopress_robots_index":"","_uag_custom_page_level_css":"","site-sidebar-layout":"default","site-content-layout":"","ast-site-content-layout":"default","site-content-style":"default","site-sidebar-style":"default","ast-global-header-display":"","ast-banner-title-visibility":"","ast-main-header-display":"","ast-hfb-above-header-display":"","ast-hfb-below-header-display":"","ast-hfb-mobile-header-display":"","site-post-title":"","ast-breadcrumbs-content":"","ast-featured-img":"","footer-sml-layout":"","theme-transparent-header-meta":"","adv-header-id-meta":"","stick-header-meta":"","header-above-stick-meta":"","header-main-stick-meta":"","header-below-stick-meta":"","astra-migrate-meta-layouts":"set","ast-page-background-enabled":"default","ast-page-background-meta":{"desktop":{"background-color":"","background-image":"","background-repeat":"repeat","background-position":"center center","background-size":"auto","background-attachment":"scroll","background-type":"","background-media":"","overlay-type":"","overlay-color":"","overlay-opacity":"","overlay-gradient":""},"tablet":{"background-color":"","background-image":"","background-repeat":"repeat","background-position":"center center","background-size":"auto","background-attachment":"scroll","background-type":"","background-media":"","overlay-type":"","overlay-color":"","overlay-opacity":"","overlay-gradient":""},"mobile":{"background-color":"","background-image":"","background-repeat":"repeat","background-position":"center center","background-size":"auto","background-attachment":"scroll","background-type":"","background-media":"","overlay-type":"","overlay-color":"","overlay-opacity":"","overlay-gradient":""}},"ast-content-background-meta":{"desktop":{"background-color":"var(--ast-global-color-5)","background-image":"","background-repeat":"repeat","background-position":"center center","background-size":"auto","background-attachment":"scroll","background-type":"","background-media":"","overlay-type":"","overlay-color":"","overlay-opacity":"","overlay-gradient":""},"tablet":{"background-color":"var(--ast-global-color-5)","background-image":"","background-repeat":"repeat","background-position":"center center","background-size":"auto","background-attachment":"scroll","background-type":"","background-media":"","overlay-type":"","overlay-color":"","overlay-opacity":"","overlay-gradient":""},"mobile":{"background-color":"var(--ast-global-color-5)","background-image":"","background-repeat":"repeat","background-position":"center center","background-size":"auto","background-attachment":"scroll","background-type":"","background-media":"","overlay-type":"","overlay-color":"","overlay-opacity":"","overlay-gradient":""}},"_product_flow_rate":"500 GPM","_product_micron":"5, 10, 25 \u03bcm","_product_temp":"up to 80\u00b0C","_product_sku":"","_product_mpn":"","_product_description":"Power plant condensate water high flow water filter is designed with different big diameters (152mm, 157mm, 160mm), provide big filtration area, high flow rate, and long service life.","_product_gallery":"2407,2410,2411,2451","_product_tabs":"","_product_tab_features":"","_product_tab_specs":"","_product_tab_applications":""},"product_category":[76],"product_brand":[],"product_application":[34],"product_flow_rate":[42],"product_micron":[44],"class_list":["post-8528","product","type-product","status-publish","has-post-thumbnail"],"acf":[],"uagb_featured_image_src":{"full":["https:\/\/www.staging.pullnerfilter.com\/wp-content\/uploads\/2023\/04\/Power-Plant-Condensate-Water-High-Flow-Water-Filter-Cartridge-for-sale.jpg",1400,1000,false],"thumbnail":["https:\/\/www.staging.pullnerfilter.com\/wp-content\/uploads\/2023\/04\/Power-Plant-Condensate-Water-High-Flow-Water-Filter-Cartridge-for-sale-150x150.jpg",150,150,true],"medium":["https:\/\/www.staging.pullnerfilter.com\/wp-content\/uploads\/2023\/04\/Power-Plant-Condensate-Water-High-Flow-Water-Filter-Cartridge-for-sale-300x214.jpg",300,214,true],"medium_large":["https:\/\/www.staging.pullnerfilter.com\/wp-content\/uploads\/2023\/04\/Power-Plant-Condensate-Water-High-Flow-Water-Filter-Cartridge-for-sale-768x549.jpg",768,549,true],"large":["https:\/\/www.staging.pullnerfilter.com\/wp-content\/uploads\/2023\/04\/Power-Plant-Condensate-Water-High-Flow-Water-Filter-Cartridge-for-sale-1024x731.jpg",1024,731,true],"1536x1536":["https:\/\/www.staging.pullnerfilter.com\/wp-content\/uploads\/2023\/04\/Power-Plant-Condensate-Water-High-Flow-Water-Filter-Cartridge-for-sale.jpg",1400,1000,false],"2048x2048":["https:\/\/www.staging.pullnerfilter.com\/wp-content\/uploads\/2023\/04\/Power-Plant-Condensate-Water-High-Flow-Water-Filter-Cartridge-for-sale.jpg",1400,1000,false],"trp-custom-language-flag":["https:\/\/www.staging.pullnerfilter.com\/wp-content\/uploads\/2023\/04\/Power-Plant-Condensate-Water-High-Flow-Water-Filter-Cartridge-for-sale.jpg",18,12,false]},"uagb_author_info":{"display_name":"wpx_pullner","author_link":"https:\/\/www.staging.pullnerfilter.com\/es\/author\/"},"uagb_comment_info":0,"uagb_excerpt":"Power plant condensate water high flow water filter is designed with different big diameters (152mm, 157mm, 160mm), provide big filtration area, high flow rate, and long service life. Reduce the downtime of change-out, save cost for customers.","_links":{"self":[{"href":"https:\/\/www.staging.pullnerfilter.com\/es\/wp-json\/wp\/v2\/product\/8528","targetHints":{"allow":["GET"]}}],"collection":[{"href":"https:\/\/www.staging.pullnerfilter.com\/es\/wp-json\/wp\/v2\/product"}],"about":[{"href":"https:\/\/www.staging.pullnerfilter.com\/es\/wp-json\/wp\/v2\/types\/product"}],"wp:featuredmedia":[{"embeddable":true,"href":"https:\/\/www.staging.pullnerfilter.com\/es\/wp-json\/wp\/v2\/media\/2411"}],"wp:attachment":[{"href":"https:\/\/www.staging.pullnerfilter.com\/es\/wp-json\/wp\/v2\/media?parent=8528"}],"wp:term":[{"taxonomy":"product_category","embeddable":true,"href":"https:\/\/www.staging.pullnerfilter.com\/es\/wp-json\/wp\/v2\/product_category?post=8528"},{"taxonomy":"product_brand","embeddable":true,"href":"https:\/\/www.staging.pullnerfilter.com\/es\/wp-json\/wp\/v2\/product_brand?post=8528"},{"taxonomy":"product_application","embeddable":true,"href":"https:\/\/www.staging.pullnerfilter.com\/es\/wp-json\/wp\/v2\/product_application?post=8528"},{"taxonomy":"product_flow_rate","embeddable":true,"href":"https:\/\/www.staging.pullnerfilter.com\/es\/wp-json\/wp\/v2\/product_flow_rate?post=8528"},{"taxonomy":"product_micron","embeddable":true,"href":"https:\/\/www.staging.pullnerfilter.com\/es\/wp-json\/wp\/v2\/product_micron?post=8528"}],"curies":[{"name":"wp","href":"https:\/\/api.w.org\/{rel}","templated":true}]}}