{"id":8519,"date":"2026-02-27T07:42:02","date_gmt":"2026-02-27T07:42:02","guid":{"rendered":"https:\/\/www.staging.pullnerfilter.com\/?post_type=product&#038;p=8519"},"modified":"2026-04-09T04:04:23","modified_gmt":"2026-04-09T04:04:23","slug":"bag-filter-replacement-high-flow-cartridge","status":"publish","type":"product","link":"https:\/\/www.staging.pullnerfilter.com\/es\/product\/bag-filter-replacement-high-flow-cartridge\/","title":{"rendered":"Bag Filter Replacement High Flow Cartridge (PLBG Series)"},"content":{"rendered":"<p>Bolsa serie PLBG <a href=\"https:\/\/www.pullnerfilter.com\/high-flow-filter-cartridge\/\">cartucho filtrante plisado de alto caudal<\/a> est\u00e1 dise\u00f1ado para reemplazar los filtros de bolsa No.1 y No.2 tama\u00f1o. PP tipo plisado proporcionar mayor \u00e1rea de filtraci\u00f3n 5 veces que el filtro de bolsa.<\/p>\n\n\n\n<p>Tiene una mayor eficacia de filtraci\u00f3n y una vida \u00fatil m\u00e1s larga que los filtros de mangas. Longitud personalizada para diferentes requisitos.<\/p>\n\n\n\n<p><\/p>","protected":false},"featured_media":2384,"menu_order":0,"template":"","meta":{"_acf_changed":true,"_seopress_robots_primary_cat":"none","_seopress_titles_title":"","_seopress_titles_desc":"","_seopress_robots_index":"","_uag_custom_page_level_css":"","site-sidebar-layout":"default","site-content-layout":"","ast-site-content-layout":"default","site-content-style":"default","site-sidebar-style":"default","ast-global-header-display":"","ast-banner-title-visibility":"","ast-main-header-display":"","ast-hfb-above-header-display":"","ast-hfb-below-header-display":"","ast-hfb-mobile-header-display":"","site-post-title":"","ast-breadcrumbs-content":"","ast-featured-img":"","footer-sml-layout":"","theme-transparent-header-meta":"","adv-header-id-meta":"","stick-header-meta":"","header-above-stick-meta":"","header-main-stick-meta":"","header-below-stick-meta":"","astra-migrate-meta-layouts":"set","ast-page-background-enabled":"default","ast-page-background-meta":{"desktop":{"background-color":"","background-image":"","background-repeat":"repeat","background-position":"center center","background-size":"auto","background-attachment":"scroll","background-type":"","background-media":"","overlay-type":"","overlay-color":"","overlay-opacity":"","overlay-gradient":""},"tablet":{"background-color":"","background-image":"","background-repeat":"repeat","background-position":"center center","background-size":"auto","background-attachment":"scroll","background-type":"","background-media":"","overlay-type":"","overlay-color":"","overlay-opacity":"","overlay-gradient":""},"mobile":{"background-color":"","background-image":"","background-repeat":"repeat","background-position":"center center","background-size":"auto","background-attachment":"scroll","background-type":"","background-media":"","overlay-type":"","overlay-color":"","overlay-opacity":"","overlay-gradient":""}},"ast-content-background-meta":{"desktop":{"background-color":"var(--ast-global-color-5)","background-image":"","background-repeat":"repeat","background-position":"center center","background-size":"auto","background-attachment":"scroll","background-type":"","background-media":"","overlay-type":"","overlay-color":"","overlay-opacity":"","overlay-gradient":""},"tablet":{"background-color":"var(--ast-global-color-5)","background-image":"","background-repeat":"repeat","background-position":"center center","background-size":"auto","background-attachment":"scroll","background-type":"","background-media":"","overlay-type":"","overlay-color":"","overlay-opacity":"","overlay-gradient":""},"mobile":{"background-color":"var(--ast-global-color-5)","background-image":"","background-repeat":"repeat","background-position":"center center","background-size":"auto","background-attachment":"scroll","background-type":"","background-media":"","overlay-type":"","overlay-color":"","overlay-opacity":"","overlay-gradient":""}},"_product_flow_rate":"500 GPM","_product_micron":"5, 10, 25 \u03bcm","_product_temp":"up to 80\u00b0C","_product_sku":"","_product_mpn":"","_product_description":"PLBG series bag pleated high flow filter cartridge is designed to replace bag filters No.1 and No.2 size. PP pleated type provide bigger filtration area 5 times than bag filter.","_product_gallery":"2387,2386,2385,2384","_product_tabs":"","_product_tab_features":"","_product_tab_specs":"","_product_tab_applications":""},"product_category":[76],"product_brand":[],"product_application":[36,34,37,35],"product_flow_rate":[],"product_micron":[],"class_list":["post-8519","product","type-product","status-publish","has-post-thumbnail"],"acf":[],"uagb_featured_image_src":{"full":["https:\/\/www.staging.pullnerfilter.com\/wp-content\/uploads\/2023\/04\/Replace-Bag-filter-High-Flow-Water-Filter-Cartridge2.jpg",500,500,false],"thumbnail":["https:\/\/www.staging.pullnerfilter.com\/wp-content\/uploads\/2023\/04\/Replace-Bag-filter-High-Flow-Water-Filter-Cartridge2-150x150.jpg",150,150,true],"medium":["https:\/\/www.staging.pullnerfilter.com\/wp-content\/uploads\/2023\/04\/Replace-Bag-filter-High-Flow-Water-Filter-Cartridge2-300x300.jpg",300,300,true],"medium_large":["https:\/\/www.staging.pullnerfilter.com\/wp-content\/uploads\/2023\/04\/Replace-Bag-filter-High-Flow-Water-Filter-Cartridge2.jpg",500,500,false],"large":["https:\/\/www.staging.pullnerfilter.com\/wp-content\/uploads\/2023\/04\/Replace-Bag-filter-High-Flow-Water-Filter-Cartridge2.jpg",500,500,false],"1536x1536":["https:\/\/www.staging.pullnerfilter.com\/wp-content\/uploads\/2023\/04\/Replace-Bag-filter-High-Flow-Water-Filter-Cartridge2.jpg",500,500,false],"2048x2048":["https:\/\/www.staging.pullnerfilter.com\/wp-content\/uploads\/2023\/04\/Replace-Bag-filter-High-Flow-Water-Filter-Cartridge2.jpg",500,500,false],"trp-custom-language-flag":["https:\/\/www.staging.pullnerfilter.com\/wp-content\/uploads\/2023\/04\/Replace-Bag-filter-High-Flow-Water-Filter-Cartridge2.jpg",12,12,false]},"uagb_author_info":{"display_name":"wpx_pullner","author_link":"https:\/\/www.staging.pullnerfilter.com\/es\/author\/"},"uagb_comment_info":0,"uagb_excerpt":"PLBG series bag pleated high flow filter cartridge is designed to replace bag filters No.1 and No.2 size. PP pleated type provide bigger filtration area 5 times than bag filter. It has higher filtration efficiency and longer service life than bag filters. Customized length for different requirements.","_links":{"self":[{"href":"https:\/\/www.staging.pullnerfilter.com\/es\/wp-json\/wp\/v2\/product\/8519","targetHints":{"allow":["GET"]}}],"collection":[{"href":"https:\/\/www.staging.pullnerfilter.com\/es\/wp-json\/wp\/v2\/product"}],"about":[{"href":"https:\/\/www.staging.pullnerfilter.com\/es\/wp-json\/wp\/v2\/types\/product"}],"wp:featuredmedia":[{"embeddable":true,"href":"https:\/\/www.staging.pullnerfilter.com\/es\/wp-json\/wp\/v2\/media\/2384"}],"wp:attachment":[{"href":"https:\/\/www.staging.pullnerfilter.com\/es\/wp-json\/wp\/v2\/media?parent=8519"}],"wp:term":[{"taxonomy":"product_category","embeddable":true,"href":"https:\/\/www.staging.pullnerfilter.com\/es\/wp-json\/wp\/v2\/product_category?post=8519"},{"taxonomy":"product_brand","embeddable":true,"href":"https:\/\/www.staging.pullnerfilter.com\/es\/wp-json\/wp\/v2\/product_brand?post=8519"},{"taxonomy":"product_application","embeddable":true,"href":"https:\/\/www.staging.pullnerfilter.com\/es\/wp-json\/wp\/v2\/product_application?post=8519"},{"taxonomy":"product_flow_rate","embeddable":true,"href":"https:\/\/www.staging.pullnerfilter.com\/es\/wp-json\/wp\/v2\/product_flow_rate?post=8519"},{"taxonomy":"product_micron","embeddable":true,"href":"https:\/\/www.staging.pullnerfilter.com\/es\/wp-json\/wp\/v2\/product_micron?post=8519"}],"curies":[{"name":"wp","href":"https:\/\/api.w.org\/{rel}","templated":true}]}}