{"id":8509,"date":"2026-02-27T04:03:00","date_gmt":"2026-02-27T04:03:00","guid":{"rendered":"https:\/\/www.staging.pullnerfilter.com\/?post_type=product&#038;p=8509"},"modified":"2026-04-09T04:04:41","modified_gmt":"2026-04-09T04:04:41","slug":"parker-high-flow-filter-cartridge-replacement","status":"publish","type":"product","link":"https:\/\/www.staging.pullnerfilter.com\/es\/product\/parker-high-flow-filter-cartridge-replacement\/","title":{"rendered":"Parker High Flow Filter Cartridge Replacement"},"content":{"rendered":"<p>Serie PHFK <a href=\"https:\/\/www.pullnerfilter.com\/high-flow-filter-cartridge\/\" target=\"_blank\" rel=\"noopener\">Cartucho filtrante de alto caudal<\/a> est\u00e1 hecho de di\u00e1metro 6\u2033 y dise\u00f1o plisado, con n\u00facleo central de pp de alta resistencia, direcci\u00f3n de flujo de fuera a dentro. Jaula exterior tienen dos tipos: integral pp jaula y malla de poli\u00e9ster.<\/p>\n\n\n\n<p><\/p>","protected":false},"featured_media":2346,"menu_order":0,"template":"","meta":{"_acf_changed":false,"_seopress_robots_primary_cat":"none","_seopress_titles_title":"","_seopress_titles_desc":"","_seopress_robots_index":"","_uag_custom_page_level_css":"","site-sidebar-layout":"default","site-content-layout":"","ast-site-content-layout":"default","site-content-style":"default","site-sidebar-style":"default","ast-global-header-display":"","ast-banner-title-visibility":"","ast-main-header-display":"","ast-hfb-above-header-display":"","ast-hfb-below-header-display":"","ast-hfb-mobile-header-display":"","site-post-title":"","ast-breadcrumbs-content":"","ast-featured-img":"","footer-sml-layout":"","theme-transparent-header-meta":"","adv-header-id-meta":"","stick-header-meta":"","header-above-stick-meta":"","header-main-stick-meta":"","header-below-stick-meta":"","astra-migrate-meta-layouts":"set","ast-page-background-enabled":"default","ast-page-background-meta":{"desktop":{"background-color":"","background-image":"","background-repeat":"repeat","background-position":"center center","background-size":"auto","background-attachment":"scroll","background-type":"","background-media":"","overlay-type":"","overlay-color":"","overlay-opacity":"","overlay-gradient":""},"tablet":{"background-color":"","background-image":"","background-repeat":"repeat","background-position":"center center","background-size":"auto","background-attachment":"scroll","background-type":"","background-media":"","overlay-type":"","overlay-color":"","overlay-opacity":"","overlay-gradient":""},"mobile":{"background-color":"","background-image":"","background-repeat":"repeat","background-position":"center center","background-size":"auto","background-attachment":"scroll","background-type":"","background-media":"","overlay-type":"","overlay-color":"","overlay-opacity":"","overlay-gradient":""}},"ast-content-background-meta":{"desktop":{"background-color":"var(--ast-global-color-5)","background-image":"","background-repeat":"repeat","background-position":"center center","background-size":"auto","background-attachment":"scroll","background-type":"","background-media":"","overlay-type":"","overlay-color":"","overlay-opacity":"","overlay-gradient":""},"tablet":{"background-color":"var(--ast-global-color-5)","background-image":"","background-repeat":"repeat","background-position":"center center","background-size":"auto","background-attachment":"scroll","background-type":"","background-media":"","overlay-type":"","overlay-color":"","overlay-opacity":"","overlay-gradient":""},"mobile":{"background-color":"var(--ast-global-color-5)","background-image":"","background-repeat":"repeat","background-position":"center center","background-size":"auto","background-attachment":"scroll","background-type":"","background-media":"","overlay-type":"","overlay-color":"","overlay-opacity":"","overlay-gradient":""}},"_product_flow_rate":"88GPM - 176.1GPM","_product_micron":"0.1\u03bcm - 70\u03bcm","_product_temp":"121\u2103","_product_sku":"","_product_mpn":"","_product_description":"PHFK Series High Flow Filter Cartridge is made of diameter 6\" and pleated design, with high-strength pp center core, outside to inside flow direction. Outer cage have two types: integral pp cage and polyester mesh.","_product_gallery":"2346,2345,2344","_product_tabs":"","_product_tab_features":"","_product_tab_specs":"","_product_tab_applications":""},"product_category":[76],"product_brand":[28],"product_application":[61,34,37],"product_flow_rate":[],"product_micron":[43,45,44],"class_list":["post-8509","product","type-product","status-publish","has-post-thumbnail"],"acf":[],"uagb_featured_image_src":{"full":["https:\/\/www.staging.pullnerfilter.com\/wp-content\/uploads\/2023\/01\/High-Flow-Water-Filter-Cartridges-Replace-Replace-Parker-Filters.jpg",500,500,false],"thumbnail":["https:\/\/www.staging.pullnerfilter.com\/wp-content\/uploads\/2023\/01\/High-Flow-Water-Filter-Cartridges-Replace-Replace-Parker-Filters-150x150.jpg",150,150,true],"medium":["https:\/\/www.staging.pullnerfilter.com\/wp-content\/uploads\/2023\/01\/High-Flow-Water-Filter-Cartridges-Replace-Replace-Parker-Filters-300x300.jpg",300,300,true],"medium_large":["https:\/\/www.staging.pullnerfilter.com\/wp-content\/uploads\/2023\/01\/High-Flow-Water-Filter-Cartridges-Replace-Replace-Parker-Filters.jpg",500,500,false],"large":["https:\/\/www.staging.pullnerfilter.com\/wp-content\/uploads\/2023\/01\/High-Flow-Water-Filter-Cartridges-Replace-Replace-Parker-Filters.jpg",500,500,false],"1536x1536":["https:\/\/www.staging.pullnerfilter.com\/wp-content\/uploads\/2023\/01\/High-Flow-Water-Filter-Cartridges-Replace-Replace-Parker-Filters.jpg",500,500,false],"2048x2048":["https:\/\/www.staging.pullnerfilter.com\/wp-content\/uploads\/2023\/01\/High-Flow-Water-Filter-Cartridges-Replace-Replace-Parker-Filters.jpg",500,500,false],"trp-custom-language-flag":["https:\/\/www.staging.pullnerfilter.com\/wp-content\/uploads\/2023\/01\/High-Flow-Water-Filter-Cartridges-Replace-Replace-Parker-Filters.jpg",12,12,false]},"uagb_author_info":{"display_name":"wpx_pullner","author_link":"https:\/\/www.staging.pullnerfilter.com\/es\/author\/"},"uagb_comment_info":0,"uagb_excerpt":"PHFK Series High Flow Filter Cartridge is made of diameter 6&#8243; and pleated design, with high-strength pp center core, outside to inside flow direction. Outer cage have two types: integral pp cage and polyester mesh.","_links":{"self":[{"href":"https:\/\/www.staging.pullnerfilter.com\/es\/wp-json\/wp\/v2\/product\/8509","targetHints":{"allow":["GET"]}}],"collection":[{"href":"https:\/\/www.staging.pullnerfilter.com\/es\/wp-json\/wp\/v2\/product"}],"about":[{"href":"https:\/\/www.staging.pullnerfilter.com\/es\/wp-json\/wp\/v2\/types\/product"}],"wp:featuredmedia":[{"embeddable":true,"href":"https:\/\/www.staging.pullnerfilter.com\/es\/wp-json\/wp\/v2\/media\/2346"}],"wp:attachment":[{"href":"https:\/\/www.staging.pullnerfilter.com\/es\/wp-json\/wp\/v2\/media?parent=8509"}],"wp:term":[{"taxonomy":"product_category","embeddable":true,"href":"https:\/\/www.staging.pullnerfilter.com\/es\/wp-json\/wp\/v2\/product_category?post=8509"},{"taxonomy":"product_brand","embeddable":true,"href":"https:\/\/www.staging.pullnerfilter.com\/es\/wp-json\/wp\/v2\/product_brand?post=8509"},{"taxonomy":"product_application","embeddable":true,"href":"https:\/\/www.staging.pullnerfilter.com\/es\/wp-json\/wp\/v2\/product_application?post=8509"},{"taxonomy":"product_flow_rate","embeddable":true,"href":"https:\/\/www.staging.pullnerfilter.com\/es\/wp-json\/wp\/v2\/product_flow_rate?post=8509"},{"taxonomy":"product_micron","embeddable":true,"href":"https:\/\/www.staging.pullnerfilter.com\/es\/wp-json\/wp\/v2\/product_micron?post=8509"}],"curies":[{"name":"wp","href":"https:\/\/api.w.org\/{rel}","templated":true}]}}