{"id":8234,"date":"2026-02-26T02:56:05","date_gmt":"2026-02-26T02:56:05","guid":{"rendered":"https:\/\/www.staging.pullnerfilter.com\/?post_type=product&#038;p=8234"},"modified":"2026-04-09T04:05:12","modified_gmt":"2026-04-09T04:05:12","slug":"pall-ultipleat-high-flow-water-filter-cartridge-replacement","status":"publish","type":"product","link":"https:\/\/www.staging.pullnerfilter.com\/es\/product\/pall-ultipleat-high-flow-water-filter-cartridge-replacement\/","title":{"rendered":"Recambio de cartucho filtrante de agua de alto caudal PALL Ultipleat"},"content":{"rendered":"<p>Los cartuchos filtrantes de alto caudal est\u00e1n dise\u00f1ados para aplicaciones que requieren caudales m\u00e1ximos con una ca\u00edda de presi\u00f3n m\u00ednima. A diferencia de los cartuchos est\u00e1ndar, estos sistemas pueden manejar entre 10 y 20 veces el caudal manteniendo el mismo tama\u00f1o.<\/p>\n\n\n\n<p>Perfect for pre-filtration in reverse osmosis systems, cooling tower water treatment, and industrial process water applications where high flow rates are critical.<\/p>\n\n\n\n<p><\/p>","protected":false},"featured_media":755,"menu_order":0,"template":"","meta":{"_acf_changed":false,"_seopress_robots_primary_cat":"none","_seopress_titles_title":"","_seopress_titles_desc":"","_seopress_robots_index":"","_uag_custom_page_level_css":"","site-sidebar-layout":"default","site-content-layout":"","ast-site-content-layout":"default","site-content-style":"default","site-sidebar-style":"default","ast-global-header-display":"","ast-banner-title-visibility":"","ast-main-header-display":"","ast-hfb-above-header-display":"","ast-hfb-below-header-display":"","ast-hfb-mobile-header-display":"","site-post-title":"","ast-breadcrumbs-content":"","ast-featured-img":"","footer-sml-layout":"","theme-transparent-header-meta":"","adv-header-id-meta":"","stick-header-meta":"","header-above-stick-meta":"","header-main-stick-meta":"","header-below-stick-meta":"","astra-migrate-meta-layouts":"set","ast-page-background-enabled":"default","ast-page-background-meta":{"desktop":{"background-color":"","background-image":"","background-repeat":"repeat","background-position":"center center","background-size":"auto","background-attachment":"scroll","background-type":"","background-media":"","overlay-type":"","overlay-color":"","overlay-opacity":"","overlay-gradient":""},"tablet":{"background-color":"","background-image":"","background-repeat":"repeat","background-position":"center center","background-size":"auto","background-attachment":"scroll","background-type":"","background-media":"","overlay-type":"","overlay-color":"","overlay-opacity":"","overlay-gradient":""},"mobile":{"background-color":"","background-image":"","background-repeat":"repeat","background-position":"center center","background-size":"auto","background-attachment":"scroll","background-type":"","background-media":"","overlay-type":"","overlay-color":"","overlay-opacity":"","overlay-gradient":""}},"ast-content-background-meta":{"desktop":{"background-color":"var(--ast-global-color-5)","background-image":"","background-repeat":"repeat","background-position":"center center","background-size":"auto","background-attachment":"scroll","background-type":"","background-media":"","overlay-type":"","overlay-color":"","overlay-opacity":"","overlay-gradient":""},"tablet":{"background-color":"var(--ast-global-color-5)","background-image":"","background-repeat":"repeat","background-position":"center center","background-size":"auto","background-attachment":"scroll","background-type":"","background-media":"","overlay-type":"","overlay-color":"","overlay-opacity":"","overlay-gradient":""},"mobile":{"background-color":"var(--ast-global-color-5)","background-image":"","background-repeat":"repeat","background-position":"center center","background-size":"auto","background-attachment":"scroll","background-type":"","background-media":"","overlay-type":"","overlay-color":"","overlay-opacity":"","overlay-gradient":""}},"_product_flow_rate":"50-200GPM","_product_micron":"0.1\u03bcm - 100\u03bcm","_product_temp":"82\u2103","_product_sku":"","_product_mpn":"","_product_description":"High flow filter cartridges are designed for applications requiring maximum flow rates with minimal pressure drop. Unlike standard cartridges, these systems can handle 10-20 times the flow rate while maintaining the same footprint.\u2028","_product_gallery":"2298,2297,2296","_product_tabs":"","_product_tab_features":"","_product_tab_specs":"","_product_tab_applications":""},"product_category":[76],"product_brand":[25],"product_application":[66,61,35],"product_flow_rate":[38],"product_micron":[43,45,44],"class_list":["post-8234","product","type-product","status-publish","has-post-thumbnail"],"acf":[],"uagb_featured_image_src":{"full":["https:\/\/www.staging.pullnerfilter.com\/wp-content\/uploads\/2020\/10\/3-Replace-PALL-Ultipleat-High-Flow-Water-Filter.jpg",600,400,false],"thumbnail":["https:\/\/www.staging.pullnerfilter.com\/wp-content\/uploads\/2020\/10\/3-Replace-PALL-Ultipleat-High-Flow-Water-Filter-150x150.jpg",150,150,true],"medium":["https:\/\/www.staging.pullnerfilter.com\/wp-content\/uploads\/2020\/10\/3-Replace-PALL-Ultipleat-High-Flow-Water-Filter-300x200.jpg",300,200,true],"medium_large":["https:\/\/www.staging.pullnerfilter.com\/wp-content\/uploads\/2020\/10\/3-Replace-PALL-Ultipleat-High-Flow-Water-Filter.jpg",600,400,false],"large":["https:\/\/www.staging.pullnerfilter.com\/wp-content\/uploads\/2020\/10\/3-Replace-PALL-Ultipleat-High-Flow-Water-Filter.jpg",600,400,false],"1536x1536":["https:\/\/www.staging.pullnerfilter.com\/wp-content\/uploads\/2020\/10\/3-Replace-PALL-Ultipleat-High-Flow-Water-Filter.jpg",600,400,false],"2048x2048":["https:\/\/www.staging.pullnerfilter.com\/wp-content\/uploads\/2020\/10\/3-Replace-PALL-Ultipleat-High-Flow-Water-Filter.jpg",600,400,false],"trp-custom-language-flag":["https:\/\/www.staging.pullnerfilter.com\/wp-content\/uploads\/2020\/10\/3-Replace-PALL-Ultipleat-High-Flow-Water-Filter.jpg",18,12,false]},"uagb_author_info":{"display_name":"wpx_pullner","author_link":"https:\/\/www.staging.pullnerfilter.com\/es\/author\/"},"uagb_comment_info":0,"uagb_excerpt":"High flow filter cartridges are designed for applications requiring maximum flow rates with minimal pressure drop. Unlike standard cartridges, these systems can handle 10-20 times the flow rate while maintaining the same footprint.\u2028 Perfect for pre-filtration in reverse osmosis systems, cooling tower water treatment, and industrial process water applications where high flow rates are critical.","_links":{"self":[{"href":"https:\/\/www.staging.pullnerfilter.com\/es\/wp-json\/wp\/v2\/product\/8234","targetHints":{"allow":["GET"]}}],"collection":[{"href":"https:\/\/www.staging.pullnerfilter.com\/es\/wp-json\/wp\/v2\/product"}],"about":[{"href":"https:\/\/www.staging.pullnerfilter.com\/es\/wp-json\/wp\/v2\/types\/product"}],"wp:featuredmedia":[{"embeddable":true,"href":"https:\/\/www.staging.pullnerfilter.com\/es\/wp-json\/wp\/v2\/media\/755"}],"wp:attachment":[{"href":"https:\/\/www.staging.pullnerfilter.com\/es\/wp-json\/wp\/v2\/media?parent=8234"}],"wp:term":[{"taxonomy":"product_category","embeddable":true,"href":"https:\/\/www.staging.pullnerfilter.com\/es\/wp-json\/wp\/v2\/product_category?post=8234"},{"taxonomy":"product_brand","embeddable":true,"href":"https:\/\/www.staging.pullnerfilter.com\/es\/wp-json\/wp\/v2\/product_brand?post=8234"},{"taxonomy":"product_application","embeddable":true,"href":"https:\/\/www.staging.pullnerfilter.com\/es\/wp-json\/wp\/v2\/product_application?post=8234"},{"taxonomy":"product_flow_rate","embeddable":true,"href":"https:\/\/www.staging.pullnerfilter.com\/es\/wp-json\/wp\/v2\/product_flow_rate?post=8234"},{"taxonomy":"product_micron","embeddable":true,"href":"https:\/\/www.staging.pullnerfilter.com\/es\/wp-json\/wp\/v2\/product_micron?post=8234"}],"curies":[{"name":"wp","href":"https:\/\/api.w.org\/{rel}","templated":true}]}}