{"id":2477,"date":"2023-04-19T02:54:35","date_gmt":"2023-04-19T02:54:35","guid":{"rendered":"https:\/\/www.staging.pullnerfilter.com\/?page_id=2477"},"modified":"2023-04-19T03:01:43","modified_gmt":"2023-04-19T03:01:43","slug":"filtros-de-agua-plegados-con-gran-capacidad-de-retencion-de-suciedad","status":"publish","type":"page","link":"https:\/\/www.staging.pullnerfilter.com\/es\/filtros-de-agua-plegados-con-gran-capacidad-de-retencion-de-suciedad\/","title":{"rendered":"Filtros de agua plisados con gran capacidad de retenci\u00f3n de suciedad"},"content":{"rendered":"<div data-elementor-type=\"wp-page\" data-elementor-id=\"2477\" class=\"elementor elementor-2477\" data-elementor-post-type=\"page\">\n\t\t\t\t\t\t<section class=\"elementor-section elementor-top-section elementor-element elementor-element-7badcd89 elementor-section-boxed elementor-section-height-default elementor-section-height-default\" data-id=\"7badcd89\" data-element_type=\"section\" data-e-type=\"section\">\n\t\t\t\t\t\t<div class=\"elementor-container elementor-column-gap-default\">\n\t\t\t\t\t<div class=\"elementor-column elementor-col-50 elementor-top-column elementor-element elementor-element-1ef39a7c\" data-id=\"1ef39a7c\" data-element_type=\"column\" data-e-type=\"column\">\n\t\t\t<div class=\"elementor-widget-wrap elementor-element-populated\">\n\t\t\t\t\t\t<div class=\"elementor-element elementor-element-497a0028 elementor-arrows-position-inside elementor-pagination-position-outside elementor-widget elementor-widget-image-carousel\" data-id=\"497a0028\" data-element_type=\"widget\" data-e-type=\"widget\" data-settings=\"{&quot;slides_to_show&quot;:&quot;1&quot;,&quot;navigation&quot;:&quot;both&quot;,&quot;autoplay&quot;:&quot;yes&quot;,&quot;pause_on_hover&quot;:&quot;yes&quot;,&quot;pause_on_interaction&quot;:&quot;yes&quot;,&quot;autoplay_speed&quot;:5000,&quot;infinite&quot;:&quot;yes&quot;,&quot;effect&quot;:&quot;slide&quot;,&quot;speed&quot;:500}\" data-widget_type=\"image-carousel.default\">\n\t\t\t\t<div class=\"elementor-widget-container\">\n\t\t\t\t\t\t\t<div class=\"elementor-image-carousel-wrapper swiper\" role=\"region\" aria-roledescription=\"carousel\" aria-label=\"Carrusel de im\u00e1genes\" dir=\"ltr\">\n\t\t\t<div class=\"elementor-image-carousel swiper-wrapper swiper-image-stretch\" aria-live=\"off\">\n\t\t\t\t\t\t\t\t<div class=\"swiper-slide\" role=\"group\" aria-roledescription=\"slide\" aria-label=\"1 of 3\"><figure class=\"swiper-slide-inner\"><img decoding=\"async\" class=\"swiper-slide-image\" src=\"https:\/\/www.staging.pullnerfilter.com\/wp-content\/uploads\/2023\/04\/Pleated-Water-Filters-with-High-Dirt-Holding-Capacity-HPPV-2.jpg\" alt=\"Filtros de agua plisados con gran capacidad de retenci\u00f3n de suciedad HPPV-2\" \/><\/figure><\/div><div class=\"swiper-slide\" role=\"group\" aria-roledescription=\"slide\" aria-label=\"2 of 3\"><figure class=\"swiper-slide-inner\"><img decoding=\"async\" class=\"swiper-slide-image\" src=\"https:\/\/www.staging.pullnerfilter.com\/wp-content\/uploads\/2023\/04\/Pleated-Water-Filters-with-High-Dirt-Holding-Capacity-HPPV-3.jpg\" alt=\"Filtros de agua plisados con gran capacidad de retenci\u00f3n de suciedad HPPV-3\" \/><\/figure><\/div><div class=\"swiper-slide\" role=\"group\" aria-roledescription=\"slide\" aria-label=\"3 of 3\"><figure class=\"swiper-slide-inner\"><img decoding=\"async\" class=\"swiper-slide-image\" src=\"https:\/\/www.staging.pullnerfilter.com\/wp-content\/uploads\/2023\/04\/Pleated-Water-Filters-with-High-Dirt-Holding-Capacity-HPPV-4.jpg\" alt=\"Filtros de agua plisados con gran capacidad de retenci\u00f3n de suciedad HPPV-4\" \/><\/figure><\/div>\t\t\t<\/div>\n\t\t\t\t\t\t\t\t\t\t\t\t<div class=\"elementor-swiper-button elementor-swiper-button-prev\" role=\"button\" tabindex=\"0\">\n\t\t\t\t\t\t<i aria-hidden=\"true\" class=\"eicon-chevron-left\"><\/i>\t\t\t\t\t<\/div>\n\t\t\t\t\t<div class=\"elementor-swiper-button elementor-swiper-button-next\" role=\"button\" tabindex=\"0\">\n\t\t\t\t\t\t<i aria-hidden=\"true\" class=\"eicon-chevron-right\"><\/i>\t\t\t\t\t<\/div>\n\t\t\t\t\n\t\t\t\t\t\t\t\t\t<div class=\"swiper-pagination\"><\/div>\n\t\t\t\t\t\t\t\t\t<\/div>\n\t\t\t\t\t\t<\/div>\n\t\t\t\t<\/div>\n\t\t\t\t\t<\/div>\n\t\t<\/div>\n\t\t\t\t<div class=\"elementor-column elementor-col-50 elementor-top-column elementor-element elementor-element-5996bf65\" data-id=\"5996bf65\" data-element_type=\"column\" data-e-type=\"column\">\n\t\t\t<div class=\"elementor-widget-wrap elementor-element-populated\">\n\t\t\t\t\t\t<div class=\"elementor-element elementor-element-2e25b44c elementor-widget elementor-widget-heading\" data-id=\"2e25b44c\" data-element_type=\"widget\" data-e-type=\"widget\" data-widget_type=\"heading.default\">\n\t\t\t\t<div class=\"elementor-widget-container\">\n\t\t\t\t\t<h1 class=\"elementor-heading-title elementor-size-default\">Filtros de agua plisados con gran capacidad de retenci\u00f3n de suciedad<\/h1>\t\t\t\t<\/div>\n\t\t\t\t<\/div>\n\t\t\t\t<div class=\"elementor-element elementor-element-76809a87 elementor-widget elementor-widget-text-editor\" data-id=\"76809a87\" data-element_type=\"widget\" data-e-type=\"widget\" data-widget_type=\"text-editor.default\">\n\t\t\t\t<div class=\"elementor-widget-container\">\n\t\t\t\t\t\t\t\t\t<p>Los cartuchos filtrantes de la serie HPPV est\u00e1n hechos de materiales de nanofibras multicapa, que tienen una alta capacidad de ensuciamiento bajo un dise\u00f1o de estructura de gradiente razonable.<\/p><p>La caracter\u00edstica de interceptaci\u00f3n multietapa de di\u00e1metro de poro gradual de grueso a fino hace que el cartucho filtrante tenga una capacidad de ensuciamiento m\u00e1s fuerte, puede mejorar eficazmente el problema de la obstrucci\u00f3n r\u00e1pida de la superficie, extender en gran medida la vida \u00fatil del cartucho filtrante, adecuado para la filtraci\u00f3n de part\u00edculas suspendidas altas, sustancias coloidales, l\u00edquido de alta viscosidad, etc.<\/p>\t\t\t\t\t\t\t\t<\/div>\n\t\t\t\t<\/div>\n\t\t\t\t<div class=\"elementor-element elementor-element-7eb34946 elementor-align-left elementor-widget elementor-widget-button\" data-id=\"7eb34946\" data-element_type=\"widget\" data-e-type=\"widget\" data-widget_type=\"button.default\">\n\t\t\t\t<div class=\"elementor-widget-container\">\n\t\t\t\t\t\t\t\t\t<div class=\"elementor-button-wrapper\">\n\t\t\t\t\t<a class=\"elementor-button elementor-button-link elementor-size-md\" href=\"\/es\/contacto\/\">\n\t\t\t\t\t\t<span class=\"elementor-button-content-wrapper\">\n\t\t\t\t\t\t\t\t\t<span class=\"elementor-button-text\">Env\u00ede su consulta ahora<\/span>\n\t\t\t\t\t<\/span>\n\t\t\t\t\t<\/a>\n\t\t\t\t<\/div>\n\t\t\t\t\t\t\t\t<\/div>\n\t\t\t\t<\/div>\n\t\t\t\t\t<\/div>\n\t\t<\/div>\n\t\t\t\t\t<\/div>\n\t\t<\/section>\n\t\t\t\t<section class=\"elementor-section elementor-top-section elementor-element elementor-element-5270bdb2 elementor-section-boxed elementor-section-height-default elementor-section-height-default\" data-id=\"5270bdb2\" data-element_type=\"section\" data-e-type=\"section\">\n\t\t\t\t\t\t<div class=\"elementor-container elementor-column-gap-default\">\n\t\t\t\t\t<div class=\"elementor-column elementor-col-100 elementor-top-column elementor-element elementor-element-309c3961\" data-id=\"309c3961\" data-element_type=\"column\" data-e-type=\"column\">\n\t\t\t<div class=\"elementor-widget-wrap elementor-element-populated\">\n\t\t\t\t\t\t<div class=\"elementor-element elementor-element-5c1ad010 elementor-widget elementor-widget-text-editor\" data-id=\"5c1ad010\" data-element_type=\"widget\" data-e-type=\"widget\" data-widget_type=\"text-editor.default\">\n\t\t\t\t<div class=\"elementor-widget-container\">\n\t\t\t\t\t\t\t\t\t<p><a href=\"https:\/\/www.pullnerfilter.com\/pleated-filter-cartridges\/\">Filtros de agua plisados<\/a> con alta capacidad de retenci\u00f3n de suciedad son filtros que pueden retener mucha suciedad y otros contaminantes sin obstruirse.<\/p><p>Est\u00e1n fabricados con un dise\u00f1o plisado, que crea m\u00e1s superficie para que el filtro atrape las impurezas. Esto significa que pueden durar m\u00e1s tiempo antes de tener que sustituirlos en comparaci\u00f3n con otros filtros.<\/p><p>Pueden eliminar sedimentos, suciedad, arena e incluso algunas bacterias y virus del agua, lo que las convierte en una forma eficiente y eficaz de mejorar la calidad del agua.<\/p><p><strong>Aplicaci\u00f3n<\/strong><\/p><p>Biotecnolog\u00eda: Cultivo celular, Filtraci\u00f3n de flujo directo, Flujos de trabajo de procesos, Soluciones de un solo uso<\/p><p>Alimentaci\u00f3n y bebidas: Vino, Cerveza, Sidra, Bebidas destiladas, Bebidas no alcoh\u00f3licas L\u00e1cteos, Alimentaci\u00f3n&amp; Ingredientes Cannabis, Servicios p\u00fablicos<\/p><p>Productos qu\u00edmicos y pol\u00edmeros: Agua de proceso, Qu\u00edmica, Petroqu\u00edmica<\/p><p>Microelectr\u00f3nica:Semiconductores, almacenamiento de datos, visualizaci\u00f3n, artes gr\u00e1ficas, fotovoltaica<\/p><p>Petr\u00f3leo y gas: upstream, midstream, downstream, EPC<\/p><p>Generaci\u00f3n de energ\u00eda: Centrales de ciclo combinado, turbinas de gas, centrales nucleares, centrales de vapor, renovables<\/p><p>Planta desalinizadora: Prefiltraci\u00f3n de la planta de \u00f3smosis inversa<\/p><p><strong>Especificaciones t\u00e9cnicas<\/strong><\/p><p><strong>Materiales Construcci\u00f3n<\/strong><\/p><table width=\"385\"><tbody><tr><td width=\"182\"><p>Medio filtrante<\/p><\/td><td width=\"204\"><p>Polipropileno<\/p><\/td><\/tr><tr><td width=\"182\"><p>Drenaje<\/p><\/td><td width=\"204\"><p>Polipropileno<\/p><\/td><\/tr><tr><td width=\"182\"><p>Jaula\/N\u00facleo\/Tapones<\/p><\/td><td width=\"204\"><p>Polipropileno<\/p><\/td><\/tr><\/tbody><\/table><p><strong>\u00a0<\/strong><strong>Caracter\u00edsticas de funcionamiento<\/strong><\/p><table width=\"385\"><tbody><tr><td width=\"262\"><p>Temperatura m\u00e1xima de funcionamiento<\/p><\/td><td width=\"123\"><p>80\u2103<\/p><\/td><\/tr><tr><td width=\"262\"><p>Presi\u00f3n diferencial positiva m\u00e1xima<\/p><\/td><td width=\"123\"><p>4bar\/21\u2103<\/p><\/td><\/tr><tr><td width=\"262\">\u00a0<\/td><td width=\"123\"><p>2,4bar\/80\u2103<\/p><\/td><\/tr><\/tbody><\/table><p><strong>Eficacia del filtro<\/strong><\/p><table width=\"384\"><tbody><tr><td width=\"65\"><p>HPPV<\/p><\/td><td width=\"73\"><p>\uff1e95%<\/p><\/td><td width=\"74\"><p>\uff1e98%<\/p><\/td><td width=\"84\"><p>\uff1e99.8%<\/p><\/td><td width=\"87\"><p>\uff1e99.9%<\/p><\/td><\/tr><tr><td width=\"65\"><p>0,5\u03bcm<\/p><\/td><td width=\"73\"><p>0.3<\/p><\/td><td width=\"74\"><p>0.5<\/p><\/td><td width=\"84\"><p>0.65<\/p><\/td><td width=\"87\"><p>0.8<\/p><\/td><\/tr><tr><td width=\"65\"><p>0,8\u03bcm<\/p><\/td><td width=\"73\"><p>0.65<\/p><\/td><td width=\"74\"><p>0.8<\/p><\/td><td width=\"84\"><p>1.0<\/p><\/td><td width=\"87\"><p>1.2<\/p><\/td><\/tr><tr><td width=\"65\"><p>1,0\u03bcm<\/p><\/td><td width=\"73\"><p>0.8<\/p><\/td><td width=\"74\"><p>1.0<\/p><\/td><td width=\"84\"><p>1.2<\/p><\/td><td width=\"87\"><p>1.5<\/p><\/td><\/tr><tr><td width=\"65\"><p>1,5\u03bcm<\/p><\/td><td width=\"73\"><p>1.2<\/p><\/td><td width=\"74\"><p>1.5<\/p><\/td><td width=\"84\"><p>2.0<\/p><\/td><td width=\"87\"><p>3.0<strong style=\"font-size: 16px;\">\u00a0<\/strong><\/p><\/td><\/tr><\/tbody><\/table><p><strong>Informaci\u00f3n para pedidos<\/strong><\/p><p>HPPV 0500 10 C1 E<\/p><table width=\"451\"><tbody><tr><td width=\"54\"><p>Serie<\/p><\/td><td width=\"95\"><p>Micron<\/p><\/td><td width=\"57\"><p>Longitud<\/p><\/td><td colspan=\"2\" width=\"123\"><p>Tipo de tapa<\/p><\/td><td colspan=\"2\" width=\"123\"><p>Material de la junta<\/p><\/td><\/tr><tr><td width=\"54\"><p>HPPV<\/p><\/td><td width=\"95\"><p>0050=0,5\u03bcm<\/p><\/td><td width=\"57\"><p>05=5\u2033<\/p><\/td><td width=\"38\"><p>C1<\/p><\/td><td width=\"85\"><p>=226\/Spear<\/p><\/td><td width=\"28\"><p>E<\/p><\/td><td width=\"95\"><p>=EPDM<\/p><\/td><\/tr><tr><td width=\"54\">\u00a0<\/td><td width=\"95\"><p>0080=0,8\u03bcm<\/p><\/td><td width=\"57\"><p>10 = 10\u2033<\/p><\/td><td width=\"38\"><p>C3<\/p><\/td><td width=\"85\"><p>=222\/Spear<\/p><\/td><td width=\"28\"><p>S<\/p><\/td><td width=\"95\"><p>=Silicio<\/p><\/td><\/tr><tr><td width=\"54\">\u00a0<\/td><td width=\"95\"><p>0100=1,0\u03bcm<\/p><\/td><td width=\"57\"><p>20 = 20\u2033<\/p><\/td><td width=\"38\"><p>C5<\/p><\/td><td width=\"85\"><p>=222\/Plano<\/p><\/td><td width=\"28\"><p>V<\/p><\/td><td width=\"95\"><p>=Viton<\/p><\/td><\/tr><tr><td width=\"54\">\u00a0<\/td><td width=\"95\"><p>0300=3,0\u03bcm<\/p><\/td><td width=\"57\"><p>30 = 30\u2033<\/p><\/td><td width=\"38\"><p>C6<\/p><\/td><td width=\"85\"><p>=226\/Plano<\/p><\/td><td width=\"28\"><p>P<\/p><\/td><td width=\"95\"><p>=FEP<\/p><\/td><\/tr><tr><td width=\"54\">\u00a0<\/td><td width=\"95\"><p>0500=5,0\u03bcm<\/p><\/td><td width=\"57\"><p>40 = 40\u2033<\/p><\/td><td width=\"38\"><p>C9<\/p><\/td><td width=\"85\"><p>=DOE<\/p><\/td><td width=\"28\">\u00a0<\/td><td width=\"95\">\u00a0<\/td><\/tr><tr><td width=\"54\">\u00a0<\/td><td width=\"95\"><p>1000=10\u03bcm<\/p><\/td><td width=\"57\">\u00a0<\/td><td width=\"38\">\u00a0<\/td><td width=\"85\">\u00a0<\/td><td width=\"28\">\u00a0<\/td><td width=\"95\">\u00a0<\/td><\/tr><tr><td width=\"54\">\u00a0<\/td><td width=\"95\"><p>2000=20\u03bcm<\/p><\/td><td width=\"57\">\u00a0<\/td><td width=\"38\">\u00a0<\/td><td width=\"85\">\u00a0<\/td><td width=\"28\">\u00a0<\/td><td width=\"95\">\u00a0<\/td><\/tr><tr><td width=\"54\">\u00a0<\/td><td width=\"95\"><p>4000=40\u03bcm<\/p><\/td><td width=\"57\">\u00a0<\/td><td width=\"38\">\u00a0<\/td><td width=\"85\">\u00a0<\/td><td width=\"28\">\u00a0<\/td><td width=\"95\">\u00a0<\/td><\/tr><tr><td width=\"54\">\u00a0<\/td><td width=\"95\"><p>7000=70\u03bcm<\/p><\/td><td width=\"57\">\u00a0<\/td><td width=\"38\">\u00a0<\/td><td width=\"85\">\u00a0<\/td><td width=\"28\">\u00a0<\/td><td width=\"95\">\u00a0<\/td><\/tr><tr><td width=\"54\">\u00a0<\/td><td width=\"95\"><p>9000=90\u03bcm<\/p><\/td><td width=\"57\">\u00a0<\/td><td width=\"38\">\u00a0<\/td><td width=\"85\">\u00a0<\/td><td width=\"28\">\u00a0<\/td><td width=\"95\">\u00a0<\/td><\/tr><\/tbody><\/table>\t\t\t\t\t\t\t\t<\/div>\n\t\t\t\t<\/div>\n\t\t\t\t\t<\/div>\n\t\t<\/div>\n\t\t\t\t\t<\/div>\n\t\t<\/section>\n\t\t\t\t<\/div>","protected":false},"excerpt":{"rendered":"<p>Previous Next Pleated Water Filters with High Dirt Holding Capacity HPPV series filter cartridges are made of multi-layer Nano-fiber materials, which have high fouling capacity under reasonable gradient structure design. The multi-stage interception characteristic of gradual pore diameter from thick to fine makes the filter cartridge have stronger fouling capacity, can effectively improve the problem [&hellip;]<\/p>\n","protected":false},"author":1,"featured_media":0,"parent":0,"menu_order":0,"comment_status":"closed","ping_status":"closed","template":"","meta":{"_acf_changed":false,"_seopress_robots_primary_cat":"","_seopress_titles_title":"","_seopress_titles_desc":"","_seopress_robots_index":"","_uag_custom_page_level_css":"","site-sidebar-layout":"no-sidebar","site-content-layout":"page-builder","ast-site-content-layout":"default","site-content-style":"default","site-sidebar-style":"default","ast-global-header-display":"","ast-banner-title-visibility":"","ast-main-header-display":"","ast-hfb-above-header-display":"","ast-hfb-below-header-display":"","ast-hfb-mobile-header-display":"","site-post-title":"disabled","ast-breadcrumbs-content":"","ast-featured-img":"disabled","footer-sml-layout":"","theme-transparent-header-meta":"","adv-header-id-meta":"","stick-header-meta":"","header-above-stick-meta":"","header-main-stick-meta":"","header-below-stick-meta":"","astra-migrate-meta-layouts":"default","ast-page-background-enabled":"default","ast-page-background-meta":{"desktop":{"background-color":"","background-image":"","background-repeat":"repeat","background-position":"center center","background-size":"auto","background-attachment":"scroll","background-type":"","background-media":"","overlay-type":"","overlay-color":"","overlay-opacity":"","overlay-gradient":""},"tablet":{"background-color":"","background-image":"","background-repeat":"repeat","background-position":"center center","background-size":"auto","background-attachment":"scroll","background-type":"","background-media":"","overlay-type":"","overlay-color":"","overlay-opacity":"","overlay-gradient":""},"mobile":{"background-color":"","background-image":"","background-repeat":"repeat","background-position":"center center","background-size":"auto","background-attachment":"scroll","background-type":"","background-media":"","overlay-type":"","overlay-color":"","overlay-opacity":"","overlay-gradient":""}},"ast-content-background-meta":{"desktop":{"background-color":"var(--ast-global-color-5)","background-image":"","background-repeat":"repeat","background-position":"center center","background-size":"auto","background-attachment":"scroll","background-type":"","background-media":"","overlay-type":"","overlay-color":"","overlay-opacity":"","overlay-gradient":""},"tablet":{"background-color":"var(--ast-global-color-5)","background-image":"","background-repeat":"repeat","background-position":"center center","background-size":"auto","background-attachment":"scroll","background-type":"","background-media":"","overlay-type":"","overlay-color":"","overlay-opacity":"","overlay-gradient":""},"mobile":{"background-color":"var(--ast-global-color-5)","background-image":"","background-repeat":"repeat","background-position":"center center","background-size":"auto","background-attachment":"scroll","background-type":"","background-media":"","overlay-type":"","overlay-color":"","overlay-opacity":"","overlay-gradient":""}},"footnotes":""},"class_list":["post-2477","page","type-page","status-publish"],"acf":[],"uagb_featured_image_src":{"full":false,"thumbnail":false,"medium":false,"medium_large":false,"large":false,"1536x1536":false,"2048x2048":false,"trp-custom-language-flag":false},"uagb_author_info":{"display_name":"wpx_pullner","author_link":"https:\/\/www.staging.pullnerfilter.com\/es\/author\/wpx_pullner\/"},"uagb_comment_info":0,"uagb_excerpt":"Previous Next Pleated Water Filters with High Dirt Holding Capacity HPPV series filter cartridges are made of multi-layer Nano-fiber materials, which have high fouling capacity under reasonable gradient structure design. The multi-stage interception characteristic of gradual pore diameter from thick to fine makes the filter cartridge have stronger fouling capacity, can effectively improve the problem&hellip;","_links":{"self":[{"href":"https:\/\/www.staging.pullnerfilter.com\/es\/wp-json\/wp\/v2\/pages\/2477","targetHints":{"allow":["GET"]}}],"collection":[{"href":"https:\/\/www.staging.pullnerfilter.com\/es\/wp-json\/wp\/v2\/pages"}],"about":[{"href":"https:\/\/www.staging.pullnerfilter.com\/es\/wp-json\/wp\/v2\/types\/page"}],"author":[{"embeddable":true,"href":"https:\/\/www.staging.pullnerfilter.com\/es\/wp-json\/wp\/v2\/users\/1"}],"replies":[{"embeddable":true,"href":"https:\/\/www.staging.pullnerfilter.com\/es\/wp-json\/wp\/v2\/comments?post=2477"}],"version-history":[{"count":5,"href":"https:\/\/www.staging.pullnerfilter.com\/es\/wp-json\/wp\/v2\/pages\/2477\/revisions"}],"predecessor-version":[{"id":8647,"href":"https:\/\/www.staging.pullnerfilter.com\/es\/wp-json\/wp\/v2\/pages\/2477\/revisions\/8647"}],"wp:attachment":[{"href":"https:\/\/www.staging.pullnerfilter.com\/es\/wp-json\/wp\/v2\/media?parent=2477"}],"curies":[{"name":"wp","href":"https:\/\/api.w.org\/{rel}","templated":true}]}}