{"id":2470,"date":"2023-04-19T02:44:47","date_gmt":"2023-04-19T02:44:47","guid":{"rendered":"https:\/\/www.staging.pullnerfilter.com\/?page_id=2470"},"modified":"2023-04-19T02:49:05","modified_gmt":"2023-04-19T02:49:05","slug":"filtros-de-agua-plegados-de-polipropileno","status":"publish","type":"page","link":"https:\/\/www.staging.pullnerfilter.com\/es\/filtros-de-agua-plegados-de-polipropileno\/","title":{"rendered":"Filtros de agua plegados de polipropileno"},"content":{"rendered":"<div data-elementor-type=\"wp-page\" data-elementor-id=\"2470\" class=\"elementor elementor-2470\" data-elementor-post-type=\"page\">\n\t\t\t\t\t\t<section class=\"elementor-section elementor-top-section elementor-element elementor-element-4f7e2153 elementor-section-boxed elementor-section-height-default elementor-section-height-default\" data-id=\"4f7e2153\" data-element_type=\"section\" data-e-type=\"section\">\n\t\t\t\t\t\t<div class=\"elementor-container elementor-column-gap-default\">\n\t\t\t\t\t<div class=\"elementor-column elementor-col-50 elementor-top-column elementor-element elementor-element-6496644a\" data-id=\"6496644a\" data-element_type=\"column\" data-e-type=\"column\">\n\t\t\t<div class=\"elementor-widget-wrap elementor-element-populated\">\n\t\t\t\t\t\t<div class=\"elementor-element elementor-element-25c4ec18 elementor-arrows-position-inside elementor-pagination-position-outside elementor-widget elementor-widget-image-carousel\" data-id=\"25c4ec18\" data-element_type=\"widget\" data-e-type=\"widget\" data-settings=\"{&quot;slides_to_show&quot;:&quot;1&quot;,&quot;navigation&quot;:&quot;both&quot;,&quot;autoplay&quot;:&quot;yes&quot;,&quot;pause_on_hover&quot;:&quot;yes&quot;,&quot;pause_on_interaction&quot;:&quot;yes&quot;,&quot;autoplay_speed&quot;:5000,&quot;infinite&quot;:&quot;yes&quot;,&quot;effect&quot;:&quot;slide&quot;,&quot;speed&quot;:500}\" data-widget_type=\"image-carousel.default\">\n\t\t\t\t<div class=\"elementor-widget-container\">\n\t\t\t\t\t\t\t<div class=\"elementor-image-carousel-wrapper swiper\" role=\"region\" aria-roledescription=\"carousel\" aria-label=\"Carrusel de im\u00e1genes\" dir=\"ltr\">\n\t\t\t<div class=\"elementor-image-carousel swiper-wrapper swiper-image-stretch\" aria-live=\"off\">\n\t\t\t\t\t\t\t\t<div class=\"swiper-slide\" role=\"group\" aria-roledescription=\"slide\" aria-label=\"1 de 1\"><figure class=\"swiper-slide-inner\"><img decoding=\"async\" class=\"swiper-slide-image\" src=\"https:\/\/www.staging.pullnerfilter.com\/wp-content\/uploads\/2022\/07\/\u56fe\u7247.jpg\" alt=\"Microelectr\u00f3nica Semiconductor Cartucho filtrante\" \/><\/figure><\/div>\t\t\t<\/div>\n\t\t\t\t\t<\/div>\n\t\t\t\t\t\t<\/div>\n\t\t\t\t<\/div>\n\t\t\t\t\t<\/div>\n\t\t<\/div>\n\t\t\t\t<div class=\"elementor-column elementor-col-50 elementor-top-column elementor-element elementor-element-511a422d\" data-id=\"511a422d\" data-element_type=\"column\" data-e-type=\"column\">\n\t\t\t<div class=\"elementor-widget-wrap elementor-element-populated\">\n\t\t\t\t\t\t<div class=\"elementor-element elementor-element-12837db1 elementor-widget elementor-widget-heading\" data-id=\"12837db1\" data-element_type=\"widget\" data-e-type=\"widget\" data-widget_type=\"heading.default\">\n\t\t\t\t<div class=\"elementor-widget-container\">\n\t\t\t\t\t<h1 class=\"elementor-heading-title elementor-size-default\">Filtros de agua plegados de polipropileno<\/h1>\t\t\t\t<\/div>\n\t\t\t\t<\/div>\n\t\t\t\t<div class=\"elementor-element elementor-element-19714760 elementor-widget elementor-widget-text-editor\" data-id=\"19714760\" data-element_type=\"widget\" data-e-type=\"widget\" data-widget_type=\"text-editor.default\">\n\t\t\t\t<div class=\"elementor-widget-container\">\n\t\t\t\t\t\t\t\t\t<p>Los filtros de agua plisados de polipropileno son filtros especiales fabricados con un tipo de pl\u00e1stico llamado polipropileno, que se pliega en un dise\u00f1o plisado. Estos filtros se utilizan habitualmente para limpiar impurezas como sedimentos, suciedad y otros contaminantes del agua. Son f\u00e1ciles de instalar y r\u00e1pidos de sustituir, lo que los convierte en una opci\u00f3n popular para muchas personas que desean mejorar la calidad de su agua potable.<\/p><p>El cartucho filtrante plisado de la serie PPM combina las caracter\u00edsticas de la tecnolog\u00eda de filtraci\u00f3n profunda y el material filtrante plisado para garantizar que el cartucho filtrante tenga una alta capacidad de retenci\u00f3n de suciedad y \u00e1rea de filtraci\u00f3n, especialmente adecuado para la filtraci\u00f3n de part\u00edculas en suspensi\u00f3n altas, sustancias coloidales y l\u00edquidos de alta viscosidad.<\/p>\t\t\t\t\t\t\t\t<\/div>\n\t\t\t\t<\/div>\n\t\t\t\t<div class=\"elementor-element elementor-element-36147c13 elementor-align-left elementor-widget elementor-widget-button\" data-id=\"36147c13\" data-element_type=\"widget\" data-e-type=\"widget\" data-widget_type=\"button.default\">\n\t\t\t\t<div class=\"elementor-widget-container\">\n\t\t\t\t\t\t\t\t\t<div class=\"elementor-button-wrapper\">\n\t\t\t\t\t<a class=\"elementor-button elementor-button-link elementor-size-md\" href=\"\/es\/contacto\/\">\n\t\t\t\t\t\t<span class=\"elementor-button-content-wrapper\">\n\t\t\t\t\t\t\t\t\t<span class=\"elementor-button-text\">Env\u00ede su consulta ahora<\/span>\n\t\t\t\t\t<\/span>\n\t\t\t\t\t<\/a>\n\t\t\t\t<\/div>\n\t\t\t\t\t\t\t\t<\/div>\n\t\t\t\t<\/div>\n\t\t\t\t\t<\/div>\n\t\t<\/div>\n\t\t\t\t\t<\/div>\n\t\t<\/section>\n\t\t\t\t<section class=\"elementor-section elementor-top-section elementor-element elementor-element-a6b71a2 elementor-section-boxed elementor-section-height-default elementor-section-height-default\" data-id=\"a6b71a2\" data-element_type=\"section\" data-e-type=\"section\">\n\t\t\t\t\t\t<div class=\"elementor-container elementor-column-gap-default\">\n\t\t\t\t\t<div class=\"elementor-column elementor-col-100 elementor-top-column elementor-element elementor-element-7e546663\" data-id=\"7e546663\" data-element_type=\"column\" data-e-type=\"column\">\n\t\t\t<div class=\"elementor-widget-wrap elementor-element-populated\">\n\t\t\t\t\t\t<div class=\"elementor-element elementor-element-6f0c7a4f elementor-widget elementor-widget-text-editor\" data-id=\"6f0c7a4f\" data-element_type=\"widget\" data-e-type=\"widget\" data-widget_type=\"text-editor.default\">\n\t\t\t\t<div class=\"elementor-widget-container\">\n\t\t\t\t\t\t\t\t\t<p><strong>Aplicaci\u00f3n<\/strong><\/p><p>Biotecnolog\u00eda: Cultivo celular, Filtraci\u00f3n de flujo directo, Flujos de trabajo de procesos, Soluciones de un solo uso<\/p><p>Alimentaci\u00f3n y bebidas: Vino, Cerveza, Sidra, Bebidas destiladas, Bebidas no alcoh\u00f3licas L\u00e1cteos, Alimentaci\u00f3n&amp; Ingredientes Cannabis, Servicios p\u00fablicos<\/p><p>Productos qu\u00edmicos y pol\u00edmeros: Agua de proceso, Qu\u00edmica, Petroqu\u00edmica<\/p><p>Microelectr\u00f3nica:Semiconductores, almacenamiento de datos, visualizaci\u00f3n, artes gr\u00e1ficas, fotovoltaica<\/p><p>Petr\u00f3leo y gas: upstream, midstream, downstream, EPC<\/p><p>Generaci\u00f3n de energ\u00eda: Centrales de ciclo combinado, turbinas de gas, centrales nucleares, centrales de vapor, renovables<\/p><p>Planta desalinizadora: Prefiltraci\u00f3n de la planta de \u00f3smosis inversa<\/p><p><strong>Especificaciones t\u00e9cnicas<\/strong><\/p><ol><li><strong>Construcciones materiales<\/strong><\/li><\/ol><table width=\"384\"><tbody><tr><td width=\"130\"><p>Material filtrante<\/p><\/td><td width=\"254\"><p>Polipropileno<\/p><\/td><\/tr><tr><td width=\"130\"><p>La capa de desviaci\u00f3n<\/p><\/td><td width=\"254\"><p>Polipropileno<\/p><\/td><\/tr><tr><td width=\"130\"><p>Jaula\/n\u00facleo\/tapa final<\/p><\/td><td width=\"254\"><p>Polipropileno<\/p><\/td><\/tr><\/tbody><\/table><p><strong>Caracter\u00edsticas de funcionamiento<\/strong><\/p><table width=\"385\"><tbody><tr><td width=\"243\"><p>Temperatura m\u00e1xima de funcionamiento<\/p><\/td><td width=\"142\"><p>80\u2103<\/p><\/td><\/tr><tr><td width=\"243\"><p>Presi\u00f3n diferencial positiva m\u00e1xima<\/p><\/td><td width=\"142\"><p>4bar\/21\u2103<\/p><\/td><\/tr><tr><td width=\"243\">\u00a0<\/td><td width=\"142\"><p>2,4bar\/80\u2103<\/p><\/td><\/tr><\/tbody><\/table><p><strong>III.Eficacia del filtro\u00a0 <\/strong><\/p><table width=\"383\"><tbody><tr><td width=\"68\"><p>PPM<\/p><\/td><td width=\"81\"><p>\uff1e95%<\/p><\/td><td width=\"81\"><p>\uff1e98%<\/p><\/td><td width=\"69\"><p>\uff1e99.8%<\/p><\/td><td width=\"84\"><p>\uff1e99.9%<\/p><\/td><\/tr><tr><td width=\"68\"><p>0,3\u03bcm<\/p><\/td><td width=\"81\"><p>0.15<\/p><\/td><td width=\"81\"><p>0.22<\/p><\/td><td width=\"69\"><p>0.25<\/p><\/td><td width=\"84\"><p>0.3<\/p><\/td><\/tr><tr><td width=\"68\"><p>0,5\u03bcm<\/p><\/td><td width=\"81\"><p>0.22<\/p><\/td><td width=\"81\"><p>0.4<\/p><\/td><td width=\"69\"><p>0.45<\/p><\/td><td width=\"84\"><p>0.5<\/p><\/td><\/tr><tr><td width=\"68\"><p>1,0\u03bcm<\/p><\/td><td width=\"81\"><p>0.5<\/p><\/td><td width=\"81\"><p>0.65<\/p><\/td><td width=\"69\"><p>0.8<\/p><\/td><td width=\"84\"><p>1.0<\/p><\/td><\/tr><tr><td width=\"68\"><p>5,0\u03bcm<\/p><\/td><td width=\"81\"><p>1.5<\/p><\/td><td width=\"81\"><p>2.0<\/p><\/td><td width=\"69\"><p>2.5<\/p><\/td><td width=\"84\"><p>3.0<\/p><\/td><\/tr><\/tbody><\/table><p><strong>Informaci\u00f3n para pedidos<\/strong><\/p><p>PPM 0300 10 C1 E<\/p><table width=\"442\"><tbody><tr><td width=\"54\"><p>Serie<\/p><\/td><td width=\"95\"><p>Micron<\/p><\/td><td width=\"57\"><p>Longitud<\/p><\/td><td colspan=\"2\" width=\"132\"><p>Tipo de tapa<\/p><\/td><td colspan=\"2\" width=\"104\"><p>Material de la junta<\/p><\/td><\/tr><tr><td width=\"54\"><p>PPM<\/p><\/td><td width=\"95\"><p>0030=0,3\u03bcm<\/p><\/td><td width=\"57\"><p>05=5\u2033<\/p><\/td><td width=\"38\"><p>C1<\/p><\/td><td width=\"95\"><p>=226\/Spear<\/p><\/td><td width=\"28\"><p>E<\/p><\/td><td width=\"76\"><p>=EPDM<\/p><\/td><\/tr><tr><td width=\"54\">\u00a0<\/td><td width=\"95\"><p>0050=0,5\u03bcm<\/p><\/td><td width=\"57\"><p>10 = 10\u2033<\/p><\/td><td width=\"38\"><p>C3<\/p><\/td><td width=\"95\"><p>=222\/Spear<\/p><\/td><td width=\"28\"><p>S<\/p><\/td><td width=\"76\"><p>=Silicio<\/p><\/td><\/tr><tr><td width=\"54\">\u00a0<\/td><td width=\"95\"><p>0100=1,0\u03bcm<\/p><\/td><td width=\"57\"><p>20 = 20\u2033<\/p><\/td><td width=\"38\"><p>C5<\/p><\/td><td width=\"95\"><p>=222\/Plano<\/p><\/td><td width=\"28\"><p>V<\/p><\/td><td width=\"76\"><p>=Viton<\/p><\/td><\/tr><tr><td width=\"54\">\u00a0<\/td><td width=\"95\"><p>0300=3,0\u03bcm<\/p><\/td><td width=\"57\"><p>30 = 30\u2033<\/p><\/td><td width=\"38\"><p>C6<\/p><\/td><td width=\"95\"><p>=226\/Plano<\/p><\/td><td width=\"28\"><p>P<\/p><\/td><td width=\"76\"><p>=FEP<\/p><\/td><\/tr><tr><td width=\"54\">\u00a0<\/td><td width=\"95\"><p>0500=5,0\u03bcm<\/p><\/td><td width=\"57\"><p>40 = 40\u2033<\/p><\/td><td width=\"38\"><p>C9<\/p><\/td><td width=\"95\"><p>=DOE<\/p><\/td><td width=\"28\">\u00a0<\/td><td width=\"76\">\u00a0<\/td><\/tr><\/tbody><\/table><p>Si busca un filtro de agua de prefiltraci\u00f3n, un <a href=\"https:\/\/www.pullnerfilter.com\/pleated-filter-cartridges\/\">Cartucho filtrante de agua plisado de PP<\/a> es una buena opci\u00f3n. Son eficaces, asequibles y f\u00e1ciles de mantener.<\/p><p>Estos son algunos de los contaminantes m\u00e1s comunes que pueden eliminar los cartuchos filtrantes de agua plisados de PP:<\/p><ul><li>Sedimentos<\/li><li>\u00d3xido<\/li><li>Arena<\/li><li>Suciedad<\/li><li>Contaminantes microbianos (bacterias, virus, protozoos)<\/li><li>Pesticidas<\/li><li>Herbicidas<\/li><li>Fertilizantes<\/li><li>Metales pesados<\/li><li>Productos qu\u00edmicos<\/li><\/ul><p>Los cartuchos filtrantes de agua plisados de PP son una buena elecci\u00f3n para una gran variedad de aplicaciones, entre las que se incluyen:<\/p><ul><li>Filtraci\u00f3n dom\u00e9stica del agua<\/li><li>Filtraci\u00f3n de agua comercial<\/li><li>Filtraci\u00f3n de agua industrial<\/li><li>Filtraci\u00f3n de agua en laboratorio<\/li><li>Filtraci\u00f3n de agua para uso m\u00e9dico<\/li><\/ul><p>A la hora de elegir un cartucho filtrante de agua plegado de PP, es importante tener en cuenta los siguientes factores:<\/p><ul><li>El tama\u00f1o de las part\u00edculas que deben eliminarse<\/li><li>El caudal del agua<\/li><li>El tipo de agua<\/li><li>La vida \u00fatil deseada del filtro<\/li><\/ul><p>Los cartuchos filtrantes de agua plisados de PP son una forma vers\u00e1til y eficaz de mejorar la calidad del agua. Son una buena opci\u00f3n para una gran variedad de aplicaciones y pueden utilizarse para eliminar una amplia gama de contaminantes.<\/p>\t\t\t\t\t\t\t\t<\/div>\n\t\t\t\t<\/div>\n\t\t\t\t\t<\/div>\n\t\t<\/div>\n\t\t\t\t\t<\/div>\n\t\t<\/section>\n\t\t\t\t<\/div>","protected":false},"excerpt":{"rendered":"<p>Polypropylene Pleated Water Filters Polypropylene pleated water filters are special filters made with a type of plastic called polypropylene, which is folded in a pleated design. These filters are commonly used to clean impurities like sediment, dirt, and other contaminants from water. They&#8217;re easy to install and quick to replace, making them a popular choice [&hellip;]<\/p>\n","protected":false},"author":1,"featured_media":0,"parent":0,"menu_order":0,"comment_status":"closed","ping_status":"closed","template":"","meta":{"_acf_changed":false,"_seopress_robots_primary_cat":"","_seopress_titles_title":"","_seopress_titles_desc":"","_seopress_robots_index":"","_uag_custom_page_level_css":"","site-sidebar-layout":"no-sidebar","site-content-layout":"page-builder","ast-site-content-layout":"default","site-content-style":"default","site-sidebar-style":"default","ast-global-header-display":"","ast-banner-title-visibility":"","ast-main-header-display":"","ast-hfb-above-header-display":"","ast-hfb-below-header-display":"","ast-hfb-mobile-header-display":"","site-post-title":"disabled","ast-breadcrumbs-content":"","ast-featured-img":"disabled","footer-sml-layout":"","theme-transparent-header-meta":"","adv-header-id-meta":"","stick-header-meta":"","header-above-stick-meta":"","header-main-stick-meta":"","header-below-stick-meta":"","astra-migrate-meta-layouts":"default","ast-page-background-enabled":"default","ast-page-background-meta":{"desktop":{"background-color":"","background-image":"","background-repeat":"repeat","background-position":"center center","background-size":"auto","background-attachment":"scroll","background-type":"","background-media":"","overlay-type":"","overlay-color":"","overlay-opacity":"","overlay-gradient":""},"tablet":{"background-color":"","background-image":"","background-repeat":"repeat","background-position":"center center","background-size":"auto","background-attachment":"scroll","background-type":"","background-media":"","overlay-type":"","overlay-color":"","overlay-opacity":"","overlay-gradient":""},"mobile":{"background-color":"","background-image":"","background-repeat":"repeat","background-position":"center center","background-size":"auto","background-attachment":"scroll","background-type":"","background-media":"","overlay-type":"","overlay-color":"","overlay-opacity":"","overlay-gradient":""}},"ast-content-background-meta":{"desktop":{"background-color":"var(--ast-global-color-5)","background-image":"","background-repeat":"repeat","background-position":"center center","background-size":"auto","background-attachment":"scroll","background-type":"","background-media":"","overlay-type":"","overlay-color":"","overlay-opacity":"","overlay-gradient":""},"tablet":{"background-color":"var(--ast-global-color-5)","background-image":"","background-repeat":"repeat","background-position":"center center","background-size":"auto","background-attachment":"scroll","background-type":"","background-media":"","overlay-type":"","overlay-color":"","overlay-opacity":"","overlay-gradient":""},"mobile":{"background-color":"var(--ast-global-color-5)","background-image":"","background-repeat":"repeat","background-position":"center center","background-size":"auto","background-attachment":"scroll","background-type":"","background-media":"","overlay-type":"","overlay-color":"","overlay-opacity":"","overlay-gradient":""}},"footnotes":""},"class_list":["post-2470","page","type-page","status-publish"],"acf":[],"uagb_featured_image_src":{"full":false,"thumbnail":false,"medium":false,"medium_large":false,"large":false,"1536x1536":false,"2048x2048":false,"trp-custom-language-flag":false},"uagb_author_info":{"display_name":"wpx_pullner","author_link":"https:\/\/www.staging.pullnerfilter.com\/es\/author\/wpx_pullner\/"},"uagb_comment_info":0,"uagb_excerpt":"Polypropylene Pleated Water Filters Polypropylene pleated water filters are special filters made with a type of plastic called polypropylene, which is folded in a pleated design. These filters are commonly used to clean impurities like sediment, dirt, and other contaminants from water. They&#8217;re easy to install and quick to replace, making them a popular choice&hellip;","_links":{"self":[{"href":"https:\/\/www.staging.pullnerfilter.com\/es\/wp-json\/wp\/v2\/pages\/2470","targetHints":{"allow":["GET"]}}],"collection":[{"href":"https:\/\/www.staging.pullnerfilter.com\/es\/wp-json\/wp\/v2\/pages"}],"about":[{"href":"https:\/\/www.staging.pullnerfilter.com\/es\/wp-json\/wp\/v2\/types\/page"}],"author":[{"embeddable":true,"href":"https:\/\/www.staging.pullnerfilter.com\/es\/wp-json\/wp\/v2\/users\/1"}],"replies":[{"embeddable":true,"href":"https:\/\/www.staging.pullnerfilter.com\/es\/wp-json\/wp\/v2\/comments?post=2470"}],"version-history":[{"count":5,"href":"https:\/\/www.staging.pullnerfilter.com\/es\/wp-json\/wp\/v2\/pages\/2470\/revisions"}],"predecessor-version":[{"id":8643,"href":"https:\/\/www.staging.pullnerfilter.com\/es\/wp-json\/wp\/v2\/pages\/2470\/revisions\/8643"}],"wp:attachment":[{"href":"https:\/\/www.staging.pullnerfilter.com\/es\/wp-json\/wp\/v2\/media?parent=2470"}],"curies":[{"name":"wp","href":"https:\/\/api.w.org\/{rel}","templated":true}]}}