{"id":2461,"date":"2023-04-19T02:38:58","date_gmt":"2023-04-19T02:38:58","guid":{"rendered":"https:\/\/www.staging.pullnerfilter.com\/?page_id=2461"},"modified":"2023-04-19T02:41:31","modified_gmt":"2023-04-19T02:41:31","slug":"cartucho-de-agua-plisado-pp-fitler","status":"publish","type":"page","link":"https:\/\/www.staging.pullnerfilter.com\/es\/cartucho-de-agua-plisado-pp-fitler\/","title":{"rendered":"Cartucho plisado de PP para agua Fitler"},"content":{"rendered":"<div data-elementor-type=\"wp-page\" data-elementor-id=\"2461\" class=\"elementor elementor-2461\" data-elementor-post-type=\"page\">\n\t\t\t\t\t\t<section class=\"elementor-section elementor-top-section elementor-element elementor-element-577b1507 elementor-section-boxed elementor-section-height-default elementor-section-height-default\" data-id=\"577b1507\" data-element_type=\"section\" data-e-type=\"section\">\n\t\t\t\t\t\t<div class=\"elementor-container elementor-column-gap-default\">\n\t\t\t\t\t<div class=\"elementor-column elementor-col-50 elementor-top-column elementor-element elementor-element-3da4cdc7\" data-id=\"3da4cdc7\" data-element_type=\"column\" data-e-type=\"column\">\n\t\t\t<div class=\"elementor-widget-wrap elementor-element-populated\">\n\t\t\t\t\t\t<div class=\"elementor-element elementor-element-1f46f337 elementor-arrows-position-inside elementor-pagination-position-outside elementor-widget elementor-widget-image-carousel\" data-id=\"1f46f337\" data-element_type=\"widget\" data-e-type=\"widget\" data-settings=\"{&quot;slides_to_show&quot;:&quot;1&quot;,&quot;navigation&quot;:&quot;both&quot;,&quot;autoplay&quot;:&quot;yes&quot;,&quot;pause_on_hover&quot;:&quot;yes&quot;,&quot;pause_on_interaction&quot;:&quot;yes&quot;,&quot;autoplay_speed&quot;:5000,&quot;infinite&quot;:&quot;yes&quot;,&quot;effect&quot;:&quot;slide&quot;,&quot;speed&quot;:500}\" data-widget_type=\"image-carousel.default\">\n\t\t\t\t<div class=\"elementor-widget-container\">\n\t\t\t\t\t\t\t<div class=\"elementor-image-carousel-wrapper swiper\" role=\"region\" aria-roledescription=\"carousel\" aria-label=\"Carrusel de im\u00e1genes\" dir=\"ltr\">\n\t\t\t<div class=\"elementor-image-carousel swiper-wrapper swiper-image-stretch\" aria-live=\"off\">\n\t\t\t\t\t\t\t\t<div class=\"swiper-slide\" role=\"group\" aria-roledescription=\"slide\" aria-label=\"1 de 2\"><figure class=\"swiper-slide-inner\"><img decoding=\"async\" class=\"swiper-slide-image\" src=\"https:\/\/www.staging.pullnerfilter.com\/wp-content\/uploads\/2023\/04\/PP-Pleated-Water-Fitler-Cartridge.jpg\" alt=\"Cartucho plisado de PP para agua Fitler\" \/><\/figure><\/div><div class=\"swiper-slide\" role=\"group\" aria-roledescription=\"slide\" aria-label=\"2 de 2\"><figure class=\"swiper-slide-inner\"><img decoding=\"async\" class=\"swiper-slide-image\" src=\"https:\/\/www.staging.pullnerfilter.com\/wp-content\/uploads\/2023\/04\/PP-Pleated-Water-Fitler-Cartridge-1.jpg\" alt=\"Cartucho de agua plisado PP Fitler 1\" \/><\/figure><\/div>\t\t\t<\/div>\n\t\t\t\t\t\t\t\t\t\t\t\t<div class=\"elementor-swiper-button elementor-swiper-button-prev\" role=\"button\" tabindex=\"0\">\n\t\t\t\t\t\t<i aria-hidden=\"true\" class=\"eicon-chevron-left\"><\/i>\t\t\t\t\t<\/div>\n\t\t\t\t\t<div class=\"elementor-swiper-button elementor-swiper-button-next\" role=\"button\" tabindex=\"0\">\n\t\t\t\t\t\t<i aria-hidden=\"true\" class=\"eicon-chevron-right\"><\/i>\t\t\t\t\t<\/div>\n\t\t\t\t\n\t\t\t\t\t\t\t\t\t<div class=\"swiper-pagination\"><\/div>\n\t\t\t\t\t\t\t\t\t<\/div>\n\t\t\t\t\t\t<\/div>\n\t\t\t\t<\/div>\n\t\t\t\t\t<\/div>\n\t\t<\/div>\n\t\t\t\t<div class=\"elementor-column elementor-col-50 elementor-top-column elementor-element elementor-element-38c83b40\" data-id=\"38c83b40\" data-element_type=\"column\" data-e-type=\"column\">\n\t\t\t<div class=\"elementor-widget-wrap elementor-element-populated\">\n\t\t\t\t\t\t<div class=\"elementor-element elementor-element-1ae5d85f elementor-widget elementor-widget-heading\" data-id=\"1ae5d85f\" data-element_type=\"widget\" data-e-type=\"widget\" data-widget_type=\"heading.default\">\n\t\t\t\t<div class=\"elementor-widget-container\">\n\t\t\t\t\t<h1 class=\"elementor-heading-title elementor-size-default\">Cartucho plisado de PP para agua Fitler<\/h1>\t\t\t\t<\/div>\n\t\t\t\t<\/div>\n\t\t\t\t<div class=\"elementor-element elementor-element-3b59aeeb elementor-widget elementor-widget-text-editor\" data-id=\"3b59aeeb\" data-element_type=\"widget\" data-e-type=\"widget\" data-widget_type=\"text-editor.default\">\n\t\t\t\t<div class=\"elementor-widget-container\">\n\t\t\t\t\t\t\t\t\t<p>A <a href=\"https:\/\/www.pullnerfilter.com\/pleated-filter-cartridges\/\">Cartucho filtrante de agua plisado de PP<\/a> es un tipo de filtro de agua que utiliza polipropileno (PP) como material filtrante. El PP es un tipo de pl\u00e1stico conocido por su resistencia, durabilidad y resistencia qu\u00edmica. Los cartuchos filtrantes de agua plisados de PP se utilizan normalmente en aplicaciones de prefiltraci\u00f3n, donde eliminan part\u00edculas grandes y contaminantes del agua.<\/p><p>Los filtros de agua plegados de la serie PPL est\u00e1n fabricados en polipropileno, con un alto \u00edndice de retenci\u00f3n, un alto caudal, una gran capacidad de retenci\u00f3n de suciedad, una alta eficacia de filtraci\u00f3n y un bajo coste.<\/p><p>Con amplia compatibilidad qu\u00edmica, se utiliza para filtrar diversas bases \u00e1cidas y disolventes.<\/p>\t\t\t\t\t\t\t\t<\/div>\n\t\t\t\t<\/div>\n\t\t\t\t<div class=\"elementor-element elementor-element-1b8afae3 elementor-align-left elementor-widget elementor-widget-button\" data-id=\"1b8afae3\" data-element_type=\"widget\" data-e-type=\"widget\" data-widget_type=\"button.default\">\n\t\t\t\t<div class=\"elementor-widget-container\">\n\t\t\t\t\t\t\t\t\t<div class=\"elementor-button-wrapper\">\n\t\t\t\t\t<a class=\"elementor-button elementor-button-link elementor-size-md\" href=\"\/es\/contacto\/\">\n\t\t\t\t\t\t<span class=\"elementor-button-content-wrapper\">\n\t\t\t\t\t\t\t\t\t<span class=\"elementor-button-text\">Env\u00ede su consulta ahora<\/span>\n\t\t\t\t\t<\/span>\n\t\t\t\t\t<\/a>\n\t\t\t\t<\/div>\n\t\t\t\t\t\t\t\t<\/div>\n\t\t\t\t<\/div>\n\t\t\t\t\t<\/div>\n\t\t<\/div>\n\t\t\t\t\t<\/div>\n\t\t<\/section>\n\t\t\t\t<section class=\"elementor-section elementor-top-section elementor-element elementor-element-41588dae elementor-section-boxed elementor-section-height-default elementor-section-height-default\" data-id=\"41588dae\" data-element_type=\"section\" data-e-type=\"section\">\n\t\t\t\t\t\t<div class=\"elementor-container elementor-column-gap-default\">\n\t\t\t\t\t<div class=\"elementor-column elementor-col-100 elementor-top-column elementor-element elementor-element-2717b27c\" data-id=\"2717b27c\" data-element_type=\"column\" data-e-type=\"column\">\n\t\t\t<div class=\"elementor-widget-wrap elementor-element-populated\">\n\t\t\t\t\t\t<div class=\"elementor-element elementor-element-46af9e1e elementor-widget elementor-widget-text-editor\" data-id=\"46af9e1e\" data-element_type=\"widget\" data-e-type=\"widget\" data-widget_type=\"text-editor.default\">\n\t\t\t\t<div class=\"elementor-widget-container\">\n\t\t\t\t\t\t\t\t\t<p><strong>Aplicaci\u00f3n<\/strong><\/p><p>Biotecnolog\u00eda: Cultivo celular, Filtraci\u00f3n de flujo directo, Flujos de trabajo de procesos, Soluciones de un solo uso<\/p><p>Alimentaci\u00f3n y bebidas: Vino, Cerveza, Sidra, Bebidas destiladas, Bebidas no alcoh\u00f3licas L\u00e1cteos, Alimentaci\u00f3n&amp; Ingredientes Cannabis, Servicios p\u00fablicos<\/p><p>Productos qu\u00edmicos y pol\u00edmeros: Agua de proceso, Qu\u00edmica, Petroqu\u00edmica<\/p><p>Microelectr\u00f3nica:Semiconductores, almacenamiento de datos, visualizaci\u00f3n, artes gr\u00e1ficas, fotovoltaica<\/p><p>Petr\u00f3leo y gas: upstream, midstream, downstream, EPC<\/p><p>Generaci\u00f3n de energ\u00eda: Centrales de ciclo combinado, turbinas de gas, centrales nucleares, centrales de vapor, renovables<\/p><p>Planta desalinizadora: Prefiltraci\u00f3n de la planta de \u00f3smosis inversa<\/p><p>Los cartuchos filtrantes de agua plisados de PP funcionan haciendo pasar el agua a trav\u00e9s de una serie de l\u00e1minas plisadas de polipropileno. Las l\u00e1minas est\u00e1n dise\u00f1adas para atrapar part\u00edculas y contaminantes a medida que el agua fluye a trav\u00e9s de ellas. El tama\u00f1o de las part\u00edculas que puede eliminar un cartucho filtrante de agua plisado de PP depende del tama\u00f1o de los poros de las l\u00e1minas de polipropileno.<\/p><p>Los cartuchos filtrantes de agua plisados de PP son una opci\u00f3n popular para aplicaciones de prefiltraci\u00f3n porque son eficaces para eliminar una amplia gama de part\u00edculas y contaminantes. Adem\u00e1s, son relativamente baratos y f\u00e1ciles de mantener.<\/p><p><strong>Especificaciones t\u00e9cnicas<\/strong><\/p><p>Material: PP<\/p><p>Grado de filtraci\u00f3n: 0,1~70 micras<\/p><p>\u00c1rea de filtraci\u00f3n: 0.6~0.7\u33a1\/10\u2033<\/p><p>M\u00e1x. Temperatura de funcionamiento: 80\u2103<\/p><p><strong>Informaci\u00f3n para pedidos<\/strong><\/p><p>PPL 0100 10 C1 E<\/p><table width=\"593\"><tbody><tr><td width=\"54\"><p>Serie<\/p><\/td><td width=\"95\"><p>Micron<\/p><\/td><td width=\"57\"><p>Longitud<\/p><\/td><td colspan=\"2\" width=\"170\"><p>\u00a0Tipo de tapa<\/p><\/td><td colspan=\"2\" width=\"217\"><p>Material de la junta<\/p><\/td><\/tr><tr><td width=\"54\"><p>PPL<\/p><\/td><td width=\"95\"><p>0020=0,2\u03bcm<\/p><\/td><td width=\"57\"><p>05=5\u2033<\/p><\/td><td width=\"19\"><p>\u00a0<\/p><\/td><td width=\"151\"><p>C1=226\/Pluma<\/p><\/td><td width=\"16\"><p>E<\/p><\/td><td width=\"202\"><p>=EPDM<\/p><\/td><\/tr><tr><td width=\"54\"><p>\u00a0<\/p><\/td><td width=\"95\"><p>0045=0,45\u03bcm<\/p><\/td><td width=\"57\"><p>10 = 10\u2033<\/p><\/td><td width=\"19\"><p>\u00a0<\/p><\/td><td width=\"151\"><p>C2=222\/Pluma<\/p><\/td><td width=\"16\"><p>S<\/p><\/td><td width=\"202\"><p>=Silicio<\/p><\/td><\/tr><tr><td width=\"54\"><p>\u00a0<\/p><\/td><td width=\"95\"><p>0100=1,0\u03bcm<\/p><\/td><td width=\"57\"><p>20 = 20\u2033<\/p><\/td><td width=\"19\"><p>\u00a0<\/p><\/td><td width=\"151\"><p>C5=222\/Plano<\/p><\/td><td width=\"16\"><p>V<\/p><\/td><td width=\"202\"><p>=Viton<\/p><\/td><\/tr><tr><td width=\"54\"><p>\u00a0<\/p><\/td><td width=\"95\"><p>0300=3,0\u03bcm<\/p><\/td><td width=\"57\"><p>30 = 30\u2033<\/p><\/td><td width=\"19\"><p>\u00a0<\/p><\/td><td width=\"151\"><p>C6=226\/Plano<\/p><\/td><td width=\"16\"><p>P<\/p><\/td><td width=\"202\"><p>=FEP<\/p><\/td><\/tr><tr><td width=\"54\"><p>\u00a0<\/p><\/td><td width=\"95\"><p>0500=5,0\u03bcm<\/p><\/td><td width=\"57\"><p>40 = 40\u2033<\/p><\/td><td width=\"19\"><p>\u00a0<\/p><\/td><td width=\"151\"><p>C9=DOE<\/p><\/td><td width=\"16\"><p>\u00a0<\/p><\/td><td width=\"202\"><p>\u00a0<\/p><\/td><\/tr><tr><td width=\"54\"><p>\u00a0<\/p><\/td><td width=\"95\"><p>1000=10\u03bcm<\/p><\/td><td width=\"57\"><p>\u00a0<\/p><\/td><td width=\"19\"><p>\u00a0<\/p><\/td><td width=\"151\"><p>\u00a0<\/p><\/td><td width=\"16\"><p>\u00a0<\/p><\/td><td width=\"202\"><p>\u00a0<\/p><\/td><\/tr><tr><td width=\"54\"><p>\u00a0<\/p><\/td><td width=\"95\"><p>2000=20\u03bcm<\/p><\/td><td width=\"57\"><p>\u00a0<\/p><\/td><td width=\"19\"><p>\u00a0<\/p><\/td><td width=\"151\"><p>\u00a0<\/p><\/td><td width=\"16\"><p>\u00a0<\/p><\/td><td width=\"202\"><p>\u00a0<\/p><\/td><\/tr><\/tbody><\/table><p>\u00a0<\/p>\t\t\t\t\t\t\t\t<\/div>\n\t\t\t\t<\/div>\n\t\t\t\t\t<\/div>\n\t\t<\/div>\n\t\t\t\t\t<\/div>\n\t\t<\/section>\n\t\t\t\t<\/div>","protected":false},"excerpt":{"rendered":"<p>Previous Next PP Pleated Water Fitler Cartridge A PP pleated water filter cartridge is a type of water filter that uses polypropylene (PP) as the filtering material. PP is a type of plastic that is known for its strength, durability, and chemical resistance. PP pleated water filter cartridges are typically used in pre-filtration applications, where [&hellip;]<\/p>\n","protected":false},"author":1,"featured_media":0,"parent":0,"menu_order":0,"comment_status":"closed","ping_status":"closed","template":"","meta":{"_acf_changed":false,"_seopress_robots_primary_cat":"","_seopress_titles_title":"","_seopress_titles_desc":"","_seopress_robots_index":"","_uag_custom_page_level_css":"","site-sidebar-layout":"no-sidebar","site-content-layout":"page-builder","ast-site-content-layout":"default","site-content-style":"default","site-sidebar-style":"default","ast-global-header-display":"","ast-banner-title-visibility":"","ast-main-header-display":"","ast-hfb-above-header-display":"","ast-hfb-below-header-display":"","ast-hfb-mobile-header-display":"","site-post-title":"disabled","ast-breadcrumbs-content":"","ast-featured-img":"disabled","footer-sml-layout":"","theme-transparent-header-meta":"","adv-header-id-meta":"","stick-header-meta":"","header-above-stick-meta":"","header-main-stick-meta":"","header-below-stick-meta":"","astra-migrate-meta-layouts":"default","ast-page-background-enabled":"default","ast-page-background-meta":{"desktop":{"background-color":"","background-image":"","background-repeat":"repeat","background-position":"center center","background-size":"auto","background-attachment":"scroll","background-type":"","background-media":"","overlay-type":"","overlay-color":"","overlay-opacity":"","overlay-gradient":""},"tablet":{"background-color":"","background-image":"","background-repeat":"repeat","background-position":"center center","background-size":"auto","background-attachment":"scroll","background-type":"","background-media":"","overlay-type":"","overlay-color":"","overlay-opacity":"","overlay-gradient":""},"mobile":{"background-color":"","background-image":"","background-repeat":"repeat","background-position":"center center","background-size":"auto","background-attachment":"scroll","background-type":"","background-media":"","overlay-type":"","overlay-color":"","overlay-opacity":"","overlay-gradient":""}},"ast-content-background-meta":{"desktop":{"background-color":"var(--ast-global-color-5)","background-image":"","background-repeat":"repeat","background-position":"center center","background-size":"auto","background-attachment":"scroll","background-type":"","background-media":"","overlay-type":"","overlay-color":"","overlay-opacity":"","overlay-gradient":""},"tablet":{"background-color":"var(--ast-global-color-5)","background-image":"","background-repeat":"repeat","background-position":"center center","background-size":"auto","background-attachment":"scroll","background-type":"","background-media":"","overlay-type":"","overlay-color":"","overlay-opacity":"","overlay-gradient":""},"mobile":{"background-color":"var(--ast-global-color-5)","background-image":"","background-repeat":"repeat","background-position":"center center","background-size":"auto","background-attachment":"scroll","background-type":"","background-media":"","overlay-type":"","overlay-color":"","overlay-opacity":"","overlay-gradient":""}},"footnotes":""},"class_list":["post-2461","page","type-page","status-publish"],"acf":[],"uagb_featured_image_src":{"full":false,"thumbnail":false,"medium":false,"medium_large":false,"large":false,"1536x1536":false,"2048x2048":false,"trp-custom-language-flag":false},"uagb_author_info":{"display_name":"wpx_pullner","author_link":"https:\/\/www.staging.pullnerfilter.com\/es\/author\/wpx_pullner\/"},"uagb_comment_info":0,"uagb_excerpt":"Previous Next PP Pleated Water Fitler Cartridge A PP pleated water filter cartridge is a type of water filter that uses polypropylene (PP) as the filtering material. PP is a type of plastic that is known for its strength, durability, and chemical resistance. PP pleated water filter cartridges are typically used in pre-filtration applications, where&hellip;","_links":{"self":[{"href":"https:\/\/www.staging.pullnerfilter.com\/es\/wp-json\/wp\/v2\/pages\/2461","targetHints":{"allow":["GET"]}}],"collection":[{"href":"https:\/\/www.staging.pullnerfilter.com\/es\/wp-json\/wp\/v2\/pages"}],"about":[{"href":"https:\/\/www.staging.pullnerfilter.com\/es\/wp-json\/wp\/v2\/types\/page"}],"author":[{"embeddable":true,"href":"https:\/\/www.staging.pullnerfilter.com\/es\/wp-json\/wp\/v2\/users\/1"}],"replies":[{"embeddable":true,"href":"https:\/\/www.staging.pullnerfilter.com\/es\/wp-json\/wp\/v2\/comments?post=2461"}],"version-history":[{"count":5,"href":"https:\/\/www.staging.pullnerfilter.com\/es\/wp-json\/wp\/v2\/pages\/2461\/revisions"}],"predecessor-version":[{"id":8638,"href":"https:\/\/www.staging.pullnerfilter.com\/es\/wp-json\/wp\/v2\/pages\/2461\/revisions\/8638"}],"wp:attachment":[{"href":"https:\/\/www.staging.pullnerfilter.com\/es\/wp-json\/wp\/v2\/media?parent=2461"}],"curies":[{"name":"wp","href":"https:\/\/api.w.org\/{rel}","templated":true}]}}