{"id":2447,"date":"2023-04-19T02:29:56","date_gmt":"2023-04-19T02:29:56","guid":{"rendered":"https:\/\/www.staging.pullnerfilter.com\/?page_id=2447"},"modified":"2023-04-19T02:34:04","modified_gmt":"2023-04-19T02:34:04","slug":"phfz-pp-cartucho-de-filtro-de-agua-plisado-para-condensado-de-caldera-de-central-electrica","status":"publish","type":"page","link":"https:\/\/www.staging.pullnerfilter.com\/es\/phfz-pp-cartucho-de-filtro-de-agua-plisado-para-condensado-de-caldera-de-central-electrica\/","title":{"rendered":"PHFZ PP Plisado cartucho de filtro de agua para condensado de la caldera de la central el\u00e9ctrica"},"content":{"rendered":"<div data-elementor-type=\"wp-page\" data-elementor-id=\"2447\" class=\"elementor elementor-2447\" data-elementor-post-type=\"page\">\n\t\t\t\t\t\t<section class=\"elementor-section elementor-top-section elementor-element elementor-element-43331eb7 elementor-section-boxed elementor-section-height-default elementor-section-height-default\" data-id=\"43331eb7\" data-element_type=\"section\" data-e-type=\"section\">\n\t\t\t\t\t\t<div class=\"elementor-container elementor-column-gap-default\">\n\t\t\t\t\t<div class=\"elementor-column elementor-col-50 elementor-top-column elementor-element elementor-element-791a045e\" data-id=\"791a045e\" data-element_type=\"column\" data-e-type=\"column\">\n\t\t\t<div class=\"elementor-widget-wrap elementor-element-populated\">\n\t\t\t\t\t\t<div class=\"elementor-element elementor-element-1baf1354 elementor-arrows-position-inside elementor-pagination-position-outside elementor-widget elementor-widget-image-carousel\" data-id=\"1baf1354\" data-element_type=\"widget\" data-e-type=\"widget\" data-settings=\"{&quot;slides_to_show&quot;:&quot;1&quot;,&quot;navigation&quot;:&quot;both&quot;,&quot;autoplay&quot;:&quot;yes&quot;,&quot;pause_on_hover&quot;:&quot;yes&quot;,&quot;pause_on_interaction&quot;:&quot;yes&quot;,&quot;autoplay_speed&quot;:5000,&quot;infinite&quot;:&quot;yes&quot;,&quot;effect&quot;:&quot;slide&quot;,&quot;speed&quot;:500}\" data-widget_type=\"image-carousel.default\">\n\t\t\t\t<div class=\"elementor-widget-container\">\n\t\t\t\t\t\t\t<div class=\"elementor-image-carousel-wrapper swiper\" role=\"region\" aria-roledescription=\"carousel\" aria-label=\"Carrusel de im\u00e1genes\" dir=\"ltr\">\n\t\t\t<div class=\"elementor-image-carousel swiper-wrapper swiper-image-stretch\" aria-live=\"off\">\n\t\t\t\t\t\t\t\t<div class=\"swiper-slide\" role=\"group\" aria-roledescription=\"slide\" aria-label=\"1 de 3\"><figure class=\"swiper-slide-inner\"><img decoding=\"async\" class=\"swiper-slide-image\" src=\"https:\/\/www.staging.pullnerfilter.com\/wp-content\/uploads\/2023\/04\/PHFZ-PP-Pleated-Water-Filter-Cartridge-for-Power-Plant-Boiler-Condensate-2.jpg\" alt=\"PHFZ PP Plisado cartucho de filtro de agua para la central el\u00e9ctrica de condensado de la caldera 2\" \/><\/figure><\/div><div class=\"swiper-slide\" role=\"group\" aria-roledescription=\"slide\" aria-label=\"2 de 3\"><figure class=\"swiper-slide-inner\"><img decoding=\"async\" class=\"swiper-slide-image\" src=\"https:\/\/www.staging.pullnerfilter.com\/wp-content\/uploads\/2023\/04\/PHFZ-PP-Pleated-Water-Filter-Cartridge-for-Power-Plant-Boiler-Condensate.jpg\" alt=\"PHFZ PP Plisado cartucho de filtro de agua para condensado de la caldera de la central el\u00e9ctrica\" \/><\/figure><\/div><div class=\"swiper-slide\" role=\"group\" aria-roledescription=\"slide\" aria-label=\"3 de 3\"><figure class=\"swiper-slide-inner\"><img decoding=\"async\" class=\"swiper-slide-image\" src=\"https:\/\/www.staging.pullnerfilter.com\/wp-content\/uploads\/2023\/04\/PHFZ-PP-Pleated-Water-Filter-Cartridge-for-Power-Plant-Boiler-Condensate-application.jpg\" alt=\"PHFZ PP Cartucho de filtro de agua plisado para la aplicaci\u00f3n de condensado de caldera de central el\u00e9ctrica\" \/><\/figure><\/div>\t\t\t<\/div>\n\t\t\t\t\t\t\t\t\t\t\t\t<div class=\"elementor-swiper-button elementor-swiper-button-prev\" role=\"button\" tabindex=\"0\">\n\t\t\t\t\t\t<i aria-hidden=\"true\" class=\"eicon-chevron-left\"><\/i>\t\t\t\t\t<\/div>\n\t\t\t\t\t<div class=\"elementor-swiper-button elementor-swiper-button-next\" role=\"button\" tabindex=\"0\">\n\t\t\t\t\t\t<i aria-hidden=\"true\" class=\"eicon-chevron-right\"><\/i>\t\t\t\t\t<\/div>\n\t\t\t\t\n\t\t\t\t\t\t\t\t\t<div class=\"swiper-pagination\"><\/div>\n\t\t\t\t\t\t\t\t\t<\/div>\n\t\t\t\t\t\t<\/div>\n\t\t\t\t<\/div>\n\t\t\t\t\t<\/div>\n\t\t<\/div>\n\t\t\t\t<div class=\"elementor-column elementor-col-50 elementor-top-column elementor-element elementor-element-4b375f7e\" data-id=\"4b375f7e\" data-element_type=\"column\" data-e-type=\"column\">\n\t\t\t<div class=\"elementor-widget-wrap elementor-element-populated\">\n\t\t\t\t\t\t<div class=\"elementor-element elementor-element-1f5d75cb elementor-widget elementor-widget-heading\" data-id=\"1f5d75cb\" data-element_type=\"widget\" data-e-type=\"widget\" data-widget_type=\"heading.default\">\n\t\t\t\t<div class=\"elementor-widget-container\">\n\t\t\t\t\t<h1 class=\"elementor-heading-title elementor-size-default\">PHFZ PP Plisado cartucho de filtro de agua para condensado de la caldera de la central el\u00e9ctrica<\/h1>\t\t\t\t<\/div>\n\t\t\t\t<\/div>\n\t\t\t\t<div class=\"elementor-element elementor-element-305a40bf elementor-widget elementor-widget-text-editor\" data-id=\"305a40bf\" data-element_type=\"widget\" data-e-type=\"widget\" data-widget_type=\"text-editor.default\">\n\t\t\t\t<div class=\"elementor-widget-container\">\n\t\t\t\t\t\t\t\t\t<p>El cartucho filtrante plisado de la serie PHFZ es un tipo de <a href=\"https:\/\/www.pullnerfilter.com\/pleated-filter-cartridges\/\">Cartucho filtrante plisado<\/a> que puede lavarse repetidamente. Todo se forma mediante soldadura en caliente, sin contaminaci\u00f3n secundaria ni desprendimiento de medios.<\/p><p>Est\u00e1 especialmente dise\u00f1ado para el tratamiento refinado de condensados de centrales el\u00e9ctricas. De acuerdo con la forma de la estructura se puede dividir en PHFZ-I (7 secciones), PHFZ-II(4+3) y PHFZ-II(3+1) tres tipos de productos, el tipo PHFZ-II(4+3) cartucho de filtro es de 40 \u201cy 30\u201d soldada, es un di\u00e1metro total de 69 esqueleto del producto.<\/p>\t\t\t\t\t\t\t\t<\/div>\n\t\t\t\t<\/div>\n\t\t\t\t<div class=\"elementor-element elementor-element-35dad322 elementor-align-left elementor-widget elementor-widget-button\" data-id=\"35dad322\" data-element_type=\"widget\" data-e-type=\"widget\" data-widget_type=\"button.default\">\n\t\t\t\t<div class=\"elementor-widget-container\">\n\t\t\t\t\t\t\t\t\t<div class=\"elementor-button-wrapper\">\n\t\t\t\t\t<a class=\"elementor-button elementor-button-link elementor-size-md\" href=\"\/es\/contacto\/\">\n\t\t\t\t\t\t<span class=\"elementor-button-content-wrapper\">\n\t\t\t\t\t\t\t\t\t<span class=\"elementor-button-text\">Env\u00ede su consulta ahora<\/span>\n\t\t\t\t\t<\/span>\n\t\t\t\t\t<\/a>\n\t\t\t\t<\/div>\n\t\t\t\t\t\t\t\t<\/div>\n\t\t\t\t<\/div>\n\t\t\t\t\t<\/div>\n\t\t<\/div>\n\t\t\t\t\t<\/div>\n\t\t<\/section>\n\t\t\t\t<section class=\"elementor-section elementor-top-section elementor-element elementor-element-13e73fc3 elementor-section-boxed elementor-section-height-default elementor-section-height-default\" data-id=\"13e73fc3\" data-element_type=\"section\" data-e-type=\"section\">\n\t\t\t\t\t\t<div class=\"elementor-container elementor-column-gap-default\">\n\t\t\t\t\t<div class=\"elementor-column elementor-col-100 elementor-top-column elementor-element elementor-element-7f1374f4\" data-id=\"7f1374f4\" data-element_type=\"column\" data-e-type=\"column\">\n\t\t\t<div class=\"elementor-widget-wrap elementor-element-populated\">\n\t\t\t\t\t\t<div class=\"elementor-element elementor-element-11a7a0b9 elementor-widget elementor-widget-text-editor\" data-id=\"11a7a0b9\" data-element_type=\"widget\" data-e-type=\"widget\" data-widget_type=\"text-editor.default\">\n\t\t\t\t<div class=\"elementor-widget-container\">\n\t\t\t\t\t\t\t\t\t<p><strong>Aplicaci\u00f3n<\/strong><\/p><p>Generaci\u00f3n de energ\u00eda: Pulido de condensados, tratamiento del agua de refrigeraci\u00f3n del estator, etc.<\/p><p><strong>Especificaciones t\u00e9cnicas<\/strong><\/p><ol><li><strong>Materiales Construcci\u00f3n<\/strong><\/li><\/ol><table width=\"376\"><tbody><tr><td width=\"158\"><p>Medio filtrante<\/p><\/td><td width=\"217\"><p>Polipropileno<\/p><\/td><\/tr><tr><td width=\"158\"><p>N\u00facleo\/C\u00e1scara\/Tapas<\/p><\/td><td width=\"217\"><p>Polipropileno de refuerzo<\/p><\/td><\/tr><\/tbody><\/table><p><strong>Caracter\u00edsticas de funcionamiento<\/strong><\/p><table width=\"376\"><tbody><tr><td width=\"215\"><p>Temperatura m\u00e1xima<\/p><\/td><td width=\"161\"><p>85\u2103<\/p><\/td><\/tr><tr><td width=\"215\"><p>Presi\u00f3n diferencial m\u00e1xima<\/p><\/td><td width=\"161\"><p>3,0bar\/65\u2103<\/p><\/td><\/tr><tr><td width=\"215\"><p>\u00c1rea de filtrado<\/p><\/td><td width=\"161\"><p>6.5\u33a1<\/p><\/td><\/tr><tr><td width=\"215\"><p>Caudal<\/p><\/td><td width=\"161\"><p>3.5-4.5m<sup>3<\/sup>\/h\uff08Dise\u00f1o\uff09<\/p><p>3.9m<sup>3<\/sup>\/h\uff08Recomendar\uff09<\/p><\/td><\/tr><tr><td width=\"215\"><p>La calidad del agua<\/p><\/td><td width=\"161\"><p>\uff1c2000ppb<\/p><\/td><\/tr><\/tbody><\/table><p>Capacidad de agua y aire de retrolavado: Bajo la presi\u00f3n de 1,36-2,1bar, el agua de retrolavado de cada cartucho filtrante es de 0,45-0,65m.<sup>3<\/sup>\/h, y la capacidad de aire de retrolavado es de 3,4-5m<sup>3<\/sup>\/h, que puede lograr el efecto ideal.<\/p><p>Se recomiendan una unidad supercr\u00edtica de 600MW y una unidad supercr\u00edtica de 1000MW con una precisi\u00f3n de 4\u03bcm y 1\u03bcm 70\u2033 de cartucho de filtro, respectivamente. Se recomienda un filtro de 10\u03bcm para la puesta en servicio.<\/p><p><strong>Informaci\u00f3n para pedidos <\/strong><\/p><p>PHFZ PP 0500 70 III Z2 W<\/p><table width=\"663\"><tbody><tr><td width=\"57\"><p>Serie<\/p><\/td><td width=\"124\"><p>Material<\/p><\/td><td width=\"97\"><p>Micron<\/p><\/td><td width=\"64\"><p>Longitud<\/p><\/td><td width=\"112\"><p>Estructura<\/p><\/td><td width=\"124\"><p>Rosca de conexi\u00f3n<\/p><\/td><td width=\"86\"><p>Banda de rodadura<\/p><\/td><\/tr><tr><td width=\"57\"><p>PHFZ<\/p><\/td><td width=\"124\"><p>PP=Polipropileno<\/p><\/td><td width=\"97\"><p>0100=1,0\u03bcm<\/p><p>0400=4,0\u03bcm<\/p><p>1000=10\u03bcm<\/p><\/td><td width=\"64\"><p>60 = 60\u2033<\/p><p>70 = 70\u2033<\/p><\/td><td width=\"112\"><p>I=7Part\uff08\u03c669\uff09<\/p><p>II=4+3\uff08\u03c665\uff09<\/p><p>III=3+1\uff08\u03c669\uff09<\/p><\/td><td width=\"124\"><p>Z1=1 1\/2\u2033-12<\/p><p>Z2=M33\u00d71,5<\/p><\/td><td width=\"86\"><p>W1=M8<\/p><p>W2=M10<\/p><p>W3=M6<\/p><p>W4=3\/8<\/p><\/td><\/tr><\/tbody><\/table><p>\u00a0<\/p>\t\t\t\t\t\t\t\t<\/div>\n\t\t\t\t<\/div>\n\t\t\t\t\t<\/div>\n\t\t<\/div>\n\t\t\t\t\t<\/div>\n\t\t<\/section>\n\t\t\t\t<\/div>","protected":false},"excerpt":{"rendered":"<p>Previous Next PHFZ PP Pleated Water Filter Cartridge for Power Plant Boiler Condensate PHFZ series Pleated filter cartridge is a kind of Pleated filter cartridge that can be washed repeatedly. It is all formed by hot-melt welding, with no secondary pollution and no media shedding. It is specially designed for condensate refined treatment of power [&hellip;]<\/p>\n","protected":false},"author":1,"featured_media":0,"parent":0,"menu_order":0,"comment_status":"closed","ping_status":"closed","template":"","meta":{"_acf_changed":false,"_seopress_robots_primary_cat":"","_seopress_titles_title":"","_seopress_titles_desc":"","_seopress_robots_index":"","_uag_custom_page_level_css":"","site-sidebar-layout":"no-sidebar","site-content-layout":"page-builder","ast-site-content-layout":"default","site-content-style":"default","site-sidebar-style":"default","ast-global-header-display":"","ast-banner-title-visibility":"","ast-main-header-display":"","ast-hfb-above-header-display":"","ast-hfb-below-header-display":"","ast-hfb-mobile-header-display":"","site-post-title":"disabled","ast-breadcrumbs-content":"","ast-featured-img":"disabled","footer-sml-layout":"","theme-transparent-header-meta":"","adv-header-id-meta":"","stick-header-meta":"","header-above-stick-meta":"","header-main-stick-meta":"","header-below-stick-meta":"","astra-migrate-meta-layouts":"default","ast-page-background-enabled":"default","ast-page-background-meta":{"desktop":{"background-color":"","background-image":"","background-repeat":"repeat","background-position":"center center","background-size":"auto","background-attachment":"scroll","background-type":"","background-media":"","overlay-type":"","overlay-color":"","overlay-opacity":"","overlay-gradient":""},"tablet":{"background-color":"","background-image":"","background-repeat":"repeat","background-position":"center center","background-size":"auto","background-attachment":"scroll","background-type":"","background-media":"","overlay-type":"","overlay-color":"","overlay-opacity":"","overlay-gradient":""},"mobile":{"background-color":"","background-image":"","background-repeat":"repeat","background-position":"center center","background-size":"auto","background-attachment":"scroll","background-type":"","background-media":"","overlay-type":"","overlay-color":"","overlay-opacity":"","overlay-gradient":""}},"ast-content-background-meta":{"desktop":{"background-color":"var(--ast-global-color-5)","background-image":"","background-repeat":"repeat","background-position":"center center","background-size":"auto","background-attachment":"scroll","background-type":"","background-media":"","overlay-type":"","overlay-color":"","overlay-opacity":"","overlay-gradient":""},"tablet":{"background-color":"var(--ast-global-color-5)","background-image":"","background-repeat":"repeat","background-position":"center center","background-size":"auto","background-attachment":"scroll","background-type":"","background-media":"","overlay-type":"","overlay-color":"","overlay-opacity":"","overlay-gradient":""},"mobile":{"background-color":"var(--ast-global-color-5)","background-image":"","background-repeat":"repeat","background-position":"center center","background-size":"auto","background-attachment":"scroll","background-type":"","background-media":"","overlay-type":"","overlay-color":"","overlay-opacity":"","overlay-gradient":""}},"footnotes":""},"class_list":["post-2447","page","type-page","status-publish"],"acf":[],"uagb_featured_image_src":{"full":false,"thumbnail":false,"medium":false,"medium_large":false,"large":false,"1536x1536":false,"2048x2048":false,"trp-custom-language-flag":false},"uagb_author_info":{"display_name":"wpx_pullner","author_link":"https:\/\/www.staging.pullnerfilter.com\/es\/author\/wpx_pullner\/"},"uagb_comment_info":0,"uagb_excerpt":"Previous Next PHFZ PP Pleated Water Filter Cartridge for Power Plant Boiler Condensate PHFZ series Pleated filter cartridge is a kind of Pleated filter cartridge that can be washed repeatedly. It is all formed by hot-melt welding, with no secondary pollution and no media shedding. It is specially designed for condensate refined treatment of power&hellip;","_links":{"self":[{"href":"https:\/\/www.staging.pullnerfilter.com\/es\/wp-json\/wp\/v2\/pages\/2447","targetHints":{"allow":["GET"]}}],"collection":[{"href":"https:\/\/www.staging.pullnerfilter.com\/es\/wp-json\/wp\/v2\/pages"}],"about":[{"href":"https:\/\/www.staging.pullnerfilter.com\/es\/wp-json\/wp\/v2\/types\/page"}],"author":[{"embeddable":true,"href":"https:\/\/www.staging.pullnerfilter.com\/es\/wp-json\/wp\/v2\/users\/1"}],"replies":[{"embeddable":true,"href":"https:\/\/www.staging.pullnerfilter.com\/es\/wp-json\/wp\/v2\/comments?post=2447"}],"version-history":[{"count":8,"href":"https:\/\/www.staging.pullnerfilter.com\/es\/wp-json\/wp\/v2\/pages\/2447\/revisions"}],"predecessor-version":[{"id":8634,"href":"https:\/\/www.staging.pullnerfilter.com\/es\/wp-json\/wp\/v2\/pages\/2447\/revisions\/8634"}],"wp:attachment":[{"href":"https:\/\/www.staging.pullnerfilter.com\/es\/wp-json\/wp\/v2\/media?parent=2447"}],"curies":[{"name":"wp","href":"https:\/\/api.w.org\/{rel}","templated":true}]}}