{"id":2433,"date":"2023-04-19T01:12:01","date_gmt":"2023-04-19T01:12:01","guid":{"rendered":"https:\/\/www.staging.pullnerfilter.com\/?page_id=2433"},"modified":"2023-04-19T01:16:48","modified_gmt":"2023-04-19T01:16:48","slug":"filtro-de-agua-de-gran-caudal-de-acero-inoxidable","status":"publish","type":"page","link":"https:\/\/www.staging.pullnerfilter.com\/es\/filtro-de-agua-de-gran-caudal-de-acero-inoxidable\/","title":{"rendered":"Filtro de agua de alto caudal de acero inoxidable"},"content":{"rendered":"<div data-elementor-type=\"wp-page\" data-elementor-id=\"2433\" class=\"elementor elementor-2433\" data-elementor-post-type=\"page\">\n\t\t\t\t\t\t<section class=\"elementor-section elementor-top-section elementor-element elementor-element-23a385a1 elementor-section-boxed elementor-section-height-default elementor-section-height-default\" data-id=\"23a385a1\" data-element_type=\"section\" data-e-type=\"section\">\n\t\t\t\t\t\t<div class=\"elementor-container elementor-column-gap-default\">\n\t\t\t\t\t<div class=\"elementor-column elementor-col-50 elementor-top-column elementor-element elementor-element-e5dd521\" data-id=\"e5dd521\" data-element_type=\"column\" data-e-type=\"column\">\n\t\t\t<div class=\"elementor-widget-wrap elementor-element-populated\">\n\t\t\t\t\t\t<div class=\"elementor-element elementor-element-6c0670c6 elementor-arrows-position-inside elementor-pagination-position-outside elementor-widget elementor-widget-image-carousel\" data-id=\"6c0670c6\" data-element_type=\"widget\" data-e-type=\"widget\" data-settings=\"{&quot;slides_to_show&quot;:&quot;1&quot;,&quot;navigation&quot;:&quot;both&quot;,&quot;autoplay&quot;:&quot;yes&quot;,&quot;pause_on_hover&quot;:&quot;yes&quot;,&quot;pause_on_interaction&quot;:&quot;yes&quot;,&quot;autoplay_speed&quot;:5000,&quot;infinite&quot;:&quot;yes&quot;,&quot;effect&quot;:&quot;slide&quot;,&quot;speed&quot;:500}\" data-widget_type=\"image-carousel.default\">\n\t\t\t\t<div class=\"elementor-widget-container\">\n\t\t\t\t\t\t\t<div class=\"elementor-image-carousel-wrapper swiper\" role=\"region\" aria-roledescription=\"carousel\" aria-label=\"Carrusel de im\u00e1genes\" dir=\"ltr\">\n\t\t\t<div class=\"elementor-image-carousel swiper-wrapper swiper-image-stretch\" aria-live=\"off\">\n\t\t\t\t\t\t\t\t<div class=\"swiper-slide\" role=\"group\" aria-roledescription=\"slide\" aria-label=\"1 of 5\"><figure class=\"swiper-slide-inner\"><img decoding=\"async\" class=\"swiper-slide-image\" src=\"https:\/\/www.staging.pullnerfilter.com\/wp-content\/uploads\/2023\/04\/Stainless-Steel-High-Flow-Water-Filter.jpg\" alt=\"Filtro de agua de alto caudal de acero inoxidable\" \/><\/figure><\/div><div class=\"swiper-slide\" role=\"group\" aria-roledescription=\"slide\" aria-label=\"2 of 5\"><figure class=\"swiper-slide-inner\"><img decoding=\"async\" class=\"swiper-slide-image\" src=\"https:\/\/www.staging.pullnerfilter.com\/wp-content\/uploads\/2023\/04\/Stainless-Steel-High-Flow-Water-Filter-2.jpg\" alt=\"Filtro de agua de alto caudal de acero inoxidable 2\" \/><\/figure><\/div><div class=\"swiper-slide\" role=\"group\" aria-roledescription=\"slide\" aria-label=\"3 of 5\"><figure class=\"swiper-slide-inner\"><img decoding=\"async\" class=\"swiper-slide-image\" src=\"https:\/\/www.staging.pullnerfilter.com\/wp-content\/uploads\/2023\/04\/Stainless-Steel-High-Flow-Water-Filter-3.jpg\" alt=\"Filtro de agua de alto caudal de acero inoxidable 3\" \/><\/figure><\/div><div class=\"swiper-slide\" role=\"group\" aria-roledescription=\"slide\" aria-label=\"4 of 5\"><figure class=\"swiper-slide-inner\"><img decoding=\"async\" class=\"swiper-slide-image\" src=\"https:\/\/www.staging.pullnerfilter.com\/wp-content\/uploads\/2023\/04\/Stainless-Steel-High-Flow-Water-Filter-application-1.jpg\" alt=\"Filtro de agua de alto caudal de acero inoxidable aplicaci\u00f3n 1\" \/><\/figure><\/div><div class=\"swiper-slide\" role=\"group\" aria-roledescription=\"slide\" aria-label=\"5 of 5\"><figure class=\"swiper-slide-inner\"><img decoding=\"async\" class=\"swiper-slide-image\" src=\"https:\/\/www.staging.pullnerfilter.com\/wp-content\/uploads\/2023\/04\/Stainless-Steel-High-Flow-Water-Filter-application-2.jpg\" alt=\"Filtro de agua de alto caudal de acero inoxidable aplicaci\u00f3n 2\" \/><\/figure><\/div>\t\t\t<\/div>\n\t\t\t\t\t\t\t\t\t\t\t\t<div class=\"elementor-swiper-button elementor-swiper-button-prev\" role=\"button\" tabindex=\"0\">\n\t\t\t\t\t\t<i aria-hidden=\"true\" class=\"eicon-chevron-left\"><\/i>\t\t\t\t\t<\/div>\n\t\t\t\t\t<div class=\"elementor-swiper-button elementor-swiper-button-next\" role=\"button\" tabindex=\"0\">\n\t\t\t\t\t\t<i aria-hidden=\"true\" class=\"eicon-chevron-right\"><\/i>\t\t\t\t\t<\/div>\n\t\t\t\t\n\t\t\t\t\t\t\t\t\t<div class=\"swiper-pagination\"><\/div>\n\t\t\t\t\t\t\t\t\t<\/div>\n\t\t\t\t\t\t<\/div>\n\t\t\t\t<\/div>\n\t\t\t\t\t<\/div>\n\t\t<\/div>\n\t\t\t\t<div class=\"elementor-column elementor-col-50 elementor-top-column elementor-element elementor-element-8af684a\" data-id=\"8af684a\" data-element_type=\"column\" data-e-type=\"column\">\n\t\t\t<div class=\"elementor-widget-wrap elementor-element-populated\">\n\t\t\t\t\t\t<div class=\"elementor-element elementor-element-a024d1e elementor-widget elementor-widget-heading\" data-id=\"a024d1e\" data-element_type=\"widget\" data-e-type=\"widget\" data-widget_type=\"heading.default\">\n\t\t\t\t<div class=\"elementor-widget-container\">\n\t\t\t\t\t<h1 class=\"elementor-heading-title elementor-size-default\">Filtro de agua de alto caudal de acero inoxidable<\/h1>\t\t\t\t<\/div>\n\t\t\t\t<\/div>\n\t\t\t\t<div class=\"elementor-element elementor-element-59c97901 elementor-widget elementor-widget-text-editor\" data-id=\"59c97901\" data-element_type=\"widget\" data-e-type=\"widget\" data-widget_type=\"text-editor.default\">\n\t\t\t\t<div class=\"elementor-widget-container\">\n\t\t\t\t\t\t\t\t\t<p>Un filtro de agua de alto caudal de acero inoxidable es un dispositivo que elimina las impurezas del agua. Est\u00e1 fabricado en acero inoxidable, un material resistente y duradero. El filtro tiene un alto caudal, lo que significa que puede filtrar mucha agua r\u00e1pidamente. Esto lo convierte en una buena elecci\u00f3n para personas que necesitan filtrar mucha agua, como familias o empresas.<\/p><p>Filtro de agua de acero inoxidable de alto flujo es el uso de material de acero inoxidable (SS304, SS316L), tipo de pliegues. Est\u00e1 dise\u00f1ado para condiciones de alta temperatura y presi\u00f3n. Alta resistencia, largo servicio.<\/p>\t\t\t\t\t\t\t\t<\/div>\n\t\t\t\t<\/div>\n\t\t\t\t<div class=\"elementor-element elementor-element-53b3f822 elementor-align-left elementor-widget elementor-widget-button\" data-id=\"53b3f822\" data-element_type=\"widget\" data-e-type=\"widget\" data-widget_type=\"button.default\">\n\t\t\t\t<div class=\"elementor-widget-container\">\n\t\t\t\t\t\t\t\t\t<div class=\"elementor-button-wrapper\">\n\t\t\t\t\t<a class=\"elementor-button elementor-button-link elementor-size-md\" href=\"\/es\/contacto\/\">\n\t\t\t\t\t\t<span class=\"elementor-button-content-wrapper\">\n\t\t\t\t\t\t\t\t\t<span class=\"elementor-button-text\">Env\u00ede su consulta ahora<\/span>\n\t\t\t\t\t<\/span>\n\t\t\t\t\t<\/a>\n\t\t\t\t<\/div>\n\t\t\t\t\t\t\t\t<\/div>\n\t\t\t\t<\/div>\n\t\t\t\t\t<\/div>\n\t\t<\/div>\n\t\t\t\t\t<\/div>\n\t\t<\/section>\n\t\t\t\t<section class=\"elementor-section elementor-top-section elementor-element elementor-element-31fedd0c elementor-section-boxed elementor-section-height-default elementor-section-height-default\" data-id=\"31fedd0c\" data-element_type=\"section\" data-e-type=\"section\">\n\t\t\t\t\t\t<div class=\"elementor-container elementor-column-gap-default\">\n\t\t\t\t\t<div class=\"elementor-column elementor-col-100 elementor-top-column elementor-element elementor-element-427ffd0\" data-id=\"427ffd0\" data-element_type=\"column\" data-e-type=\"column\">\n\t\t\t<div class=\"elementor-widget-wrap elementor-element-populated\">\n\t\t\t\t\t\t<div class=\"elementor-element elementor-element-1110fb23 elementor-widget elementor-widget-text-editor\" data-id=\"1110fb23\" data-element_type=\"widget\" data-e-type=\"widget\" data-widget_type=\"text-editor.default\">\n\t\t\t\t<div class=\"elementor-widget-container\">\n\t\t\t\t\t\t\t\t\t<p>Acero inoxidable <a href=\"https:\/\/www.pullnerfilter.com\/high-flow-filter-cartridge\/\">filtros de agua de gran caudal<\/a> funcionan haciendo pasar el agua por una serie de filtros. Los filtros eliminan las impurezas del agua, como el cloro, el plomo y las bacterias. El agua filtrada sale del filtro y puede utilizarse para beber, cocinar o ba\u00f1arse.<\/p><p>Los filtros de agua de alto caudal de acero inoxidable son una buena forma de mejorar la calidad del agua. Eliminan las impurezas que pueden hacer que el agua sepa mal o le provoque enfermedades. Si le preocupa la calidad del agua, un filtro de agua de alto caudal de acero inoxidable es una buena opci\u00f3n.<\/p><p>Estas son algunas de las ventajas de utilizar un filtro de agua de alto caudal de acero inoxidable:<\/p><ul><li>Elimina las impurezas del agua, como el cloro, el plomo y las bacterias<\/li><li>Mejora el sabor del agua<\/li><li>Hace que el agua sea m\u00e1s segura para beber, cocinar y ba\u00f1arse<\/li><li>Puede ayudar a reducir el riesgo de enfermedad<\/li><li>Es una inversi\u00f3n duradera<\/li><\/ul><p>Si busca una forma de mejorar la calidad de su agua, un filtro de agua de alto caudal de acero inoxidable es una buena opci\u00f3n. Son f\u00e1ciles de usar y mantener, y pueden proporcionarle a\u00f1os de agua limpia y filtrada.<\/p><p><strong>Aplicaci\u00f3n<\/strong><\/p><p>Condiciones de alta temperatura de funcionamiento en la industria petroqu\u00edmica;<\/p><p>Tratamiento del agua condensada de las centrales el\u00e9ctricas;<\/p><p><strong>Especificaciones t\u00e9cnicas<\/strong><\/p><p>Material: Poli\u00e9ster (PET)<\/p><p>Di\u00e1metro exterior: 152 mm;<\/p><p>Micras: 1-100um;<\/p><p>M\u00e1x. Temperatura de funcionamiento: 120\u00b0C<\/p><p><strong>Informaci\u00f3n para pedidos <\/strong><\/p><p>PHF LH PET 0500 40 G V<\/p><table width=\"589\"><tbody><tr><td width=\"41\"><p>Serie<\/p><\/td><td width=\"38\"><p>Tipo<\/p><\/td><td width=\"47\"><p>Medios de comunicaci\u00f3n<\/p><\/td><td colspan=\"4\" width=\"198\"><p>Micron<\/p><\/td><td colspan=\"2\" width=\"66\"><p>Longitud<\/p><\/td><td colspan=\"2\" width=\"113\"><p>Estructura<\/p><\/td><td colspan=\"2\" width=\"85\"><p>Material de la junta<\/p><\/td><\/tr><tr><td rowspan=\"5\" width=\"41\"><p>PHF<\/p><\/td><td width=\"38\"><p>LH<\/p><\/td><td width=\"47\"><p>PET<\/p><\/td><td width=\"38\"><p>0010<\/p><\/td><td width=\"57\"><p>=0,1\u03bcm<\/p><\/td><td width=\"47\"><p>1500<\/p><\/td><td width=\"57\"><p>=15\u03bcm<\/p><\/td><td width=\"28\"><p>20<\/p><\/td><td width=\"38\"><p>=20\u2033<\/p><\/td><td width=\"28\"><p>G<\/p><\/td><td width=\"85\"><p>=PP Jaula exterior<\/p><\/td><td width=\"28\"><p>V<\/p><\/td><td width=\"57\"><p>=Viton<\/p><\/td><\/tr><tr><td width=\"38\"><p>\u00a0<\/p><\/td><td width=\"47\"><p>\u00a0<\/p><\/td><td width=\"38\"><p>0100<\/p><\/td><td width=\"57\"><p>=1,0\u03bcm<\/p><\/td><td width=\"47\"><p>2000<\/p><\/td><td width=\"57\"><p>=20\u03bcm<\/p><\/td><td width=\"28\"><p>40<\/p><\/td><td width=\"38\"><p>=40\u2033<\/p><\/td><td width=\"28\"><p>M<\/p><\/td><td width=\"85\"><p>=Fundido soplado<\/p><\/td><td width=\"28\"><p>S<\/p><\/td><td width=\"57\"><p>=Silicona<\/p><\/td><\/tr><tr><td width=\"38\"><p>\u00a0<\/p><\/td><td width=\"47\"><p>\u00a0<\/p><\/td><td width=\"38\"><p>0500<\/p><\/td><td width=\"57\"><p>=5,0\u03bcm<\/p><\/td><td width=\"47\"><p>4000<\/p><\/td><td width=\"57\"><p>=40\u03bcm<\/p><\/td><td width=\"28\"><p>60<\/p><\/td><td width=\"38\"><p>=60\u2033<\/p><\/td><td width=\"28\"><p>S<\/p><\/td><td width=\"85\"><p>=Red de pl\u00e1stico<\/p><\/td><td width=\"28\"><p>E<\/p><\/td><td width=\"57\"><p>=EPDM<\/p><\/td><\/tr><tr><td width=\"38\"><p>\u00a0<\/p><\/td><td width=\"47\"><p>\u00a0<\/p><\/td><td width=\"38\"><p>1000<\/p><\/td><td width=\"57\"><p>=10\u03bcm<\/p><\/td><td width=\"47\"><p>7000<\/p><\/td><td width=\"57\"><p>=70\u03bcm<\/p><\/td><td width=\"28\"><p>\u00a0<\/p><\/td><td width=\"38\"><p>\u00a0<\/p><\/td><td width=\"28\"><p>SS<\/p><\/td><td width=\"85\"><p>=SS Jaula exterior<\/p><\/td><td width=\"28\"><p>\u00a0<\/p><\/td><td width=\"57\"><p>\u00a0<\/p><\/td><\/tr><tr><td width=\"38\"><p>\u00a0<\/p><\/td><td width=\"47\"><p>\u00a0<\/p><\/td><td width=\"38\"><p>\u00a0<\/p><\/td><td width=\"57\"><p>\u00a0<\/p><\/td><td width=\"47\"><p>1000<\/p><\/td><td width=\"57\"><p>=100\u03bcm<\/p><\/td><td width=\"28\"><p>\u00a0<\/p><\/td><td width=\"38\"><p>\u00a0<\/p><\/td><td colspan=\"2\" width=\"113\"><p>\u00a0<\/p><\/td><td width=\"28\"><p>\u00a0<\/p><\/td><td width=\"57\"><p>\u00a0<\/p><\/td><\/tr><\/tbody><\/table><p>\u00a0<\/p>\t\t\t\t\t\t\t\t<\/div>\n\t\t\t\t<\/div>\n\t\t\t\t\t<\/div>\n\t\t<\/div>\n\t\t\t\t\t<\/div>\n\t\t<\/section>\n\t\t\t\t<\/div>","protected":false},"excerpt":{"rendered":"<p>Previous Next Stainless Steel High Flow Water Filter A stainless steel high flow water filter is a device that removes impurities from water. It is made of stainless steel, which is a strong and durable material. The filter has a high flow rate, which means that it can filter a lot of water quickly. This [&hellip;]<\/p>\n","protected":false},"author":1,"featured_media":0,"parent":0,"menu_order":0,"comment_status":"closed","ping_status":"closed","template":"","meta":{"_acf_changed":false,"_seopress_robots_primary_cat":"","_seopress_titles_title":"","_seopress_titles_desc":"","_seopress_robots_index":"","_uag_custom_page_level_css":"","site-sidebar-layout":"no-sidebar","site-content-layout":"page-builder","ast-site-content-layout":"default","site-content-style":"default","site-sidebar-style":"default","ast-global-header-display":"","ast-banner-title-visibility":"","ast-main-header-display":"","ast-hfb-above-header-display":"","ast-hfb-below-header-display":"","ast-hfb-mobile-header-display":"","site-post-title":"disabled","ast-breadcrumbs-content":"","ast-featured-img":"disabled","footer-sml-layout":"","theme-transparent-header-meta":"","adv-header-id-meta":"","stick-header-meta":"","header-above-stick-meta":"","header-main-stick-meta":"","header-below-stick-meta":"","astra-migrate-meta-layouts":"default","ast-page-background-enabled":"default","ast-page-background-meta":{"desktop":{"background-color":"","background-image":"","background-repeat":"repeat","background-position":"center center","background-size":"auto","background-attachment":"scroll","background-type":"","background-media":"","overlay-type":"","overlay-color":"","overlay-opacity":"","overlay-gradient":""},"tablet":{"background-color":"","background-image":"","background-repeat":"repeat","background-position":"center center","background-size":"auto","background-attachment":"scroll","background-type":"","background-media":"","overlay-type":"","overlay-color":"","overlay-opacity":"","overlay-gradient":""},"mobile":{"background-color":"","background-image":"","background-repeat":"repeat","background-position":"center center","background-size":"auto","background-attachment":"scroll","background-type":"","background-media":"","overlay-type":"","overlay-color":"","overlay-opacity":"","overlay-gradient":""}},"ast-content-background-meta":{"desktop":{"background-color":"var(--ast-global-color-5)","background-image":"","background-repeat":"repeat","background-position":"center center","background-size":"auto","background-attachment":"scroll","background-type":"","background-media":"","overlay-type":"","overlay-color":"","overlay-opacity":"","overlay-gradient":""},"tablet":{"background-color":"var(--ast-global-color-5)","background-image":"","background-repeat":"repeat","background-position":"center center","background-size":"auto","background-attachment":"scroll","background-type":"","background-media":"","overlay-type":"","overlay-color":"","overlay-opacity":"","overlay-gradient":""},"mobile":{"background-color":"var(--ast-global-color-5)","background-image":"","background-repeat":"repeat","background-position":"center center","background-size":"auto","background-attachment":"scroll","background-type":"","background-media":"","overlay-type":"","overlay-color":"","overlay-opacity":"","overlay-gradient":""}},"footnotes":""},"class_list":["post-2433","page","type-page","status-publish"],"acf":[],"uagb_featured_image_src":{"full":false,"thumbnail":false,"medium":false,"medium_large":false,"large":false,"1536x1536":false,"2048x2048":false,"trp-custom-language-flag":false},"uagb_author_info":{"display_name":"wpx_pullner","author_link":"https:\/\/www.staging.pullnerfilter.com\/es\/author\/wpx_pullner\/"},"uagb_comment_info":0,"uagb_excerpt":"Previous Next Stainless Steel High Flow Water Filter A stainless steel high flow water filter is a device that removes impurities from water. It is made of stainless steel, which is a strong and durable material. The filter has a high flow rate, which means that it can filter a lot of water quickly. This&hellip;","_links":{"self":[{"href":"https:\/\/www.staging.pullnerfilter.com\/es\/wp-json\/wp\/v2\/pages\/2433","targetHints":{"allow":["GET"]}}],"collection":[{"href":"https:\/\/www.staging.pullnerfilter.com\/es\/wp-json\/wp\/v2\/pages"}],"about":[{"href":"https:\/\/www.staging.pullnerfilter.com\/es\/wp-json\/wp\/v2\/types\/page"}],"author":[{"embeddable":true,"href":"https:\/\/www.staging.pullnerfilter.com\/es\/wp-json\/wp\/v2\/users\/1"}],"replies":[{"embeddable":true,"href":"https:\/\/www.staging.pullnerfilter.com\/es\/wp-json\/wp\/v2\/comments?post=2433"}],"version-history":[{"count":5,"href":"https:\/\/www.staging.pullnerfilter.com\/es\/wp-json\/wp\/v2\/pages\/2433\/revisions"}],"predecessor-version":[{"id":8613,"href":"https:\/\/www.staging.pullnerfilter.com\/es\/wp-json\/wp\/v2\/pages\/2433\/revisions\/8613"}],"wp:attachment":[{"href":"https:\/\/www.staging.pullnerfilter.com\/es\/wp-json\/wp\/v2\/media?parent=2433"}],"curies":[{"name":"wp","href":"https:\/\/api.w.org\/{rel}","templated":true}]}}