{"id":2420,"date":"2023-04-19T01:02:50","date_gmt":"2023-04-19T01:02:50","guid":{"rendered":"https:\/\/www.staging.pullnerfilter.com\/?page_id=2420"},"modified":"2023-04-19T01:07:52","modified_gmt":"2023-04-19T01:07:52","slug":"agua-de-mar-desalinizacion-ro-prefiltracion-cartucho-de-filtro-de-agua-de-alto-flujo","status":"publish","type":"page","link":"https:\/\/www.staging.pullnerfilter.com\/es\/agua-de-mar-desalinizacion-ro-prefiltracion-cartucho-de-filtro-de-agua-de-alto-flujo\/","title":{"rendered":"Desalinizaci\u00f3n de agua de mar RO Pre-filtraci\u00f3n de alto flujo de cartucho de filtro de agua"},"content":{"rendered":"<div data-elementor-type=\"wp-page\" data-elementor-id=\"2420\" class=\"elementor elementor-2420\" data-elementor-post-type=\"page\">\n\t\t\t\t\t\t<section class=\"elementor-section elementor-top-section elementor-element elementor-element-5c911815 elementor-section-boxed elementor-section-height-default elementor-section-height-default\" data-id=\"5c911815\" data-element_type=\"section\" data-e-type=\"section\">\n\t\t\t\t\t\t<div class=\"elementor-container elementor-column-gap-default\">\n\t\t\t\t\t<div class=\"elementor-column elementor-col-50 elementor-top-column elementor-element elementor-element-6fc8866e\" data-id=\"6fc8866e\" data-element_type=\"column\" data-e-type=\"column\">\n\t\t\t<div class=\"elementor-widget-wrap elementor-element-populated\">\n\t\t\t\t\t\t<div class=\"elementor-element elementor-element-315a9231 elementor-arrows-position-inside elementor-pagination-position-outside elementor-widget elementor-widget-image-carousel\" data-id=\"315a9231\" data-element_type=\"widget\" data-e-type=\"widget\" data-settings=\"{&quot;slides_to_show&quot;:&quot;1&quot;,&quot;navigation&quot;:&quot;both&quot;,&quot;autoplay&quot;:&quot;yes&quot;,&quot;pause_on_hover&quot;:&quot;yes&quot;,&quot;pause_on_interaction&quot;:&quot;yes&quot;,&quot;autoplay_speed&quot;:5000,&quot;infinite&quot;:&quot;yes&quot;,&quot;effect&quot;:&quot;slide&quot;,&quot;speed&quot;:500}\" data-widget_type=\"image-carousel.default\">\n\t\t\t\t<div class=\"elementor-widget-container\">\n\t\t\t\t\t\t\t<div class=\"elementor-image-carousel-wrapper swiper\" role=\"region\" aria-roledescription=\"carousel\" aria-label=\"Carrusel de im\u00e1genes\" dir=\"ltr\">\n\t\t\t<div class=\"elementor-image-carousel swiper-wrapper swiper-image-stretch\" aria-live=\"off\">\n\t\t\t\t\t\t\t\t<div class=\"swiper-slide\" role=\"group\" aria-roledescription=\"slide\" aria-label=\"1 de 6\"><figure class=\"swiper-slide-inner\"><img decoding=\"async\" class=\"swiper-slide-image\" src=\"https:\/\/www.staging.pullnerfilter.com\/wp-content\/uploads\/2023\/04\/Seawater-Desalination-RO-Pre-filtration-High-Flow-Water-Filter-Cartridge-1.jpg\" alt=\"Desalinizaci\u00f3n de agua de mar RO Pre-filtraci\u00f3n de alto flujo de agua Cartucho de filtro 1\" \/><\/figure><\/div><div class=\"swiper-slide\" role=\"group\" aria-roledescription=\"slide\" aria-label=\"2 de 6\"><figure class=\"swiper-slide-inner\"><img decoding=\"async\" class=\"swiper-slide-image\" src=\"https:\/\/www.staging.pullnerfilter.com\/wp-content\/uploads\/2023\/04\/Seawater-Desalination-RO-Pre-filtration-High-Flow-Water-Filter-Cartridge-2.jpg\" alt=\"Desalinizaci\u00f3n de agua de mar RO Pre-filtraci\u00f3n de alto flujo de agua Cartucho de filtro 2\" \/><\/figure><\/div><div class=\"swiper-slide\" role=\"group\" aria-roledescription=\"slide\" aria-label=\"3 de 6\"><figure class=\"swiper-slide-inner\"><img decoding=\"async\" class=\"swiper-slide-image\" src=\"https:\/\/www.staging.pullnerfilter.com\/wp-content\/uploads\/2023\/04\/Seawater-Desalination-RO-Pre-filtration-High-Flow-Water-Filter-Cartridge-3.jpg\" alt=\"Desalinizaci\u00f3n de agua de mar RO Pre-filtraci\u00f3n de alto flujo de agua Cartucho de filtro 3\" \/><\/figure><\/div><div class=\"swiper-slide\" role=\"group\" aria-roledescription=\"slide\" aria-label=\"4 de 6\"><figure class=\"swiper-slide-inner\"><img decoding=\"async\" class=\"swiper-slide-image\" src=\"https:\/\/www.staging.pullnerfilter.com\/wp-content\/uploads\/2023\/04\/Seawater-Desalination-RO-Pre-filtration-High-Flow-Water-Filter-Cartridge-application-1.jpg\" alt=\"Desalinizaci\u00f3n de agua de mar RO Pre-filtraci\u00f3n de alto flujo de agua cartucho de filtro de aplicaci\u00f3n 1\" \/><\/figure><\/div><div class=\"swiper-slide\" role=\"group\" aria-roledescription=\"slide\" aria-label=\"5 de 6\"><figure class=\"swiper-slide-inner\"><img decoding=\"async\" class=\"swiper-slide-image\" src=\"https:\/\/www.staging.pullnerfilter.com\/wp-content\/uploads\/2023\/04\/Seawater-Desalination-RO-Pre-filtration-High-Flow-Water-Filter-Cartridge-application-2.jpg\" alt=\"Desalinizaci\u00f3n de agua de mar RO Pre-filtraci\u00f3n de alto flujo de agua cartucho de filtro de aplicaci\u00f3n 2\" \/><\/figure><\/div><div class=\"swiper-slide\" role=\"group\" aria-roledescription=\"slide\" aria-label=\"6 de 6\"><figure class=\"swiper-slide-inner\"><img decoding=\"async\" class=\"swiper-slide-image\" src=\"https:\/\/www.staging.pullnerfilter.com\/wp-content\/uploads\/2023\/04\/Seawater-Desalination-RO-Pre-filtration-High-Flow-Water-Filter-Cartridge-application-3.jpg\" alt=\"Desalinizaci\u00f3n de agua de mar RO Pre-filtraci\u00f3n de alto flujo de agua cartucho de filtro de aplicaci\u00f3n 3\" \/><\/figure><\/div>\t\t\t<\/div>\n\t\t\t\t\t\t\t\t\t\t\t\t<div class=\"elementor-swiper-button elementor-swiper-button-prev\" role=\"button\" tabindex=\"0\">\n\t\t\t\t\t\t<i aria-hidden=\"true\" class=\"eicon-chevron-left\"><\/i>\t\t\t\t\t<\/div>\n\t\t\t\t\t<div class=\"elementor-swiper-button elementor-swiper-button-next\" role=\"button\" tabindex=\"0\">\n\t\t\t\t\t\t<i aria-hidden=\"true\" class=\"eicon-chevron-right\"><\/i>\t\t\t\t\t<\/div>\n\t\t\t\t\n\t\t\t\t\t\t\t\t\t<div class=\"swiper-pagination\"><\/div>\n\t\t\t\t\t\t\t\t\t<\/div>\n\t\t\t\t\t\t<\/div>\n\t\t\t\t<\/div>\n\t\t\t\t\t<\/div>\n\t\t<\/div>\n\t\t\t\t<div class=\"elementor-column elementor-col-50 elementor-top-column elementor-element elementor-element-46528cfe\" data-id=\"46528cfe\" data-element_type=\"column\" data-e-type=\"column\">\n\t\t\t<div class=\"elementor-widget-wrap elementor-element-populated\">\n\t\t\t\t\t\t<div class=\"elementor-element elementor-element-610233c8 elementor-widget elementor-widget-heading\" data-id=\"610233c8\" data-element_type=\"widget\" data-e-type=\"widget\" data-widget_type=\"heading.default\">\n\t\t\t\t<div class=\"elementor-widget-container\">\n\t\t\t\t\t<h1 class=\"elementor-heading-title elementor-size-default\">Desalinizaci\u00f3n de agua de mar RO Pre-filtraci\u00f3n de alto flujo de cartucho de filtro de agua<\/h1>\t\t\t\t<\/div>\n\t\t\t\t<\/div>\n\t\t\t\t<div class=\"elementor-element elementor-element-5c4ad662 elementor-widget elementor-widget-text-editor\" data-id=\"5c4ad662\" data-element_type=\"widget\" data-e-type=\"widget\" data-widget_type=\"text-editor.default\">\n\t\t\t\t<div class=\"elementor-widget-container\">\n\t\t\t\t\t\t\t\t\t<p>Prefiltraci\u00f3n del sistema de \u00f3smosis inversa de la planta desalinizadora de agua de mar <a href=\"https:\/\/www.pullnerfilter.com\/high-flow-filter-cartridge\/\">filtro de agua de gran caudal<\/a>, di\u00e1metro 6\u2033\/6,5\u2033, longitud 20\u2033\/40\u2033\/60\u2033, amplia gama de grados de filtraci\u00f3n.<\/p><p>La gran superficie de filtraci\u00f3n proporciona altos caudales combinados con bajas ca\u00eddas de presi\u00f3n y una larga vida \u00fatil. Tama\u00f1o de poro de filtraci\u00f3n graduado en un cartucho filtrante de alto caudal.<\/p><p>M\u00faltiples capas de membrana para una mayor retenci\u00f3n de la suciedad. Menos mano de obra necesaria y menor coste de funcionamiento y mantenimiento.<\/p>\t\t\t\t\t\t\t\t<\/div>\n\t\t\t\t<\/div>\n\t\t\t\t<div class=\"elementor-element elementor-element-335b6312 elementor-align-left elementor-widget elementor-widget-button\" data-id=\"335b6312\" data-element_type=\"widget\" data-e-type=\"widget\" data-widget_type=\"button.default\">\n\t\t\t\t<div class=\"elementor-widget-container\">\n\t\t\t\t\t\t\t\t\t<div class=\"elementor-button-wrapper\">\n\t\t\t\t\t<a class=\"elementor-button elementor-button-link elementor-size-md\" href=\"\/es\/contacto\/\">\n\t\t\t\t\t\t<span class=\"elementor-button-content-wrapper\">\n\t\t\t\t\t\t\t\t\t<span class=\"elementor-button-text\">Env\u00ede su consulta ahora<\/span>\n\t\t\t\t\t<\/span>\n\t\t\t\t\t<\/a>\n\t\t\t\t<\/div>\n\t\t\t\t\t\t\t\t<\/div>\n\t\t\t\t<\/div>\n\t\t\t\t\t<\/div>\n\t\t<\/div>\n\t\t\t\t\t<\/div>\n\t\t<\/section>\n\t\t\t\t<section class=\"elementor-section elementor-top-section elementor-element elementor-element-4446cd06 elementor-section-boxed elementor-section-height-default elementor-section-height-default\" data-id=\"4446cd06\" data-element_type=\"section\" data-e-type=\"section\">\n\t\t\t\t\t\t<div class=\"elementor-container elementor-column-gap-default\">\n\t\t\t\t\t<div class=\"elementor-column elementor-col-100 elementor-top-column elementor-element elementor-element-591a1794\" data-id=\"591a1794\" data-element_type=\"column\" data-e-type=\"column\">\n\t\t\t<div class=\"elementor-widget-wrap elementor-element-populated\">\n\t\t\t\t\t\t<div class=\"elementor-element elementor-element-113133c4 elementor-widget elementor-widget-text-editor\" data-id=\"113133c4\" data-element_type=\"widget\" data-e-type=\"widget\" data-widget_type=\"text-editor.default\">\n\t\t\t\t<div class=\"elementor-widget-container\">\n\t\t\t\t\t\t\t\t\t<p><strong>Aplicaci\u00f3n<\/strong><\/p><p>Planta desalinizadora de agua de mar: Prefiltraci\u00f3n del sistema de \u00f3smosis inversa<\/p><p><strong>Especificaciones t\u00e9cnicas:<\/strong><\/p><ol><li><strong>Materiales de construcci\u00f3n<\/strong><\/li><\/ol><table width=\"647\"><tbody><tr><td width=\"111\"><p>Material filtrante<\/p><\/td><td width=\"155\"><p>PP\uff1aPlisado profundo PP\/<\/p><p>Fundir PP<\/p><\/td><td width=\"148\"><p>FO\uff1aFibra org\u00e1nica<\/p><\/td><td width=\"233\"><p>GF\uff1aFibra de vidrio\/Poli\u00e9ster<\/p><\/td><\/tr><tr><td width=\"111\"><p>Soporte<\/p><p>Desv\u00edo<\/p><\/td><td width=\"155\"><p>PP<\/p><\/td><td width=\"148\"><p>Fibra org\u00e1nica<\/p><\/td><td width=\"233\"><p>Poli\u00e9ster<\/p><\/td><\/tr><tr><td width=\"111\"><p>Tapas<\/p><\/td><td width=\"155\"><p>Polipropileno reforzado con fibra de vidrio<\/p><\/td><td width=\"148\"><p>Polipropileno reforzado con fibra de vidrio<\/p><\/td><td width=\"233\"><p>Polipropileno reforzado con fibra de vidrio<\/p><\/td><\/tr><\/tbody><\/table><p><strong>Caracter\u00edsticas de funcionamiento <\/strong><\/p><table width=\"518\"><tbody><tr><td width=\"284\"><p>Temperatura m\u00e1xima de funcionamiento<\/p><\/td><td width=\"234\"><p>PP\uff1a82\u00b0C<\/p><p>FO\uff1a120\u2103<\/p><p>GF\uff1a121\u2103<\/p><\/td><\/tr><tr><td width=\"284\"><p>Presi\u00f3n diferencial m\u00e1xima de funcionamiento<\/p><\/td><td width=\"234\"><p>PP\uff1a3,44bar \/ 21\u00b0C<\/p><p>FO\uff1a3,44bar \/ 120\u00b0C<\/p><p>GF\uff1a3,44bar \/ 121\u00b0C<\/p><\/td><\/tr><\/tbody><\/table><p><strong>Par\u00e1metro de dise\u00f1o <\/strong><\/p><table width=\"518\"><tbody><tr><td width=\"130\"><p>Talla<\/p><p>(Di\u00e1metro*Longitud)<\/p><\/td><td width=\"113\"><p>Flujo de dise\u00f1o<\/p><p>(m<sup>3<\/sup>\/hr)<\/p><\/td><td width=\"132\"><p>Caudal m\u00e1ximo<\/p><p>(m<sup>3<\/sup>\/hr)<\/p><\/td><td width=\"142\"><p>\u00c1rea de filtrado<\/p><p>(m<sup>2<\/sup>)<\/p><\/td><\/tr><tr><td width=\"130\"><p>6\u2033*20\u2033<\/p><\/td><td width=\"113\"><p>15<\/p><\/td><td width=\"132\"><p>40<\/p><\/td><td width=\"142\"><p>2.6<\/p><\/td><\/tr><tr><td width=\"130\"><p>6\u2033*40\u2033<\/p><\/td><td width=\"113\"><p>30<\/p><\/td><td width=\"132\"><p>80<\/p><\/td><td width=\"142\"><p>5.2<\/p><\/td><\/tr><tr><td width=\"130\"><p>6\u2033*60\u2033<\/p><\/td><td width=\"113\"><p>45<\/p><\/td><td width=\"132\"><p>120<\/p><\/td><td width=\"142\"><p>7.8<\/p><\/td><\/tr><\/tbody><\/table><p><strong>Informaci\u00f3n para pedidos <\/strong><\/p><p>PHF L PP 0500 40 G V ZA\u00a0 \u00a0 \u00a0 \u00a0 \u00a0 \u00a0 \u00a0 \u00a0 \u00a0 \u00a0 \u00a0 \u00a0<\/p><table width=\"758\"><tbody><tr><td width=\"41\"><p>Serie<\/p><\/td><td width=\"38\"><p>Tipo<\/p><\/td><td width=\"47\"><p>Medios de comunicaci\u00f3n<\/p><\/td><td colspan=\"4\" width=\"198\"><p>Micron<\/p><\/td><td colspan=\"2\" width=\"66\"><p>Longitud<\/p><\/td><td colspan=\"2\" width=\"113\"><p>Estructura<\/p><\/td><td colspan=\"2\" width=\"85\"><p>Material de la junta<\/p><\/td><td colspan=\"2\" width=\"168\"><p>Tipo de tapa<\/p><\/td><\/tr><tr><td rowspan=\"5\" width=\"41\"><p>PHF<\/p><\/td><td width=\"38\"><p>L<\/p><\/td><td width=\"47\"><p>PP<\/p><\/td><td width=\"38\"><p>0010<\/p><\/td><td width=\"57\"><p>=0,1\u03bcm<\/p><\/td><td width=\"47\"><p>1500<\/p><\/td><td width=\"57\"><p>=15\u03bcm<\/p><\/td><td width=\"28\"><p>20<\/p><\/td><td width=\"38\"><p>=20\u2033<\/p><\/td><td width=\"28\"><p>G<\/p><\/td><td width=\"85\"><p>=PP Jaula exterior<\/p><\/td><td width=\"28\"><p>V<\/p><\/td><td width=\"57\"><p>=Viton<\/p><\/td><td width=\"47\"><p>ZA<\/p><\/td><td width=\"121\"><p>=Anillo \u00fanico\uff08HFK\uff09<\/p><\/td><\/tr><tr><td width=\"38\"><p>LH<\/p><\/td><td width=\"47\"><p>PBT<\/p><\/td><td width=\"38\"><p>0100<\/p><\/td><td width=\"57\"><p>=1,0\u03bcm<\/p><\/td><td width=\"47\"><p>2000<\/p><\/td><td width=\"57\"><p>=20\u03bcm<\/p><\/td><td width=\"28\"><p>40<\/p><\/td><td width=\"38\"><p>=40\u2033<\/p><\/td><td width=\"28\"><p>M<\/p><\/td><td width=\"85\"><p>=Fundido soplado<\/p><\/td><td width=\"28\"><p>S<\/p><\/td><td width=\"57\"><p>=Silicona<\/p><\/td><td width=\"47\"><p>ZB<\/p><\/td><td width=\"121\"><p>=Anillo doble\uff08HFK\uff09<\/p><\/td><\/tr><tr><td width=\"38\"><p>K<\/p><\/td><td width=\"47\"><p>GF<\/p><\/td><td width=\"38\"><p>0500<\/p><\/td><td width=\"57\"><p>=5,0\u03bcm<\/p><\/td><td width=\"47\"><p>4000<\/p><\/td><td width=\"57\"><p>=40\u03bcm<\/p><\/td><td width=\"28\"><p>60<\/p><\/td><td width=\"38\"><p>=60\u2033<\/p><\/td><td width=\"28\"><p>S<\/p><\/td><td width=\"85\"><p>=Red de pl\u00e1stico<\/p><\/td><td width=\"28\"><p>E<\/p><\/td><td width=\"57\"><p>=EPDM<\/p><\/td><td width=\"47\"><p>ZA<\/p><\/td><td width=\"121\"><p>= Tipo\uff08HFM\uff09<\/p><\/td><\/tr><tr><td width=\"38\"><p>M<\/p><\/td><td width=\"47\"><p>\u00a0<\/p><\/td><td width=\"38\"><p>1000<\/p><\/td><td width=\"57\"><p>=10\u03bcm<\/p><\/td><td width=\"47\"><p>7000<\/p><\/td><td width=\"57\"><p>=70\u03bcm<\/p><\/td><td width=\"28\"><p>\u00a0<\/p><\/td><td width=\"38\"><p>\u00a0<\/p><\/td><td width=\"28\"><p>\u00a0<\/p><\/td><td width=\"85\"><p>\u00a0<\/p><\/td><td width=\"28\"><p>\u00a0<\/p><\/td><td width=\"57\"><p>\u00a0<\/p><\/td><td width=\"47\"><p>ZB<\/p><\/td><td width=\"121\"><p>=Tipo: HFM.<\/p><\/td><\/tr><tr><td width=\"38\"><p>W<\/p><\/td><td width=\"47\"><p>\u00a0<\/p><\/td><td width=\"38\"><p>\u00a0<\/p><\/td><td width=\"57\"><p>\u00a0<\/p><\/td><td width=\"47\"><p>1000<\/p><\/td><td width=\"57\"><p>=100\u03bcm<\/p><\/td><td width=\"28\"><p>\u00a0<\/p><\/td><td width=\"38\"><p>\u00a0<\/p><\/td><td colspan=\"2\" width=\"113\"><p>\u00a0<\/p><\/td><td width=\"28\"><p>\u00a0<\/p><\/td><td width=\"57\"><p>\u00a0<\/p><\/td><td width=\"47\"><p>Ninguno<\/p><\/td><td width=\"121\"><p>=\uff08HFL\/HFLH\uff09<\/p><\/td><\/tr><\/tbody><\/table><p>\u00a0<\/p>\t\t\t\t\t\t\t\t<\/div>\n\t\t\t\t<\/div>\n\t\t\t\t\t<\/div>\n\t\t<\/div>\n\t\t\t\t\t<\/div>\n\t\t<\/section>\n\t\t\t\t<\/div>","protected":false},"excerpt":{"rendered":"<p>Previous Next Seawater Desalination RO Pre-filtration High Flow Water Filter Cartridge Seawater desalination plant RO system pre-filtration high flow water filter, diameter 6&#8243;\/6.5&#8243;, length 20&#8243;\/40&#8243;\/60&#8243;, wide range of filtration rating. Large filtration area provides high flow rates combined with low pressure drops and long service life. Graded filtration pore size in one high flow filter [&hellip;]<\/p>\n","protected":false},"author":1,"featured_media":0,"parent":0,"menu_order":0,"comment_status":"closed","ping_status":"closed","template":"","meta":{"_acf_changed":false,"_seopress_robots_primary_cat":"","_seopress_titles_title":"","_seopress_titles_desc":"","_seopress_robots_index":"","_uag_custom_page_level_css":"","site-sidebar-layout":"no-sidebar","site-content-layout":"page-builder","ast-site-content-layout":"default","site-content-style":"default","site-sidebar-style":"default","ast-global-header-display":"","ast-banner-title-visibility":"","ast-main-header-display":"","ast-hfb-above-header-display":"","ast-hfb-below-header-display":"","ast-hfb-mobile-header-display":"","site-post-title":"disabled","ast-breadcrumbs-content":"","ast-featured-img":"disabled","footer-sml-layout":"","theme-transparent-header-meta":"","adv-header-id-meta":"","stick-header-meta":"","header-above-stick-meta":"","header-main-stick-meta":"","header-below-stick-meta":"","astra-migrate-meta-layouts":"default","ast-page-background-enabled":"default","ast-page-background-meta":{"desktop":{"background-color":"","background-image":"","background-repeat":"repeat","background-position":"center center","background-size":"auto","background-attachment":"scroll","background-type":"","background-media":"","overlay-type":"","overlay-color":"","overlay-opacity":"","overlay-gradient":""},"tablet":{"background-color":"","background-image":"","background-repeat":"repeat","background-position":"center center","background-size":"auto","background-attachment":"scroll","background-type":"","background-media":"","overlay-type":"","overlay-color":"","overlay-opacity":"","overlay-gradient":""},"mobile":{"background-color":"","background-image":"","background-repeat":"repeat","background-position":"center center","background-size":"auto","background-attachment":"scroll","background-type":"","background-media":"","overlay-type":"","overlay-color":"","overlay-opacity":"","overlay-gradient":""}},"ast-content-background-meta":{"desktop":{"background-color":"var(--ast-global-color-5)","background-image":"","background-repeat":"repeat","background-position":"center center","background-size":"auto","background-attachment":"scroll","background-type":"","background-media":"","overlay-type":"","overlay-color":"","overlay-opacity":"","overlay-gradient":""},"tablet":{"background-color":"var(--ast-global-color-5)","background-image":"","background-repeat":"repeat","background-position":"center center","background-size":"auto","background-attachment":"scroll","background-type":"","background-media":"","overlay-type":"","overlay-color":"","overlay-opacity":"","overlay-gradient":""},"mobile":{"background-color":"var(--ast-global-color-5)","background-image":"","background-repeat":"repeat","background-position":"center center","background-size":"auto","background-attachment":"scroll","background-type":"","background-media":"","overlay-type":"","overlay-color":"","overlay-opacity":"","overlay-gradient":""}},"footnotes":""},"class_list":["post-2420","page","type-page","status-publish"],"acf":[],"uagb_featured_image_src":{"full":false,"thumbnail":false,"medium":false,"medium_large":false,"large":false,"1536x1536":false,"2048x2048":false,"trp-custom-language-flag":false},"uagb_author_info":{"display_name":"wpx_pullner","author_link":"https:\/\/www.staging.pullnerfilter.com\/es\/author\/wpx_pullner\/"},"uagb_comment_info":0,"uagb_excerpt":"Previous Next Seawater Desalination RO Pre-filtration High Flow Water Filter Cartridge Seawater desalination plant RO system pre-filtration high flow water filter, diameter 6&#8243;\/6.5&#8243;, length 20&#8243;\/40&#8243;\/60&#8243;, wide range of filtration rating. Large filtration area provides high flow rates combined with low pressure drops and long service life. Graded filtration pore size in one high flow filter&hellip;","_links":{"self":[{"href":"https:\/\/www.staging.pullnerfilter.com\/es\/wp-json\/wp\/v2\/pages\/2420","targetHints":{"allow":["GET"]}}],"collection":[{"href":"https:\/\/www.staging.pullnerfilter.com\/es\/wp-json\/wp\/v2\/pages"}],"about":[{"href":"https:\/\/www.staging.pullnerfilter.com\/es\/wp-json\/wp\/v2\/types\/page"}],"author":[{"embeddable":true,"href":"https:\/\/www.staging.pullnerfilter.com\/es\/wp-json\/wp\/v2\/users\/1"}],"replies":[{"embeddable":true,"href":"https:\/\/www.staging.pullnerfilter.com\/es\/wp-json\/wp\/v2\/comments?post=2420"}],"version-history":[{"count":5,"href":"https:\/\/www.staging.pullnerfilter.com\/es\/wp-json\/wp\/v2\/pages\/2420\/revisions"}],"predecessor-version":[{"id":8609,"href":"https:\/\/www.staging.pullnerfilter.com\/es\/wp-json\/wp\/v2\/pages\/2420\/revisions\/8609"}],"wp:attachment":[{"href":"https:\/\/www.staging.pullnerfilter.com\/es\/wp-json\/wp\/v2\/media?parent=2420"}],"curies":[{"name":"wp","href":"https:\/\/api.w.org\/{rel}","templated":true}]}}