{"id":2404,"date":"2023-04-19T00:56:51","date_gmt":"2023-04-19T00:56:51","guid":{"rendered":"https:\/\/www.staging.pullnerfilter.com\/?page_id=2404"},"modified":"2023-04-19T00:59:36","modified_gmt":"2023-04-19T00:59:36","slug":"cartucho-de-filtro-de-agua-de-alto-caudal-para-agua-condensada-de-centrales-electricas","status":"publish","type":"page","link":"https:\/\/www.staging.pullnerfilter.com\/es\/cartucho-de-filtro-de-agua-de-alto-caudal-para-agua-condensada-de-centrales-electricas\/","title":{"rendered":"Cartucho de filtro de agua de alto flujo para agua condensada de centrales el\u00e9ctricas"},"content":{"rendered":"<div data-elementor-type=\"wp-page\" data-elementor-id=\"2404\" class=\"elementor elementor-2404\" data-elementor-post-type=\"page\">\n\t\t\t\t\t\t<section class=\"elementor-section elementor-top-section elementor-element elementor-element-3500ec58 elementor-section-boxed elementor-section-height-default elementor-section-height-default\" data-id=\"3500ec58\" data-element_type=\"section\" data-e-type=\"section\">\n\t\t\t\t\t\t<div class=\"elementor-container elementor-column-gap-default\">\n\t\t\t\t\t<div class=\"elementor-column elementor-col-50 elementor-top-column elementor-element elementor-element-6d829548\" data-id=\"6d829548\" data-element_type=\"column\" data-e-type=\"column\">\n\t\t\t<div class=\"elementor-widget-wrap elementor-element-populated\">\n\t\t\t\t\t\t<div class=\"elementor-element elementor-element-449e61f7 elementor-arrows-position-inside elementor-pagination-position-outside elementor-widget elementor-widget-image-carousel\" data-id=\"449e61f7\" data-element_type=\"widget\" data-e-type=\"widget\" data-settings=\"{&quot;slides_to_show&quot;:&quot;1&quot;,&quot;navigation&quot;:&quot;both&quot;,&quot;autoplay&quot;:&quot;yes&quot;,&quot;pause_on_hover&quot;:&quot;yes&quot;,&quot;pause_on_interaction&quot;:&quot;yes&quot;,&quot;autoplay_speed&quot;:5000,&quot;infinite&quot;:&quot;yes&quot;,&quot;effect&quot;:&quot;slide&quot;,&quot;speed&quot;:500}\" data-widget_type=\"image-carousel.default\">\n\t\t\t\t<div class=\"elementor-widget-container\">\n\t\t\t\t\t\t\t<div class=\"elementor-image-carousel-wrapper swiper\" role=\"region\" aria-roledescription=\"carousel\" aria-label=\"Carrusel de im\u00e1genes\" dir=\"ltr\">\n\t\t\t<div class=\"elementor-image-carousel swiper-wrapper swiper-image-stretch\" aria-live=\"off\">\n\t\t\t\t\t\t\t\t<div class=\"swiper-slide\" role=\"group\" aria-roledescription=\"slide\" aria-label=\"1 of 5\"><figure class=\"swiper-slide-inner\"><img decoding=\"async\" class=\"swiper-slide-image\" src=\"https:\/\/www.staging.pullnerfilter.com\/wp-content\/uploads\/2023\/04\/Power-Plant-Condensate-Water-High-Flow-Water-Filter-Cartridge.jpg\" alt=\"Cartucho de filtro de agua de alto flujo para agua condensada de centrales el\u00e9ctricas\" \/><\/figure><\/div><div class=\"swiper-slide\" role=\"group\" aria-roledescription=\"slide\" aria-label=\"2 of 5\"><figure class=\"swiper-slide-inner\"><img decoding=\"async\" class=\"swiper-slide-image\" src=\"https:\/\/www.staging.pullnerfilter.com\/wp-content\/uploads\/2023\/04\/Power-Plant-Condensate-Water-High-Flow-Water-Filter-Cartridge-1.jpg\" alt=\"Cartucho de filtro de agua de alto caudal para agua condensada de centrales el\u00e9ctricas 1\" \/><\/figure><\/div><div class=\"swiper-slide\" role=\"group\" aria-roledescription=\"slide\" aria-label=\"3 of 5\"><figure class=\"swiper-slide-inner\"><img decoding=\"async\" class=\"swiper-slide-image\" src=\"https:\/\/www.staging.pullnerfilter.com\/wp-content\/uploads\/2023\/04\/Power-Plant-Condensate-Water-High-Flow-Water-Filter-Cartridge-2.jpg\" alt=\"Cartucho de filtro de agua de alto flujo para agua condensada de centrales el\u00e9ctricas 2\" \/><\/figure><\/div><div class=\"swiper-slide\" role=\"group\" aria-roledescription=\"slide\" aria-label=\"4 of 5\"><figure class=\"swiper-slide-inner\"><img decoding=\"async\" class=\"swiper-slide-image\" src=\"https:\/\/www.staging.pullnerfilter.com\/wp-content\/uploads\/2023\/04\/Power-Plant-Condensate-Water-High-Flow-Water-Filter-Cartridge3.jpg\" alt=\"Cartucho de filtro de agua de alto caudal para agua condensada de centrales el\u00e9ctricas3\" \/><\/figure><\/div><div class=\"swiper-slide\" role=\"group\" aria-roledescription=\"slide\" aria-label=\"5 of 5\"><figure class=\"swiper-slide-inner\"><img decoding=\"async\" class=\"swiper-slide-image\" src=\"https:\/\/www.staging.pullnerfilter.com\/wp-content\/uploads\/2023\/04\/Power-Plant-Condensate-Water-High-Flow-Water-Filter-Cartridge-for-sale.jpg\" alt=\"Condensado de la central el\u00e9ctrica de agua de alto flujo de cartucho de filtro de agua para la venta\" \/><\/figure><\/div>\t\t\t<\/div>\n\t\t\t\t\t\t\t\t\t\t\t\t<div class=\"elementor-swiper-button elementor-swiper-button-prev\" role=\"button\" tabindex=\"0\">\n\t\t\t\t\t\t<i aria-hidden=\"true\" class=\"eicon-chevron-left\"><\/i>\t\t\t\t\t<\/div>\n\t\t\t\t\t<div class=\"elementor-swiper-button elementor-swiper-button-next\" role=\"button\" tabindex=\"0\">\n\t\t\t\t\t\t<i aria-hidden=\"true\" class=\"eicon-chevron-right\"><\/i>\t\t\t\t\t<\/div>\n\t\t\t\t\n\t\t\t\t\t\t\t\t\t<div class=\"swiper-pagination\"><\/div>\n\t\t\t\t\t\t\t\t\t<\/div>\n\t\t\t\t\t\t<\/div>\n\t\t\t\t<\/div>\n\t\t\t\t\t<\/div>\n\t\t<\/div>\n\t\t\t\t<div class=\"elementor-column elementor-col-50 elementor-top-column elementor-element elementor-element-34cd08d4\" data-id=\"34cd08d4\" data-element_type=\"column\" data-e-type=\"column\">\n\t\t\t<div class=\"elementor-widget-wrap elementor-element-populated\">\n\t\t\t\t\t\t<div class=\"elementor-element elementor-element-642c77cc elementor-widget elementor-widget-heading\" data-id=\"642c77cc\" data-element_type=\"widget\" data-e-type=\"widget\" data-widget_type=\"heading.default\">\n\t\t\t\t<div class=\"elementor-widget-container\">\n\t\t\t\t\t<h1 class=\"elementor-heading-title elementor-size-default\">Cartucho de filtro de agua de alto flujo para agua condensada de centrales el\u00e9ctricas<\/h1>\t\t\t\t<\/div>\n\t\t\t\t<\/div>\n\t\t\t\t<div class=\"elementor-element elementor-element-56a5f057 elementor-widget elementor-widget-text-editor\" data-id=\"56a5f057\" data-element_type=\"widget\" data-e-type=\"widget\" data-widget_type=\"text-editor.default\">\n\t\t\t\t<div class=\"elementor-widget-container\">\n\t\t\t\t\t\t\t\t\t<p>Agua condensada de centrales el\u00e9ctricas <a href=\"https:\/\/www.pullnerfilter.com\/high-flow-filter-cartridge\/\">filtro de agua de gran caudal<\/a> est\u00e1 dise\u00f1ado con diferentes di\u00e1metros grandes (152 mm, 157 mm, 160 mm), proporcionar gran \u00e1rea de filtraci\u00f3n, de alta velocidad de flujo, y larga vida \u00fatil.<\/p><p>Reduzca el tiempo de inactividad de los cambios y ahorre costes a los clientes.<\/p>\t\t\t\t\t\t\t\t<\/div>\n\t\t\t\t<\/div>\n\t\t\t\t<div class=\"elementor-element elementor-element-7212c41e elementor-align-left elementor-widget elementor-widget-button\" data-id=\"7212c41e\" data-element_type=\"widget\" data-e-type=\"widget\" data-widget_type=\"button.default\">\n\t\t\t\t<div class=\"elementor-widget-container\">\n\t\t\t\t\t\t\t\t\t<div class=\"elementor-button-wrapper\">\n\t\t\t\t\t<a class=\"elementor-button elementor-button-link elementor-size-md\" href=\"\/es\/contacto\/\">\n\t\t\t\t\t\t<span class=\"elementor-button-content-wrapper\">\n\t\t\t\t\t\t\t\t\t<span class=\"elementor-button-text\">Env\u00ede su consulta ahora<\/span>\n\t\t\t\t\t<\/span>\n\t\t\t\t\t<\/a>\n\t\t\t\t<\/div>\n\t\t\t\t\t\t\t\t<\/div>\n\t\t\t\t<\/div>\n\t\t\t\t\t<\/div>\n\t\t<\/div>\n\t\t\t\t\t<\/div>\n\t\t<\/section>\n\t\t\t\t<section class=\"elementor-section elementor-top-section elementor-element elementor-element-4cc8adb6 elementor-section-boxed elementor-section-height-default elementor-section-height-default\" data-id=\"4cc8adb6\" data-element_type=\"section\" data-e-type=\"section\">\n\t\t\t\t\t\t<div class=\"elementor-container elementor-column-gap-default\">\n\t\t\t\t\t<div class=\"elementor-column elementor-col-100 elementor-top-column elementor-element elementor-element-2e273f5d\" data-id=\"2e273f5d\" data-element_type=\"column\" data-e-type=\"column\">\n\t\t\t<div class=\"elementor-widget-wrap elementor-element-populated\">\n\t\t\t\t\t\t<div class=\"elementor-element elementor-element-5d6e730f elementor-widget elementor-widget-text-editor\" data-id=\"5d6e730f\" data-element_type=\"widget\" data-e-type=\"widget\" data-widget_type=\"text-editor.default\">\n\t\t\t\t<div class=\"elementor-widget-container\">\n\t\t\t\t\t\t\t\t\t<p><strong>Aplicaci\u00f3n<\/strong><\/p><p>Filtraci\u00f3n de agua condensada de centrales el\u00e9ctricas<\/p><p>Central el\u00e9ctrica Planta de \u00f3smosis inversa<\/p><p>Cartucho filtrante para eliminaci\u00f3n de hierro en centrales el\u00e9ctricas<\/p><p><strong>Especificaciones t\u00e9cnicas<\/strong><\/p><ol><li><strong>Materiales de construcci\u00f3n<\/strong><\/li><\/ol><table width=\"647\"><tbody><tr><td width=\"111\"><p>Material filtrante<\/p><\/td><td width=\"155\"><p>PP\uff1aPlisado profundo PP\/<\/p><p>Fundir PP<\/p><\/td><td width=\"148\"><p>FO\uff1aFibra org\u00e1nica<\/p><\/td><td width=\"233\"><p>GF\uff1aFibra de vidrio\/Poli\u00e9ster<\/p><\/td><\/tr><tr><td width=\"111\"><p>Soporte<\/p><p>Desv\u00edo<\/p><\/td><td width=\"155\"><p>PP<\/p><\/td><td width=\"148\"><p>Fibra org\u00e1nica<\/p><\/td><td width=\"233\"><p>Poli\u00e9ster<\/p><\/td><\/tr><tr><td width=\"111\"><p>Tapas<\/p><\/td><td width=\"155\"><p>Polipropileno reforzado con fibra de vidrio<\/p><\/td><td width=\"148\"><p>Polipropileno reforzado con fibra de vidrio<\/p><\/td><td width=\"233\"><p>Polipropileno reforzado con fibra de vidrio<\/p><\/td><\/tr><\/tbody><\/table><p>\u00a0<\/p><ol><li><strong>Caracter\u00edsticas de funcionamiento <\/strong><\/li><\/ol><table width=\"518\"><tbody><tr><td width=\"284\"><p>Temperatura m\u00e1xima de funcionamiento<\/p><\/td><td width=\"234\"><p>PP\uff1a82\u00b0C<\/p><p>FO\uff1a120\u2103<\/p><p>GF\uff1a121\u2103<\/p><\/td><\/tr><tr><td width=\"284\"><p>Presi\u00f3n diferencial m\u00e1xima de funcionamiento<\/p><\/td><td width=\"234\"><p>PP\uff1a3,44bar \/ 21\u00b0C<\/p><p>FO\uff1a3,44bar \/ 120\u00b0C<\/p><p>GF\uff1a3,44bar \/ 121\u00b0C<\/p><\/td><\/tr><\/tbody><\/table><p>\u00a0<\/p><ul><li><strong>Par\u00e1metro de dise\u00f1o <\/strong><\/li><\/ul><table width=\"518\"><tbody><tr><td width=\"130\"><p>Talla<\/p><p>(Di\u00e1metro*Longitud)<\/p><\/td><td width=\"113\"><p>Flujo de dise\u00f1o<\/p><p>(m<sup>3<\/sup>\/hr)<\/p><\/td><td width=\"132\"><p>Caudal m\u00e1ximo<\/p><p>(m<sup>3<\/sup>\/hr)<\/p><\/td><td width=\"142\"><p>\u00c1rea de filtrado<\/p><p>(m<sup>2<\/sup>)<\/p><\/td><\/tr><tr><td width=\"130\"><p>6\u2033*20\u2033<\/p><\/td><td width=\"113\"><p>15<\/p><\/td><td width=\"132\"><p>40<\/p><\/td><td width=\"142\"><p>2.6<\/p><\/td><\/tr><tr><td width=\"130\"><p>6\u2033*40\u2033<\/p><\/td><td width=\"113\"><p>30<\/p><\/td><td width=\"132\"><p>80<\/p><\/td><td width=\"142\"><p>5.2<\/p><\/td><\/tr><tr><td width=\"130\"><p>6\u2033*60\u2033<\/p><\/td><td width=\"113\"><p>45<\/p><\/td><td width=\"132\"><p>120<\/p><\/td><td width=\"142\"><p>7.8<\/p><\/td><\/tr><\/tbody><\/table><p><strong>Informaci\u00f3n para pedidos <\/strong><\/p><p>PHF L PP 0500 40 G V ZA \u00a0\u00a0\u00a0\u00a0\u00a0\u00a0\u00a0\u00a0\u00a0\u00a0\u00a0\u00a0\u00a0\u00a0\u00a0\u00a0\u00a0\u00a0\u00a0\u00a0\u00a0\u00a0\u00a0<\/p><table width=\"758\"><tbody><tr><td width=\"41\"><p>Serie<\/p><\/td><td width=\"38\"><p>Tipo<\/p><\/td><td width=\"47\"><p>Medios de comunicaci\u00f3n<\/p><\/td><td colspan=\"4\" width=\"198\"><p>Micron<\/p><\/td><td colspan=\"2\" width=\"66\"><p>Longitud<\/p><\/td><td colspan=\"2\" width=\"113\"><p>Estructura<\/p><\/td><td colspan=\"2\" width=\"85\"><p>Material de la junta<\/p><\/td><td colspan=\"2\" width=\"168\"><p>Tipo de tapa<\/p><\/td><\/tr><tr><td rowspan=\"5\" width=\"41\"><p>PHF<\/p><\/td><td width=\"38\"><p>L<\/p><\/td><td width=\"47\"><p>PP<\/p><\/td><td width=\"38\"><p>0010<\/p><\/td><td width=\"57\"><p>=0,1\u03bcm<\/p><\/td><td width=\"47\"><p>1500<\/p><\/td><td width=\"57\"><p>=15\u03bcm<\/p><\/td><td width=\"28\"><p>20<\/p><\/td><td width=\"38\"><p>=20\u2033<\/p><\/td><td width=\"28\"><p>G<\/p><\/td><td width=\"85\"><p>=PP Jaula exterior<\/p><\/td><td width=\"28\"><p>V<\/p><\/td><td width=\"57\"><p>=Viton<\/p><\/td><td width=\"47\"><p>ZA<\/p><\/td><td width=\"121\"><p>=Anillo \u00fanico\uff08HFK\uff09<\/p><\/td><\/tr><tr><td width=\"38\"><p>LH<\/p><\/td><td width=\"47\"><p>PBT<\/p><\/td><td width=\"38\"><p>0100<\/p><\/td><td width=\"57\"><p>=1,0\u03bcm<\/p><\/td><td width=\"47\"><p>2000<\/p><\/td><td width=\"57\"><p>=20\u03bcm<\/p><\/td><td width=\"28\"><p>40<\/p><\/td><td width=\"38\"><p>=40\u2033<\/p><\/td><td width=\"28\"><p>M<\/p><\/td><td width=\"85\"><p>=Fundido soplado<\/p><\/td><td width=\"28\"><p>S<\/p><\/td><td width=\"57\"><p>=Silicona<\/p><\/td><td width=\"47\"><p>ZB<\/p><\/td><td width=\"121\"><p>=Anillo doble\uff08HFK\uff09<\/p><\/td><\/tr><tr><td width=\"38\"><p>K<\/p><\/td><td width=\"47\"><p>GF<\/p><\/td><td width=\"38\"><p>0500<\/p><\/td><td width=\"57\"><p>=5,0\u03bcm<\/p><\/td><td width=\"47\"><p>4000<\/p><\/td><td width=\"57\"><p>=40\u03bcm<\/p><\/td><td width=\"28\"><p>60<\/p><\/td><td width=\"38\"><p>=60\u2033<\/p><\/td><td width=\"28\"><p>S<\/p><\/td><td width=\"85\"><p>=Red de pl\u00e1stico<\/p><\/td><td width=\"28\"><p>E<\/p><\/td><td width=\"57\"><p>=EPDM<\/p><\/td><td width=\"47\"><p>ZA<\/p><\/td><td width=\"121\"><p>= Tipo\uff08HFM\uff09<\/p><\/td><\/tr><tr><td width=\"38\"><p>M<\/p><\/td><td width=\"47\"><p>\u00a0<\/p><\/td><td width=\"38\"><p>1000<\/p><\/td><td width=\"57\"><p>=10\u03bcm<\/p><\/td><td width=\"47\"><p>7000<\/p><\/td><td width=\"57\"><p>=70\u03bcm<\/p><\/td><td width=\"28\"><p>\u00a0<\/p><\/td><td width=\"38\"><p>\u00a0<\/p><\/td><td width=\"28\"><p>\u00a0<\/p><\/td><td width=\"85\"><p>\u00a0<\/p><\/td><td width=\"28\"><p>\u00a0<\/p><\/td><td width=\"57\"><p>\u00a0<\/p><\/td><td width=\"47\"><p>ZB<\/p><\/td><td width=\"121\"><p>=Tipo: HFM.<\/p><\/td><\/tr><tr><td width=\"38\"><p>W<\/p><\/td><td width=\"47\"><p>\u00a0<\/p><\/td><td width=\"38\"><p>\u00a0<\/p><\/td><td width=\"57\"><p>\u00a0<\/p><\/td><td width=\"47\"><p>1000<\/p><\/td><td width=\"57\"><p>=100\u03bcm<\/p><\/td><td width=\"28\"><p>\u00a0<\/p><\/td><td width=\"38\"><p>\u00a0<\/p><\/td><td colspan=\"2\" width=\"113\"><p>\u00a0<\/p><\/td><td width=\"28\"><p>\u00a0<\/p><\/td><td width=\"57\"><p>\u00a0<\/p><\/td><td width=\"47\"><p>Ninguno<\/p><\/td><td width=\"121\"><p>=\uff08HFL\/HFLH\uff09<\/p><\/td><\/tr><\/tbody><\/table><p>\u00a0<\/p>\t\t\t\t\t\t\t\t<\/div>\n\t\t\t\t<\/div>\n\t\t\t\t\t<\/div>\n\t\t<\/div>\n\t\t\t\t\t<\/div>\n\t\t<\/section>\n\t\t\t\t<\/div>","protected":false},"excerpt":{"rendered":"<p>Previous Next Power Plant Condensate Water High Flow Water Filter Cartridge Power plant condensate water high flow water filter is designed with different big diameters (152mm, 157mm, 160mm), provide big filtration area, high flow rate, and long service life. Reduce the downtime of change-out, save cost for customers. Send Your Inquiry Now Application Power plant [&hellip;]<\/p>\n","protected":false},"author":1,"featured_media":0,"parent":0,"menu_order":0,"comment_status":"closed","ping_status":"closed","template":"","meta":{"_acf_changed":false,"_seopress_robots_primary_cat":"","_seopress_titles_title":"","_seopress_titles_desc":"","_seopress_robots_index":"","_uag_custom_page_level_css":"","site-sidebar-layout":"no-sidebar","site-content-layout":"page-builder","ast-site-content-layout":"default","site-content-style":"default","site-sidebar-style":"default","ast-global-header-display":"","ast-banner-title-visibility":"","ast-main-header-display":"","ast-hfb-above-header-display":"","ast-hfb-below-header-display":"","ast-hfb-mobile-header-display":"","site-post-title":"disabled","ast-breadcrumbs-content":"","ast-featured-img":"disabled","footer-sml-layout":"","theme-transparent-header-meta":"","adv-header-id-meta":"","stick-header-meta":"","header-above-stick-meta":"","header-main-stick-meta":"","header-below-stick-meta":"","astra-migrate-meta-layouts":"default","ast-page-background-enabled":"default","ast-page-background-meta":{"desktop":{"background-color":"","background-image":"","background-repeat":"repeat","background-position":"center center","background-size":"auto","background-attachment":"scroll","background-type":"","background-media":"","overlay-type":"","overlay-color":"","overlay-opacity":"","overlay-gradient":""},"tablet":{"background-color":"","background-image":"","background-repeat":"repeat","background-position":"center center","background-size":"auto","background-attachment":"scroll","background-type":"","background-media":"","overlay-type":"","overlay-color":"","overlay-opacity":"","overlay-gradient":""},"mobile":{"background-color":"","background-image":"","background-repeat":"repeat","background-position":"center center","background-size":"auto","background-attachment":"scroll","background-type":"","background-media":"","overlay-type":"","overlay-color":"","overlay-opacity":"","overlay-gradient":""}},"ast-content-background-meta":{"desktop":{"background-color":"var(--ast-global-color-5)","background-image":"","background-repeat":"repeat","background-position":"center center","background-size":"auto","background-attachment":"scroll","background-type":"","background-media":"","overlay-type":"","overlay-color":"","overlay-opacity":"","overlay-gradient":""},"tablet":{"background-color":"var(--ast-global-color-5)","background-image":"","background-repeat":"repeat","background-position":"center center","background-size":"auto","background-attachment":"scroll","background-type":"","background-media":"","overlay-type":"","overlay-color":"","overlay-opacity":"","overlay-gradient":""},"mobile":{"background-color":"var(--ast-global-color-5)","background-image":"","background-repeat":"repeat","background-position":"center center","background-size":"auto","background-attachment":"scroll","background-type":"","background-media":"","overlay-type":"","overlay-color":"","overlay-opacity":"","overlay-gradient":""}},"footnotes":""},"class_list":["post-2404","page","type-page","status-publish"],"acf":[],"uagb_featured_image_src":{"full":false,"thumbnail":false,"medium":false,"medium_large":false,"large":false,"1536x1536":false,"2048x2048":false,"trp-custom-language-flag":false},"uagb_author_info":{"display_name":"wpx_pullner","author_link":"https:\/\/www.staging.pullnerfilter.com\/es\/author\/wpx_pullner\/"},"uagb_comment_info":0,"uagb_excerpt":"Previous Next Power Plant Condensate Water High Flow Water Filter Cartridge Power plant condensate water high flow water filter is designed with different big diameters (152mm, 157mm, 160mm), provide big filtration area, high flow rate, and long service life. Reduce the downtime of change-out, save cost for customers. Send Your Inquiry Now Application Power plant&hellip;","_links":{"self":[{"href":"https:\/\/www.staging.pullnerfilter.com\/es\/wp-json\/wp\/v2\/pages\/2404","targetHints":{"allow":["GET"]}}],"collection":[{"href":"https:\/\/www.staging.pullnerfilter.com\/es\/wp-json\/wp\/v2\/pages"}],"about":[{"href":"https:\/\/www.staging.pullnerfilter.com\/es\/wp-json\/wp\/v2\/types\/page"}],"author":[{"embeddable":true,"href":"https:\/\/www.staging.pullnerfilter.com\/es\/wp-json\/wp\/v2\/users\/1"}],"replies":[{"embeddable":true,"href":"https:\/\/www.staging.pullnerfilter.com\/es\/wp-json\/wp\/v2\/comments?post=2404"}],"version-history":[{"count":8,"href":"https:\/\/www.staging.pullnerfilter.com\/es\/wp-json\/wp\/v2\/pages\/2404\/revisions"}],"predecessor-version":[{"id":8531,"href":"https:\/\/www.staging.pullnerfilter.com\/es\/wp-json\/wp\/v2\/pages\/2404\/revisions\/8531"}],"wp:attachment":[{"href":"https:\/\/www.staging.pullnerfilter.com\/es\/wp-json\/wp\/v2\/media?parent=2404"}],"curies":[{"name":"wp","href":"https:\/\/api.w.org\/{rel}","templated":true}]}}