{"id":2380,"date":"2023-04-19T00:40:34","date_gmt":"2023-04-19T00:40:34","guid":{"rendered":"https:\/\/www.staging.pullnerfilter.com\/?page_id=2380"},"modified":"2025-11-21T02:12:09","modified_gmt":"2025-11-21T02:12:09","slug":"filtro-de-bolsa-de-recambio-cartucho-de-filtro-de-agua-de-alto-caudal","status":"publish","type":"page","link":"https:\/\/www.staging.pullnerfilter.com\/es\/filtro-de-bolsa-de-recambio-cartucho-de-filtro-de-agua-de-alto-caudal\/","title":{"rendered":"Sustituci\u00f3n del filtro de bolsa Cartucho de filtro de agua de alto caudal"},"content":{"rendered":"<div data-elementor-type=\"wp-page\" data-elementor-id=\"2380\" class=\"elementor elementor-2380\" data-elementor-post-type=\"page\">\n\t\t\t\t\t\t<section class=\"elementor-section elementor-top-section elementor-element elementor-element-db69964 elementor-section-boxed elementor-section-height-default elementor-section-height-default\" data-id=\"db69964\" data-element_type=\"section\" data-e-type=\"section\">\n\t\t\t\t\t\t<div class=\"elementor-container elementor-column-gap-default\">\n\t\t\t\t\t<div class=\"elementor-column elementor-col-50 elementor-top-column elementor-element elementor-element-6b609026\" data-id=\"6b609026\" data-element_type=\"column\" data-e-type=\"column\">\n\t\t\t<div class=\"elementor-widget-wrap elementor-element-populated\">\n\t\t\t\t\t\t<div class=\"elementor-element elementor-element-2dd51afa elementor-arrows-position-inside elementor-pagination-position-outside elementor-widget elementor-widget-image-carousel\" data-id=\"2dd51afa\" data-element_type=\"widget\" data-e-type=\"widget\" data-settings=\"{&quot;slides_to_show&quot;:&quot;1&quot;,&quot;navigation&quot;:&quot;both&quot;,&quot;autoplay&quot;:&quot;yes&quot;,&quot;pause_on_hover&quot;:&quot;yes&quot;,&quot;pause_on_interaction&quot;:&quot;yes&quot;,&quot;autoplay_speed&quot;:5000,&quot;infinite&quot;:&quot;yes&quot;,&quot;effect&quot;:&quot;slide&quot;,&quot;speed&quot;:500}\" data-widget_type=\"image-carousel.default\">\n\t\t\t\t<div class=\"elementor-widget-container\">\n\t\t\t\t\t\t\t<div class=\"elementor-image-carousel-wrapper swiper\" role=\"region\" aria-roledescription=\"carousel\" aria-label=\"Carrusel de im\u00e1genes\" dir=\"ltr\">\n\t\t\t<div class=\"elementor-image-carousel swiper-wrapper swiper-image-stretch\" aria-live=\"off\">\n\t\t\t\t\t\t\t\t<div class=\"swiper-slide\" role=\"group\" aria-roledescription=\"slide\" aria-label=\"1 de 5\"><figure class=\"swiper-slide-inner\"><img decoding=\"async\" class=\"swiper-slide-image\" src=\"https:\/\/www.staging.pullnerfilter.com\/wp-content\/uploads\/2023\/04\/Replace-Bag-filter-High-Flow-Water-Filter-Cartridge.jpg\" alt=\"Sustituci\u00f3n del filtro de bolsa Cartucho de filtro de agua de alto caudal\" \/><\/figure><\/div><div class=\"swiper-slide\" role=\"group\" aria-roledescription=\"slide\" aria-label=\"2 de 5\"><figure class=\"swiper-slide-inner\"><img decoding=\"async\" class=\"swiper-slide-image\" src=\"https:\/\/www.staging.pullnerfilter.com\/wp-content\/uploads\/2023\/04\/Replace-Bag-filter-High-Flow-Water-Filter-Cartridge2.jpg\" alt=\"Sustituci\u00f3n del filtro de bolsa Cartucho de filtro de agua de alto caudal2\" \/><\/figure><\/div><div class=\"swiper-slide\" role=\"group\" aria-roledescription=\"slide\" aria-label=\"3 de 5\"><figure class=\"swiper-slide-inner\"><img decoding=\"async\" class=\"swiper-slide-image\" src=\"https:\/\/www.staging.pullnerfilter.com\/wp-content\/uploads\/2023\/04\/Replace-Bag-filter-High-Flow-Water-Filter-Cartridge3.jpg\" alt=\"Sustituci\u00f3n del filtro de bolsa Cartucho de filtro de agua de alto caudal3\" \/><\/figure><\/div><div class=\"swiper-slide\" role=\"group\" aria-roledescription=\"slide\" aria-label=\"4 de 5\"><figure class=\"swiper-slide-inner\"><img decoding=\"async\" class=\"swiper-slide-image\" src=\"https:\/\/www.staging.pullnerfilter.com\/wp-content\/uploads\/2023\/04\/Replace-Bag-filter-High-Flow-Water-Filter-Cartridge1.jpg\" alt=\"Sustituci\u00f3n del filtro de bolsa Cartucho de filtro de agua de alto caudal1\" \/><\/figure><\/div><div class=\"swiper-slide\" role=\"group\" aria-roledescription=\"slide\" aria-label=\"5 de 5\"><figure class=\"swiper-slide-inner\"><img decoding=\"async\" class=\"swiper-slide-image\" src=\"https:\/\/www.staging.pullnerfilter.com\/wp-content\/uploads\/2023\/04\/Replace-Bag-filter-High-Flow-Water-Filter-Cartridge-application.jpg\" alt=\"Filtro de bolsa de recambio Filtro de agua de alto caudal Aplicaci\u00f3n de cartucho\" \/><\/figure><\/div>\t\t\t<\/div>\n\t\t\t\t\t\t\t\t\t\t\t\t<div class=\"elementor-swiper-button elementor-swiper-button-prev\" role=\"button\" tabindex=\"0\">\n\t\t\t\t\t\t<i aria-hidden=\"true\" class=\"eicon-chevron-left\"><\/i>\t\t\t\t\t<\/div>\n\t\t\t\t\t<div class=\"elementor-swiper-button elementor-swiper-button-next\" role=\"button\" tabindex=\"0\">\n\t\t\t\t\t\t<i aria-hidden=\"true\" class=\"eicon-chevron-right\"><\/i>\t\t\t\t\t<\/div>\n\t\t\t\t\n\t\t\t\t\t\t\t\t\t<div class=\"swiper-pagination\"><\/div>\n\t\t\t\t\t\t\t\t\t<\/div>\n\t\t\t\t\t\t<\/div>\n\t\t\t\t<\/div>\n\t\t\t\t\t<\/div>\n\t\t<\/div>\n\t\t\t\t<div class=\"elementor-column elementor-col-50 elementor-top-column elementor-element elementor-element-2325fdb4\" data-id=\"2325fdb4\" data-element_type=\"column\" data-e-type=\"column\">\n\t\t\t<div class=\"elementor-widget-wrap elementor-element-populated\">\n\t\t\t\t\t\t<div class=\"elementor-element elementor-element-25979b4b elementor-widget elementor-widget-heading\" data-id=\"25979b4b\" data-element_type=\"widget\" data-e-type=\"widget\" data-widget_type=\"heading.default\">\n\t\t\t\t<div class=\"elementor-widget-container\">\n\t\t\t\t\t<h1 class=\"elementor-heading-title elementor-size-default\">Sustituci\u00f3n del filtro de bolsa Cartucho de filtro de agua de alto caudal<\/h1>\t\t\t\t<\/div>\n\t\t\t\t<\/div>\n\t\t\t\t<div class=\"elementor-element elementor-element-69bef5b7 elementor-widget elementor-widget-text-editor\" data-id=\"69bef5b7\" data-element_type=\"widget\" data-e-type=\"widget\" data-widget_type=\"text-editor.default\">\n\t\t\t\t<div class=\"elementor-widget-container\">\n\t\t\t\t\t\t\t\t\t<p>Bolsa serie PLBG <a href=\"https:\/\/www.pullnerfilter.com\/high-flow-filter-cartridge\/\">cartucho filtrante plisado de alto caudal<\/a> est\u00e1 dise\u00f1ado para reemplazar los filtros de bolsa No.1 y No.2 tama\u00f1o. PP tipo plisado proporcionar mayor \u00e1rea de filtraci\u00f3n 5 veces que el filtro de bolsa.<\/p><p>Tiene una mayor eficacia de filtraci\u00f3n y una vida \u00fatil m\u00e1s larga que los filtros de mangas. Longitud personalizada para diferentes requisitos.<\/p>\t\t\t\t\t\t\t\t<\/div>\n\t\t\t\t<\/div>\n\t\t\t\t<div class=\"elementor-element elementor-element-74bc661a elementor-align-left elementor-widget elementor-widget-button\" data-id=\"74bc661a\" data-element_type=\"widget\" data-e-type=\"widget\" data-widget_type=\"button.default\">\n\t\t\t\t<div class=\"elementor-widget-container\">\n\t\t\t\t\t\t\t\t\t<div class=\"elementor-button-wrapper\">\n\t\t\t\t\t<a class=\"elementor-button elementor-button-link elementor-size-md\" href=\"\/es\/contacto\/\">\n\t\t\t\t\t\t<span class=\"elementor-button-content-wrapper\">\n\t\t\t\t\t\t\t\t\t<span class=\"elementor-button-text\">Env\u00ede su consulta ahora<\/span>\n\t\t\t\t\t<\/span>\n\t\t\t\t\t<\/a>\n\t\t\t\t<\/div>\n\t\t\t\t\t\t\t\t<\/div>\n\t\t\t\t<\/div>\n\t\t\t\t\t<\/div>\n\t\t<\/div>\n\t\t\t\t\t<\/div>\n\t\t<\/section>\n\t\t\t\t<section class=\"elementor-section elementor-top-section elementor-element elementor-element-7aa7c933 elementor-section-boxed elementor-section-height-default elementor-section-height-default\" data-id=\"7aa7c933\" data-element_type=\"section\" data-e-type=\"section\">\n\t\t\t\t\t\t<div class=\"elementor-container elementor-column-gap-default\">\n\t\t\t\t\t<div class=\"elementor-column elementor-col-100 elementor-top-column elementor-element elementor-element-256c0b8b\" data-id=\"256c0b8b\" data-element_type=\"column\" data-e-type=\"column\">\n\t\t\t<div class=\"elementor-widget-wrap elementor-element-populated\">\n\t\t\t\t\t\t<div class=\"elementor-element elementor-element-3172221b elementor-widget elementor-widget-text-editor\" data-id=\"3172221b\" data-element_type=\"widget\" data-e-type=\"widget\" data-widget_type=\"text-editor.default\">\n\t\t\t\t<div class=\"elementor-widget-container\">\n\t\t\t\t\t\t\t\t\t<p><strong>Aplicaci\u00f3n<\/strong><\/p><p>Microelectr\u00f3nica: Semiconductores, almacenamiento de datos, industria de pantallas, agua ultrapura, CMP y grabado y limpieza en h\u00famedo;<\/p><p>Industria farmac\u00e9utica: Filtraci\u00f3n de preparados, APIS est\u00e9riles, productos biol\u00f3gicos;<\/p><p>Alimentaci\u00f3n y bebidas: Agua embotellada, Cerveza, Refrescos, Filtraci\u00f3n de l\u00e1cteos;<\/p><p>Central el\u00e9ctrica: Sistema de condensado, reciclaje y reducci\u00f3n de agua;<\/p><p>Desalinizaci\u00f3n: Sistema SWRO, Planta RO;<\/p><p>Petr\u00f3leo y gas: Filtraci\u00f3n de agua de proceso;<\/p><p><a href=\"https:\/\/www.pullnerfilter.com\/automotive-manufacturing-filtration-solutions\/\">Industria automovil\u00edstica<\/a>: Lavado de piezas, pretratamiento y galvanoplastia, sellado, pintura y revestimientos;<\/p><p><strong>Especificaciones t\u00e9cnicas<\/strong><\/p><ol><li>Construcci\u00f3n material<\/li><\/ol><table width=\"527\"><tbody><tr><td width=\"127\"><p>Medio filtrante<\/p><\/td><td width=\"201\"><p>PP: PP plisado profundo\/PP fundido<\/p><\/td><td width=\"198\"><p>GF: Resina sint\u00e9tica de fibra de vidrio<\/p><\/td><\/tr><tr><td width=\"127\"><p>Apoyo\/Drenaje<\/p><\/td><td width=\"201\"><p>PP<\/p><\/td><td width=\"198\"><p>Poli\u00e9ster<\/p><\/td><\/tr><tr><td width=\"127\"><p>Material de la tapa<\/p><\/td><td width=\"201\"><p>Polipropileno reforzado con fibra de vidrio<\/p><\/td><td width=\"198\"><p>Polipropileno reforzado con fibra de vidrio<\/p><\/td><\/tr><\/tbody><\/table><ol><li>Rendimiento<\/li><\/ol><table width=\"528\"><tbody><tr><td width=\"259\"><p>Temperatura m\u00e1xima de funcionamiento<\/p><\/td><td width=\"269\"><p>PP: 82\u2103<\/p><\/td><\/tr><tr><td width=\"259\"><p>Presi\u00f3n diferencial m\u00e1xima de funcionamiento<\/p><\/td><td width=\"269\"><p>PP: 3,44bar \/ 21\u00b0C<\/p><\/td><\/tr><\/tbody><\/table><p><strong>Informaci\u00f3n para pedidos <\/strong><\/p><p>PHF BG PP 0500 40 G V\u00a0\u00a0\u00a0\u00a0\u00a0\u00a0\u00a0\u00a0\u00a0\u00a0 \u00a0\u00a0\u00a0\u00a0\u00a0\u00a0\u00a0\u00a0\u00a0\u00a0\u00a0\u00a0\u00a0\u00a0\u00a0\u00a0\u00a0\u00a0\u00a0\u00a0\u00a0\u00a0\u00a0<\/p><table width=\"589\"><tbody><tr><td width=\"41\"><p>Serie<\/p><\/td><td width=\"38\"><p>Tipo<\/p><\/td><td width=\"47\"><p>Medios de comunicaci\u00f3n<\/p><\/td><td colspan=\"4\" width=\"198\"><p>Micron<\/p><\/td><td colspan=\"2\" width=\"66\"><p>Longitud<\/p><\/td><td colspan=\"2\" width=\"113\"><p>Estructura<\/p><\/td><td colspan=\"2\" width=\"85\"><p>Material de la junta<\/p><\/td><\/tr><tr><td rowspan=\"5\" width=\"41\"><p>PHF<\/p><\/td><td width=\"38\"><p>BG<\/p><\/td><td width=\"47\"><p>PP<\/p><\/td><td width=\"38\"><p>0010<\/p><\/td><td width=\"57\"><p>=0,1\u03bcm<\/p><\/td><td width=\"47\"><p>1500<\/p><\/td><td width=\"57\"><p>=15\u03bcm<\/p><\/td><td width=\"28\"><p>20<\/p><\/td><td width=\"38\"><p>=20\u2033<\/p><\/td><td width=\"28\"><p>G<\/p><\/td><td width=\"85\"><p>=PP Jaula exterior<\/p><\/td><td width=\"28\"><p>V<\/p><\/td><td width=\"57\"><p>=Viton<\/p><\/td><\/tr><tr><td width=\"38\">\u00a0<\/td><td width=\"47\"><p>PBT<\/p><\/td><td width=\"38\"><p>0100<\/p><\/td><td width=\"57\"><p>=1,0\u03bcm<\/p><\/td><td width=\"47\"><p>2000<\/p><\/td><td width=\"57\"><p>=20\u03bcm<\/p><\/td><td width=\"28\"><p>40<\/p><\/td><td width=\"38\"><p>=40\u2033<\/p><\/td><td width=\"28\"><p>M<\/p><\/td><td width=\"85\"><p>=Fundido soplado<\/p><\/td><td width=\"28\"><p>S<\/p><\/td><td width=\"57\"><p>=Silicona<\/p><\/td><\/tr><tr><td width=\"38\">\u00a0<\/td><td width=\"47\"><p>GF<\/p><\/td><td width=\"38\"><p>0500<\/p><\/td><td width=\"57\"><p>=5,0\u03bcm<\/p><\/td><td width=\"47\"><p>4000<\/p><\/td><td width=\"57\"><p>=40\u03bcm<\/p><\/td><td width=\"28\"><p>60<\/p><\/td><td width=\"38\"><p>=60\u2033<\/p><\/td><td width=\"28\"><p>S<\/p><\/td><td width=\"85\"><p>=Red de pl\u00e1stico<\/p><\/td><td width=\"28\"><p>E<\/p><\/td><td width=\"57\"><p>=EPDM<\/p><\/td><\/tr><tr><td width=\"38\">\u00a0<\/td><td width=\"47\">\u00a0<\/td><td width=\"38\"><p>1000<\/p><\/td><td width=\"57\"><p>=10\u03bcm<\/p><\/td><td width=\"47\"><p>7000<\/p><\/td><td width=\"57\"><p>=70\u03bcm<\/p><\/td><td width=\"28\">\u00a0<\/td><td width=\"38\">\u00a0<\/td><td width=\"28\">\u00a0<\/td><td width=\"85\">\u00a0<\/td><td width=\"28\">\u00a0<\/td><td width=\"57\">\u00a0<\/td><\/tr><tr><td width=\"38\">\u00a0<\/td><td width=\"47\">\u00a0<\/td><td width=\"38\">\u00a0<\/td><td width=\"57\">\u00a0<\/td><td width=\"47\"><p>1000<\/p><\/td><td width=\"57\"><p>=100\u03bcm<\/p><\/td><td width=\"28\">\u00a0<\/td><td width=\"38\">\u00a0<\/td><td colspan=\"2\" width=\"113\">\u00a0<\/td><td width=\"28\">\u00a0<\/td><td width=\"57\">\u00a0<\/td><\/tr><\/tbody><\/table>\t\t\t\t\t\t\t\t<\/div>\n\t\t\t\t<\/div>\n\t\t\t\t\t<\/div>\n\t\t<\/div>\n\t\t\t\t\t<\/div>\n\t\t<\/section>\n\t\t\t\t<\/div>","protected":false},"excerpt":{"rendered":"<p>Replace Bag filter High Flow Water Filter Cartridge PLBG series bag pleated high flow filter cartridge is designed to replace bag filters No.1 and No.2 size. PP pleated type provide bigger filtration area 5 times than bag filter. It has higher filtration efficiency and longer service life than bag filters. Customized length for different requirements. [&hellip;]<\/p>\n","protected":false},"author":1,"featured_media":0,"parent":0,"menu_order":0,"comment_status":"closed","ping_status":"closed","template":"","meta":{"_acf_changed":false,"_seopress_robots_primary_cat":"","_seopress_titles_title":"","_seopress_titles_desc":"","_seopress_robots_index":"","_uag_custom_page_level_css":"","site-sidebar-layout":"no-sidebar","site-content-layout":"page-builder","ast-site-content-layout":"default","site-content-style":"default","site-sidebar-style":"default","ast-global-header-display":"","ast-banner-title-visibility":"","ast-main-header-display":"","ast-hfb-above-header-display":"","ast-hfb-below-header-display":"","ast-hfb-mobile-header-display":"","site-post-title":"disabled","ast-breadcrumbs-content":"","ast-featured-img":"disabled","footer-sml-layout":"","theme-transparent-header-meta":"","adv-header-id-meta":"","stick-header-meta":"","header-above-stick-meta":"","header-main-stick-meta":"","header-below-stick-meta":"","astra-migrate-meta-layouts":"default","ast-page-background-enabled":"default","ast-page-background-meta":{"desktop":{"background-color":"","background-image":"","background-repeat":"repeat","background-position":"center center","background-size":"auto","background-attachment":"scroll","background-type":"","background-media":"","overlay-type":"","overlay-color":"","overlay-opacity":"","overlay-gradient":""},"tablet":{"background-color":"","background-image":"","background-repeat":"repeat","background-position":"center center","background-size":"auto","background-attachment":"scroll","background-type":"","background-media":"","overlay-type":"","overlay-color":"","overlay-opacity":"","overlay-gradient":""},"mobile":{"background-color":"","background-image":"","background-repeat":"repeat","background-position":"center center","background-size":"auto","background-attachment":"scroll","background-type":"","background-media":"","overlay-type":"","overlay-color":"","overlay-opacity":"","overlay-gradient":""}},"ast-content-background-meta":{"desktop":{"background-color":"var(--ast-global-color-5)","background-image":"","background-repeat":"repeat","background-position":"center center","background-size":"auto","background-attachment":"scroll","background-type":"","background-media":"","overlay-type":"","overlay-color":"","overlay-opacity":"","overlay-gradient":""},"tablet":{"background-color":"var(--ast-global-color-5)","background-image":"","background-repeat":"repeat","background-position":"center center","background-size":"auto","background-attachment":"scroll","background-type":"","background-media":"","overlay-type":"","overlay-color":"","overlay-opacity":"","overlay-gradient":""},"mobile":{"background-color":"var(--ast-global-color-5)","background-image":"","background-repeat":"repeat","background-position":"center center","background-size":"auto","background-attachment":"scroll","background-type":"","background-media":"","overlay-type":"","overlay-color":"","overlay-opacity":"","overlay-gradient":""}},"footnotes":""},"class_list":["post-2380","page","type-page","status-publish"],"acf":[],"uagb_featured_image_src":{"full":false,"thumbnail":false,"medium":false,"medium_large":false,"large":false,"1536x1536":false,"2048x2048":false,"trp-custom-language-flag":false},"uagb_author_info":{"display_name":"wpx_pullner","author_link":"https:\/\/www.staging.pullnerfilter.com\/es\/author\/wpx_pullner\/"},"uagb_comment_info":0,"uagb_excerpt":"Replace Bag filter High Flow Water Filter Cartridge PLBG series bag pleated high flow filter cartridge is designed to replace bag filters No.1 and No.2 size. PP pleated type provide bigger filtration area 5 times than bag filter. It has higher filtration efficiency and longer service life than bag filters. Customized length for different requirements.&hellip;","_links":{"self":[{"href":"https:\/\/www.staging.pullnerfilter.com\/es\/wp-json\/wp\/v2\/pages\/2380","targetHints":{"allow":["GET"]}}],"collection":[{"href":"https:\/\/www.staging.pullnerfilter.com\/es\/wp-json\/wp\/v2\/pages"}],"about":[{"href":"https:\/\/www.staging.pullnerfilter.com\/es\/wp-json\/wp\/v2\/types\/page"}],"author":[{"embeddable":true,"href":"https:\/\/www.staging.pullnerfilter.com\/es\/wp-json\/wp\/v2\/users\/1"}],"replies":[{"embeddable":true,"href":"https:\/\/www.staging.pullnerfilter.com\/es\/wp-json\/wp\/v2\/comments?post=2380"}],"version-history":[{"count":8,"href":"https:\/\/www.staging.pullnerfilter.com\/es\/wp-json\/wp\/v2\/pages\/2380\/revisions"}],"predecessor-version":[{"id":8522,"href":"https:\/\/www.staging.pullnerfilter.com\/es\/wp-json\/wp\/v2\/pages\/2380\/revisions\/8522"}],"wp:attachment":[{"href":"https:\/\/www.staging.pullnerfilter.com\/es\/wp-json\/wp\/v2\/media?parent=2380"}],"curies":[{"name":"wp","href":"https:\/\/api.w.org\/{rel}","templated":true}]}}