{"id":2361,"date":"2023-04-19T00:30:28","date_gmt":"2023-04-19T00:30:28","guid":{"rendered":"https:\/\/www.staging.pullnerfilter.com\/?page_id=2361"},"modified":"2026-02-13T02:34:17","modified_gmt":"2026-02-13T02:34:17","slug":"cartucho-de-filtro-de-agua-de-alto-flujo-reemplazar-pentair-aqualine","status":"publish","type":"page","link":"https:\/\/www.staging.pullnerfilter.com\/es\/cartucho-de-filtro-de-agua-de-alto-flujo-reemplazar-pentair-aqualine\/","title":{"rendered":"Sustituci\u00f3n del cartucho de filtro de agua de alto caudal Pentair Aqualine"},"content":{"rendered":"<div data-elementor-type=\"wp-page\" data-elementor-id=\"2361\" class=\"elementor elementor-2361\" data-elementor-post-type=\"page\">\n\t\t\t\t\t\t<section class=\"elementor-section elementor-top-section elementor-element elementor-element-364e5ba1 elementor-section-boxed elementor-section-height-default elementor-section-height-default\" data-id=\"364e5ba1\" data-element_type=\"section\" data-e-type=\"section\">\n\t\t\t\t\t\t<div class=\"elementor-container elementor-column-gap-default\">\n\t\t\t\t\t<div class=\"elementor-column elementor-col-50 elementor-top-column elementor-element elementor-element-2e1b2044\" data-id=\"2e1b2044\" data-element_type=\"column\" data-e-type=\"column\">\n\t\t\t<div class=\"elementor-widget-wrap elementor-element-populated\">\n\t\t\t\t\t\t<div class=\"elementor-element elementor-element-485a6e0f elementor-arrows-position-inside elementor-pagination-position-outside elementor-widget elementor-widget-image-carousel\" data-id=\"485a6e0f\" data-element_type=\"widget\" data-e-type=\"widget\" data-settings=\"{&quot;slides_to_show&quot;:&quot;1&quot;,&quot;navigation&quot;:&quot;both&quot;,&quot;autoplay&quot;:&quot;yes&quot;,&quot;pause_on_hover&quot;:&quot;yes&quot;,&quot;pause_on_interaction&quot;:&quot;yes&quot;,&quot;autoplay_speed&quot;:5000,&quot;infinite&quot;:&quot;yes&quot;,&quot;effect&quot;:&quot;slide&quot;,&quot;speed&quot;:500}\" data-widget_type=\"image-carousel.default\">\n\t\t\t\t<div class=\"elementor-widget-container\">\n\t\t\t\t\t\t\t<div class=\"elementor-image-carousel-wrapper swiper\" role=\"region\" aria-roledescription=\"carousel\" aria-label=\"Carrusel de im\u00e1genes\" dir=\"ltr\">\n\t\t\t<div class=\"elementor-image-carousel swiper-wrapper swiper-image-stretch\" aria-live=\"off\">\n\t\t\t\t\t\t\t\t<div class=\"swiper-slide\" role=\"group\" aria-roledescription=\"slide\" aria-label=\"1 \u0645\u0646 5\" data-no-translation-aria-label=\"\"><figure class=\"swiper-slide-inner\"><img decoding=\"async\" class=\"swiper-slide-image\" src=\"https:\/\/www.staging.pullnerfilter.com\/wp-content\/uploads\/2023\/04\/High-Flow-Water-Filter-Cartridge-Replace-Pentair-Aqualine.jpg\" alt=\"Sustituci\u00f3n del cartucho de filtro de agua de alto caudal Pentair Aqualine\" \/><\/figure><\/div><div class=\"swiper-slide\" role=\"group\" aria-roledescription=\"slide\" aria-label=\"2 \u0645\u0646 5\" data-no-translation-aria-label=\"\"><figure class=\"swiper-slide-inner\"><img decoding=\"async\" class=\"swiper-slide-image\" src=\"https:\/\/www.staging.pullnerfilter.com\/wp-content\/uploads\/2023\/04\/High-Flow-Water-Filter-Cartridges-Replace-Pentair-Aqualine.jpg\" alt=\"Sustituci\u00f3n de cartuchos de filtro de agua de alto caudal Pentair Aqualine\" \/><\/figure><\/div><div class=\"swiper-slide\" role=\"group\" aria-roledescription=\"slide\" aria-label=\"3 \u0645\u0646 5\" data-no-translation-aria-label=\"\"><figure class=\"swiper-slide-inner\"><img decoding=\"async\" class=\"swiper-slide-image\" src=\"https:\/\/www.staging.pullnerfilter.com\/wp-content\/uploads\/2023\/04\/Replace-Pentair-Aqualine.jpg\" alt=\"Sustituir Pentair Aqualine\" \/><\/figure><\/div><div class=\"swiper-slide\" role=\"group\" aria-roledescription=\"slide\" aria-label=\"4 \u0645\u0646 5\" data-no-translation-aria-label=\"\"><figure class=\"swiper-slide-inner\"><img decoding=\"async\" class=\"swiper-slide-image\" src=\"https:\/\/www.staging.pullnerfilter.com\/wp-content\/uploads\/2023\/04\/Pentair-Aqualine-application.jpg\" alt=\"Aplicaci\u00f3n Pentair Aqualine\" \/><\/figure><\/div><div class=\"swiper-slide\" role=\"group\" aria-roledescription=\"slide\" aria-label=\"5 \u0645\u0646 5\" data-no-translation-aria-label=\"\"><figure class=\"swiper-slide-inner\"><img decoding=\"async\" class=\"swiper-slide-image\" src=\"https:\/\/www.staging.pullnerfilter.com\/wp-content\/uploads\/2023\/04\/use-High-Flow-Water-Filter-Cartridge-Replace-Pentair-Aqualine.jpg\" alt=\"usar cartucho de filtro de agua de alto flujo reemplazar Pentair Aqualine\" \/><\/figure><\/div>\t\t\t<\/div>\n\t\t\t\t\t\t\t\t\t\t\t\t<div class=\"elementor-swiper-button elementor-swiper-button-prev\" role=\"button\" tabindex=\"0\">\n\t\t\t\t\t\t<i aria-hidden=\"true\" class=\"eicon-chevron-left\"><\/i>\t\t\t\t\t<\/div>\n\t\t\t\t\t<div class=\"elementor-swiper-button elementor-swiper-button-next\" role=\"button\" tabindex=\"0\">\n\t\t\t\t\t\t<i aria-hidden=\"true\" class=\"eicon-chevron-right\"><\/i>\t\t\t\t\t<\/div>\n\t\t\t\t\n\t\t\t\t\t\t\t\t\t<div class=\"swiper-pagination\"><\/div>\n\t\t\t\t\t\t\t\t\t<\/div>\n\t\t\t\t\t\t<\/div>\n\t\t\t\t<\/div>\n\t\t\t\t\t<\/div>\n\t\t<\/div>\n\t\t\t\t<div class=\"elementor-column elementor-col-50 elementor-top-column elementor-element elementor-element-21efc83b\" data-id=\"21efc83b\" data-element_type=\"column\" data-e-type=\"column\">\n\t\t\t<div class=\"elementor-widget-wrap elementor-element-populated\">\n\t\t\t\t\t\t<div class=\"elementor-element elementor-element-3cfdaa20 elementor-widget elementor-widget-heading\" data-id=\"3cfdaa20\" data-element_type=\"widget\" data-e-type=\"widget\" data-widget_type=\"heading.default\">\n\t\t\t\t<div class=\"elementor-widget-container\">\n\t\t\t\t\t<h1 class=\"elementor-heading-title elementor-size-default\">Sustituci\u00f3n del cartucho de filtro de agua de alto caudal Pentair Aqualine<\/h1>\t\t\t\t<\/div>\n\t\t\t\t<\/div>\n\t\t\t\t<div class=\"elementor-element elementor-element-7fa9cadb elementor-widget elementor-widget-text-editor\" data-id=\"7fa9cadb\" data-element_type=\"widget\" data-e-type=\"widget\" data-widget_type=\"text-editor.default\">\n\t\t\t\t<div class=\"elementor-widget-container\">\n\t\t\t\t\t\t\t\t\t<p>Serie PFLBT <a href=\"https:\/\/www.pullnerfilter.com\/high-flow-filter-cartridge\/\">cartucho filtrante de alto caudal<\/a> es el recambio de cartucho de filtro de agua de alto caudal Pentair Aqualine. La construcci\u00f3n de polipropileno proporciona resistencia qu\u00edmica superior.<\/p><p>Su gran di\u00e1metro (6,75\u2033) con un flujo exterior-interior permite utilizar una carcasa mucho m\u00e1s peque\u00f1a y menos elementos filtrantes. Mejor rentabilidad, menor gasto, servicio personalizado. Reducir el coste de funcionamiento y mantenimiento del elemento filtrante.<\/p>\t\t\t\t\t\t\t\t<\/div>\n\t\t\t\t<\/div>\n\t\t\t\t<div class=\"elementor-element elementor-element-7d3556b8 elementor-align-left elementor-widget elementor-widget-button\" data-id=\"7d3556b8\" data-element_type=\"widget\" data-e-type=\"widget\" data-widget_type=\"button.default\">\n\t\t\t\t<div class=\"elementor-widget-container\">\n\t\t\t\t\t\t\t\t\t<div class=\"elementor-button-wrapper\">\n\t\t\t\t\t<a class=\"elementor-button elementor-button-link elementor-size-md\" href=\"\/es\/contacto\/\">\n\t\t\t\t\t\t<span class=\"elementor-button-content-wrapper\">\n\t\t\t\t\t\t\t\t\t<span class=\"elementor-button-text\">Env\u00ede su consulta ahora<\/span>\n\t\t\t\t\t<\/span>\n\t\t\t\t\t<\/a>\n\t\t\t\t<\/div>\n\t\t\t\t\t\t\t\t<\/div>\n\t\t\t\t<\/div>\n\t\t\t\t\t<\/div>\n\t\t<\/div>\n\t\t\t\t\t<\/div>\n\t\t<\/section>\n\t\t\t\t<section class=\"elementor-section elementor-top-section elementor-element elementor-element-202d9794 elementor-section-boxed elementor-section-height-default elementor-section-height-default\" data-id=\"202d9794\" data-element_type=\"section\" data-e-type=\"section\">\n\t\t\t\t\t\t<div class=\"elementor-container elementor-column-gap-default\">\n\t\t\t\t\t<div class=\"elementor-column elementor-col-100 elementor-top-column elementor-element elementor-element-2a0369c\" data-id=\"2a0369c\" data-element_type=\"column\" data-e-type=\"column\">\n\t\t\t<div class=\"elementor-widget-wrap elementor-element-populated\">\n\t\t\t\t\t\t<div class=\"elementor-element elementor-element-14fd39fe elementor-widget elementor-widget-text-editor\" data-id=\"14fd39fe\" data-element_type=\"widget\" data-e-type=\"widget\" data-widget_type=\"text-editor.default\">\n\t\t\t\t<div class=\"elementor-widget-container\">\n\t\t\t\t\t\t\t\t\t<p><strong>Aplicaci\u00f3n<\/strong><\/p><p>Microelectr\u00f3nica: Semiconductores, almacenamiento de datos, industria de pantallas, agua ultrapura, CMP y grabado y limpieza en h\u00famedo;<\/p><p>Industria farmac\u00e9utica: Filtraci\u00f3n de preparados, APIS est\u00e9riles, productos biol\u00f3gicos;<\/p><p>Alimentaci\u00f3n y bebidas: Agua embotellada, Cerveza, Refrescos, Filtraci\u00f3n de l\u00e1cteos;<\/p><p>Central el\u00e9ctrica: Sistema de condensado, reciclaje y reducci\u00f3n de agua;<\/p><p>Desalinizaci\u00f3n: Sistema SWRO, Planta RO;<\/p><p>Petr\u00f3leo y gas: Filtraci\u00f3n de agua de proceso;<\/p><p><a href=\"https:\/\/www.pullnerfilter.com\/automotive-manufacturing-filtration-solutions\/\">Industria automovil\u00edstica<\/a>: Lavado de piezas, pretratamiento y galvanoplastia, sellado, pintura y revestimientos;<\/p><p><img fetchpriority=\"high\" decoding=\"async\" class=\"aligncenter wp-image-2375 size-full\" src=\"https:\/\/www.pullnerfilter.com\/wp-content\/uploads\/2023\/04\/use-High-Flow-Water-Filter-Cartridge-Replace-Pentair-Aqualine.jpg\" alt=\"usar cartucho de filtro de agua de alto flujo reemplazar Pentair Aqualine\" width=\"630\" height=\"424\" srcset=\"https:\/\/www.staging.pullnerfilter.com\/wp-content\/uploads\/2023\/04\/use-High-Flow-Water-Filter-Cartridge-Replace-Pentair-Aqualine.jpg 630w, https:\/\/www.staging.pullnerfilter.com\/wp-content\/uploads\/2023\/04\/use-High-Flow-Water-Filter-Cartridge-Replace-Pentair-Aqualine-300x202.jpg 300w\" sizes=\"(max-width: 630px) 100vw, 630px\" \/><\/p><p><strong>Especificaciones t\u00e9cnicas<\/strong><\/p><p>6,75\u2033 de di\u00e1metro grande y 40\u2033\/60\u2033 de longitud.<\/p><p>Medio filtrante de polipropileno soplado por fusi\u00f3n.<\/p><p>N\u00facleo central de PP reforzado.<\/p><p>23 veces m\u00e1s pies cuadrados de medio filtrante que el utilizado en un filtro plegado est\u00e1ndar de 10\u2033.<\/p><p>Junta t\u00f3rica positiva.<\/p><p>Amplia gama de compatibilidad qu\u00edmica.<\/p><p>Coincidencia perfecta con los recipientes originales Pentair Aqualine de FRP de alto caudal.<\/p><p>Mayor rentabilidad en el proceso de prefiltraci\u00f3n por \u00f3smosis inversa.<\/p><p>Servicios OEM\/ODM disponibles.<\/p><p>La estructura multicapa de la membrana proporciona una filtraci\u00f3n graduada<\/p><p><img decoding=\"async\" class=\"aligncenter wp-image-2374 size-full\" src=\"https:\/\/www.pullnerfilter.com\/wp-content\/uploads\/2023\/04\/Pentair-Aqualine-application.jpg\" alt=\"Aplicaci\u00f3n Pentair Aqualine\" width=\"577\" height=\"397\" srcset=\"https:\/\/www.staging.pullnerfilter.com\/wp-content\/uploads\/2023\/04\/Pentair-Aqualine-application.jpg 577w, https:\/\/www.staging.pullnerfilter.com\/wp-content\/uploads\/2023\/04\/Pentair-Aqualine-application-300x206.jpg 300w\" sizes=\"(max-width: 577px) 100vw, 577px\" \/><\/p><p><strong>Informaci\u00f3n para pedidos <\/strong><\/p><table width=\"589\"><tbody><tr><td width=\"41\">Serie<\/td><td width=\"38\">Tipo<\/td><td width=\"47\">Medios de comunicaci\u00f3n<\/td><td colspan=\"4\" width=\"198\">Micron<\/td><td colspan=\"2\" width=\"66\">Longitud<\/td><td colspan=\"2\" width=\"113\">Estructura<\/td><td colspan=\"2\" width=\"85\">Material de la junta<\/td><\/tr><tr><td rowspan=\"5\" width=\"41\">PHF<\/td><td width=\"38\">BT<\/td><td width=\"47\">PP<\/td><td width=\"38\">0010<\/td><td width=\"57\">=0,1\u03bcm<\/td><td width=\"47\">1500<\/td><td width=\"57\">=15\u03bcm<\/td><td width=\"28\">20<\/td><td width=\"38\">=20\u2033<\/td><td width=\"28\">G<\/td><td width=\"85\">=PP Jaula exterior<\/td><td width=\"28\">V<\/td><td width=\"57\">=Viton<\/td><\/tr><tr><td width=\"38\">\u00a0<\/td><td width=\"47\">PBT<\/td><td width=\"38\">0100<\/td><td width=\"57\">=1,0\u03bcm<\/td><td width=\"47\">2000<\/td><td width=\"57\">=20\u03bcm<\/td><td width=\"28\">40<\/td><td width=\"38\">=40\u2033<\/td><td width=\"28\">M<\/td><td width=\"85\">=Fundido soplado<\/td><td width=\"28\">S<\/td><td width=\"57\">=Silicona<\/td><\/tr><tr><td width=\"38\">\u00a0<\/td><td width=\"47\">GF<\/td><td width=\"38\">0500<\/td><td width=\"57\">=5,0\u03bcm<\/td><td width=\"47\">4000<\/td><td width=\"57\">=40\u03bcm<\/td><td width=\"28\">60<\/td><td width=\"38\">=60\u2033<\/td><td width=\"28\">S<\/td><td width=\"85\">=Red de pl\u00e1stico<\/td><td width=\"28\">E<\/td><td width=\"57\">=EPDM<\/td><\/tr><tr><td width=\"38\">\u00a0<\/td><td width=\"47\">\u00a0<\/td><td width=\"38\">1000<\/td><td width=\"57\">=10\u03bcm<\/td><td width=\"47\">7000<\/td><td width=\"57\">=70\u03bcm<\/td><td width=\"28\">\u00a0<\/td><td width=\"38\">\u00a0<\/td><td width=\"28\">\u00a0<\/td><td width=\"85\">\u00a0<\/td><td width=\"28\">\u00a0<\/td><td width=\"57\">\u00a0<\/td><\/tr><tr><td width=\"38\">\u00a0<\/td><td width=\"47\">\u00a0<\/td><td width=\"38\">\u00a0<\/td><td width=\"57\">\u00a0<\/td><td width=\"47\">1000<\/td><td width=\"57\">=100\u03bcm<\/td><td width=\"28\">\u00a0<\/td><td width=\"38\">\u00a0<\/td><td colspan=\"2\" width=\"113\">\u00a0<\/td><td width=\"28\">\u00a0<\/td><td width=\"57\">\u00a0<\/td><\/tr><\/tbody><\/table>\t\t\t\t\t\t\t\t<\/div>\n\t\t\t\t<\/div>\n\t\t\t\t\t<\/div>\n\t\t<\/div>\n\t\t\t\t\t<\/div>\n\t\t<\/section>\n\t\t\t\t<\/div>","protected":false},"excerpt":{"rendered":"<p>High Flow Water Filter Cartridge Replace Pentair Aqualine PFLBT series high flow filter cartridge is Pentair Aqualine high flow water filter cartridge replacement.\u00a0The polypropylene construction provides superior chemical resistance. It\u2019s large diameter (6.75\u2033) with an outside-inside flow realizing the use of significantly smaller housing and fewer filter elements. Better cost-efficiency, Lower expense, customized service. Reduce [&hellip;]<\/p>\n","protected":false},"author":1,"featured_media":2373,"parent":0,"menu_order":0,"comment_status":"closed","ping_status":"closed","template":"","meta":{"_acf_changed":false,"_seopress_robots_primary_cat":"","_seopress_titles_title":"","_seopress_titles_desc":"","_seopress_robots_index":"","_uag_custom_page_level_css":"","site-sidebar-layout":"no-sidebar","site-content-layout":"page-builder","ast-site-content-layout":"full-width-container","site-content-style":"unboxed","site-sidebar-style":"unboxed","ast-global-header-display":"","ast-banner-title-visibility":"","ast-main-header-display":"","ast-hfb-above-header-display":"","ast-hfb-below-header-display":"","ast-hfb-mobile-header-display":"","site-post-title":"disabled","ast-breadcrumbs-content":"","ast-featured-img":"disabled","footer-sml-layout":"","theme-transparent-header-meta":"","adv-header-id-meta":"","stick-header-meta":"","header-above-stick-meta":"","header-main-stick-meta":"","header-below-stick-meta":"","astra-migrate-meta-layouts":"set","ast-page-background-enabled":"default","ast-page-background-meta":{"desktop":{"background-color":"","background-image":"","background-repeat":"repeat","background-position":"center center","background-size":"auto","background-attachment":"scroll","background-type":"","background-media":"","overlay-type":"","overlay-color":"","overlay-opacity":"","overlay-gradient":""},"tablet":{"background-color":"","background-image":"","background-repeat":"repeat","background-position":"center center","background-size":"auto","background-attachment":"scroll","background-type":"","background-media":"","overlay-type":"","overlay-color":"","overlay-opacity":"","overlay-gradient":""},"mobile":{"background-color":"","background-image":"","background-repeat":"repeat","background-position":"center center","background-size":"auto","background-attachment":"scroll","background-type":"","background-media":"","overlay-type":"","overlay-color":"","overlay-opacity":"","overlay-gradient":""}},"ast-content-background-meta":{"desktop":{"background-color":"var(--ast-global-color-5)","background-image":"","background-repeat":"repeat","background-position":"center center","background-size":"auto","background-attachment":"scroll","background-type":"","background-media":"","overlay-type":"","overlay-color":"","overlay-opacity":"","overlay-gradient":""},"tablet":{"background-color":"var(--ast-global-color-5)","background-image":"","background-repeat":"repeat","background-position":"center center","background-size":"auto","background-attachment":"scroll","background-type":"","background-media":"","overlay-type":"","overlay-color":"","overlay-opacity":"","overlay-gradient":""},"mobile":{"background-color":"var(--ast-global-color-5)","background-image":"","background-repeat":"repeat","background-position":"center center","background-size":"auto","background-attachment":"scroll","background-type":"","background-media":"","overlay-type":"","overlay-color":"","overlay-opacity":"","overlay-gradient":""}},"footnotes":""},"class_list":["post-2361","page","type-page","status-publish","has-post-thumbnail"],"acf":[],"uagb_featured_image_src":{"full":["https:\/\/www.staging.pullnerfilter.com\/wp-content\/uploads\/2023\/04\/Replace-Pentair-Aqualine.jpg",500,500,false],"thumbnail":["https:\/\/www.staging.pullnerfilter.com\/wp-content\/uploads\/2023\/04\/Replace-Pentair-Aqualine-150x150.jpg",150,150,true],"medium":["https:\/\/www.staging.pullnerfilter.com\/wp-content\/uploads\/2023\/04\/Replace-Pentair-Aqualine-300x300.jpg",300,300,true],"medium_large":["https:\/\/www.staging.pullnerfilter.com\/wp-content\/uploads\/2023\/04\/Replace-Pentair-Aqualine.jpg",500,500,false],"large":["https:\/\/www.staging.pullnerfilter.com\/wp-content\/uploads\/2023\/04\/Replace-Pentair-Aqualine.jpg",500,500,false],"1536x1536":["https:\/\/www.staging.pullnerfilter.com\/wp-content\/uploads\/2023\/04\/Replace-Pentair-Aqualine.jpg",500,500,false],"2048x2048":["https:\/\/www.staging.pullnerfilter.com\/wp-content\/uploads\/2023\/04\/Replace-Pentair-Aqualine.jpg",500,500,false],"trp-custom-language-flag":["https:\/\/www.staging.pullnerfilter.com\/wp-content\/uploads\/2023\/04\/Replace-Pentair-Aqualine.jpg",12,12,false]},"uagb_author_info":{"display_name":"wpx_pullner","author_link":"https:\/\/www.staging.pullnerfilter.com\/es\/author\/wpx_pullner\/"},"uagb_comment_info":0,"uagb_excerpt":"High Flow Water Filter Cartridge Replace Pentair Aqualine PFLBT series high flow filter cartridge is Pentair Aqualine high flow water filter cartridge replacement.\u00a0The polypropylene construction provides superior chemical resistance. It\u2019s large diameter (6.75\u2033) with an outside-inside flow realizing the use of significantly smaller housing and fewer filter elements. Better cost-efficiency, Lower expense, customized service. Reduce&hellip;","_links":{"self":[{"href":"https:\/\/www.staging.pullnerfilter.com\/es\/wp-json\/wp\/v2\/pages\/2361","targetHints":{"allow":["GET"]}}],"collection":[{"href":"https:\/\/www.staging.pullnerfilter.com\/es\/wp-json\/wp\/v2\/pages"}],"about":[{"href":"https:\/\/www.staging.pullnerfilter.com\/es\/wp-json\/wp\/v2\/types\/page"}],"author":[{"embeddable":true,"href":"https:\/\/www.staging.pullnerfilter.com\/es\/wp-json\/wp\/v2\/users\/1"}],"replies":[{"embeddable":true,"href":"https:\/\/www.staging.pullnerfilter.com\/es\/wp-json\/wp\/v2\/comments?post=2361"}],"version-history":[{"count":15,"href":"https:\/\/www.staging.pullnerfilter.com\/es\/wp-json\/wp\/v2\/pages\/2361\/revisions"}],"predecessor-version":[{"id":8517,"href":"https:\/\/www.staging.pullnerfilter.com\/es\/wp-json\/wp\/v2\/pages\/2361\/revisions\/8517"}],"wp:featuredmedia":[{"embeddable":true,"href":"https:\/\/www.staging.pullnerfilter.com\/es\/wp-json\/wp\/v2\/media\/2373"}],"wp:attachment":[{"href":"https:\/\/www.staging.pullnerfilter.com\/es\/wp-json\/wp\/v2\/media?parent=2361"}],"curies":[{"name":"wp","href":"https:\/\/api.w.org\/{rel}","templated":true}]}}