{"id":2332,"date":"2023-01-13T07:07:41","date_gmt":"2023-01-13T07:07:41","guid":{"rendered":"https:\/\/www.staging.pullnerfilter.com\/?page_id=2332"},"modified":"2026-02-13T02:34:08","modified_gmt":"2026-02-13T02:34:08","slug":"cartucho-de-filtro-de-agua-de-alto-caudal-reemplazar-reemplazar-filtros-parker","status":"publish","type":"page","link":"https:\/\/www.staging.pullnerfilter.com\/es\/cartucho-de-filtro-de-agua-de-alto-caudal-reemplazar-reemplazar-filtros-parker\/","title":{"rendered":"Sustituci\u00f3n del cartucho del filtro de agua de alto caudal Sustituci\u00f3n de filtros Parker"},"content":{"rendered":"<div data-elementor-type=\"wp-page\" data-elementor-id=\"2332\" class=\"elementor elementor-2332\" data-elementor-post-type=\"page\">\n\t\t\t\t\t\t<section class=\"elementor-section elementor-top-section elementor-element elementor-element-37ebadc3 elementor-section-boxed elementor-section-height-default elementor-section-height-default\" data-id=\"37ebadc3\" data-element_type=\"section\" data-e-type=\"section\">\n\t\t\t\t\t\t<div class=\"elementor-container elementor-column-gap-default\">\n\t\t\t\t\t<div class=\"elementor-column elementor-col-50 elementor-top-column elementor-element elementor-element-18ed4e78\" data-id=\"18ed4e78\" data-element_type=\"column\" data-e-type=\"column\">\n\t\t\t<div class=\"elementor-widget-wrap elementor-element-populated\">\n\t\t\t\t\t\t<div class=\"elementor-element elementor-element-39acea6c elementor-arrows-position-inside elementor-pagination-position-outside elementor-widget elementor-widget-image-carousel\" data-id=\"39acea6c\" data-element_type=\"widget\" data-e-type=\"widget\" data-settings=\"{&quot;slides_to_show&quot;:&quot;1&quot;,&quot;navigation&quot;:&quot;both&quot;,&quot;autoplay&quot;:&quot;yes&quot;,&quot;pause_on_hover&quot;:&quot;yes&quot;,&quot;pause_on_interaction&quot;:&quot;yes&quot;,&quot;autoplay_speed&quot;:5000,&quot;infinite&quot;:&quot;yes&quot;,&quot;effect&quot;:&quot;slide&quot;,&quot;speed&quot;:500}\" data-widget_type=\"image-carousel.default\">\n\t\t\t\t<div class=\"elementor-widget-container\">\n\t\t\t\t\t\t\t<div class=\"elementor-image-carousel-wrapper swiper\" role=\"region\" aria-roledescription=\"carousel\" aria-label=\"Carrusel de im\u00e1genes\" dir=\"ltr\">\n\t\t\t<div class=\"elementor-image-carousel swiper-wrapper swiper-image-stretch\" aria-live=\"off\">\n\t\t\t\t\t\t\t\t<div class=\"swiper-slide\" role=\"group\" aria-roledescription=\"slide\" aria-label=\"1 de 3\" data-no-translation-aria-label=\"\"><figure class=\"swiper-slide-inner\"><img decoding=\"async\" class=\"swiper-slide-image\" src=\"https:\/\/www.staging.pullnerfilter.com\/wp-content\/uploads\/2023\/01\/High-Flow-Water-Filter-Cartridge-Replace-Replace-Parker-Filters.jpg\" alt=\"Sustituci\u00f3n del cartucho del filtro de agua de alto caudal Sustituci\u00f3n de filtros Parker\" \/><\/figure><\/div><div class=\"swiper-slide\" role=\"group\" aria-roledescription=\"slide\" aria-label=\"2 de 3\" data-no-translation-aria-label=\"\"><figure class=\"swiper-slide-inner\"><img decoding=\"async\" class=\"swiper-slide-image\" src=\"https:\/\/www.staging.pullnerfilter.com\/wp-content\/uploads\/2023\/01\/High-Flow-Water-Filter-Cartridge-Replace-Replace-Parker-Filters-pullner.jpg\" alt=\"Sustituci\u00f3n del cartucho del filtro de agua de alto caudal Sustituci\u00f3n de filtros Parker- pullner\" \/><\/figure><\/div><div class=\"swiper-slide\" role=\"group\" aria-roledescription=\"slide\" aria-label=\"3 de 3\" data-no-translation-aria-label=\"\"><figure class=\"swiper-slide-inner\"><img decoding=\"async\" class=\"swiper-slide-image\" src=\"https:\/\/www.staging.pullnerfilter.com\/wp-content\/uploads\/2023\/01\/High-Flow-Water-Filter-Cartridges-Replace-Replace-Parker-Filters.jpg\" alt=\"Sustituci\u00f3n de cartuchos de filtro de agua de alto caudal Sustituci\u00f3n de filtros Parker\" \/><\/figure><\/div>\t\t\t<\/div>\n\t\t\t\t\t\t\t\t\t\t\t\t<div class=\"elementor-swiper-button elementor-swiper-button-prev\" role=\"button\" tabindex=\"0\">\n\t\t\t\t\t\t<i aria-hidden=\"true\" class=\"eicon-chevron-left\"><\/i>\t\t\t\t\t<\/div>\n\t\t\t\t\t<div class=\"elementor-swiper-button elementor-swiper-button-next\" role=\"button\" tabindex=\"0\">\n\t\t\t\t\t\t<i aria-hidden=\"true\" class=\"eicon-chevron-right\"><\/i>\t\t\t\t\t<\/div>\n\t\t\t\t\n\t\t\t\t\t\t\t\t\t<div class=\"swiper-pagination\"><\/div>\n\t\t\t\t\t\t\t\t\t<\/div>\n\t\t\t\t\t\t<\/div>\n\t\t\t\t<\/div>\n\t\t\t\t\t<\/div>\n\t\t<\/div>\n\t\t\t\t<div class=\"elementor-column elementor-col-50 elementor-top-column elementor-element elementor-element-2a9c415f\" data-id=\"2a9c415f\" data-element_type=\"column\" data-e-type=\"column\">\n\t\t\t<div class=\"elementor-widget-wrap elementor-element-populated\">\n\t\t\t\t\t\t<div class=\"elementor-element elementor-element-5fd6a56 elementor-widget elementor-widget-heading\" data-id=\"5fd6a56\" data-element_type=\"widget\" data-e-type=\"widget\" data-widget_type=\"heading.default\">\n\t\t\t\t<div class=\"elementor-widget-container\">\n\t\t\t\t\t<h1 class=\"elementor-heading-title elementor-size-default\">Sustituci\u00f3n del cartucho del filtro de agua de alto caudal Sustituci\u00f3n de filtros Parker<\/h1>\t\t\t\t<\/div>\n\t\t\t\t<\/div>\n\t\t\t\t<div class=\"elementor-element elementor-element-4d630209 elementor-widget elementor-widget-text-editor\" data-id=\"4d630209\" data-element_type=\"widget\" data-e-type=\"widget\" data-widget_type=\"text-editor.default\">\n\t\t\t\t<div class=\"elementor-widget-container\">\n\t\t\t\t\t\t\t\t\t<p>Serie PHFK <a href=\"https:\/\/www.pullnerfilter.com\/high-flow-filter-cartridge\/\" target=\"_blank\" rel=\"noopener\">Cartucho filtrante de alto caudal<\/a> est\u00e1 hecho de di\u00e1metro 6\u2033 y dise\u00f1o plisado, con n\u00facleo central de pp de alta resistencia, direcci\u00f3n de flujo de fuera a dentro. Jaula exterior tienen dos tipos: integral pp jaula y malla de poli\u00e9ster.<\/p>\t\t\t\t\t\t\t\t<\/div>\n\t\t\t\t<\/div>\n\t\t\t\t<div class=\"elementor-element elementor-element-55e5571a elementor-align-left elementor-widget elementor-widget-button\" data-id=\"55e5571a\" data-element_type=\"widget\" data-e-type=\"widget\" data-widget_type=\"button.default\">\n\t\t\t\t<div class=\"elementor-widget-container\">\n\t\t\t\t\t\t\t\t\t<div class=\"elementor-button-wrapper\">\n\t\t\t\t\t<a class=\"elementor-button elementor-button-link elementor-size-md\" href=\"\/es\/contacto\/\">\n\t\t\t\t\t\t<span class=\"elementor-button-content-wrapper\">\n\t\t\t\t\t\t\t\t\t<span class=\"elementor-button-text\">Env\u00ede su consulta ahora<\/span>\n\t\t\t\t\t<\/span>\n\t\t\t\t\t<\/a>\n\t\t\t\t<\/div>\n\t\t\t\t\t\t\t\t<\/div>\n\t\t\t\t<\/div>\n\t\t\t\t\t<\/div>\n\t\t<\/div>\n\t\t\t\t\t<\/div>\n\t\t<\/section>\n\t\t\t\t<section class=\"elementor-section elementor-top-section elementor-element elementor-element-4476bc41 elementor-section-boxed elementor-section-height-default elementor-section-height-default\" data-id=\"4476bc41\" data-element_type=\"section\" data-e-type=\"section\">\n\t\t\t\t\t\t<div class=\"elementor-container elementor-column-gap-default\">\n\t\t\t\t\t<div class=\"elementor-column elementor-col-100 elementor-top-column elementor-element elementor-element-38a5297b\" data-id=\"38a5297b\" data-element_type=\"column\" data-e-type=\"column\">\n\t\t\t<div class=\"elementor-widget-wrap elementor-element-populated\">\n\t\t\t\t\t\t<div class=\"elementor-element elementor-element-697ae841 elementor-widget elementor-widget-text-editor\" data-id=\"697ae841\" data-element_type=\"widget\" data-e-type=\"widget\" data-widget_type=\"text-editor.default\">\n\t\t\t\t<div class=\"elementor-widget-container\">\n\t\t\t\t\t\t\t\t\t<h2><strong>Aplicaci\u00f3n:<\/strong><\/h2><ul><li>Prefiltraci\u00f3n por \u00f3smosis inversa, pretratamiento de desalinizaci\u00f3n y una gran variedad de procesos de filtraci\u00f3n de agua;<\/li><li>Agua suplementaria de centrales el\u00e9ctricas, agua de condensaci\u00f3n, filtraci\u00f3n de refrigerantes;<\/li><li>Industria biofarmac\u00e9utica materias primas farmac\u00e9uticas, disolventes, filtraci\u00f3n de agua;<\/li><li>Industria petroqu\u00edmica diversos disolventes, agua de enfriamiento, salmuera y otros productos qu\u00edmicos de filtraci\u00f3n.<\/li><\/ul><p><img alt=\"\" fetchpriority=\"high\" decoding=\"async\" class=\"alignnone wp-image-2335\" src=\"https:\/\/www.pullnerfilter.com\/wp-content\/uploads\/2023\/01\/High-Flow-Water-Filter-Cartridge-Replace-Replace-Parker-Filters-1.jpg\" width=\"435\" height=\"467\" srcset=\"https:\/\/www.staging.pullnerfilter.com\/wp-content\/uploads\/2023\/01\/High-Flow-Water-Filter-Cartridge-Replace-Replace-Parker-Filters-1.jpg 448w, https:\/\/www.staging.pullnerfilter.com\/wp-content\/uploads\/2023\/01\/High-Flow-Water-Filter-Cartridge-Replace-Replace-Parker-Filters-1-279x300.jpg 279w\" sizes=\"(max-width: 435px) 100vw, 435px\" \/><\/p><p><img decoding=\"async\" class=\"alignnone wp-image-2340\" src=\"https:\/\/www.pullnerfilter.com\/wp-content\/uploads\/2023\/01\/High-Flow-Water-Filter-Cartridge-Replace-Replace-Parker-Filters-2.jpg\" alt=\"Filtro de agua de alto caudal - cartucho - sustituci\u00f3n - aplicaci\u00f3n de filtros Parker \" width=\"431\" height=\"399\" srcset=\"https:\/\/www.staging.pullnerfilter.com\/wp-content\/uploads\/2023\/01\/High-Flow-Water-Filter-Cartridge-Replace-Replace-Parker-Filters-2.jpg 524w, https:\/\/www.staging.pullnerfilter.com\/wp-content\/uploads\/2023\/01\/High-Flow-Water-Filter-Cartridge-Replace-Replace-Parker-Filters-2-300x278.jpg 300w\" sizes=\"(max-width: 431px) 100vw, 431px\" \/><\/p><h2><strong>Especificaciones t\u00e9cnicas:<\/strong><\/h2><ul><li>Micras: 0,1\u03bcm, 0,5\u03bcm, 1\u03bcm, 5\u03bcm, 10\u03bcm, 15\u03bcm , 20\u03bcm, 40\u03bcm, 70\u03bcm.<\/li><li>Temperatura m\u00e1xima de funcionamiento: Plisado\/fundido pp: 82 o Fibra de vidrio plisada: 121\u2103<\/li><li>Presi\u00f3n diferencial m\u00e1xima de funcionamiento (sentido de flujo interior-exterior): Plisado\/fundido pp: 3,44bar@82\u2103 o Fibra de vidrio plisada: 3,44bar@121\u2103<\/li><li>Presi\u00f3n sugerida para la sustituci\u00f3n del filtro: 2,5Bar@20\u2103<\/li><li>Flujo de dise\u00f1o sugerido: 40\u2033: \u226420m3\/h o 60\u2033: \u226440m3\/h<\/li><\/ul><h2><strong>Informaci\u00f3n para pedidos <\/strong>\u00a0 \u00a0 \u00a0 \u00a0 \u00a0 \u00a0 \u00a0 \u00a0 \u00a0 \u00a0 \u00a0<\/h2><table width=\"737\"><tbody><tr><td width=\"41\"><p>Serie<\/p><\/td><td width=\"38\"><p>Tipo<\/p><\/td><td width=\"47\"><p>Medios de comunicaci\u00f3n<\/p><\/td><td colspan=\"4\" width=\"198\"><p>Micron<\/p><\/td><td colspan=\"2\" width=\"66\"><p>Longitud<\/p><\/td><td colspan=\"2\" width=\"113\"><p>Estructura<\/p><\/td><td colspan=\"2\" width=\"85\"><p>Material de la junta<\/p><\/td><td colspan=\"2\" width=\"148\"><p>Tipo de tapa<\/p><\/td><\/tr><tr><td rowspan=\"5\" width=\"41\"><p>PHF<\/p><\/td><td width=\"38\"><p>K<\/p><\/td><td width=\"47\"><p>PP<\/p><\/td><td width=\"38\"><p>0010<\/p><\/td><td width=\"57\"><p>=0,1\u03bcm<\/p><\/td><td width=\"47\"><p>1500<\/p><\/td><td width=\"57\"><p>=15\u03bcm<\/p><\/td><td width=\"28\"><p>20<\/p><\/td><td width=\"38\"><p>=20\u2033<\/p><\/td><td width=\"28\"><p>G<\/p><\/td><td width=\"85\"><p>=PP Jaula exterior<\/p><\/td><td width=\"28\"><p>V<\/p><\/td><td width=\"57\"><p>=Viton<\/p><\/td><td width=\"36\"><p>ZA<\/p><\/td><td width=\"112\"><p>=Anillo \u00fanico\uff08HFK\uff09<\/p><\/td><\/tr><tr><td width=\"38\">\u00a0<\/td><td width=\"47\"><p>PBT<\/p><\/td><td width=\"38\"><p>0100<\/p><\/td><td width=\"57\"><p>=1,0\u03bcm<\/p><\/td><td width=\"47\"><p>2000<\/p><\/td><td width=\"57\"><p>=20\u03bcm<\/p><\/td><td width=\"28\"><p>40<\/p><\/td><td width=\"38\"><p>=40\u2033<\/p><\/td><td width=\"28\"><p>S<\/p><\/td><td width=\"85\"><p>=Red de pl\u00e1stico<\/p><\/td><td width=\"28\"><p>S<\/p><\/td><td width=\"57\"><p>=Silicona<\/p><\/td><td width=\"36\"><p>ZB<\/p><\/td><td width=\"112\"><p>=Anillo doble\uff08HFK\uff09<\/p><\/td><\/tr><tr><td width=\"38\">\u00a0<\/td><td width=\"47\"><p>GF<\/p><\/td><td width=\"38\"><p>0500<\/p><\/td><td width=\"57\"><p>=5,0\u03bcm<\/p><\/td><td width=\"47\"><p>4000<\/p><\/td><td width=\"57\"><p>=40\u03bcm<\/p><\/td><td width=\"28\"><p>60<\/p><\/td><td width=\"38\"><p>=60\u2033<\/p><\/td><td width=\"28\">\u00a0<\/td><td width=\"85\">\u00a0<\/td><td width=\"28\"><p>E<\/p><\/td><td width=\"57\"><p>=EPDM<\/p><\/td><td width=\"36\">\u00a0<\/td><td width=\"112\">\u00a0<\/td><\/tr><tr><td width=\"38\">\u00a0<\/td><td width=\"47\">\u00a0<\/td><td width=\"38\"><p>1000<\/p><\/td><td width=\"57\"><p>=10\u03bcm<\/p><\/td><td width=\"47\"><p>7000<\/p><\/td><td width=\"57\"><p>=70\u03bcm<\/p><\/td><td width=\"28\">\u00a0<\/td><td width=\"38\">\u00a0<\/td><td width=\"28\">\u00a0<\/td><td width=\"85\">\u00a0<\/td><td width=\"28\">\u00a0<\/td><td width=\"57\">\u00a0<\/td><td width=\"36\">\u00a0<\/td><td width=\"112\">\u00a0<\/td><\/tr><tr><td width=\"38\">\u00a0<\/td><td width=\"47\">\u00a0<\/td><td width=\"38\">\u00a0<\/td><td width=\"57\">\u00a0<\/td><td width=\"47\"><p>1000<\/p><\/td><td width=\"57\"><p>=100\u03bcm<\/p><\/td><td width=\"28\">\u00a0<\/td><td width=\"38\">\u00a0<\/td><td colspan=\"2\" width=\"113\">\u00a0<\/td><td width=\"28\">\u00a0<\/td><td width=\"57\">\u00a0<\/td><td width=\"36\">\u00a0<\/td><td width=\"112\">\u00a0<\/td><\/tr><\/tbody><\/table>\t\t\t\t\t\t\t\t<\/div>\n\t\t\t\t<\/div>\n\t\t\t\t\t<\/div>\n\t\t<\/div>\n\t\t\t\t\t<\/div>\n\t\t<\/section>\n\t\t\t\t<\/div>","protected":false},"excerpt":{"rendered":"<p>Previous Next High Flow Water Filter Cartridge Replace Replace Parker Filters PHFK Series High Flow Filter Cartridge is made of diameter 6&#8243; and pleated design, with high-strength pp center core, outside to inside flow direction. Outer cage have two types: integral pp cage and polyester mesh. Send Your Inquiry Now Application: RO pre-filtration, desalination pretreatment [&hellip;]<\/p>\n","protected":false},"author":1,"featured_media":2344,"parent":0,"menu_order":0,"comment_status":"closed","ping_status":"closed","template":"","meta":{"_acf_changed":false,"_seopress_robots_primary_cat":"","_seopress_titles_title":"","_seopress_titles_desc":"","_seopress_robots_index":"","_uag_custom_page_level_css":"","site-sidebar-layout":"no-sidebar","site-content-layout":"page-builder","ast-site-content-layout":"full-width-container","site-content-style":"unboxed","site-sidebar-style":"unboxed","ast-global-header-display":"","ast-banner-title-visibility":"","ast-main-header-display":"","ast-hfb-above-header-display":"","ast-hfb-below-header-display":"","ast-hfb-mobile-header-display":"","site-post-title":"disabled","ast-breadcrumbs-content":"","ast-featured-img":"disabled","footer-sml-layout":"","theme-transparent-header-meta":"","adv-header-id-meta":"","stick-header-meta":"","header-above-stick-meta":"","header-main-stick-meta":"","header-below-stick-meta":"","astra-migrate-meta-layouts":"set","ast-page-background-enabled":"default","ast-page-background-meta":{"desktop":{"background-color":"","background-image":"","background-repeat":"repeat","background-position":"center center","background-size":"auto","background-attachment":"scroll","background-type":"","background-media":"","overlay-type":"","overlay-color":"","overlay-opacity":"","overlay-gradient":""},"tablet":{"background-color":"","background-image":"","background-repeat":"repeat","background-position":"center center","background-size":"auto","background-attachment":"scroll","background-type":"","background-media":"","overlay-type":"","overlay-color":"","overlay-opacity":"","overlay-gradient":""},"mobile":{"background-color":"","background-image":"","background-repeat":"repeat","background-position":"center center","background-size":"auto","background-attachment":"scroll","background-type":"","background-media":"","overlay-type":"","overlay-color":"","overlay-opacity":"","overlay-gradient":""}},"ast-content-background-meta":{"desktop":{"background-color":"var(--ast-global-color-5)","background-image":"","background-repeat":"repeat","background-position":"center center","background-size":"auto","background-attachment":"scroll","background-type":"","background-media":"","overlay-type":"","overlay-color":"","overlay-opacity":"","overlay-gradient":""},"tablet":{"background-color":"var(--ast-global-color-5)","background-image":"","background-repeat":"repeat","background-position":"center center","background-size":"auto","background-attachment":"scroll","background-type":"","background-media":"","overlay-type":"","overlay-color":"","overlay-opacity":"","overlay-gradient":""},"mobile":{"background-color":"var(--ast-global-color-5)","background-image":"","background-repeat":"repeat","background-position":"center center","background-size":"auto","background-attachment":"scroll","background-type":"","background-media":"","overlay-type":"","overlay-color":"","overlay-opacity":"","overlay-gradient":""}},"footnotes":""},"class_list":["post-2332","page","type-page","status-publish","has-post-thumbnail"],"acf":[],"uagb_featured_image_src":{"full":["https:\/\/www.staging.pullnerfilter.com\/wp-content\/uploads\/2023\/01\/High-Flow-Water-Filter-Cartridge-Replace-Replace-Parker-Filters.jpg",500,500,false],"thumbnail":["https:\/\/www.staging.pullnerfilter.com\/wp-content\/uploads\/2023\/01\/High-Flow-Water-Filter-Cartridge-Replace-Replace-Parker-Filters-150x150.jpg",150,150,true],"medium":["https:\/\/www.staging.pullnerfilter.com\/wp-content\/uploads\/2023\/01\/High-Flow-Water-Filter-Cartridge-Replace-Replace-Parker-Filters-300x300.jpg",300,300,true],"medium_large":["https:\/\/www.staging.pullnerfilter.com\/wp-content\/uploads\/2023\/01\/High-Flow-Water-Filter-Cartridge-Replace-Replace-Parker-Filters.jpg",500,500,false],"large":["https:\/\/www.staging.pullnerfilter.com\/wp-content\/uploads\/2023\/01\/High-Flow-Water-Filter-Cartridge-Replace-Replace-Parker-Filters.jpg",500,500,false],"1536x1536":["https:\/\/www.staging.pullnerfilter.com\/wp-content\/uploads\/2023\/01\/High-Flow-Water-Filter-Cartridge-Replace-Replace-Parker-Filters.jpg",500,500,false],"2048x2048":["https:\/\/www.staging.pullnerfilter.com\/wp-content\/uploads\/2023\/01\/High-Flow-Water-Filter-Cartridge-Replace-Replace-Parker-Filters.jpg",500,500,false],"trp-custom-language-flag":["https:\/\/www.staging.pullnerfilter.com\/wp-content\/uploads\/2023\/01\/High-Flow-Water-Filter-Cartridge-Replace-Replace-Parker-Filters.jpg",12,12,false]},"uagb_author_info":{"display_name":"wpx_pullner","author_link":"https:\/\/www.staging.pullnerfilter.com\/es\/author\/wpx_pullner\/"},"uagb_comment_info":0,"uagb_excerpt":"Previous Next High Flow Water Filter Cartridge Replace Replace Parker Filters PHFK Series High Flow Filter Cartridge is made of diameter 6&#8243; and pleated design, with high-strength pp center core, outside to inside flow direction. Outer cage have two types: integral pp cage and polyester mesh. Send Your Inquiry Now Application: RO pre-filtration, desalination pretreatment&hellip;","_links":{"self":[{"href":"https:\/\/www.staging.pullnerfilter.com\/es\/wp-json\/wp\/v2\/pages\/2332","targetHints":{"allow":["GET"]}}],"collection":[{"href":"https:\/\/www.staging.pullnerfilter.com\/es\/wp-json\/wp\/v2\/pages"}],"about":[{"href":"https:\/\/www.staging.pullnerfilter.com\/es\/wp-json\/wp\/v2\/types\/page"}],"author":[{"embeddable":true,"href":"https:\/\/www.staging.pullnerfilter.com\/es\/wp-json\/wp\/v2\/users\/1"}],"replies":[{"embeddable":true,"href":"https:\/\/www.staging.pullnerfilter.com\/es\/wp-json\/wp\/v2\/comments?post=2332"}],"version-history":[{"count":18,"href":"https:\/\/www.staging.pullnerfilter.com\/es\/wp-json\/wp\/v2\/pages\/2332\/revisions"}],"predecessor-version":[{"id":8512,"href":"https:\/\/www.staging.pullnerfilter.com\/es\/wp-json\/wp\/v2\/pages\/2332\/revisions\/8512"}],"wp:featuredmedia":[{"embeddable":true,"href":"https:\/\/www.staging.pullnerfilter.com\/es\/wp-json\/wp\/v2\/media\/2344"}],"wp:attachment":[{"href":"https:\/\/www.staging.pullnerfilter.com\/es\/wp-json\/wp\/v2\/media?parent=2332"}],"curies":[{"name":"wp","href":"https:\/\/api.w.org\/{rel}","templated":true}]}}