{"id":2276,"date":"2023-01-06T09:10:46","date_gmt":"2023-01-06T09:10:46","guid":{"rendered":"https:\/\/www.staging.pullnerfilter.com\/?page_id=2276"},"modified":"2023-01-06T09:15:39","modified_gmt":"2023-01-06T09:15:39","slug":"elemento-filtrante-de-pre-fierro-para-tratamiento-de-pulido-de-condensados","status":"publish","type":"page","link":"https:\/\/www.staging.pullnerfilter.com\/es\/elemento-filtrante-de-pre-fierro-para-tratamiento-de-pulido-de-condensados\/","title":{"rendered":"Elemento filtrante de prehierro para tratamiento de pulido de condensados"},"content":{"rendered":"<div data-elementor-type=\"wp-page\" data-elementor-id=\"2276\" class=\"elementor elementor-2276\" data-elementor-post-type=\"page\">\n\t\t\t\t\t\t<section class=\"elementor-section elementor-top-section elementor-element elementor-element-3ebc1f4b elementor-section-boxed elementor-section-height-default elementor-section-height-default\" data-id=\"3ebc1f4b\" data-element_type=\"section\" data-e-type=\"section\">\n\t\t\t\t\t\t<div class=\"elementor-container elementor-column-gap-default\">\n\t\t\t\t\t<div class=\"elementor-column elementor-col-50 elementor-top-column elementor-element elementor-element-2df03143\" data-id=\"2df03143\" data-element_type=\"column\" data-e-type=\"column\">\n\t\t\t<div class=\"elementor-widget-wrap elementor-element-populated\">\n\t\t\t\t\t\t<div class=\"elementor-element elementor-element-3873e951 elementor-arrows-position-inside elementor-pagination-position-outside elementor-widget elementor-widget-image-carousel\" data-id=\"3873e951\" data-element_type=\"widget\" data-e-type=\"widget\" data-settings=\"{&quot;slides_to_show&quot;:&quot;1&quot;,&quot;navigation&quot;:&quot;both&quot;,&quot;autoplay&quot;:&quot;yes&quot;,&quot;pause_on_hover&quot;:&quot;yes&quot;,&quot;pause_on_interaction&quot;:&quot;yes&quot;,&quot;autoplay_speed&quot;:5000,&quot;infinite&quot;:&quot;yes&quot;,&quot;effect&quot;:&quot;slide&quot;,&quot;speed&quot;:500}\" data-widget_type=\"image-carousel.default\">\n\t\t\t\t<div class=\"elementor-widget-container\">\n\t\t\t\t\t\t\t<div class=\"elementor-image-carousel-wrapper swiper\" role=\"region\" aria-roledescription=\"carousel\" aria-label=\"Carrusel de im\u00e1genes\" dir=\"ltr\">\n\t\t\t<div class=\"elementor-image-carousel swiper-wrapper swiper-image-stretch\" aria-live=\"off\">\n\t\t\t\t\t\t\t\t<div class=\"swiper-slide\" role=\"group\" aria-roledescription=\"slide\" aria-label=\"1 de 1\" data-no-translation-aria-label=\"\"><figure class=\"swiper-slide-inner\"><img decoding=\"async\" class=\"swiper-slide-image\" src=\"https:\/\/www.staging.pullnerfilter.com\/wp-content\/uploads\/2023\/01\/Pre-iron-filter-element-for-condensate-polishing-treatment.jpg\" alt=\"Elemento filtrante de prehierro para tratamiento de pulido de condensados\" \/><\/figure><\/div>\t\t\t<\/div>\n\t\t\t\t\t<\/div>\n\t\t\t\t\t\t<\/div>\n\t\t\t\t<\/div>\n\t\t\t\t\t<\/div>\n\t\t<\/div>\n\t\t\t\t<div class=\"elementor-column elementor-col-50 elementor-top-column elementor-element elementor-element-7c77520b\" data-id=\"7c77520b\" data-element_type=\"column\" data-e-type=\"column\">\n\t\t\t<div class=\"elementor-widget-wrap elementor-element-populated\">\n\t\t\t\t\t\t<div class=\"elementor-element elementor-element-1a8e3dc0 elementor-widget elementor-widget-heading\" data-id=\"1a8e3dc0\" data-element_type=\"widget\" data-e-type=\"widget\" data-widget_type=\"heading.default\">\n\t\t\t\t<div class=\"elementor-widget-container\">\n\t\t\t\t\t<h1 class=\"elementor-heading-title elementor-size-default\">Elemento filtrante de prehierro para tratamiento de pulido de condensados<\/h1>\t\t\t\t<\/div>\n\t\t\t\t<\/div>\n\t\t\t\t<div class=\"elementor-element elementor-element-546e69bc elementor-widget elementor-widget-text-editor\" data-id=\"546e69bc\" data-element_type=\"widget\" data-e-type=\"widget\" data-widget_type=\"text-editor.default\">\n\t\t\t\t<div class=\"elementor-widget-container\">\n\t\t\t\t\t\t\t\t\t<p>El elemento filtrante de preplancha para el tratamiento de pulido de condensados pertenece al pulido de condensados <a href=\"https:\/\/www.pullnerfilter.com\/pleated-filter-cartridges\/\" target=\"_blank\" rel=\"noopener\">cartucho filtrante de agua plisado<\/a>, Longitud 70\u201d (1778mm), rango de micras de 1 a 20 micras, diferentes precisiones utilizadas como elemento filtrante de arranque y funcionamiento en la generaci\u00f3n de energ\u00eda.<\/p><p>Su tipo plisado, soldadura de fusi\u00f3n t\u00e9rmica, retrolavado varias veces, dise\u00f1ado para la eliminaci\u00f3n de hierro en el agua condensada de la generaci\u00f3n de energ\u00eda.<\/p><ul><li>Filtraci\u00f3n de agua condensada de calderas<\/li><li>Tratamiento del agua de alimentaci\u00f3n de calderas de centrales el\u00e9ctricas<\/li><\/ul>\t\t\t\t\t\t\t\t<\/div>\n\t\t\t\t<\/div>\n\t\t\t\t<div class=\"elementor-element elementor-element-3d140fdb elementor-align-left elementor-widget elementor-widget-button\" data-id=\"3d140fdb\" data-element_type=\"widget\" data-e-type=\"widget\" data-widget_type=\"button.default\">\n\t\t\t\t<div class=\"elementor-widget-container\">\n\t\t\t\t\t\t\t\t\t<div class=\"elementor-button-wrapper\">\n\t\t\t\t\t<a class=\"elementor-button elementor-button-link elementor-size-md\" href=\"\/es\/contacto\/\">\n\t\t\t\t\t\t<span class=\"elementor-button-content-wrapper\">\n\t\t\t\t\t\t\t\t\t<span class=\"elementor-button-text\">Env\u00ede su consulta ahora<\/span>\n\t\t\t\t\t<\/span>\n\t\t\t\t\t<\/a>\n\t\t\t\t<\/div>\n\t\t\t\t\t\t\t\t<\/div>\n\t\t\t\t<\/div>\n\t\t\t\t\t<\/div>\n\t\t<\/div>\n\t\t\t\t\t<\/div>\n\t\t<\/section>\n\t\t\t\t<section class=\"elementor-section elementor-top-section elementor-element elementor-element-76fcffa5 elementor-section-boxed elementor-section-height-default elementor-section-height-default\" data-id=\"76fcffa5\" data-element_type=\"section\" data-e-type=\"section\">\n\t\t\t\t\t\t<div class=\"elementor-container elementor-column-gap-default\">\n\t\t\t\t\t<div class=\"elementor-column elementor-col-100 elementor-top-column elementor-element elementor-element-3d8f8347\" data-id=\"3d8f8347\" data-element_type=\"column\" data-e-type=\"column\">\n\t\t\t<div class=\"elementor-widget-wrap elementor-element-populated\">\n\t\t\t\t\t\t<div class=\"elementor-element elementor-element-6d64bf2d elementor-widget elementor-widget-text-editor\" data-id=\"6d64bf2d\" data-element_type=\"widget\" data-e-type=\"widget\" data-widget_type=\"text-editor.default\">\n\t\t\t\t<div class=\"elementor-widget-container\">\n\t\t\t\t\t\t\t\t\t<p>Mantener la calidad del condensado es importante en el ciclo vapor\/agua dentro de las calderas industriales y de centrales el\u00e9ctricas para minimizar la corrosi\u00f3n en el circuito y evitar la formaci\u00f3n de dep\u00f3sitos en las turbinas de vapor.<\/p><p>Cuando se utilizan condensadores refrigerados por agua de mar, el pulido del condensado es especialmente importante para eliminar cualquier peque\u00f1a entrada de agua de mar en el condensado.<\/p><p>Nuestros especialistas dise\u00f1an y construyen plantas de pulido de condensado que eliminan de forma eficaz, econ\u00f3mica y sostenible los contaminantes de una amplia variedad de condensados, produciendo condensado desmineralizado de gran pureza.<\/p><p>Disponemos de una amplia gama de tecnolog\u00edas, incluidos prefiltros, tanto desechables como retrolavables, junto con pulidores de intercambio i\u00f3nico de lecho mixto que van desde dise\u00f1os sencillos no regenerados hasta regenerados interna o externamente.<\/p><p><img fetchpriority=\"high\" decoding=\"async\" class=\"wp-image-2279 size-full aligncenter\" src=\"https:\/\/www.pullnerfilter.com\/wp-content\/uploads\/2023\/01\/Pre-iron-filter-element-for-condensate-polishing-treatment.jpg\" alt=\"Elemento filtrante de prehierro para tratamiento de pulido de condensados\" width=\"800\" height=\"534\" srcset=\"https:\/\/www.staging.pullnerfilter.com\/wp-content\/uploads\/2023\/01\/Pre-iron-filter-element-for-condensate-polishing-treatment.jpg 800w, https:\/\/www.staging.pullnerfilter.com\/wp-content\/uploads\/2023\/01\/Pre-iron-filter-element-for-condensate-polishing-treatment-300x200.jpg 300w, https:\/\/www.staging.pullnerfilter.com\/wp-content\/uploads\/2023\/01\/Pre-iron-filter-element-for-condensate-polishing-treatment-768x513.jpg 768w\" sizes=\"(max-width: 800px) 100vw, 800px\" \/><\/p><p>Los elementos filtrantes pre-f\u00e9rricos para el tratamiento de pulido de condensados tienen una clasificaci\u00f3n absoluta de 1 a m\u00e1s de 20 micras y est\u00e1n dise\u00f1ados espec\u00edficamente para satisfacer las demandas de m\u00faltiples lavados a contracorriente sin p\u00e9rdida de la integridad del filtro.<\/p><p>La construcci\u00f3n de poro fijo elimina la descarga de suciedad a medida que aumenta la presi\u00f3n diferencial, al tiempo que mantiene una eficacia de eliminaci\u00f3n del 99,9%.<\/p>\t\t\t\t\t\t\t\t<\/div>\n\t\t\t\t<\/div>\n\t\t\t\t\t<\/div>\n\t\t<\/div>\n\t\t\t\t\t<\/div>\n\t\t<\/section>\n\t\t\t\t<\/div>","protected":false},"excerpt":{"rendered":"<p>Pre-Iron Filter Element For Condensate Polishing Treatment Pre-iron filter element for condensate polishing treatment is belong to condensate polishing pleated water filter cartridge, length 70\u201d (1778mm), micron rating from 1 to 20 micron, different precision used as Start-up and operating filter element in Power generation. Its pleated type, thermal melting welding, multiple times back-flushing, designed [&hellip;]<\/p>\n","protected":false},"author":1,"featured_media":0,"parent":0,"menu_order":0,"comment_status":"closed","ping_status":"closed","template":"","meta":{"_acf_changed":false,"_seopress_robots_primary_cat":"","_seopress_titles_title":"","_seopress_titles_desc":"","_seopress_robots_index":"","_uag_custom_page_level_css":"","site-sidebar-layout":"no-sidebar","site-content-layout":"page-builder","ast-site-content-layout":"default","site-content-style":"default","site-sidebar-style":"default","ast-global-header-display":"","ast-banner-title-visibility":"","ast-main-header-display":"","ast-hfb-above-header-display":"","ast-hfb-below-header-display":"","ast-hfb-mobile-header-display":"","site-post-title":"disabled","ast-breadcrumbs-content":"","ast-featured-img":"disabled","footer-sml-layout":"","theme-transparent-header-meta":"","adv-header-id-meta":"","stick-header-meta":"","header-above-stick-meta":"","header-main-stick-meta":"","header-below-stick-meta":"","astra-migrate-meta-layouts":"default","ast-page-background-enabled":"default","ast-page-background-meta":{"desktop":{"background-color":"","background-image":"","background-repeat":"repeat","background-position":"center center","background-size":"auto","background-attachment":"scroll","background-type":"","background-media":"","overlay-type":"","overlay-color":"","overlay-opacity":"","overlay-gradient":""},"tablet":{"background-color":"","background-image":"","background-repeat":"repeat","background-position":"center center","background-size":"auto","background-attachment":"scroll","background-type":"","background-media":"","overlay-type":"","overlay-color":"","overlay-opacity":"","overlay-gradient":""},"mobile":{"background-color":"","background-image":"","background-repeat":"repeat","background-position":"center center","background-size":"auto","background-attachment":"scroll","background-type":"","background-media":"","overlay-type":"","overlay-color":"","overlay-opacity":"","overlay-gradient":""}},"ast-content-background-meta":{"desktop":{"background-color":"var(--ast-global-color-5)","background-image":"","background-repeat":"repeat","background-position":"center center","background-size":"auto","background-attachment":"scroll","background-type":"","background-media":"","overlay-type":"","overlay-color":"","overlay-opacity":"","overlay-gradient":""},"tablet":{"background-color":"var(--ast-global-color-5)","background-image":"","background-repeat":"repeat","background-position":"center center","background-size":"auto","background-attachment":"scroll","background-type":"","background-media":"","overlay-type":"","overlay-color":"","overlay-opacity":"","overlay-gradient":""},"mobile":{"background-color":"var(--ast-global-color-5)","background-image":"","background-repeat":"repeat","background-position":"center center","background-size":"auto","background-attachment":"scroll","background-type":"","background-media":"","overlay-type":"","overlay-color":"","overlay-opacity":"","overlay-gradient":""}},"footnotes":""},"class_list":["post-2276","page","type-page","status-publish"],"acf":[],"uagb_featured_image_src":{"full":false,"thumbnail":false,"medium":false,"medium_large":false,"large":false,"1536x1536":false,"2048x2048":false,"trp-custom-language-flag":false},"uagb_author_info":{"display_name":"wpx_pullner","author_link":"https:\/\/www.staging.pullnerfilter.com\/es\/author\/wpx_pullner\/"},"uagb_comment_info":0,"uagb_excerpt":"Pre-Iron Filter Element For Condensate Polishing Treatment Pre-iron filter element for condensate polishing treatment is belong to condensate polishing pleated water filter cartridge, length 70\u201d (1778mm), micron rating from 1 to 20 micron, different precision used as Start-up and operating filter element in Power generation. Its pleated type, thermal melting welding, multiple times back-flushing, designed&hellip;","_links":{"self":[{"href":"https:\/\/www.staging.pullnerfilter.com\/es\/wp-json\/wp\/v2\/pages\/2276","targetHints":{"allow":["GET"]}}],"collection":[{"href":"https:\/\/www.staging.pullnerfilter.com\/es\/wp-json\/wp\/v2\/pages"}],"about":[{"href":"https:\/\/www.staging.pullnerfilter.com\/es\/wp-json\/wp\/v2\/types\/page"}],"author":[{"embeddable":true,"href":"https:\/\/www.staging.pullnerfilter.com\/es\/wp-json\/wp\/v2\/users\/1"}],"replies":[{"embeddable":true,"href":"https:\/\/www.staging.pullnerfilter.com\/es\/wp-json\/wp\/v2\/comments?post=2276"}],"version-history":[{"count":5,"href":"https:\/\/www.staging.pullnerfilter.com\/es\/wp-json\/wp\/v2\/pages\/2276\/revisions"}],"predecessor-version":[{"id":8751,"href":"https:\/\/www.staging.pullnerfilter.com\/es\/wp-json\/wp\/v2\/pages\/2276\/revisions\/8751"}],"wp:attachment":[{"href":"https:\/\/www.staging.pullnerfilter.com\/es\/wp-json\/wp\/v2\/media?parent=2276"}],"curies":[{"name":"wp","href":"https:\/\/api.w.org\/{rel}","templated":true}]}}