{"id":2264,"date":"2023-01-06T09:05:05","date_gmt":"2023-01-06T09:05:05","guid":{"rendered":"https:\/\/www.staging.pullnerfilter.com\/?page_id=2264"},"modified":"2023-01-06T09:08:46","modified_gmt":"2023-01-06T09:08:46","slug":"elemento-filtrante-de-condensado-de-proceso","status":"publish","type":"page","link":"https:\/\/www.staging.pullnerfilter.com\/es\/elemento-filtrante-de-condensado-de-proceso\/","title":{"rendered":"Elemento filtrante de condensado de proceso"},"content":{"rendered":"<div data-elementor-type=\"wp-page\" data-elementor-id=\"2264\" class=\"elementor elementor-2264\" data-elementor-post-type=\"page\">\n\t\t\t\t\t\t<section class=\"elementor-section elementor-top-section elementor-element elementor-element-4df5efec elementor-section-boxed elementor-section-height-default elementor-section-height-default\" data-id=\"4df5efec\" data-element_type=\"section\" data-e-type=\"section\">\n\t\t\t\t\t\t<div class=\"elementor-container elementor-column-gap-default\">\n\t\t\t\t\t<div class=\"elementor-column elementor-col-50 elementor-top-column elementor-element elementor-element-5c3a3cb2\" data-id=\"5c3a3cb2\" data-element_type=\"column\" data-e-type=\"column\">\n\t\t\t<div class=\"elementor-widget-wrap elementor-element-populated\">\n\t\t\t\t\t\t<div class=\"elementor-element elementor-element-5a87a240 elementor-arrows-position-inside elementor-pagination-position-outside elementor-widget elementor-widget-image-carousel\" data-id=\"5a87a240\" data-element_type=\"widget\" data-e-type=\"widget\" data-settings=\"{&quot;slides_to_show&quot;:&quot;1&quot;,&quot;navigation&quot;:&quot;both&quot;,&quot;autoplay&quot;:&quot;yes&quot;,&quot;pause_on_hover&quot;:&quot;yes&quot;,&quot;pause_on_interaction&quot;:&quot;yes&quot;,&quot;autoplay_speed&quot;:5000,&quot;infinite&quot;:&quot;yes&quot;,&quot;effect&quot;:&quot;slide&quot;,&quot;speed&quot;:500}\" data-widget_type=\"image-carousel.default\">\n\t\t\t\t<div class=\"elementor-widget-container\">\n\t\t\t\t\t\t\t<div class=\"elementor-image-carousel-wrapper swiper\" role=\"region\" aria-roledescription=\"carousel\" aria-label=\"Carrusel de im\u00e1genes\" dir=\"ltr\">\n\t\t\t<div class=\"elementor-image-carousel swiper-wrapper swiper-image-stretch\" aria-live=\"off\">\n\t\t\t\t\t\t\t\t<div class=\"swiper-slide\" role=\"group\" aria-roledescription=\"slide\" aria-label=\"1 de 1\" data-no-translation-aria-label=\"\"><figure class=\"swiper-slide-inner\"><img decoding=\"async\" class=\"swiper-slide-image\" src=\"https:\/\/www.staging.pullnerfilter.com\/wp-content\/uploads\/2023\/01\/Process-condensate-filter-element.jpg\" alt=\"Proceso-condensado-filtro-elemento\" \/><\/figure><\/div>\t\t\t<\/div>\n\t\t\t\t\t<\/div>\n\t\t\t\t\t\t<\/div>\n\t\t\t\t<\/div>\n\t\t\t\t\t<\/div>\n\t\t<\/div>\n\t\t\t\t<div class=\"elementor-column elementor-col-50 elementor-top-column elementor-element elementor-element-3685cfee\" data-id=\"3685cfee\" data-element_type=\"column\" data-e-type=\"column\">\n\t\t\t<div class=\"elementor-widget-wrap elementor-element-populated\">\n\t\t\t\t\t\t<div class=\"elementor-element elementor-element-78edc14b elementor-widget elementor-widget-heading\" data-id=\"78edc14b\" data-element_type=\"widget\" data-e-type=\"widget\" data-widget_type=\"heading.default\">\n\t\t\t\t<div class=\"elementor-widget-container\">\n\t\t\t\t\t<h1 class=\"elementor-heading-title elementor-size-default\">Elemento filtrante de condensado de proceso<\/h1>\t\t\t\t<\/div>\n\t\t\t\t<\/div>\n\t\t\t\t<div class=\"elementor-element elementor-element-65207aa4 elementor-widget elementor-widget-text-editor\" data-id=\"65207aa4\" data-element_type=\"widget\" data-e-type=\"widget\" data-widget_type=\"text-editor.default\">\n\t\t\t\t<div class=\"elementor-widget-container\">\n\t\t\t\t\t\t\t\t\t<p>Serie PHFX <a href=\"https:\/\/www.pullnerfilter.com\/string-wound-filter-cartridge\/\" target=\"_blank\" rel=\"noopener\">cartucho filtrante bobinado<\/a> es el filtro de profundidad, utilizando fibra de alto rendimiento (polipropileno, algod\u00f3n absorbente o fibra de vidrio) hilo de acuerdo con un proceso espec\u00edfico, firmemente enrollada en el n\u00facleo central poroso (PP o SS tubo de agujero), formar una estructura de panal con escasa fuera y densa en el interior.<\/p><p>Est\u00e1 dise\u00f1ado para la eliminaci\u00f3n de hierro en condensados de centrales el\u00e9ctricas, con o sin revestimiento previo de resina. Longitud de uso com\u00fan 70\u2033 (1778mm), la gran longitud con gran \u00e1rea de filtraci\u00f3n asegura para reducir el n\u00famero de cartuchos de filtro y la dimensi\u00f3n de la vivienda requerida. La larga vida \u00fatil y el alto caudal dan como resultado una baja inversi\u00f3n y menos mano de obra en muchas aplicaciones<\/p><ul><li>Temperatura m\u00e1xima de funcionamiento: 250\u2103<\/li><li>Presi\u00f3n diferencial m\u00e1xima de funcionamiento: 3,0bar@90\u2103<\/li><li>Caudal: 2-2.8m<sup>3<\/sup>\/h(Dise\u00f1o)<\/li><li>5m<sup>3<\/sup>\/h(Recomendaci\u00f3n)<\/li><li>Calidad del agua de entrada(Recomendaci\u00f3n):\uff1c1000ppb<\/li><\/ul>\t\t\t\t\t\t\t\t<\/div>\n\t\t\t\t<\/div>\n\t\t\t\t<div class=\"elementor-element elementor-element-5ed813d6 elementor-align-left elementor-widget elementor-widget-button\" data-id=\"5ed813d6\" data-element_type=\"widget\" data-e-type=\"widget\" data-widget_type=\"button.default\">\n\t\t\t\t<div class=\"elementor-widget-container\">\n\t\t\t\t\t\t\t\t\t<div class=\"elementor-button-wrapper\">\n\t\t\t\t\t<a class=\"elementor-button elementor-button-link elementor-size-md\" href=\"\/es\/contacto\/\">\n\t\t\t\t\t\t<span class=\"elementor-button-content-wrapper\">\n\t\t\t\t\t\t\t\t\t<span class=\"elementor-button-text\">Env\u00ede su consulta ahora<\/span>\n\t\t\t\t\t<\/span>\n\t\t\t\t\t<\/a>\n\t\t\t\t<\/div>\n\t\t\t\t\t\t\t\t<\/div>\n\t\t\t\t<\/div>\n\t\t\t\t\t<\/div>\n\t\t<\/div>\n\t\t\t\t\t<\/div>\n\t\t<\/section>\n\t\t\t\t<section class=\"elementor-section elementor-top-section elementor-element elementor-element-970062e elementor-section-boxed elementor-section-height-default elementor-section-height-default\" data-id=\"970062e\" data-element_type=\"section\" data-e-type=\"section\">\n\t\t\t\t\t\t<div class=\"elementor-container elementor-column-gap-default\">\n\t\t\t\t\t<div class=\"elementor-column elementor-col-100 elementor-top-column elementor-element elementor-element-d62745b\" data-id=\"d62745b\" data-element_type=\"column\" data-e-type=\"column\">\n\t\t\t<div class=\"elementor-widget-wrap elementor-element-populated\">\n\t\t\t\t\t\t<div class=\"elementor-element elementor-element-3273ede0 elementor-widget elementor-widget-text-editor\" data-id=\"3273ede0\" data-element_type=\"widget\" data-e-type=\"widget\" data-widget_type=\"text-editor.default\">\n\t\t\t\t<div class=\"elementor-widget-container\">\n\t\t\t\t\t\t\t\t\t<p>Pullner proporciona soluciones de filtraci\u00f3n para la industria de centrales el\u00e9ctricas, que pueden mejorar la fiabilidad de los equipos y reducir los costes. Se utiliza principalmente en el pulido de condensado, tratamiento de agua de refrigeraci\u00f3n del estator, etc.<\/p><p>Proporcionamos diferentes elementos filtrantes para la filtraci\u00f3n de agua, aceite y aire en centrales el\u00e9ctricas para garantizar el funcionamiento seguro del conjunto de generaci\u00f3n de energ\u00eda.<\/p><p><img fetchpriority=\"high\" decoding=\"async\" class=\"wp-image-2272 size-full aligncenter\" src=\"https:\/\/www.pullnerfilter.com\/wp-content\/uploads\/2023\/01\/Process-condensate-filter-element-1.jpg\" alt=\"Proceso-condensado-filtro-elemento-1\" width=\"800\" height=\"534\" srcset=\"https:\/\/www.staging.pullnerfilter.com\/wp-content\/uploads\/2023\/01\/Process-condensate-filter-element-1.jpg 800w, https:\/\/www.staging.pullnerfilter.com\/wp-content\/uploads\/2023\/01\/Process-condensate-filter-element-1-300x200.jpg 300w, https:\/\/www.staging.pullnerfilter.com\/wp-content\/uploads\/2023\/01\/Process-condensate-filter-element-1-768x513.jpg 768w\" sizes=\"(max-width: 800px) 100vw, 800px\" \/><\/p><p>Para la protecci\u00f3n del medio ambiente, la aplicaci\u00f3n de la filtraci\u00f3n es particularmente importante para las centrales el\u00e9ctricas para lograr la descarga cero de contaminantes. Nuestro elemento filtrante es adecuado para el sistema de condensado de centrales el\u00e9ctricas, pulido de condensado, condensado circulante mixto, filtraci\u00f3n de soluci\u00f3n de galvanoplastia, condensado de alto flujo, caldera supercr\u00edtica, etc.<\/p><p>El elemento filtrante Pullner puede eliminar el hierro, los s\u00f3lidos en suspensi\u00f3n, los coloides y otros contaminantes del condensado, protegiendo las calderas y las turbinas de vapor de la corrosi\u00f3n y los peligros. Una vez filtrado, el condensado cumple la norma de agua de alimentaci\u00f3n de calderas, con lo que se consigue el prop\u00f3sito de reciclar y reducir el uso de agua en general. Maximiza la fiabilidad de los equipos y la producci\u00f3n de energ\u00eda, al tiempo que reduce el tiempo de inactividad y los costes de funcionamiento.<\/p>\t\t\t\t\t\t\t\t<\/div>\n\t\t\t\t<\/div>\n\t\t\t\t\t<\/div>\n\t\t<\/div>\n\t\t\t\t\t<\/div>\n\t\t<\/section>\n\t\t\t\t<\/div>","protected":false},"excerpt":{"rendered":"<p>Process Condensate Filter Element PHFX series string wound filter cartridge is depth filter, using high-performance fiber (Polypropylene, Absorbent cotton or Glass fiber) thread according to a specific process, tightly wound on the porous center core (PP or SS hole tube), form a honeycomb structure with sparse outside and dense inside. It\u2019s designed for power plant [&hellip;]<\/p>\n","protected":false},"author":1,"featured_media":0,"parent":0,"menu_order":0,"comment_status":"closed","ping_status":"closed","template":"","meta":{"_acf_changed":false,"_seopress_robots_primary_cat":"","_seopress_titles_title":"","_seopress_titles_desc":"","_seopress_robots_index":"","_uag_custom_page_level_css":"","site-sidebar-layout":"no-sidebar","site-content-layout":"page-builder","ast-site-content-layout":"default","site-content-style":"default","site-sidebar-style":"default","ast-global-header-display":"","ast-banner-title-visibility":"","ast-main-header-display":"","ast-hfb-above-header-display":"","ast-hfb-below-header-display":"","ast-hfb-mobile-header-display":"","site-post-title":"disabled","ast-breadcrumbs-content":"","ast-featured-img":"disabled","footer-sml-layout":"","theme-transparent-header-meta":"","adv-header-id-meta":"","stick-header-meta":"","header-above-stick-meta":"","header-main-stick-meta":"","header-below-stick-meta":"","astra-migrate-meta-layouts":"default","ast-page-background-enabled":"default","ast-page-background-meta":{"desktop":{"background-color":"","background-image":"","background-repeat":"repeat","background-position":"center center","background-size":"auto","background-attachment":"scroll","background-type":"","background-media":"","overlay-type":"","overlay-color":"","overlay-opacity":"","overlay-gradient":""},"tablet":{"background-color":"","background-image":"","background-repeat":"repeat","background-position":"center center","background-size":"auto","background-attachment":"scroll","background-type":"","background-media":"","overlay-type":"","overlay-color":"","overlay-opacity":"","overlay-gradient":""},"mobile":{"background-color":"","background-image":"","background-repeat":"repeat","background-position":"center center","background-size":"auto","background-attachment":"scroll","background-type":"","background-media":"","overlay-type":"","overlay-color":"","overlay-opacity":"","overlay-gradient":""}},"ast-content-background-meta":{"desktop":{"background-color":"var(--ast-global-color-5)","background-image":"","background-repeat":"repeat","background-position":"center center","background-size":"auto","background-attachment":"scroll","background-type":"","background-media":"","overlay-type":"","overlay-color":"","overlay-opacity":"","overlay-gradient":""},"tablet":{"background-color":"var(--ast-global-color-5)","background-image":"","background-repeat":"repeat","background-position":"center center","background-size":"auto","background-attachment":"scroll","background-type":"","background-media":"","overlay-type":"","overlay-color":"","overlay-opacity":"","overlay-gradient":""},"mobile":{"background-color":"var(--ast-global-color-5)","background-image":"","background-repeat":"repeat","background-position":"center center","background-size":"auto","background-attachment":"scroll","background-type":"","background-media":"","overlay-type":"","overlay-color":"","overlay-opacity":"","overlay-gradient":""}},"footnotes":""},"class_list":["post-2264","page","type-page","status-publish"],"acf":[],"uagb_featured_image_src":{"full":false,"thumbnail":false,"medium":false,"medium_large":false,"large":false,"1536x1536":false,"2048x2048":false,"trp-custom-language-flag":false},"uagb_author_info":{"display_name":"wpx_pullner","author_link":"https:\/\/www.staging.pullnerfilter.com\/es\/author\/wpx_pullner\/"},"uagb_comment_info":0,"uagb_excerpt":"Process Condensate Filter Element PHFX series string wound filter cartridge is depth filter, using high-performance fiber (Polypropylene, Absorbent cotton or Glass fiber) thread according to a specific process, tightly wound on the porous center core (PP or SS hole tube), form a honeycomb structure with sparse outside and dense inside. It\u2019s designed for power plant&hellip;","_links":{"self":[{"href":"https:\/\/www.staging.pullnerfilter.com\/es\/wp-json\/wp\/v2\/pages\/2264","targetHints":{"allow":["GET"]}}],"collection":[{"href":"https:\/\/www.staging.pullnerfilter.com\/es\/wp-json\/wp\/v2\/pages"}],"about":[{"href":"https:\/\/www.staging.pullnerfilter.com\/es\/wp-json\/wp\/v2\/types\/page"}],"author":[{"embeddable":true,"href":"https:\/\/www.staging.pullnerfilter.com\/es\/wp-json\/wp\/v2\/users\/1"}],"replies":[{"embeddable":true,"href":"https:\/\/www.staging.pullnerfilter.com\/es\/wp-json\/wp\/v2\/comments?post=2264"}],"version-history":[{"count":8,"href":"https:\/\/www.staging.pullnerfilter.com\/es\/wp-json\/wp\/v2\/pages\/2264\/revisions"}],"predecessor-version":[{"id":8747,"href":"https:\/\/www.staging.pullnerfilter.com\/es\/wp-json\/wp\/v2\/pages\/2264\/revisions\/8747"}],"wp:attachment":[{"href":"https:\/\/www.staging.pullnerfilter.com\/es\/wp-json\/wp\/v2\/media?parent=2264"}],"curies":[{"name":"wp","href":"https:\/\/api.w.org\/{rel}","templated":true}]}}