{"id":2247,"date":"2023-01-06T08:53:21","date_gmt":"2023-01-06T08:53:21","guid":{"rendered":"https:\/\/www.staging.pullnerfilter.com\/?page_id=2247"},"modified":"2023-01-06T08:55:38","modified_gmt":"2023-01-06T08:55:38","slug":"elemento-filtrante-bobinado-de-alambre-resistente-a-altas-temperaturas","status":"publish","type":"page","link":"https:\/\/www.staging.pullnerfilter.com\/es\/elemento-filtrante-bobinado-de-alambre-resistente-a-altas-temperaturas\/","title":{"rendered":"Elemento filtrante bobinado de alambre resistente a altas temperaturas"},"content":{"rendered":"<div data-elementor-type=\"wp-page\" data-elementor-id=\"2247\" class=\"elementor elementor-2247\" data-elementor-post-type=\"page\">\n\t\t\t\t\t\t<section class=\"elementor-section elementor-top-section elementor-element elementor-element-44c954d0 elementor-section-boxed elementor-section-height-default elementor-section-height-default\" data-id=\"44c954d0\" data-element_type=\"section\" data-e-type=\"section\">\n\t\t\t\t\t\t<div class=\"elementor-container elementor-column-gap-default\">\n\t\t\t\t\t<div class=\"elementor-column elementor-col-50 elementor-top-column elementor-element elementor-element-4f988969\" data-id=\"4f988969\" data-element_type=\"column\" data-e-type=\"column\">\n\t\t\t<div class=\"elementor-widget-wrap elementor-element-populated\">\n\t\t\t\t\t\t<div class=\"elementor-element elementor-element-7c5fb26d elementor-arrows-position-inside elementor-pagination-position-outside elementor-widget elementor-widget-image-carousel\" data-id=\"7c5fb26d\" data-element_type=\"widget\" data-e-type=\"widget\" data-settings=\"{&quot;slides_to_show&quot;:&quot;1&quot;,&quot;navigation&quot;:&quot;both&quot;,&quot;autoplay&quot;:&quot;yes&quot;,&quot;pause_on_hover&quot;:&quot;yes&quot;,&quot;pause_on_interaction&quot;:&quot;yes&quot;,&quot;autoplay_speed&quot;:5000,&quot;infinite&quot;:&quot;yes&quot;,&quot;effect&quot;:&quot;slide&quot;,&quot;speed&quot;:500}\" data-widget_type=\"image-carousel.default\">\n\t\t\t\t<div class=\"elementor-widget-container\">\n\t\t\t\t\t\t\t<div class=\"elementor-image-carousel-wrapper swiper\" role=\"region\" aria-roledescription=\"carousel\" aria-label=\"Carrusel de im\u00e1genes\" dir=\"ltr\">\n\t\t\t<div class=\"elementor-image-carousel swiper-wrapper swiper-image-stretch\" aria-live=\"off\">\n\t\t\t\t\t\t\t\t<div class=\"swiper-slide\" role=\"group\" aria-roledescription=\"slide\" aria-label=\"1 de 1\"><figure class=\"swiper-slide-inner\"><img decoding=\"async\" class=\"swiper-slide-image\" src=\"https:\/\/www.staging.pullnerfilter.com\/wp-content\/uploads\/2023\/01\/High-Temperature-Resistant-Wire-Wound-Filter-Element.jpg\" alt=\"Elemento filtrante bobinado de alambre resistente a altas temperaturas\" \/><\/figure><\/div>\t\t\t<\/div>\n\t\t\t\t\t<\/div>\n\t\t\t\t\t\t<\/div>\n\t\t\t\t<\/div>\n\t\t\t\t\t<\/div>\n\t\t<\/div>\n\t\t\t\t<div class=\"elementor-column elementor-col-50 elementor-top-column elementor-element elementor-element-6f64153f\" data-id=\"6f64153f\" data-element_type=\"column\" data-e-type=\"column\">\n\t\t\t<div class=\"elementor-widget-wrap elementor-element-populated\">\n\t\t\t\t\t\t<div class=\"elementor-element elementor-element-10dca8a9 elementor-widget elementor-widget-heading\" data-id=\"10dca8a9\" data-element_type=\"widget\" data-e-type=\"widget\" data-widget_type=\"heading.default\">\n\t\t\t\t<div class=\"elementor-widget-container\">\n\t\t\t\t\t<h1 class=\"elementor-heading-title elementor-size-default\">Elemento filtrante bobinado de alambre resistente a altas temperaturas<\/h1>\t\t\t\t<\/div>\n\t\t\t\t<\/div>\n\t\t\t\t<div class=\"elementor-element elementor-element-2f2dcc23 elementor-widget elementor-widget-text-editor\" data-id=\"2f2dcc23\" data-element_type=\"widget\" data-e-type=\"widget\" data-widget_type=\"text-editor.default\">\n\t\t\t\t<div class=\"elementor-widget-container\">\n\t\t\t\t\t\t\t\t\t<p>El elemento filtrante bobinado de alambre resistente a altas temperaturas pertenece a <a href=\"https:\/\/www.pullnerfilter.com\/string-wound-filter-cartridge\/\" target=\"_blank\" rel=\"noopener\">cartucho filtrante bobinado<\/a>. es un filtro de profundidad, utilizando fibra de alto rendimiento (polipropileno, algod\u00f3n absorbente o fibra de vidrio) hilo de acuerdo con un proceso espec\u00edfico, fuertemente enrollada en el n\u00facleo poroso SS tubo agujero, forman una estructura de panal con escasa exterior y denso interior.<\/p><ul><li>Medio filtrante: Fibra de vidrio<\/li><li>N\u00facleo: Polipropileno (SS)<\/li><li>Temperatura m\u00e1xima de funcionamiento: 80\u2103<\/li><li>Aplicaci\u00f3n: Filtraci\u00f3n de agua de pulido de condensado de centrales el\u00e9ctricas<\/li><\/ul>\t\t\t\t\t\t\t\t<\/div>\n\t\t\t\t<\/div>\n\t\t\t\t<div class=\"elementor-element elementor-element-7ad550d1 elementor-align-left elementor-widget elementor-widget-button\" data-id=\"7ad550d1\" data-element_type=\"widget\" data-e-type=\"widget\" data-widget_type=\"button.default\">\n\t\t\t\t<div class=\"elementor-widget-container\">\n\t\t\t\t\t\t\t\t\t<div class=\"elementor-button-wrapper\">\n\t\t\t\t\t<a class=\"elementor-button elementor-button-link elementor-size-md\" href=\"\/es\/contacto\/\">\n\t\t\t\t\t\t<span class=\"elementor-button-content-wrapper\">\n\t\t\t\t\t\t\t\t\t<span class=\"elementor-button-text\">Env\u00ede su consulta ahora<\/span>\n\t\t\t\t\t<\/span>\n\t\t\t\t\t<\/a>\n\t\t\t\t<\/div>\n\t\t\t\t\t\t\t\t<\/div>\n\t\t\t\t<\/div>\n\t\t\t\t\t<\/div>\n\t\t<\/div>\n\t\t\t\t\t<\/div>\n\t\t<\/section>\n\t\t\t\t<section class=\"elementor-section elementor-top-section elementor-element elementor-element-701c66a8 elementor-section-boxed elementor-section-height-default elementor-section-height-default\" data-id=\"701c66a8\" data-element_type=\"section\" data-e-type=\"section\">\n\t\t\t\t\t\t<div class=\"elementor-container elementor-column-gap-default\">\n\t\t\t\t\t<div class=\"elementor-column elementor-col-100 elementor-top-column elementor-element elementor-element-71013c0f\" data-id=\"71013c0f\" data-element_type=\"column\" data-e-type=\"column\">\n\t\t\t<div class=\"elementor-widget-wrap elementor-element-populated\">\n\t\t\t\t\t\t<div class=\"elementor-element elementor-element-38137094 elementor-widget elementor-widget-text-editor\" data-id=\"38137094\" data-element_type=\"widget\" data-e-type=\"widget\" data-widget_type=\"text-editor.default\">\n\t\t\t\t<div class=\"elementor-widget-container\">\n\t\t\t\t\t\t\t\t\t<p>El elemento filtrante bobinado de alambre resistente a altas temperaturas es un tipo de filtro de cartucho de profundidad que se fabrica tejiendo hilo alrededor de un n\u00facleo.<\/p><p>Las microfibras se retuercen y entrelazan para formar un hilo. Este hilo se teje en forma de nido de abeja alrededor del n\u00facleo, formando una estructura en gradiente que permite una mejor filtraci\u00f3n.<\/p><p>Est\u00e1 dise\u00f1ado para la eliminaci\u00f3n de hierro en condensados de centrales el\u00e9ctricas, con o sin revestimiento previo de resina. Longitud de uso com\u00fan 70\u2033 (1778mm), la gran longitud con gran \u00e1rea de filtraci\u00f3n asegura para reducir el n\u00famero de cartuchos de filtro y la dimensi\u00f3n de la vivienda requerida.<\/p><p>La larga vida \u00fatil y el elevado caudal permiten reducir la inversi\u00f3n y la mano de obra en muchas aplicaciones. El material es de fibra de vidrio. Se pueden utilizar materiales especiales en entornos resistentes a altas temperaturas.<\/p><p>Despu\u00e9s de controlar el m\u00e9todo de enrollado mediante programaci\u00f3n de control num\u00e9rico, el hilo de fibra de vidrio se enrolla firmemente en el esqueleto de acero inoxidable.<\/p><p>La densidad y estructura \u00fanicas exterior escasa e interior forman un gradiente de filtraci\u00f3n en profundidad, lo que garantiza que el \u00e1rea de filtraci\u00f3n del elemento filtrante sea mayor que la del elemento filtrante de superficie, que puede eliminar eficazmente el medio en el medio. s\u00f3lidos en suspensi\u00f3n, \u00f3xido y otras part\u00edculas duras.<\/p>\t\t\t\t\t\t\t\t<\/div>\n\t\t\t\t<\/div>\n\t\t\t\t\t<\/div>\n\t\t<\/div>\n\t\t\t\t\t<\/div>\n\t\t<\/section>\n\t\t\t\t<\/div>","protected":false},"excerpt":{"rendered":"<p>High Temperature Resistant Wire Wound Filter Element High temperature resistant wire wound filter element belong to string wound filter cartridge. it is depth filter, using high-performance fiber (Polypropylene, Absorbent cotton or Glass fiber) thread according to a specific process, tightly wound on the porous center core SS hole tube, form a honeycomb structure with sparse [&hellip;]<\/p>\n","protected":false},"author":1,"featured_media":0,"parent":0,"menu_order":0,"comment_status":"closed","ping_status":"closed","template":"","meta":{"_acf_changed":false,"_seopress_robots_primary_cat":"","_seopress_titles_title":"","_seopress_titles_desc":"","_seopress_robots_index":"","_uag_custom_page_level_css":"","site-sidebar-layout":"no-sidebar","site-content-layout":"page-builder","ast-site-content-layout":"default","site-content-style":"default","site-sidebar-style":"default","ast-global-header-display":"","ast-banner-title-visibility":"","ast-main-header-display":"","ast-hfb-above-header-display":"","ast-hfb-below-header-display":"","ast-hfb-mobile-header-display":"","site-post-title":"disabled","ast-breadcrumbs-content":"","ast-featured-img":"disabled","footer-sml-layout":"","theme-transparent-header-meta":"","adv-header-id-meta":"","stick-header-meta":"","header-above-stick-meta":"","header-main-stick-meta":"","header-below-stick-meta":"","astra-migrate-meta-layouts":"default","ast-page-background-enabled":"default","ast-page-background-meta":{"desktop":{"background-color":"","background-image":"","background-repeat":"repeat","background-position":"center center","background-size":"auto","background-attachment":"scroll","background-type":"","background-media":"","overlay-type":"","overlay-color":"","overlay-opacity":"","overlay-gradient":""},"tablet":{"background-color":"","background-image":"","background-repeat":"repeat","background-position":"center center","background-size":"auto","background-attachment":"scroll","background-type":"","background-media":"","overlay-type":"","overlay-color":"","overlay-opacity":"","overlay-gradient":""},"mobile":{"background-color":"","background-image":"","background-repeat":"repeat","background-position":"center center","background-size":"auto","background-attachment":"scroll","background-type":"","background-media":"","overlay-type":"","overlay-color":"","overlay-opacity":"","overlay-gradient":""}},"ast-content-background-meta":{"desktop":{"background-color":"var(--ast-global-color-5)","background-image":"","background-repeat":"repeat","background-position":"center center","background-size":"auto","background-attachment":"scroll","background-type":"","background-media":"","overlay-type":"","overlay-color":"","overlay-opacity":"","overlay-gradient":""},"tablet":{"background-color":"var(--ast-global-color-5)","background-image":"","background-repeat":"repeat","background-position":"center center","background-size":"auto","background-attachment":"scroll","background-type":"","background-media":"","overlay-type":"","overlay-color":"","overlay-opacity":"","overlay-gradient":""},"mobile":{"background-color":"var(--ast-global-color-5)","background-image":"","background-repeat":"repeat","background-position":"center center","background-size":"auto","background-attachment":"scroll","background-type":"","background-media":"","overlay-type":"","overlay-color":"","overlay-opacity":"","overlay-gradient":""}},"footnotes":""},"class_list":["post-2247","page","type-page","status-publish"],"acf":[],"uagb_featured_image_src":{"full":false,"thumbnail":false,"medium":false,"medium_large":false,"large":false,"1536x1536":false,"2048x2048":false,"trp-custom-language-flag":false},"uagb_author_info":{"display_name":"wpx_pullner","author_link":"https:\/\/www.staging.pullnerfilter.com\/es\/author\/wpx_pullner\/"},"uagb_comment_info":0,"uagb_excerpt":"High Temperature Resistant Wire Wound Filter Element High temperature resistant wire wound filter element belong to string wound filter cartridge. it is depth filter, using high-performance fiber (Polypropylene, Absorbent cotton or Glass fiber) thread according to a specific process, tightly wound on the porous center core SS hole tube, form a honeycomb structure with sparse&hellip;","_links":{"self":[{"href":"https:\/\/www.staging.pullnerfilter.com\/es\/wp-json\/wp\/v2\/pages\/2247","targetHints":{"allow":["GET"]}}],"collection":[{"href":"https:\/\/www.staging.pullnerfilter.com\/es\/wp-json\/wp\/v2\/pages"}],"about":[{"href":"https:\/\/www.staging.pullnerfilter.com\/es\/wp-json\/wp\/v2\/types\/page"}],"author":[{"embeddable":true,"href":"https:\/\/www.staging.pullnerfilter.com\/es\/wp-json\/wp\/v2\/users\/1"}],"replies":[{"embeddable":true,"href":"https:\/\/www.staging.pullnerfilter.com\/es\/wp-json\/wp\/v2\/comments?post=2247"}],"version-history":[{"count":5,"href":"https:\/\/www.staging.pullnerfilter.com\/es\/wp-json\/wp\/v2\/pages\/2247\/revisions"}],"predecessor-version":[{"id":8739,"href":"https:\/\/www.staging.pullnerfilter.com\/es\/wp-json\/wp\/v2\/pages\/2247\/revisions\/8739"}],"wp:attachment":[{"href":"https:\/\/www.staging.pullnerfilter.com\/es\/wp-json\/wp\/v2\/media?parent=2247"}],"curies":[{"name":"wp","href":"https:\/\/api.w.org\/{rel}","templated":true}]}}