{"id":2239,"date":"2023-01-06T08:47:59","date_gmt":"2023-01-06T08:47:59","guid":{"rendered":"https:\/\/www.staging.pullnerfilter.com\/?page_id=2239"},"modified":"2023-01-06T08:52:20","modified_gmt":"2023-01-06T08:52:20","slug":"elemento-filtrante-bobinado-de-alambre-humedo-y-de-alta-temperatura","status":"publish","type":"page","link":"https:\/\/www.staging.pullnerfilter.com\/es\/elemento-filtrante-bobinado-de-alambre-humedo-y-de-alta-temperatura\/","title":{"rendered":"Elemento filtrante bobinado de alambre para alta temperatura y h\u00famedo"},"content":{"rendered":"<div data-elementor-type=\"wp-page\" data-elementor-id=\"2239\" class=\"elementor elementor-2239\" data-elementor-post-type=\"page\">\n\t\t\t\t\t\t<section class=\"elementor-section elementor-top-section elementor-element elementor-element-5cf93a6a elementor-section-boxed elementor-section-height-default elementor-section-height-default\" data-id=\"5cf93a6a\" data-element_type=\"section\" data-e-type=\"section\">\n\t\t\t\t\t\t<div class=\"elementor-container elementor-column-gap-default\">\n\t\t\t\t\t<div class=\"elementor-column elementor-col-50 elementor-top-column elementor-element elementor-element-65131b4c\" data-id=\"65131b4c\" data-element_type=\"column\" data-e-type=\"column\">\n\t\t\t<div class=\"elementor-widget-wrap elementor-element-populated\">\n\t\t\t\t\t\t<div class=\"elementor-element elementor-element-39fceaa8 elementor-arrows-position-inside elementor-pagination-position-outside elementor-widget elementor-widget-image-carousel\" data-id=\"39fceaa8\" data-element_type=\"widget\" data-e-type=\"widget\" data-settings=\"{&quot;slides_to_show&quot;:&quot;1&quot;,&quot;navigation&quot;:&quot;both&quot;,&quot;autoplay&quot;:&quot;yes&quot;,&quot;pause_on_hover&quot;:&quot;yes&quot;,&quot;pause_on_interaction&quot;:&quot;yes&quot;,&quot;autoplay_speed&quot;:5000,&quot;infinite&quot;:&quot;yes&quot;,&quot;effect&quot;:&quot;slide&quot;,&quot;speed&quot;:500}\" data-widget_type=\"image-carousel.default\">\n\t\t\t\t<div class=\"elementor-widget-container\">\n\t\t\t\t\t\t\t<div class=\"elementor-image-carousel-wrapper swiper\" role=\"region\" aria-roledescription=\"carousel\" aria-label=\"Carrusel de im\u00e1genes\" dir=\"ltr\">\n\t\t\t<div class=\"elementor-image-carousel swiper-wrapper swiper-image-stretch\" aria-live=\"off\">\n\t\t\t\t\t\t\t\t<div class=\"swiper-slide\" role=\"group\" aria-roledescription=\"slide\" aria-label=\"1 de 1\" data-no-translation-aria-label=\"\"><figure class=\"swiper-slide-inner\"><img decoding=\"async\" class=\"swiper-slide-image\" src=\"https:\/\/www.staging.pullnerfilter.com\/wp-content\/uploads\/2023\/01\/High-temperature-and-wet-wire-wound-filter-element.jpg\" alt=\"Elemento filtrante bobinado de alambre h\u00famedo y de alta temperatura\" \/><\/figure><\/div>\t\t\t<\/div>\n\t\t\t\t\t<\/div>\n\t\t\t\t\t\t<\/div>\n\t\t\t\t<\/div>\n\t\t\t\t\t<\/div>\n\t\t<\/div>\n\t\t\t\t<div class=\"elementor-column elementor-col-50 elementor-top-column elementor-element elementor-element-3aa80a7f\" data-id=\"3aa80a7f\" data-element_type=\"column\" data-e-type=\"column\">\n\t\t\t<div class=\"elementor-widget-wrap elementor-element-populated\">\n\t\t\t\t\t\t<div class=\"elementor-element elementor-element-4866435c elementor-widget elementor-widget-heading\" data-id=\"4866435c\" data-element_type=\"widget\" data-e-type=\"widget\" data-widget_type=\"heading.default\">\n\t\t\t\t<div class=\"elementor-widget-container\">\n\t\t\t\t\t<h1 class=\"elementor-heading-title elementor-size-default\">Elemento filtrante bobinado de alambre para alta temperatura y h\u00famedo<\/h1>\t\t\t\t<\/div>\n\t\t\t\t<\/div>\n\t\t\t\t<div class=\"elementor-element elementor-element-13ff3799 elementor-widget elementor-widget-text-editor\" data-id=\"13ff3799\" data-element_type=\"widget\" data-e-type=\"widget\" data-widget_type=\"text-editor.default\">\n\t\t\t\t<div class=\"elementor-widget-container\">\n\t\t\t\t\t\t\t\t\t<p>Alta temperatura y humedad <a href=\"https:\/\/www.pullnerfilter.com\/string-wound-filter-cartridge\/\">cartucho de filtro bobinado<\/a>e es filtro de profundidad, utilizando fibra de alto rendimiento Hilo de fibra de vidrio de acuerdo con un proceso espec\u00edfico, fuertemente enrollada en el n\u00facleo poroso SS tubo de agujero, formar una estructura de panal con escasa fuera y densa en el interior.<\/p><ul><li>Diferentes medios de fibra de vidrio para diferentes aplicaciones<\/li><li>Tipo de filtraci\u00f3n profunda con mayor capacidad de retenci\u00f3n<\/li><li>Hasta 70\u2033 (1778mm) de longitud, personalizar el di\u00e1metro y la longitud como petici\u00f3n.<\/li><li>N\u00facleo central de acero inoxidable para alta temperatura y presi\u00f3n<\/li><li>Tama\u00f1o de poro de filtraci\u00f3n graduada<\/li><li>Dos capas de dise\u00f1o especial, dentro de los medios de comunicaci\u00f3n es de alta temperatura materiales resistentes, evitar el hilo<\/li><li>Precalentamiento y contracci\u00f3n por desprendimiento<\/li><\/ul>\t\t\t\t\t\t\t\t<\/div>\n\t\t\t\t<\/div>\n\t\t\t\t<div class=\"elementor-element elementor-element-643d7cd1 elementor-align-left elementor-widget elementor-widget-button\" data-id=\"643d7cd1\" data-element_type=\"widget\" data-e-type=\"widget\" data-widget_type=\"button.default\">\n\t\t\t\t<div class=\"elementor-widget-container\">\n\t\t\t\t\t\t\t\t\t<div class=\"elementor-button-wrapper\">\n\t\t\t\t\t<a class=\"elementor-button elementor-button-link elementor-size-md\" href=\"\/es\/contacto\/\">\n\t\t\t\t\t\t<span class=\"elementor-button-content-wrapper\">\n\t\t\t\t\t\t\t\t\t<span class=\"elementor-button-text\">Env\u00ede su consulta ahora<\/span>\n\t\t\t\t\t<\/span>\n\t\t\t\t\t<\/a>\n\t\t\t\t<\/div>\n\t\t\t\t\t\t\t\t<\/div>\n\t\t\t\t<\/div>\n\t\t\t\t\t<\/div>\n\t\t<\/div>\n\t\t\t\t\t<\/div>\n\t\t<\/section>\n\t\t\t\t<section class=\"elementor-section elementor-top-section elementor-element elementor-element-1279e7af elementor-section-boxed elementor-section-height-default elementor-section-height-default\" data-id=\"1279e7af\" data-element_type=\"section\" data-e-type=\"section\">\n\t\t\t\t\t\t<div class=\"elementor-container elementor-column-gap-default\">\n\t\t\t\t\t<div class=\"elementor-column elementor-col-100 elementor-top-column elementor-element elementor-element-2ba96878\" data-id=\"2ba96878\" data-element_type=\"column\" data-e-type=\"column\">\n\t\t\t<div class=\"elementor-widget-wrap elementor-element-populated\">\n\t\t\t\t\t\t<div class=\"elementor-element elementor-element-20780839 elementor-widget elementor-widget-text-editor\" data-id=\"20780839\" data-element_type=\"widget\" data-e-type=\"widget\" data-widget_type=\"text-editor.default\">\n\t\t\t\t<div class=\"elementor-widget-container\">\n\t\t\t\t\t\t\t\t\t<p>material de filtro y la capa de soporte est\u00e1n hechos de materiales resistentes a altas temperaturas, que puede ser a largo plazo bajo la condici\u00f3n de 120\u2103 uso. Elemento filtrante h\u00famedo de la herida de la secuencia de la temperatura alta con 28-30m m, longitud 1778m m.<\/p><p>La capacidad de eliminaci\u00f3n es de 1 micra, 5 micras y 10 micras. Est\u00e1 dise\u00f1ado para la eliminaci\u00f3n de hierro condensado de centrales el\u00e9ctricas, uso con o sin pre-capa de resina. Longitud de uso com\u00fan 70\u2033 (1778mm), la gran longitud con gran \u00e1rea de filtraci\u00f3n asegura para reducir el n\u00famero de cartuchos de filtro y la dimensi\u00f3n de la carcasa requerida. La larga vida \u00fatil y el alto caudal dan como resultado una baja inversi\u00f3n y menos mano de obra en muchas aplicaciones.<\/p><p>Aplicaciones: Alimentaci\u00f3n y bebidas, filtraci\u00f3n de agua pre-RO, filtro de agua potable, soluci\u00f3n de filtraci\u00f3n qu\u00edmica, proceso petroqu\u00edmico, electr\u00f3nica y semiconductores, proceso farmac\u00e9utico.<\/p><p>Filtraci\u00f3n de agua de centrales el\u00e9ctricas: Sistema de agua de alimentaci\u00f3n de caldera, Sistema de agua de refrigeraci\u00f3n de estator, Sistema de pulido de condensado, Sistema de tratamiento de agua de retorno de red de calefacci\u00f3n. Puede reemplazar los filtros originales de tecnolog\u00eda Pall, 3M CUNO, Graver.<\/p><p>La ventaja de Pullner es que puede personalizar la producci\u00f3n seg\u00fan sus requisitos y las condiciones in situ.<\/p>\t\t\t\t\t\t\t\t<\/div>\n\t\t\t\t<\/div>\n\t\t\t\t\t<\/div>\n\t\t<\/div>\n\t\t\t\t\t<\/div>\n\t\t<\/section>\n\t\t\t\t<\/div>","protected":false},"excerpt":{"rendered":"<p>High Temperature And Wet Wire Wound Filter Element High temperature and wet wire wound filter cartridge is depth filter, using high-performance fiber\u00a0 Glass fiber thread according to a specific process, tightly wound on the porous center core SS hole tube, form a honeycomb structure with sparse outside and dense inside. Different Media Glass Fiber For [&hellip;]<\/p>\n","protected":false},"author":1,"featured_media":0,"parent":0,"menu_order":0,"comment_status":"closed","ping_status":"closed","template":"","meta":{"_acf_changed":false,"_seopress_robots_primary_cat":"","_seopress_titles_title":"","_seopress_titles_desc":"","_seopress_robots_index":"","_uag_custom_page_level_css":"","site-sidebar-layout":"no-sidebar","site-content-layout":"page-builder","ast-site-content-layout":"default","site-content-style":"default","site-sidebar-style":"default","ast-global-header-display":"","ast-banner-title-visibility":"","ast-main-header-display":"","ast-hfb-above-header-display":"","ast-hfb-below-header-display":"","ast-hfb-mobile-header-display":"","site-post-title":"disabled","ast-breadcrumbs-content":"","ast-featured-img":"disabled","footer-sml-layout":"","theme-transparent-header-meta":"","adv-header-id-meta":"","stick-header-meta":"","header-above-stick-meta":"","header-main-stick-meta":"","header-below-stick-meta":"","astra-migrate-meta-layouts":"default","ast-page-background-enabled":"default","ast-page-background-meta":{"desktop":{"background-color":"","background-image":"","background-repeat":"repeat","background-position":"center center","background-size":"auto","background-attachment":"scroll","background-type":"","background-media":"","overlay-type":"","overlay-color":"","overlay-opacity":"","overlay-gradient":""},"tablet":{"background-color":"","background-image":"","background-repeat":"repeat","background-position":"center center","background-size":"auto","background-attachment":"scroll","background-type":"","background-media":"","overlay-type":"","overlay-color":"","overlay-opacity":"","overlay-gradient":""},"mobile":{"background-color":"","background-image":"","background-repeat":"repeat","background-position":"center center","background-size":"auto","background-attachment":"scroll","background-type":"","background-media":"","overlay-type":"","overlay-color":"","overlay-opacity":"","overlay-gradient":""}},"ast-content-background-meta":{"desktop":{"background-color":"var(--ast-global-color-5)","background-image":"","background-repeat":"repeat","background-position":"center center","background-size":"auto","background-attachment":"scroll","background-type":"","background-media":"","overlay-type":"","overlay-color":"","overlay-opacity":"","overlay-gradient":""},"tablet":{"background-color":"var(--ast-global-color-5)","background-image":"","background-repeat":"repeat","background-position":"center center","background-size":"auto","background-attachment":"scroll","background-type":"","background-media":"","overlay-type":"","overlay-color":"","overlay-opacity":"","overlay-gradient":""},"mobile":{"background-color":"var(--ast-global-color-5)","background-image":"","background-repeat":"repeat","background-position":"center center","background-size":"auto","background-attachment":"scroll","background-type":"","background-media":"","overlay-type":"","overlay-color":"","overlay-opacity":"","overlay-gradient":""}},"footnotes":""},"class_list":["post-2239","page","type-page","status-publish"],"acf":[],"uagb_featured_image_src":{"full":false,"thumbnail":false,"medium":false,"medium_large":false,"large":false,"1536x1536":false,"2048x2048":false,"trp-custom-language-flag":false},"uagb_author_info":{"display_name":"wpx_pullner","author_link":"https:\/\/www.staging.pullnerfilter.com\/es\/author\/wpx_pullner\/"},"uagb_comment_info":0,"uagb_excerpt":"High Temperature And Wet Wire Wound Filter Element High temperature and wet wire wound filter cartridge is depth filter, using high-performance fiber\u00a0 Glass fiber thread according to a specific process, tightly wound on the porous center core SS hole tube, form a honeycomb structure with sparse outside and dense inside. Different Media Glass Fiber For&hellip;","_links":{"self":[{"href":"https:\/\/www.staging.pullnerfilter.com\/es\/wp-json\/wp\/v2\/pages\/2239","targetHints":{"allow":["GET"]}}],"collection":[{"href":"https:\/\/www.staging.pullnerfilter.com\/es\/wp-json\/wp\/v2\/pages"}],"about":[{"href":"https:\/\/www.staging.pullnerfilter.com\/es\/wp-json\/wp\/v2\/types\/page"}],"author":[{"embeddable":true,"href":"https:\/\/www.staging.pullnerfilter.com\/es\/wp-json\/wp\/v2\/users\/1"}],"replies":[{"embeddable":true,"href":"https:\/\/www.staging.pullnerfilter.com\/es\/wp-json\/wp\/v2\/comments?post=2239"}],"version-history":[{"count":5,"href":"https:\/\/www.staging.pullnerfilter.com\/es\/wp-json\/wp\/v2\/pages\/2239\/revisions"}],"predecessor-version":[{"id":8735,"href":"https:\/\/www.staging.pullnerfilter.com\/es\/wp-json\/wp\/v2\/pages\/2239\/revisions\/8735"}],"wp:attachment":[{"href":"https:\/\/www.staging.pullnerfilter.com\/es\/wp-json\/wp\/v2\/media?parent=2239"}],"curies":[{"name":"wp","href":"https:\/\/api.w.org\/{rel}","templated":true}]}}