{"id":2228,"date":"2023-01-06T07:52:22","date_gmt":"2023-01-06T07:52:22","guid":{"rendered":"https:\/\/www.staging.pullnerfilter.com\/?page_id=2228"},"modified":"2023-01-06T07:55:23","modified_gmt":"2023-01-06T07:55:23","slug":"elemento-filtrante-de-lavado-a-contracorriente-resistente-a-altas-temperaturas","status":"publish","type":"page","link":"https:\/\/www.staging.pullnerfilter.com\/es\/elemento-filtrante-de-lavado-a-contracorriente-resistente-a-altas-temperaturas\/","title":{"rendered":"Elemento filtrante de lavado a contracorriente resistente a altas temperaturas"},"content":{"rendered":"<div data-elementor-type=\"wp-page\" data-elementor-id=\"2228\" class=\"elementor elementor-2228\" data-elementor-post-type=\"page\">\n\t\t\t\t\t\t<section class=\"elementor-section elementor-top-section elementor-element elementor-element-77b77c60 elementor-section-boxed elementor-section-height-default elementor-section-height-default\" data-id=\"77b77c60\" data-element_type=\"section\" data-e-type=\"section\">\n\t\t\t\t\t\t<div class=\"elementor-container elementor-column-gap-default\">\n\t\t\t\t\t<div class=\"elementor-column elementor-col-50 elementor-top-column elementor-element elementor-element-6e52f33\" data-id=\"6e52f33\" data-element_type=\"column\" data-e-type=\"column\">\n\t\t\t<div class=\"elementor-widget-wrap elementor-element-populated\">\n\t\t\t\t\t\t<div class=\"elementor-element elementor-element-22159332 elementor-arrows-position-inside elementor-pagination-position-outside elementor-widget elementor-widget-image-carousel\" data-id=\"22159332\" data-element_type=\"widget\" data-e-type=\"widget\" data-settings=\"{&quot;slides_to_show&quot;:&quot;1&quot;,&quot;navigation&quot;:&quot;both&quot;,&quot;autoplay&quot;:&quot;yes&quot;,&quot;pause_on_hover&quot;:&quot;yes&quot;,&quot;pause_on_interaction&quot;:&quot;yes&quot;,&quot;autoplay_speed&quot;:5000,&quot;infinite&quot;:&quot;yes&quot;,&quot;effect&quot;:&quot;slide&quot;,&quot;speed&quot;:500}\" data-widget_type=\"image-carousel.default\">\n\t\t\t\t<div class=\"elementor-widget-container\">\n\t\t\t\t\t\t\t<div class=\"elementor-image-carousel-wrapper swiper\" role=\"region\" aria-roledescription=\"carousel\" aria-label=\"Carrusel de im\u00e1genes\" dir=\"ltr\">\n\t\t\t<div class=\"elementor-image-carousel swiper-wrapper swiper-image-stretch\" aria-live=\"off\">\n\t\t\t\t\t\t\t\t<div class=\"swiper-slide\" role=\"group\" aria-roledescription=\"slide\" aria-label=\"1 de 1\"><figure class=\"swiper-slide-inner\"><img decoding=\"async\" class=\"swiper-slide-image\" src=\"https:\/\/www.staging.pullnerfilter.com\/wp-content\/uploads\/2023\/01\/High-temperature-resistant-backwash-filter-element.jpg\" alt=\"Elemento filtrante de lavado a contracorriente resistente a altas temperaturas\" \/><\/figure><\/div>\t\t\t<\/div>\n\t\t\t\t\t<\/div>\n\t\t\t\t\t\t<\/div>\n\t\t\t\t<\/div>\n\t\t\t\t\t<\/div>\n\t\t<\/div>\n\t\t\t\t<div class=\"elementor-column elementor-col-50 elementor-top-column elementor-element elementor-element-7830db0\" data-id=\"7830db0\" data-element_type=\"column\" data-e-type=\"column\">\n\t\t\t<div class=\"elementor-widget-wrap elementor-element-populated\">\n\t\t\t\t\t\t<div class=\"elementor-element elementor-element-406df2a5 elementor-widget elementor-widget-heading\" data-id=\"406df2a5\" data-element_type=\"widget\" data-e-type=\"widget\" data-widget_type=\"heading.default\">\n\t\t\t\t<div class=\"elementor-widget-container\">\n\t\t\t\t\t<h1 class=\"elementor-heading-title elementor-size-default\">Elemento filtrante de lavado a contracorriente resistente a altas temperaturas<\/h1>\t\t\t\t<\/div>\n\t\t\t\t<\/div>\n\t\t\t\t<div class=\"elementor-element elementor-element-5404e855 elementor-widget elementor-widget-text-editor\" data-id=\"5404e855\" data-element_type=\"widget\" data-e-type=\"widget\" data-widget_type=\"text-editor.default\">\n\t\t\t\t<div class=\"elementor-widget-container\">\n\t\t\t\t\t\t\t\t\t<p>El elemento filtrante de lavado a contracorriente resistente a altas temperaturas pertenece a <a href=\"https:\/\/www.pullnerfilter.com\/pleated-filter-cartridges\/\" target=\"_blank\" rel=\"noopener\">cartucho filtrante de pliegues<\/a>. Se trata de filtros plegados retrolavables, dise\u00f1ados para la eliminaci\u00f3n de hierro en condensados con o sin precapa de resina en centrales el\u00e9ctricas.<\/p><p>Seg\u00fan su estructura, puede dividirse en tres tipos: PHFZ-I (7 piezas), PHFZ-II (40\u2033+30\u2033) y PHFZ-III (20\u2033+20\u2033+20\u2033+10\u2033). El PHFZ-II (40\u2033+30\u2033) es de 40\u2033 y 30\u2033 soldado, con di\u00e1metro exterior de jaula integral de 69mm.<\/p>\t\t\t\t\t\t\t\t<\/div>\n\t\t\t\t<\/div>\n\t\t\t\t<div class=\"elementor-element elementor-element-252a19c9 elementor-align-left elementor-widget elementor-widget-button\" data-id=\"252a19c9\" data-element_type=\"widget\" data-e-type=\"widget\" data-widget_type=\"button.default\">\n\t\t\t\t<div class=\"elementor-widget-container\">\n\t\t\t\t\t\t\t\t\t<div class=\"elementor-button-wrapper\">\n\t\t\t\t\t<a class=\"elementor-button elementor-button-link elementor-size-md\" href=\"\/es\/contacto\/\">\n\t\t\t\t\t\t<span class=\"elementor-button-content-wrapper\">\n\t\t\t\t\t\t\t\t\t<span class=\"elementor-button-text\">Env\u00ede su consulta ahora<\/span>\n\t\t\t\t\t<\/span>\n\t\t\t\t\t<\/a>\n\t\t\t\t<\/div>\n\t\t\t\t\t\t\t\t<\/div>\n\t\t\t\t<\/div>\n\t\t\t\t\t<\/div>\n\t\t<\/div>\n\t\t\t\t\t<\/div>\n\t\t<\/section>\n\t\t\t\t<section class=\"elementor-section elementor-top-section elementor-element elementor-element-1f1294a2 elementor-section-boxed elementor-section-height-default elementor-section-height-default\" data-id=\"1f1294a2\" data-element_type=\"section\" data-e-type=\"section\">\n\t\t\t\t\t\t<div class=\"elementor-container elementor-column-gap-default\">\n\t\t\t\t\t<div class=\"elementor-column elementor-col-100 elementor-top-column elementor-element elementor-element-d3a841e\" data-id=\"d3a841e\" data-element_type=\"column\" data-e-type=\"column\">\n\t\t\t<div class=\"elementor-widget-wrap elementor-element-populated\">\n\t\t\t\t\t\t<div class=\"elementor-element elementor-element-a88b6ae elementor-widget elementor-widget-text-editor\" data-id=\"a88b6ae\" data-element_type=\"widget\" data-e-type=\"widget\" data-widget_type=\"text-editor.default\">\n\t\t\t\t<div class=\"elementor-widget-container\">\n\t\t\t\t\t\t\t\t\t<p>Los pulidores de condensados son sistemas de intercambio i\u00f3nico a base de resinas que se utilizan habitualmente en los sistemas de condensados de las centrales el\u00e9ctricas para eliminar los contaminantes disueltos (cloruros y s\u00edlice) y los contaminantes en suspensi\u00f3n (part\u00edculas de \u00f3xido de hierro o cobre).<\/p><p>El condensado de las centrales el\u00e9ctricas debe mantenerse a un nivel de pureza muy elevado para proteger de la corrosi\u00f3n las calderas, los generadores de vapor, los reactores y las turbinas. Para eliminar los contaminantes del condensado, se utilizan pulidores de condensado de intercambio i\u00f3nico de lecho profundo, a veces precedidos de un filtro desmineralizador o un sistema de filtraci\u00f3n de part\u00edculas finas.<\/p><p>Para la protecci\u00f3n del medio ambiente, la aplicaci\u00f3n de la filtraci\u00f3n es particularmente importante para las centrales el\u00e9ctricas para lograr la descarga cero de contaminantes. Nuestro elemento filtrante es adecuado para el sistema de condensado de centrales el\u00e9ctricas, pulido de condensado, condensado circulante mixto, filtraci\u00f3n de soluci\u00f3n de galvanoplastia, condensado de alto flujo, caldera supercr\u00edtica, etc.<\/p><p>El elemento filtrante Pullner puede eliminar el hierro, los s\u00f3lidos en suspensi\u00f3n, los coloides y otros contaminantes del condensado, protegiendo las calderas y las turbinas de vapor de la corrosi\u00f3n y los peligros. Una vez filtrado, el condensado cumple la norma de agua de alimentaci\u00f3n de calderas, con lo que se consigue el prop\u00f3sito de reciclar y reducir el uso de agua en general. Maximiza la fiabilidad de los equipos y la producci\u00f3n de energ\u00eda, al tiempo que reduce el tiempo de inactividad y los costes de funcionamiento.<\/p><p>Nuestros elementos filtrantes plisados se utilizan ampliamente en el sistema de filtraci\u00f3n de condensado de las centrales el\u00e9ctricas, que puede eliminar eficazmente el \u00f3xido y otras impurezas s\u00f3lidas en el agua condensada para garantizar el funcionamiento seguro y fiable del sistema. precisi\u00f3n del filtro.<\/p>\t\t\t\t\t\t\t\t<\/div>\n\t\t\t\t<\/div>\n\t\t\t\t\t<\/div>\n\t\t<\/div>\n\t\t\t\t\t<\/div>\n\t\t<\/section>\n\t\t\t\t<\/div>","protected":false},"excerpt":{"rendered":"<p>High Temperature Resistant Backwash Filter Element High temperature resistant backwash filter element is belong to pleated filter cartridge. It is backflushable pleated filters, designed for iron removal in condensate with or without resin pre-coat in power plant. According to the structure, it can be divided into three types: PHFZ-I (7 parts), PHFZ-II (40&#8243;+30&#8243;) and PHFZ-III [&hellip;]<\/p>\n","protected":false},"author":1,"featured_media":0,"parent":0,"menu_order":0,"comment_status":"closed","ping_status":"closed","template":"","meta":{"_acf_changed":false,"_seopress_robots_primary_cat":"","_seopress_titles_title":"","_seopress_titles_desc":"","_seopress_robots_index":"","_uag_custom_page_level_css":"","site-sidebar-layout":"no-sidebar","site-content-layout":"page-builder","ast-site-content-layout":"default","site-content-style":"default","site-sidebar-style":"default","ast-global-header-display":"","ast-banner-title-visibility":"","ast-main-header-display":"","ast-hfb-above-header-display":"","ast-hfb-below-header-display":"","ast-hfb-mobile-header-display":"","site-post-title":"disabled","ast-breadcrumbs-content":"","ast-featured-img":"disabled","footer-sml-layout":"","theme-transparent-header-meta":"","adv-header-id-meta":"","stick-header-meta":"","header-above-stick-meta":"","header-main-stick-meta":"","header-below-stick-meta":"","astra-migrate-meta-layouts":"default","ast-page-background-enabled":"default","ast-page-background-meta":{"desktop":{"background-color":"","background-image":"","background-repeat":"repeat","background-position":"center center","background-size":"auto","background-attachment":"scroll","background-type":"","background-media":"","overlay-type":"","overlay-color":"","overlay-opacity":"","overlay-gradient":""},"tablet":{"background-color":"","background-image":"","background-repeat":"repeat","background-position":"center center","background-size":"auto","background-attachment":"scroll","background-type":"","background-media":"","overlay-type":"","overlay-color":"","overlay-opacity":"","overlay-gradient":""},"mobile":{"background-color":"","background-image":"","background-repeat":"repeat","background-position":"center center","background-size":"auto","background-attachment":"scroll","background-type":"","background-media":"","overlay-type":"","overlay-color":"","overlay-opacity":"","overlay-gradient":""}},"ast-content-background-meta":{"desktop":{"background-color":"var(--ast-global-color-5)","background-image":"","background-repeat":"repeat","background-position":"center center","background-size":"auto","background-attachment":"scroll","background-type":"","background-media":"","overlay-type":"","overlay-color":"","overlay-opacity":"","overlay-gradient":""},"tablet":{"background-color":"var(--ast-global-color-5)","background-image":"","background-repeat":"repeat","background-position":"center center","background-size":"auto","background-attachment":"scroll","background-type":"","background-media":"","overlay-type":"","overlay-color":"","overlay-opacity":"","overlay-gradient":""},"mobile":{"background-color":"var(--ast-global-color-5)","background-image":"","background-repeat":"repeat","background-position":"center center","background-size":"auto","background-attachment":"scroll","background-type":"","background-media":"","overlay-type":"","overlay-color":"","overlay-opacity":"","overlay-gradient":""}},"footnotes":""},"class_list":["post-2228","page","type-page","status-publish"],"acf":[],"uagb_featured_image_src":{"full":false,"thumbnail":false,"medium":false,"medium_large":false,"large":false,"1536x1536":false,"2048x2048":false,"trp-custom-language-flag":false},"uagb_author_info":{"display_name":"wpx_pullner","author_link":"https:\/\/www.staging.pullnerfilter.com\/es\/author\/wpx_pullner\/"},"uagb_comment_info":0,"uagb_excerpt":"High Temperature Resistant Backwash Filter Element High temperature resistant backwash filter element is belong to pleated filter cartridge. It is backflushable pleated filters, designed for iron removal in condensate with or without resin pre-coat in power plant. According to the structure, it can be divided into three types: PHFZ-I (7 parts), PHFZ-II (40&#8243;+30&#8243;) and PHFZ-III&hellip;","_links":{"self":[{"href":"https:\/\/www.staging.pullnerfilter.com\/es\/wp-json\/wp\/v2\/pages\/2228","targetHints":{"allow":["GET"]}}],"collection":[{"href":"https:\/\/www.staging.pullnerfilter.com\/es\/wp-json\/wp\/v2\/pages"}],"about":[{"href":"https:\/\/www.staging.pullnerfilter.com\/es\/wp-json\/wp\/v2\/types\/page"}],"author":[{"embeddable":true,"href":"https:\/\/www.staging.pullnerfilter.com\/es\/wp-json\/wp\/v2\/users\/1"}],"replies":[{"embeddable":true,"href":"https:\/\/www.staging.pullnerfilter.com\/es\/wp-json\/wp\/v2\/comments?post=2228"}],"version-history":[{"count":8,"href":"https:\/\/www.staging.pullnerfilter.com\/es\/wp-json\/wp\/v2\/pages\/2228\/revisions"}],"predecessor-version":[{"id":8731,"href":"https:\/\/www.staging.pullnerfilter.com\/es\/wp-json\/wp\/v2\/pages\/2228\/revisions\/8731"}],"wp:attachment":[{"href":"https:\/\/www.staging.pullnerfilter.com\/es\/wp-json\/wp\/v2\/media?parent=2228"}],"curies":[{"name":"wp","href":"https:\/\/api.w.org\/{rel}","templated":true}]}}