{"id":2221,"date":"2023-01-06T07:49:04","date_gmt":"2023-01-06T07:49:04","guid":{"rendered":"https:\/\/www.staging.pullnerfilter.com\/?page_id=2221"},"modified":"2023-01-06T07:51:07","modified_gmt":"2023-01-06T07:51:07","slug":"elemento-filtrante-de-gran-flujo-resistente-a-altas-temperaturas","status":"publish","type":"page","link":"https:\/\/www.staging.pullnerfilter.com\/es\/elemento-filtrante-de-gran-flujo-resistente-a-altas-temperaturas\/","title":{"rendered":"Elemento filtrante de gran flujo resistente a altas temperaturas"},"content":{"rendered":"<div data-elementor-type=\"wp-page\" data-elementor-id=\"2221\" class=\"elementor elementor-2221\" data-elementor-post-type=\"page\">\n\t\t\t\t\t\t<section class=\"elementor-section elementor-top-section elementor-element elementor-element-596b8194 elementor-section-boxed elementor-section-height-default elementor-section-height-default\" data-id=\"596b8194\" data-element_type=\"section\" data-e-type=\"section\">\n\t\t\t\t\t\t<div class=\"elementor-container elementor-column-gap-default\">\n\t\t\t\t\t<div class=\"elementor-column elementor-col-50 elementor-top-column elementor-element elementor-element-4474683f\" data-id=\"4474683f\" data-element_type=\"column\" data-e-type=\"column\">\n\t\t\t<div class=\"elementor-widget-wrap elementor-element-populated\">\n\t\t\t\t\t\t<div class=\"elementor-element elementor-element-3d14fc51 elementor-arrows-position-inside elementor-pagination-position-outside elementor-widget elementor-widget-image-carousel\" data-id=\"3d14fc51\" data-element_type=\"widget\" data-e-type=\"widget\" data-settings=\"{&quot;slides_to_show&quot;:&quot;1&quot;,&quot;navigation&quot;:&quot;both&quot;,&quot;autoplay&quot;:&quot;yes&quot;,&quot;pause_on_hover&quot;:&quot;yes&quot;,&quot;pause_on_interaction&quot;:&quot;yes&quot;,&quot;autoplay_speed&quot;:5000,&quot;infinite&quot;:&quot;yes&quot;,&quot;effect&quot;:&quot;slide&quot;,&quot;speed&quot;:500}\" data-widget_type=\"image-carousel.default\">\n\t\t\t\t<div class=\"elementor-widget-container\">\n\t\t\t\t\t\t\t<div class=\"elementor-image-carousel-wrapper swiper\" role=\"region\" aria-roledescription=\"carousel\" aria-label=\"Carrusel de im\u00e1genes\" dir=\"ltr\">\n\t\t\t<div class=\"elementor-image-carousel swiper-wrapper swiper-image-stretch\" aria-live=\"off\">\n\t\t\t\t\t\t\t\t<div class=\"swiper-slide\" role=\"group\" aria-roledescription=\"slide\" aria-label=\"1 de 1\"><figure class=\"swiper-slide-inner\"><img decoding=\"async\" class=\"swiper-slide-image\" src=\"https:\/\/www.staging.pullnerfilter.com\/wp-content\/uploads\/2022\/07\/\u56fe\u7247.jpg\" alt=\"Microelectr\u00f3nica Semiconductor Cartucho filtrante\" \/><\/figure><\/div>\t\t\t<\/div>\n\t\t\t\t\t<\/div>\n\t\t\t\t\t\t<\/div>\n\t\t\t\t<\/div>\n\t\t\t\t\t<\/div>\n\t\t<\/div>\n\t\t\t\t<div class=\"elementor-column elementor-col-50 elementor-top-column elementor-element elementor-element-7370f009\" data-id=\"7370f009\" data-element_type=\"column\" data-e-type=\"column\">\n\t\t\t<div class=\"elementor-widget-wrap elementor-element-populated\">\n\t\t\t\t\t\t<div class=\"elementor-element elementor-element-47b1fa1e elementor-widget elementor-widget-heading\" data-id=\"47b1fa1e\" data-element_type=\"widget\" data-e-type=\"widget\" data-widget_type=\"heading.default\">\n\t\t\t\t<div class=\"elementor-widget-container\">\n\t\t\t\t\t<h1 class=\"elementor-heading-title elementor-size-default\">Elemento filtrante de gran flujo resistente a altas temperaturas<\/h1>\t\t\t\t<\/div>\n\t\t\t\t<\/div>\n\t\t\t\t<div class=\"elementor-element elementor-element-30c101a7 elementor-widget elementor-widget-text-editor\" data-id=\"30c101a7\" data-element_type=\"widget\" data-e-type=\"widget\" data-widget_type=\"text-editor.default\">\n\t\t\t\t<div class=\"elementor-widget-container\">\n\t\t\t\t\t\t\t\t\t<p>El cartucho filtrante de alto flujo resistente a altas temperaturas de la serie PHFLH adopta una estructura de gran di\u00e1metro de 6\u2033, un solo extremo abierto, sin n\u00facleo central, la jaula exterior est\u00e1 hecha de acero inoxidable 304, el material del filtro y la capa de soporte est\u00e1n hechos de materiales resistentes a altas temperaturas, que pueden ser a largo plazo bajo la condici\u00f3n de uso de 120\u2103.<\/p><ul><li>Medio filtrante: PET<\/li><li>Di\u00e1metro: 6\u2019\u2019(152,4mm)<\/li><li>Micras: 5um<\/li><li>Temperatura m\u00e1xima de funcionamiento 120\u00b0C<\/li><li>Caudal sugerido: 30m\u00b3\/hora @ 40\u2019\u2019<\/li><\/ul>\t\t\t\t\t\t\t\t<\/div>\n\t\t\t\t<\/div>\n\t\t\t\t<div class=\"elementor-element elementor-element-33a4dc9c elementor-align-left elementor-widget elementor-widget-button\" data-id=\"33a4dc9c\" data-element_type=\"widget\" data-e-type=\"widget\" data-widget_type=\"button.default\">\n\t\t\t\t<div class=\"elementor-widget-container\">\n\t\t\t\t\t\t\t\t\t<div class=\"elementor-button-wrapper\">\n\t\t\t\t\t<a class=\"elementor-button elementor-button-link elementor-size-md\" href=\"\/es\/contacto\/\">\n\t\t\t\t\t\t<span class=\"elementor-button-content-wrapper\">\n\t\t\t\t\t\t\t\t\t<span class=\"elementor-button-text\">Env\u00ede su consulta ahora<\/span>\n\t\t\t\t\t<\/span>\n\t\t\t\t\t<\/a>\n\t\t\t\t<\/div>\n\t\t\t\t\t\t\t\t<\/div>\n\t\t\t\t<\/div>\n\t\t\t\t\t<\/div>\n\t\t<\/div>\n\t\t\t\t\t<\/div>\n\t\t<\/section>\n\t\t\t\t<section class=\"elementor-section elementor-top-section elementor-element elementor-element-141210c1 elementor-section-boxed elementor-section-height-default elementor-section-height-default\" data-id=\"141210c1\" data-element_type=\"section\" data-e-type=\"section\">\n\t\t\t\t\t\t<div class=\"elementor-container elementor-column-gap-default\">\n\t\t\t\t\t<div class=\"elementor-column elementor-col-100 elementor-top-column elementor-element elementor-element-2fcc5aa2\" data-id=\"2fcc5aa2\" data-element_type=\"column\" data-e-type=\"column\">\n\t\t\t<div class=\"elementor-widget-wrap elementor-element-populated\">\n\t\t\t\t\t\t<div class=\"elementor-element elementor-element-71be0f84 elementor-widget elementor-widget-text-editor\" data-id=\"71be0f84\" data-element_type=\"widget\" data-e-type=\"widget\" data-widget_type=\"text-editor.default\">\n\t\t\t\t<div class=\"elementor-widget-container\">\n\t\t\t\t\t\t\t\t\t<p>El elemento filtrante de gran flujo resistente a altas temperaturas pertenece a la <a href=\"https:\/\/www.pullnerfilter.com\/high-flow-filter-cartridge\/\" target=\"_blank\" rel=\"noopener\">cartucho filtrante de alto caudal<\/a>. Se puede utilizar en la generaci\u00f3n de energ\u00eda condensado de la caldera, centrales nucleares y f\u00f3siles, cogeneraci\u00f3n, turbinas de gas. El elemento de filtro est\u00e1n hechos de materiales resistentes a altas temperaturas, que puede trabajar en ambientes de alta temperatura.<\/p><p>El elemento filtrante de flujo grande resistente a altas temperaturas es uno de los elementos filtrantes m\u00e1s utilizados en la filtraci\u00f3n de agua condensada de centrales el\u00e9ctricas, con gran di\u00e1metro, gran \u00e1rea de filtraci\u00f3n, alto caudal, alta eficiencia de filtraci\u00f3n y larga vida \u00fatil.<\/p><p>Reducen el n\u00famero de elementos filtrantes necesarios y las dimensiones de la carcasa, ahorran inversi\u00f3n de capital y son muy apreciados por los usuarios.<\/p><p>Para la protecci\u00f3n del medio ambiente, la aplicaci\u00f3n de la filtraci\u00f3n es especialmente importante para que las centrales el\u00e9ctricas consigan un vertido cero de contaminantes.<\/p><p>Nuestro elemento filtrante es adecuado para el sistema de condensado de centrales el\u00e9ctricas, pulido de condensado, condensado circulante mixto, filtraci\u00f3n de soluci\u00f3n de galvanoplastia, condensado de alto flujo, caldera supercr\u00edtica, etc.<\/p><p>El elemento filtrante Pullner puede eliminar hierro, s\u00f3lidos en suspensi\u00f3n, coloides y otros contaminantes del condensado, protegiendo las calderas y turbinas de vapor de la corrosi\u00f3n y los peligros.<\/p><p>Una vez filtrado, el condensado cumple la norma de agua de alimentaci\u00f3n de caldera, con lo que se consigue el prop\u00f3sito de reciclar y reducir el uso de agua en general. Maximizar la fiabilidad del equipo y la potencia de salida, reduciendo al mismo tiempo el tiempo de inactividad y los costes de funcionamiento.<\/p>\t\t\t\t\t\t\t\t<\/div>\n\t\t\t\t<\/div>\n\t\t\t\t\t<\/div>\n\t\t<\/div>\n\t\t\t\t\t<\/div>\n\t\t<\/section>\n\t\t\t\t<\/div>","protected":false},"excerpt":{"rendered":"<p>High Temperature Resistant Large Flux Filter Element PHFLH series high temperature resistant high flow filter cartridge adopts 6&#8243; large diameter structure, single open end, no center core, outer cage is made of 304 stainless steel, filter material and support layer are made of high temperature resistant materials, which can be long-term under the condition of [&hellip;]<\/p>\n","protected":false},"author":1,"featured_media":0,"parent":0,"menu_order":0,"comment_status":"closed","ping_status":"closed","template":"","meta":{"_acf_changed":false,"_seopress_robots_primary_cat":"","_seopress_titles_title":"","_seopress_titles_desc":"","_seopress_robots_index":"","_uag_custom_page_level_css":"","site-sidebar-layout":"no-sidebar","site-content-layout":"page-builder","ast-site-content-layout":"default","site-content-style":"default","site-sidebar-style":"default","ast-global-header-display":"","ast-banner-title-visibility":"","ast-main-header-display":"","ast-hfb-above-header-display":"","ast-hfb-below-header-display":"","ast-hfb-mobile-header-display":"","site-post-title":"disabled","ast-breadcrumbs-content":"","ast-featured-img":"disabled","footer-sml-layout":"","theme-transparent-header-meta":"","adv-header-id-meta":"","stick-header-meta":"","header-above-stick-meta":"","header-main-stick-meta":"","header-below-stick-meta":"","astra-migrate-meta-layouts":"default","ast-page-background-enabled":"default","ast-page-background-meta":{"desktop":{"background-color":"","background-image":"","background-repeat":"repeat","background-position":"center center","background-size":"auto","background-attachment":"scroll","background-type":"","background-media":"","overlay-type":"","overlay-color":"","overlay-opacity":"","overlay-gradient":""},"tablet":{"background-color":"","background-image":"","background-repeat":"repeat","background-position":"center center","background-size":"auto","background-attachment":"scroll","background-type":"","background-media":"","overlay-type":"","overlay-color":"","overlay-opacity":"","overlay-gradient":""},"mobile":{"background-color":"","background-image":"","background-repeat":"repeat","background-position":"center center","background-size":"auto","background-attachment":"scroll","background-type":"","background-media":"","overlay-type":"","overlay-color":"","overlay-opacity":"","overlay-gradient":""}},"ast-content-background-meta":{"desktop":{"background-color":"var(--ast-global-color-5)","background-image":"","background-repeat":"repeat","background-position":"center center","background-size":"auto","background-attachment":"scroll","background-type":"","background-media":"","overlay-type":"","overlay-color":"","overlay-opacity":"","overlay-gradient":""},"tablet":{"background-color":"var(--ast-global-color-5)","background-image":"","background-repeat":"repeat","background-position":"center center","background-size":"auto","background-attachment":"scroll","background-type":"","background-media":"","overlay-type":"","overlay-color":"","overlay-opacity":"","overlay-gradient":""},"mobile":{"background-color":"var(--ast-global-color-5)","background-image":"","background-repeat":"repeat","background-position":"center center","background-size":"auto","background-attachment":"scroll","background-type":"","background-media":"","overlay-type":"","overlay-color":"","overlay-opacity":"","overlay-gradient":""}},"footnotes":""},"class_list":["post-2221","page","type-page","status-publish"],"acf":[],"uagb_featured_image_src":{"full":false,"thumbnail":false,"medium":false,"medium_large":false,"large":false,"1536x1536":false,"2048x2048":false,"trp-custom-language-flag":false},"uagb_author_info":{"display_name":"wpx_pullner","author_link":"https:\/\/www.staging.pullnerfilter.com\/es\/author\/wpx_pullner\/"},"uagb_comment_info":0,"uagb_excerpt":"High Temperature Resistant Large Flux Filter Element PHFLH series high temperature resistant high flow filter cartridge adopts 6&#8243; large diameter structure, single open end, no center core, outer cage is made of 304 stainless steel, filter material and support layer are made of high temperature resistant materials, which can be long-term under the condition of&hellip;","_links":{"self":[{"href":"https:\/\/www.staging.pullnerfilter.com\/es\/wp-json\/wp\/v2\/pages\/2221","targetHints":{"allow":["GET"]}}],"collection":[{"href":"https:\/\/www.staging.pullnerfilter.com\/es\/wp-json\/wp\/v2\/pages"}],"about":[{"href":"https:\/\/www.staging.pullnerfilter.com\/es\/wp-json\/wp\/v2\/types\/page"}],"author":[{"embeddable":true,"href":"https:\/\/www.staging.pullnerfilter.com\/es\/wp-json\/wp\/v2\/users\/1"}],"replies":[{"embeddable":true,"href":"https:\/\/www.staging.pullnerfilter.com\/es\/wp-json\/wp\/v2\/comments?post=2221"}],"version-history":[{"count":5,"href":"https:\/\/www.staging.pullnerfilter.com\/es\/wp-json\/wp\/v2\/pages\/2221\/revisions"}],"predecessor-version":[{"id":8726,"href":"https:\/\/www.staging.pullnerfilter.com\/es\/wp-json\/wp\/v2\/pages\/2221\/revisions\/8726"}],"wp:attachment":[{"href":"https:\/\/www.staging.pullnerfilter.com\/es\/wp-json\/wp\/v2\/media?parent=2221"}],"curies":[{"name":"wp","href":"https:\/\/api.w.org\/{rel}","templated":true}]}}