{"id":2213,"date":"2023-01-06T07:43:15","date_gmt":"2023-01-06T07:43:15","guid":{"rendered":"https:\/\/www.staging.pullnerfilter.com\/?page_id=2213"},"modified":"2026-01-08T02:09:36","modified_gmt":"2026-01-08T02:09:36","slug":"elemento-filtrante-resistente-a-altas-temperaturas","status":"publish","type":"page","link":"https:\/\/www.staging.pullnerfilter.com\/es\/elemento-filtrante-resistente-a-altas-temperaturas\/","title":{"rendered":"Elemento filtrante resistente a altas temperaturas"},"content":{"rendered":"<div data-elementor-type=\"wp-page\" data-elementor-id=\"2213\" class=\"elementor elementor-2213\" data-elementor-post-type=\"page\">\n\t\t\t\t\t\t<section class=\"elementor-section elementor-top-section elementor-element elementor-element-cda35ee elementor-section-boxed elementor-section-height-default elementor-section-height-default\" data-id=\"cda35ee\" data-element_type=\"section\" data-e-type=\"section\">\n\t\t\t\t\t\t<div class=\"elementor-container elementor-column-gap-default\">\n\t\t\t\t\t<div class=\"elementor-column elementor-col-50 elementor-top-column elementor-element elementor-element-327430c3\" data-id=\"327430c3\" data-element_type=\"column\" data-e-type=\"column\">\n\t\t\t<div class=\"elementor-widget-wrap elementor-element-populated\">\n\t\t\t\t\t\t<div class=\"elementor-element elementor-element-23031c51 elementor-arrows-position-inside elementor-pagination-position-outside elementor-widget elementor-widget-image-carousel\" data-id=\"23031c51\" data-element_type=\"widget\" data-e-type=\"widget\" data-settings=\"{&quot;slides_to_show&quot;:&quot;1&quot;,&quot;navigation&quot;:&quot;both&quot;,&quot;autoplay&quot;:&quot;yes&quot;,&quot;pause_on_hover&quot;:&quot;yes&quot;,&quot;pause_on_interaction&quot;:&quot;yes&quot;,&quot;autoplay_speed&quot;:5000,&quot;infinite&quot;:&quot;yes&quot;,&quot;effect&quot;:&quot;slide&quot;,&quot;speed&quot;:500}\" data-widget_type=\"image-carousel.default\">\n\t\t\t\t<div class=\"elementor-widget-container\">\n\t\t\t\t\t\t\t<div class=\"elementor-image-carousel-wrapper swiper\" role=\"region\" aria-roledescription=\"carousel\" aria-label=\"Carrusel de im\u00e1genes\" dir=\"ltr\">\n\t\t\t<div class=\"elementor-image-carousel swiper-wrapper swiper-image-stretch\" aria-live=\"off\">\n\t\t\t\t\t\t\t\t<div class=\"swiper-slide\" role=\"group\" aria-roledescription=\"slide\" aria-label=\"1 \u0645\u0646 1\" data-no-translation-aria-label=\"\"><figure class=\"swiper-slide-inner\"><img decoding=\"async\" class=\"swiper-slide-image\" src=\"https:\/\/www.staging.pullnerfilter.com\/wp-content\/uploads\/2020\/10\/18-HPPV-High-Dirt-Holding-Capacity-Pleated-Water-Filters.jpg\" alt=\"Filtros de agua plisados\" \/><\/figure><\/div>\t\t\t<\/div>\n\t\t\t\t\t<\/div>\n\t\t\t\t\t\t<\/div>\n\t\t\t\t<\/div>\n\t\t\t\t\t<\/div>\n\t\t<\/div>\n\t\t\t\t<div class=\"elementor-column elementor-col-50 elementor-top-column elementor-element elementor-element-591714a0\" data-id=\"591714a0\" data-element_type=\"column\" data-e-type=\"column\">\n\t\t\t<div class=\"elementor-widget-wrap elementor-element-populated\">\n\t\t\t\t\t\t<div class=\"elementor-element elementor-element-45e9f70d elementor-widget elementor-widget-heading\" data-id=\"45e9f70d\" data-element_type=\"widget\" data-e-type=\"widget\" data-widget_type=\"heading.default\">\n\t\t\t\t<div class=\"elementor-widget-container\">\n\t\t\t\t\t<h1 class=\"elementor-heading-title elementor-size-default\">Elemento filtrante resistente a altas temperaturas<\/h1>\t\t\t\t<\/div>\n\t\t\t\t<\/div>\n\t\t\t\t<div class=\"elementor-element elementor-element-7a082c65 elementor-widget elementor-widget-text-editor\" data-id=\"7a082c65\" data-element_type=\"widget\" data-e-type=\"widget\" data-widget_type=\"text-editor.default\">\n\t\t\t\t<div class=\"elementor-widget-container\">\n\t\t\t\t\t\t\t\t\t<p>El elemento filtrante resistente a altas temperaturas es un elemento filtrante plisado, fabricado con material de poli\u00e9ster (PET), que puede satisfacer la filtraci\u00f3n de precisi\u00f3n de benceno, tolueno y otros l\u00edquidos que contienen disolventes de hidrocarburos arom\u00e1ticos.<\/p><p>El material de poli\u00e9ster tiene buena resistencia a la temperatura y la presi\u00f3n, puede soportar 120\u2103 de alta temperatura durante una semana, y 4 bar de diferencia de presi\u00f3n de trabajo.<\/p>\t\t\t\t\t\t\t\t<\/div>\n\t\t\t\t<\/div>\n\t\t\t\t<div class=\"elementor-element elementor-element-475a10a7 elementor-align-left elementor-widget elementor-widget-button\" data-id=\"475a10a7\" data-element_type=\"widget\" data-e-type=\"widget\" data-widget_type=\"button.default\">\n\t\t\t\t<div class=\"elementor-widget-container\">\n\t\t\t\t\t\t\t\t\t<div class=\"elementor-button-wrapper\">\n\t\t\t\t\t<a class=\"elementor-button elementor-button-link elementor-size-md\" href=\"\/es\/contacto\/\">\n\t\t\t\t\t\t<span class=\"elementor-button-content-wrapper\">\n\t\t\t\t\t\t\t\t\t<span class=\"elementor-button-text\">Env\u00ede su consulta ahora<\/span>\n\t\t\t\t\t<\/span>\n\t\t\t\t\t<\/a>\n\t\t\t\t<\/div>\n\t\t\t\t\t\t\t\t<\/div>\n\t\t\t\t<\/div>\n\t\t\t\t\t<\/div>\n\t\t<\/div>\n\t\t\t\t\t<\/div>\n\t\t<\/section>\n\t\t\t\t<section class=\"elementor-section elementor-top-section elementor-element elementor-element-2b2f91c elementor-section-boxed elementor-section-height-default elementor-section-height-default\" data-id=\"2b2f91c\" data-element_type=\"section\" data-e-type=\"section\">\n\t\t\t\t\t\t<div class=\"elementor-container elementor-column-gap-default\">\n\t\t\t\t\t<div class=\"elementor-column elementor-col-100 elementor-top-column elementor-element elementor-element-796e53e0\" data-id=\"796e53e0\" data-element_type=\"column\" data-e-type=\"column\">\n\t\t\t<div class=\"elementor-widget-wrap elementor-element-populated\">\n\t\t\t\t\t\t<div class=\"elementor-element elementor-element-12703539 elementor-widget elementor-widget-text-editor\" data-id=\"12703539\" data-element_type=\"widget\" data-e-type=\"widget\" data-widget_type=\"text-editor.default\">\n\t\t\t\t<div class=\"elementor-widget-container\">\n\t\t\t\t\t\t\t\t\tElemento filtrante resistente a altas temperaturas utilizado principalmente en condiciones de trabajo a altas temperaturas.\n\nEl material especial puede resistencia la temperatura alta, tecnolog\u00eda Co. de la filtraci\u00f3n de Shangai Pullner, Ltd. es una empresa bien conocida que integra el R&amp;D, la producci\u00f3n y las ventas del equipo micro de la filtraci\u00f3n de la membrana y de los sistemas de la filtraci\u00f3n.\n\nNuestros productos principales: cartucho de filtro de membrana plisada, cartucho de filtro de alto flujo, condensado pulido cartucho de filtro plisado, condensado pulido cartucho de filtro de cadena de la herida, cartucho de filtro de membrana de la herida, fundir filtros soplados, filtro de alambre de cu\u00f1a de metal, metal sinterizado filtros de malla, filtro de fieltro de fibra sinterizada, y filtros sinterizados de energ\u00eda, todo tipo de filtros de petr\u00f3leo y gas.\n\nPrincipales aplicaciones de producci\u00f3n: Biofarmac\u00e9utica, alimentos y bebidas, microelectr\u00f3nica, qu\u00edmica fina, tratamiento de aguas, laboratorio y otros campos; cubriendo paneles LCD, chips semiconductores, productos qu\u00edmicos de alta pureza, API, reutilizaci\u00f3n de agua, filtraci\u00f3n de condensado, reutilizaci\u00f3n de agua, etc.\n\n<h2>Elementos filtrantes resistentes a altas temperaturas y filtros de acero inoxidable<\/h2>\n<p>Los elementos filtrantes resistentes a altas temperaturas est\u00e1n dise\u00f1ados para funcionar en entornos t\u00e9rmicos extremos en los que los medios filtrantes est\u00e1ndar fallan. Estos elementos son fundamentales en industrias como <strong>biofarmac\u00e9utica, microelectr\u00f3nica, procesamiento qu\u00edmico y qu\u00edmica fina<\/strong>, donde las elevadas temperaturas de funcionamiento pueden degradar los materiales filtrantes convencionales. Los elementos de alta temperatura mantienen la eficacia de la filtraci\u00f3n y la integridad estructural a la vez que capturan contaminantes en flujos de gas y fluidos sometidos a altas temperaturas.<\/p>\n<h3>Materiales y rendimiento<\/h3>\n<p>Los elementos filtrantes de alta temperatura utilizan materiales especializados que resisten la degradaci\u00f3n t\u00e9rmica, los ataques qu\u00edmicos y el desgaste f\u00edsico. Dependiendo de la aplicaci\u00f3n, los materiales pueden incluir materiales sint\u00e9ticos de alta temperatura, cer\u00e1mica o mallas met\u00e1licas que soportan temperaturas elevadas sin perder rendimiento. Estos filtros suelen dise\u00f1arse para su uso en entornos como el procesamiento de vapor, la filtraci\u00f3n de gases calientes y los tratamientos de gases de escape industriales.&nbsp;<\/p>\n<h4><strong>Filtros cer\u00e1micos frente a filtros de acero inoxidable<\/strong><\/h4>\n<p>Dos enfoques comunes en la filtraci\u00f3n a alta temperatura son <strong>elementos filtrantes cer\u00e1micos<\/strong> y <strong>filtros de acero inoxidable<\/strong>:<\/p>\n<ul>\n<li>\n<p><strong>Elementos filtrantes cer\u00e1micos<\/strong> son inherentemente resistentes al calor debido a su estructura sinterizada y pueden tolerar temperaturas extremadamente altas, a menudo superiores a 900 \u00b0C seg\u00fan el material. La cer\u00e1mica tambi\u00e9n presenta una excelente resistencia qu\u00edmica y una porosidad uniforme, lo que la hace adecuada para la filtraci\u00f3n de metales fundidos y otros entornos t\u00e9rmicos severos.&nbsp;<\/p>\n<\/li>\n<li>\n<p><strong>Filtros de acero inoxidable<\/strong>, especialmente los dise\u00f1os sinterizados y plisados, proporcionan un rendimiento robusto en aplicaciones corrosivas y de alta temperatura, al tiempo que ofrecen una mayor resistencia mec\u00e1nica y capacidad de regeneraci\u00f3n. Estos filtros soportan limpiezas repetidas y son eficaces para la filtraci\u00f3n de vapor, gas y l\u00edquidos a temperaturas elevadas gracias a la alta resistencia t\u00e9rmica y a la corrosi\u00f3n del acero inoxidable.<\/p>\n<\/li>\n<\/ul>\n<p>Ambos tipos son valiosos en contextos diferentes: los filtros cer\u00e1micos sobresalen a temperaturas extremadamente altas y por su inercia qu\u00edmica, mientras que los de acero inoxidable ofrecen durabilidad, facilidad de limpieza y amplia compatibilidad qu\u00edmica. Una ventaja clave de las soluciones de acero inoxidable es su capacidad para limpiarse y reutilizarse, lo que reduce los costes del ciclo de vida en entornos industriales.<\/p>\n<h3>Aplicaciones t\u00edpicas<\/h3>\n<p>Los elementos filtrantes resistentes a altas temperaturas se utilizan en:<\/p>\n<ul>\n<li>\n<p><strong>Filtraci\u00f3n de vapor y gases a alta temperatura<\/strong> para sistemas de generaci\u00f3n de energ\u00eda y esterilizaci\u00f3n.<\/p>\n<\/li>\n<li>\n<p><strong>Transformaci\u00f3n qu\u00edmica y petroqu\u00edmica<\/strong> donde el calor y las sustancias corrosivas desaf\u00edan a los medios filtrantes.<\/p>\n<\/li>\n<li>\n<p><strong>Filtraci\u00f3n de gases de escape industriales<\/strong> en metalurgia, cer\u00e1mica y sistemas de combusti\u00f3n.<\/p>\n<\/li>\n<li>\n<p><strong>Tratamiento del agua en condiciones de temperatura elevada<\/strong> que se encuentran en algunos sistemas industriales de reutilizaci\u00f3n.<\/p>\n<\/li>\n<\/ul>\n<p>Cuando se combinan con carcasas robustas dise\u00f1adas para altas temperaturas y diferenciales de presi\u00f3n, estos resistentes elementos filtrantes pueden ofrecer una larga vida \u00fatil y un rendimiento de filtraci\u00f3n fiable.<\/p>\n<p>Para los sistemas de filtraci\u00f3n a alta temperatura que requieren carcasas duraderas, considere la posibilidad de trabajar con una empresa especializada. <strong><a href=\"https:\/\/www.pullnerfilter.com\/stainless-steel-filter-housing\/\">fabricante de carcasas de filtros de acero inoxidable<\/a><\/strong> que pueden ayudarle a adaptar el material y el dise\u00f1o de la carcasa a sus requisitos de temperatura y presi\u00f3n.<\/p>\t\t\t\t\t\t\t\t<\/div>\n\t\t\t\t<\/div>\n\t\t\t\t\t<\/div>\n\t\t<\/div>\n\t\t\t\t\t<\/div>\n\t\t<\/section>\n\t\t\t\t<\/div>","protected":false},"excerpt":{"rendered":"<p>High Temperature Resistant Filter Element High temperature resistant filter element is belong to pleated filter element, which is made of all Polyester (PET) material, which can meet the precision filtration of benzene, toluene and other liquids containing aromatic hydrocarbon solvents. The Polyester material has good temperature and pressure resistance, can withstand 120\u2103 high temperature for [&hellip;]<\/p>\n","protected":false},"author":1,"featured_media":0,"parent":0,"menu_order":0,"comment_status":"closed","ping_status":"closed","template":"","meta":{"_acf_changed":false,"_seopress_robots_primary_cat":"","_seopress_titles_title":"","_seopress_titles_desc":"","_seopress_robots_index":"","_uag_custom_page_level_css":"","site-sidebar-layout":"no-sidebar","site-content-layout":"page-builder","ast-site-content-layout":"default","site-content-style":"default","site-sidebar-style":"default","ast-global-header-display":"","ast-banner-title-visibility":"","ast-main-header-display":"","ast-hfb-above-header-display":"","ast-hfb-below-header-display":"","ast-hfb-mobile-header-display":"","site-post-title":"disabled","ast-breadcrumbs-content":"","ast-featured-img":"disabled","footer-sml-layout":"","theme-transparent-header-meta":"","adv-header-id-meta":"","stick-header-meta":"","header-above-stick-meta":"","header-main-stick-meta":"","header-below-stick-meta":"","astra-migrate-meta-layouts":"default","ast-page-background-enabled":"default","ast-page-background-meta":{"desktop":{"background-color":"","background-image":"","background-repeat":"repeat","background-position":"center center","background-size":"auto","background-attachment":"scroll","background-type":"","background-media":"","overlay-type":"","overlay-color":"","overlay-opacity":"","overlay-gradient":""},"tablet":{"background-color":"","background-image":"","background-repeat":"repeat","background-position":"center center","background-size":"auto","background-attachment":"scroll","background-type":"","background-media":"","overlay-type":"","overlay-color":"","overlay-opacity":"","overlay-gradient":""},"mobile":{"background-color":"","background-image":"","background-repeat":"repeat","background-position":"center center","background-size":"auto","background-attachment":"scroll","background-type":"","background-media":"","overlay-type":"","overlay-color":"","overlay-opacity":"","overlay-gradient":""}},"ast-content-background-meta":{"desktop":{"background-color":"var(--ast-global-color-5)","background-image":"","background-repeat":"repeat","background-position":"center center","background-size":"auto","background-attachment":"scroll","background-type":"","background-media":"","overlay-type":"","overlay-color":"","overlay-opacity":"","overlay-gradient":""},"tablet":{"background-color":"var(--ast-global-color-5)","background-image":"","background-repeat":"repeat","background-position":"center center","background-size":"auto","background-attachment":"scroll","background-type":"","background-media":"","overlay-type":"","overlay-color":"","overlay-opacity":"","overlay-gradient":""},"mobile":{"background-color":"var(--ast-global-color-5)","background-image":"","background-repeat":"repeat","background-position":"center center","background-size":"auto","background-attachment":"scroll","background-type":"","background-media":"","overlay-type":"","overlay-color":"","overlay-opacity":"","overlay-gradient":""}},"footnotes":""},"class_list":["post-2213","page","type-page","status-publish"],"acf":[],"uagb_featured_image_src":{"full":false,"thumbnail":false,"medium":false,"medium_large":false,"large":false,"1536x1536":false,"2048x2048":false,"trp-custom-language-flag":false},"uagb_author_info":{"display_name":"wpx_pullner","author_link":"https:\/\/www.staging.pullnerfilter.com\/es\/author\/wpx_pullner\/"},"uagb_comment_info":0,"uagb_excerpt":"High Temperature Resistant Filter Element High temperature resistant filter element is belong to pleated filter element, which is made of all Polyester (PET) material, which can meet the precision filtration of benzene, toluene and other liquids containing aromatic hydrocarbon solvents. The Polyester material has good temperature and pressure resistance, can withstand 120\u2103 high temperature for&hellip;","_links":{"self":[{"href":"https:\/\/www.staging.pullnerfilter.com\/es\/wp-json\/wp\/v2\/pages\/2213","targetHints":{"allow":["GET"]}}],"collection":[{"href":"https:\/\/www.staging.pullnerfilter.com\/es\/wp-json\/wp\/v2\/pages"}],"about":[{"href":"https:\/\/www.staging.pullnerfilter.com\/es\/wp-json\/wp\/v2\/types\/page"}],"author":[{"embeddable":true,"href":"https:\/\/www.staging.pullnerfilter.com\/es\/wp-json\/wp\/v2\/users\/1"}],"replies":[{"embeddable":true,"href":"https:\/\/www.staging.pullnerfilter.com\/es\/wp-json\/wp\/v2\/comments?post=2213"}],"version-history":[{"count":9,"href":"https:\/\/www.staging.pullnerfilter.com\/es\/wp-json\/wp\/v2\/pages\/2213\/revisions"}],"predecessor-version":[{"id":8722,"href":"https:\/\/www.staging.pullnerfilter.com\/es\/wp-json\/wp\/v2\/pages\/2213\/revisions\/8722"}],"wp:attachment":[{"href":"https:\/\/www.staging.pullnerfilter.com\/es\/wp-json\/wp\/v2\/media?parent=2213"}],"curies":[{"name":"wp","href":"https:\/\/api.w.org\/{rel}","templated":true}]}}