{"id":2202,"date":"2023-01-06T07:21:16","date_gmt":"2023-01-06T07:21:16","guid":{"rendered":"https:\/\/www.staging.pullnerfilter.com\/?page_id=2202"},"modified":"2026-01-07T12:40:12","modified_gmt":"2026-01-07T12:40:12","slug":"elemento-filtrante-de-fibra-de-vidrio-de-gran-caudal","status":"publish","type":"page","link":"https:\/\/www.staging.pullnerfilter.com\/es\/elemento-filtrante-de-fibra-de-vidrio-de-gran-caudal\/","title":{"rendered":"Elemento filtrante de fibra de vidrio de gran caudal"},"content":{"rendered":"<div data-elementor-type=\"wp-page\" data-elementor-id=\"2202\" class=\"elementor elementor-2202\" data-elementor-post-type=\"page\">\n\t\t\t\t\t\t<section class=\"elementor-section elementor-top-section elementor-element elementor-element-5c4bcf7b elementor-section-boxed elementor-section-height-default elementor-section-height-default\" data-id=\"5c4bcf7b\" data-element_type=\"section\" data-e-type=\"section\">\n\t\t\t\t\t\t<div class=\"elementor-container elementor-column-gap-default\">\n\t\t\t\t\t<div class=\"elementor-column elementor-col-50 elementor-top-column elementor-element elementor-element-7e3b3f92\" data-id=\"7e3b3f92\" data-element_type=\"column\" data-e-type=\"column\">\n\t\t\t<div class=\"elementor-widget-wrap elementor-element-populated\">\n\t\t\t\t\t\t<div class=\"elementor-element elementor-element-13f77475 elementor-arrows-position-inside elementor-pagination-position-outside elementor-widget elementor-widget-image-carousel\" data-id=\"13f77475\" data-element_type=\"widget\" data-e-type=\"widget\" data-settings=\"{&quot;slides_to_show&quot;:&quot;1&quot;,&quot;navigation&quot;:&quot;both&quot;,&quot;autoplay&quot;:&quot;yes&quot;,&quot;pause_on_hover&quot;:&quot;yes&quot;,&quot;pause_on_interaction&quot;:&quot;yes&quot;,&quot;autoplay_speed&quot;:5000,&quot;infinite&quot;:&quot;yes&quot;,&quot;effect&quot;:&quot;slide&quot;,&quot;speed&quot;:500}\" data-widget_type=\"image-carousel.default\">\n\t\t\t\t<div class=\"elementor-widget-container\">\n\t\t\t\t\t\t\t<div class=\"elementor-image-carousel-wrapper swiper\" role=\"region\" aria-roledescription=\"carousel\" aria-label=\"Carrusel de im\u00e1genes\" dir=\"ltr\">\n\t\t\t<div class=\"elementor-image-carousel swiper-wrapper swiper-image-stretch\" aria-live=\"off\">\n\t\t\t\t\t\t\t\t<div class=\"swiper-slide\" role=\"group\" aria-roledescription=\"slide\" aria-label=\"1 de 1\"><figure class=\"swiper-slide-inner\"><img decoding=\"async\" class=\"swiper-slide-image\" src=\"https:\/\/www.staging.pullnerfilter.com\/wp-content\/uploads\/2023\/01\/Glass-fiber-large-flow-filter-element.jpg\" alt=\"Elemento filtrante de flujo grande de fibra de vidrio\" \/><\/figure><\/div>\t\t\t<\/div>\n\t\t\t\t\t<\/div>\n\t\t\t\t\t\t<\/div>\n\t\t\t\t<\/div>\n\t\t\t\t\t<\/div>\n\t\t<\/div>\n\t\t\t\t<div class=\"elementor-column elementor-col-50 elementor-top-column elementor-element elementor-element-29832c1\" data-id=\"29832c1\" data-element_type=\"column\" data-e-type=\"column\">\n\t\t\t<div class=\"elementor-widget-wrap elementor-element-populated\">\n\t\t\t\t\t\t<div class=\"elementor-element elementor-element-44e01a8c elementor-widget elementor-widget-heading\" data-id=\"44e01a8c\" data-element_type=\"widget\" data-e-type=\"widget\" data-widget_type=\"heading.default\">\n\t\t\t\t<div class=\"elementor-widget-container\">\n\t\t\t\t\t<h1 class=\"elementor-heading-title elementor-size-default\">Elemento filtrante de fibra de vidrio de gran caudal<\/h1>\t\t\t\t<\/div>\n\t\t\t\t<\/div>\n\t\t\t\t<div class=\"elementor-element elementor-element-39389704 elementor-widget elementor-widget-text-editor\" data-id=\"39389704\" data-element_type=\"widget\" data-e-type=\"widget\" data-widget_type=\"text-editor.default\">\n\t\t\t\t<div class=\"elementor-widget-container\">\n\t\t\t\t\t\t\t\t\t<p>El elemento filtrante de fibra de vidrio de gran caudal pertenece a <a href=\"https:\/\/www.pullnerfilter.com\/high-flow-filter-cartridge\/\" target=\"_blank\" rel=\"noopener\">cartucho filtrante de l\u00edquidos de alto caudal<\/a>, que est\u00e1 hecho de un cartucho de gran di\u00e1metro de 6\u201d (152 mm), de un solo extremo abierto, sin n\u00facleo y plisado, con un patr\u00f3n de flujo de dentro a fuera. La avanzada tecnolog\u00eda de pliegues, combinada con su gran di\u00e1metro y una amplia gama de micras, desde 1 micra hasta 200 micras, permite al cliente utilizar menos filtros y una carcasa de menor tama\u00f1o para aplicaciones de gran caudal.<\/p><ul><li>Gran superficie de filtraci\u00f3n, alto rendimiento<\/li><li>M\u00faltiples opciones de materiales de membrana<\/li><li>Selecci\u00f3n de longitud m\u00faltiple<\/li><\/ul>\t\t\t\t\t\t\t\t<\/div>\n\t\t\t\t<\/div>\n\t\t\t\t<div class=\"elementor-element elementor-element-444c91c5 elementor-align-left elementor-widget elementor-widget-button\" data-id=\"444c91c5\" data-element_type=\"widget\" data-e-type=\"widget\" data-widget_type=\"button.default\">\n\t\t\t\t<div class=\"elementor-widget-container\">\n\t\t\t\t\t\t\t\t\t<div class=\"elementor-button-wrapper\">\n\t\t\t\t\t<a class=\"elementor-button elementor-button-link elementor-size-md\" href=\"\/es\/contacto\/\">\n\t\t\t\t\t\t<span class=\"elementor-button-content-wrapper\">\n\t\t\t\t\t\t\t\t\t<span class=\"elementor-button-text\">Env\u00ede su consulta ahora<\/span>\n\t\t\t\t\t<\/span>\n\t\t\t\t\t<\/a>\n\t\t\t\t<\/div>\n\t\t\t\t\t\t\t\t<\/div>\n\t\t\t\t<\/div>\n\t\t\t\t\t<\/div>\n\t\t<\/div>\n\t\t\t\t\t<\/div>\n\t\t<\/section>\n\t\t\t\t<section class=\"elementor-section elementor-top-section elementor-element elementor-element-6862681b elementor-section-boxed elementor-section-height-default elementor-section-height-default\" data-id=\"6862681b\" data-element_type=\"section\" data-e-type=\"section\">\n\t\t\t\t\t\t<div class=\"elementor-container elementor-column-gap-default\">\n\t\t\t\t\t<div class=\"elementor-column elementor-col-100 elementor-top-column elementor-element elementor-element-10459ef0\" data-id=\"10459ef0\" data-element_type=\"column\" data-e-type=\"column\">\n\t\t\t<div class=\"elementor-widget-wrap elementor-element-populated\">\n\t\t\t\t\t\t<div class=\"elementor-element elementor-element-58a0d5cc elementor-widget elementor-widget-text-editor\" data-id=\"58a0d5cc\" data-element_type=\"widget\" data-e-type=\"widget\" data-widget_type=\"text-editor.default\">\n\t\t\t\t<div class=\"elementor-widget-container\">\n\t\t\t\t\t\t\t\t\t<p>Materiales de la membrana: Fibra de vidrio. El material de la membrana de PP adopta la exclusiva tecnolog\u00eda de pliegues de nanofibra multicapa para lograr una estructura de filtro de gradiente, aumentar el espacio de retenci\u00f3n de suciedad y prolongar significativamente la vida \u00fatil, reduciendo as\u00ed la frecuencia de sustituci\u00f3n y el coste del sistema.<\/p><p>Longitud disponible: 20\u2033(508mm), 40\u2033(1016mm), 60\u2033(1524mm)<\/p><p>Con una tecnolog\u00eda de pliegues \u00fanica, el \u00e1rea de filtraci\u00f3n puede alcanzar los 3,2 m\u00b2\/20 pulgadas.<\/p><p>El caudal del filtro de alto flujo de 40\u2033 es superior a 60m\u00b3\/h en condiciones est\u00e1ndar. Consigue un alto rendimiento y una larga vida \u00fatil.<\/p><p>Somos una conocida empresa que integra I+D, producci\u00f3n y venta de equipos de microfiltraci\u00f3n por membrana y sistemas de filtraci\u00f3n.<\/p><p>Nuestros principales productos: cartucho de filtro de membrana plisada, cartucho de filtro de alto flujo, condensado pulido cartucho de filtro plisado, condensado pulido cartucho de filtro de cuerda herida, cartucho de filtro de membrana herida, fundir filtros soplados, filtro de alambre de cu\u00f1a de metal, metal sinterizado filtros de malla, filtro de fieltro de fibra sinterizada, y filtros sinterizados poder; todo tipo de filtros de petr\u00f3leo y gas.<\/p><p>Principales aplicaciones de producci\u00f3n: Biofarmac\u00e9utica, alimentaci\u00f3n y bebidas, microelectr\u00f3nica, qu\u00edmica fina, tratamiento de aguas, laboratorio y otros campos; abarca paneles LCD, chips semiconductores, productos qu\u00edmicos de gran pureza, API, reutilizaci\u00f3n de aguas, filtraci\u00f3n de condensados, reutilizaci\u00f3n de aguas, etc.<\/p><p>Nuestro laboratorio est\u00e1 equipado con diversas instalaciones de prueba: Instrumento de distribuci\u00f3n de apertura, banco de pruebas de paso \u00fanico de agua, microscopio electr\u00f3nico de barrido, laboratorio de desaf\u00edo bacteriano, detector de part\u00edculas en l\u00ednea, banco de pruebas de diafragma, probador de permeabilidad al aire, probador de integridad de cartucho de filtro, carro de pruebas para simular condiciones de campo, etc. Con varios expertos en pruebas, proporcionamos r\u00e1pidamente soluciones de condiciones variables.<\/p>\t\t\t\t\t\t\t\t<\/div>\n\t\t\t\t<\/div>\n\t\t\t\t\t<\/div>\n\t\t<\/div>\n\t\t\t\t\t<\/div>\n\t\t<\/section>\n\t\t\t\t<\/div>","protected":false},"excerpt":{"rendered":"<p>Glass Fiber Large Flow Filter Element Glass fiber large flow filter element is belong to high flow liquid filter cartridge, which is made of large diameter 6\u201d (152mm), single open end, coreless, and pleated cartridge with inside to outside flow pattern. Advance pleat technology, combined with its large diameter and wide range of micron rating [&hellip;]<\/p>\n","protected":false},"author":1,"featured_media":0,"parent":0,"menu_order":0,"comment_status":"closed","ping_status":"closed","template":"","meta":{"_acf_changed":false,"_seopress_robots_primary_cat":"","_seopress_titles_title":"","_seopress_titles_desc":"","_seopress_robots_index":"","_uag_custom_page_level_css":"","site-sidebar-layout":"no-sidebar","site-content-layout":"page-builder","ast-site-content-layout":"default","site-content-style":"default","site-sidebar-style":"default","ast-global-header-display":"","ast-banner-title-visibility":"","ast-main-header-display":"","ast-hfb-above-header-display":"","ast-hfb-below-header-display":"","ast-hfb-mobile-header-display":"","site-post-title":"disabled","ast-breadcrumbs-content":"","ast-featured-img":"disabled","footer-sml-layout":"","theme-transparent-header-meta":"","adv-header-id-meta":"","stick-header-meta":"","header-above-stick-meta":"","header-main-stick-meta":"","header-below-stick-meta":"","astra-migrate-meta-layouts":"default","ast-page-background-enabled":"default","ast-page-background-meta":{"desktop":{"background-color":"","background-image":"","background-repeat":"repeat","background-position":"center center","background-size":"auto","background-attachment":"scroll","background-type":"","background-media":"","overlay-type":"","overlay-color":"","overlay-opacity":"","overlay-gradient":""},"tablet":{"background-color":"","background-image":"","background-repeat":"repeat","background-position":"center center","background-size":"auto","background-attachment":"scroll","background-type":"","background-media":"","overlay-type":"","overlay-color":"","overlay-opacity":"","overlay-gradient":""},"mobile":{"background-color":"","background-image":"","background-repeat":"repeat","background-position":"center center","background-size":"auto","background-attachment":"scroll","background-type":"","background-media":"","overlay-type":"","overlay-color":"","overlay-opacity":"","overlay-gradient":""}},"ast-content-background-meta":{"desktop":{"background-color":"var(--ast-global-color-5)","background-image":"","background-repeat":"repeat","background-position":"center center","background-size":"auto","background-attachment":"scroll","background-type":"","background-media":"","overlay-type":"","overlay-color":"","overlay-opacity":"","overlay-gradient":""},"tablet":{"background-color":"var(--ast-global-color-5)","background-image":"","background-repeat":"repeat","background-position":"center center","background-size":"auto","background-attachment":"scroll","background-type":"","background-media":"","overlay-type":"","overlay-color":"","overlay-opacity":"","overlay-gradient":""},"mobile":{"background-color":"var(--ast-global-color-5)","background-image":"","background-repeat":"repeat","background-position":"center center","background-size":"auto","background-attachment":"scroll","background-type":"","background-media":"","overlay-type":"","overlay-color":"","overlay-opacity":"","overlay-gradient":""}},"footnotes":""},"class_list":["post-2202","page","type-page","status-publish"],"acf":[],"uagb_featured_image_src":{"full":false,"thumbnail":false,"medium":false,"medium_large":false,"large":false,"1536x1536":false,"2048x2048":false,"trp-custom-language-flag":false},"uagb_author_info":{"display_name":"wpx_pullner","author_link":"https:\/\/www.staging.pullnerfilter.com\/es\/author\/wpx_pullner\/"},"uagb_comment_info":0,"uagb_excerpt":"Glass Fiber Large Flow Filter Element Glass fiber large flow filter element is belong to high flow liquid filter cartridge, which is made of large diameter 6\u201d (152mm), single open end, coreless, and pleated cartridge with inside to outside flow pattern. Advance pleat technology, combined with its large diameter and wide range of micron rating&hellip;","_links":{"self":[{"href":"https:\/\/www.staging.pullnerfilter.com\/es\/wp-json\/wp\/v2\/pages\/2202","targetHints":{"allow":["GET"]}}],"collection":[{"href":"https:\/\/www.staging.pullnerfilter.com\/es\/wp-json\/wp\/v2\/pages"}],"about":[{"href":"https:\/\/www.staging.pullnerfilter.com\/es\/wp-json\/wp\/v2\/types\/page"}],"author":[{"embeddable":true,"href":"https:\/\/www.staging.pullnerfilter.com\/es\/wp-json\/wp\/v2\/users\/1"}],"replies":[{"embeddable":true,"href":"https:\/\/www.staging.pullnerfilter.com\/es\/wp-json\/wp\/v2\/comments?post=2202"}],"version-history":[{"count":11,"href":"https:\/\/www.staging.pullnerfilter.com\/es\/wp-json\/wp\/v2\/pages\/2202\/revisions"}],"predecessor-version":[{"id":8718,"href":"https:\/\/www.staging.pullnerfilter.com\/es\/wp-json\/wp\/v2\/pages\/2202\/revisions\/8718"}],"wp:attachment":[{"href":"https:\/\/www.staging.pullnerfilter.com\/es\/wp-json\/wp\/v2\/media?parent=2202"}],"curies":[{"name":"wp","href":"https:\/\/api.w.org\/{rel}","templated":true}]}}