{"id":2191,"date":"2023-01-06T07:16:10","date_gmt":"2023-01-06T07:16:10","guid":{"rendered":"https:\/\/www.staging.pullnerfilter.com\/?page_id=2191"},"modified":"2023-01-06T07:18:42","modified_gmt":"2023-01-06T07:18:42","slug":"elemento-filtrante-plisado-de-fibra-de-vidrio","status":"publish","type":"page","link":"https:\/\/www.staging.pullnerfilter.com\/es\/elemento-filtrante-plisado-de-fibra-de-vidrio\/","title":{"rendered":"Elemento filtrante plisado de fibra de vidrio"},"content":{"rendered":"<div data-elementor-type=\"wp-page\" data-elementor-id=\"2191\" class=\"elementor elementor-2191\" data-elementor-post-type=\"page\">\n\t\t\t\t\t\t<section class=\"elementor-section elementor-top-section elementor-element elementor-element-6268bd6b elementor-section-boxed elementor-section-height-default elementor-section-height-default\" data-id=\"6268bd6b\" data-element_type=\"section\" data-e-type=\"section\">\n\t\t\t\t\t\t<div class=\"elementor-container elementor-column-gap-default\">\n\t\t\t\t\t<div class=\"elementor-column elementor-col-50 elementor-top-column elementor-element elementor-element-3a34b14f\" data-id=\"3a34b14f\" data-element_type=\"column\" data-e-type=\"column\">\n\t\t\t<div class=\"elementor-widget-wrap elementor-element-populated\">\n\t\t\t\t\t\t<div class=\"elementor-element elementor-element-5237d8f1 elementor-arrows-position-inside elementor-pagination-position-outside elementor-widget elementor-widget-image-carousel\" data-id=\"5237d8f1\" data-element_type=\"widget\" data-e-type=\"widget\" data-settings=\"{&quot;slides_to_show&quot;:&quot;1&quot;,&quot;navigation&quot;:&quot;both&quot;,&quot;autoplay&quot;:&quot;yes&quot;,&quot;pause_on_hover&quot;:&quot;yes&quot;,&quot;pause_on_interaction&quot;:&quot;yes&quot;,&quot;autoplay_speed&quot;:5000,&quot;infinite&quot;:&quot;yes&quot;,&quot;effect&quot;:&quot;slide&quot;,&quot;speed&quot;:500}\" data-widget_type=\"image-carousel.default\">\n\t\t\t\t<div class=\"elementor-widget-container\">\n\t\t\t\t\t\t\t<div class=\"elementor-image-carousel-wrapper swiper\" role=\"region\" aria-roledescription=\"carousel\" aria-label=\"Carrusel de im\u00e1genes\" dir=\"ltr\">\n\t\t\t<div class=\"elementor-image-carousel swiper-wrapper swiper-image-stretch\" aria-live=\"off\">\n\t\t\t\t\t\t\t\t<div class=\"swiper-slide\" role=\"group\" aria-roledescription=\"slide\" aria-label=\"1 de 1\"><figure class=\"swiper-slide-inner\"><img decoding=\"async\" class=\"swiper-slide-image\" src=\"https:\/\/www.staging.pullnerfilter.com\/wp-content\/uploads\/2023\/01\/Glass-fiber-pleated-filter-element.jpg\" alt=\"Elemento filtrante plisado de fibra de vidrio\" \/><\/figure><\/div>\t\t\t<\/div>\n\t\t\t\t\t<\/div>\n\t\t\t\t\t\t<\/div>\n\t\t\t\t<\/div>\n\t\t\t\t\t<\/div>\n\t\t<\/div>\n\t\t\t\t<div class=\"elementor-column elementor-col-50 elementor-top-column elementor-element elementor-element-39505b69\" data-id=\"39505b69\" data-element_type=\"column\" data-e-type=\"column\">\n\t\t\t<div class=\"elementor-widget-wrap elementor-element-populated\">\n\t\t\t\t\t\t<div class=\"elementor-element elementor-element-32e192a5 elementor-widget elementor-widget-heading\" data-id=\"32e192a5\" data-element_type=\"widget\" data-e-type=\"widget\" data-widget_type=\"heading.default\">\n\t\t\t\t<div class=\"elementor-widget-container\">\n\t\t\t\t\t<h1 class=\"elementor-heading-title elementor-size-default\">Elemento filtrante plisado de fibra de vidrio<\/h1>\t\t\t\t<\/div>\n\t\t\t\t<\/div>\n\t\t\t\t<div class=\"elementor-element elementor-element-56840e88 elementor-widget elementor-widget-text-editor\" data-id=\"56840e88\" data-element_type=\"widget\" data-e-type=\"widget\" data-widget_type=\"text-editor.default\">\n\t\t\t\t<div class=\"elementor-widget-container\">\n\t\t\t\t\t\t\t\t\t<p>El elemento filtrante plisado de fibra de vidrio pertenece a Membrana <a href=\"https:\/\/www.pullnerfilter.com\/pleated-filter-cartridges\/\" target=\"_blank\" rel=\"noopener\">Filtros de cartucho plisado<\/a>. Los elementos filtrantes est\u00e1n fabricados con membranas de fibra de vidrio de borosilicato y excelentes materiales de soporte de PP. Los cartuchos plisados de fibra de vidrio proporcionan una eficacia de filtraci\u00f3n alta y constante con un rango de filtraci\u00f3n de 0,2 a 50 micras.<\/p><ul><li>Medio filtrante: Fibra de vidrio<\/li><li>Longitud: de 10\u2019\u2019 a 40\u2019\u2019<\/li><li>Grado de filtraci\u00f3n: 0,2 a 50 micras<\/li><li>N\u00facleo: Polipropileno<\/li><li>Soporte del filtro: Polipropileno<\/li><li>Junta\/ Junta t\u00f3rica: Silicona, EPDM, NBR<\/li><li>Tapa final: Polipropileno<\/li><\/ul>\t\t\t\t\t\t\t\t<\/div>\n\t\t\t\t<\/div>\n\t\t\t\t<div class=\"elementor-element elementor-element-613e743f elementor-align-left elementor-widget elementor-widget-button\" data-id=\"613e743f\" data-element_type=\"widget\" data-e-type=\"widget\" data-widget_type=\"button.default\">\n\t\t\t\t<div class=\"elementor-widget-container\">\n\t\t\t\t\t\t\t\t\t<div class=\"elementor-button-wrapper\">\n\t\t\t\t\t<a class=\"elementor-button elementor-button-link elementor-size-md\" href=\"\/es\/contacto\/\">\n\t\t\t\t\t\t<span class=\"elementor-button-content-wrapper\">\n\t\t\t\t\t\t\t\t\t<span class=\"elementor-button-text\">Env\u00ede su consulta ahora<\/span>\n\t\t\t\t\t<\/span>\n\t\t\t\t\t<\/a>\n\t\t\t\t<\/div>\n\t\t\t\t\t\t\t\t<\/div>\n\t\t\t\t<\/div>\n\t\t\t\t\t<\/div>\n\t\t<\/div>\n\t\t\t\t\t<\/div>\n\t\t<\/section>\n\t\t\t\t<section class=\"elementor-section elementor-top-section elementor-element elementor-element-24864f4b elementor-section-boxed elementor-section-height-default elementor-section-height-default\" data-id=\"24864f4b\" data-element_type=\"section\" data-e-type=\"section\">\n\t\t\t\t\t\t<div class=\"elementor-container elementor-column-gap-default\">\n\t\t\t\t\t<div class=\"elementor-column elementor-col-100 elementor-top-column elementor-element elementor-element-380765f3\" data-id=\"380765f3\" data-element_type=\"column\" data-e-type=\"column\">\n\t\t\t<div class=\"elementor-widget-wrap elementor-element-populated\">\n\t\t\t\t\t\t<div class=\"elementor-element elementor-element-6f2f259f elementor-widget elementor-widget-text-editor\" data-id=\"6f2f259f\" data-element_type=\"widget\" data-e-type=\"widget\" data-widget_type=\"text-editor.default\">\n\t\t\t\t<div class=\"elementor-widget-container\">\n\t\t\t\t\t\t\t\t\t<p>Los filtros de cartucho plisado de fibra de vidrio tienen una gran superficie filtrante, larga vida \u00fatil, baja presi\u00f3n inicial y amplia compatibilidad qu\u00edmica.\u00a0<\/p><p>Adem\u00e1s, los filtros plisados de fibra de vidrio se fabrican en un taller avanzado libre de polvo, por lo que podr\u00edan ser ampliamente utilizados en el procesamiento de filtraci\u00f3n de l\u00edquidos de alta pureza.\u00a0<\/p><p>El elemento filtrante plisado de fibra de vidrio puede utilizarse en disolventes, cosm\u00e9ticos, semiconductores, alimentos y bebidas, sistemas de agua desionizada e industria qu\u00edmica.<\/p><p>\u00a0<\/p><ul><li>Todos los materiales de los filtros de cartucho de fibra de vidrio cumplen los requisitos de la FDA<\/li><li>Los cartuchos plisados de fibra de vidrio tienen \u00edndices de retenci\u00f3n de alta eficacia de 0,45 a 50 micras<\/li><li>Los filtros de membrana de fibra de vidrio son 100% de integridad probada, resistentes a altas presiones y temperaturas<\/li><li>La jaula r\u00edgida de PP moldeado protege los medios plisados y refuerza la estabilidad estructural durante toda su vida \u00fatil<\/li><li>Los filtros plisados de fibra de vidrio tienen una superficie dise\u00f1ada para un rendimiento m\u00e1ximo y una gran capacidad de retenci\u00f3n de la suciedad<\/li><li>Los cartuchos plisados de fibra de vidrio ofrecen una amplia gama de compatibilidad qu\u00edmica, larga vida \u00fatil y costes de funcionamiento relativamente bajos.<\/li><\/ul><p>El elemento filtrante puede personalizarse en funci\u00f3n de las condiciones de trabajo in situ. En la fase de dise\u00f1o del elemento filtrante deben tenerse en cuenta factores como el caudal in situ, la presi\u00f3n diferencial, la temperatura y la resistencia a la corrosi\u00f3n del medio.\u00a0<\/p><p>Nuestros elementos filtrantes se someten a un estricto control de calidad desde la fase de adquisici\u00f3n de materias primas hasta la de producto final.\u00a0<\/p><p>Todo el entorno de producci\u00f3n se realiza en una sala blanca, lo que reduce al m\u00ednimo la introducci\u00f3n de nuevas impurezas durante el uso del elemento filtrante.<\/p>\t\t\t\t\t\t\t\t<\/div>\n\t\t\t\t<\/div>\n\t\t\t\t\t<\/div>\n\t\t<\/div>\n\t\t\t\t\t<\/div>\n\t\t<\/section>\n\t\t\t\t<\/div>","protected":false},"excerpt":{"rendered":"<p>Glass Fiber Pleated Filter Element Glass fiber pleated filter element is belong to Membrane Pleated Cartridge Filters. Filter element are constructed with borosilicate glass fiber membranes and excellent PP support materials. Glass fiber pleated cartridges provide high and consistent filtration efficiency with a filtration rating range from 0.2 to 50 micron. Filter media: Glass Fiber [&hellip;]<\/p>\n","protected":false},"author":1,"featured_media":0,"parent":0,"menu_order":0,"comment_status":"closed","ping_status":"closed","template":"","meta":{"_acf_changed":false,"_seopress_robots_primary_cat":"","_seopress_titles_title":"","_seopress_titles_desc":"","_seopress_robots_index":"","_uag_custom_page_level_css":"","site-sidebar-layout":"no-sidebar","site-content-layout":"page-builder","ast-site-content-layout":"default","site-content-style":"default","site-sidebar-style":"default","ast-global-header-display":"","ast-banner-title-visibility":"","ast-main-header-display":"","ast-hfb-above-header-display":"","ast-hfb-below-header-display":"","ast-hfb-mobile-header-display":"","site-post-title":"disabled","ast-breadcrumbs-content":"","ast-featured-img":"disabled","footer-sml-layout":"","theme-transparent-header-meta":"","adv-header-id-meta":"","stick-header-meta":"","header-above-stick-meta":"","header-main-stick-meta":"","header-below-stick-meta":"","astra-migrate-meta-layouts":"default","ast-page-background-enabled":"default","ast-page-background-meta":{"desktop":{"background-color":"","background-image":"","background-repeat":"repeat","background-position":"center center","background-size":"auto","background-attachment":"scroll","background-type":"","background-media":"","overlay-type":"","overlay-color":"","overlay-opacity":"","overlay-gradient":""},"tablet":{"background-color":"","background-image":"","background-repeat":"repeat","background-position":"center center","background-size":"auto","background-attachment":"scroll","background-type":"","background-media":"","overlay-type":"","overlay-color":"","overlay-opacity":"","overlay-gradient":""},"mobile":{"background-color":"","background-image":"","background-repeat":"repeat","background-position":"center center","background-size":"auto","background-attachment":"scroll","background-type":"","background-media":"","overlay-type":"","overlay-color":"","overlay-opacity":"","overlay-gradient":""}},"ast-content-background-meta":{"desktop":{"background-color":"var(--ast-global-color-5)","background-image":"","background-repeat":"repeat","background-position":"center center","background-size":"auto","background-attachment":"scroll","background-type":"","background-media":"","overlay-type":"","overlay-color":"","overlay-opacity":"","overlay-gradient":""},"tablet":{"background-color":"var(--ast-global-color-5)","background-image":"","background-repeat":"repeat","background-position":"center center","background-size":"auto","background-attachment":"scroll","background-type":"","background-media":"","overlay-type":"","overlay-color":"","overlay-opacity":"","overlay-gradient":""},"mobile":{"background-color":"var(--ast-global-color-5)","background-image":"","background-repeat":"repeat","background-position":"center center","background-size":"auto","background-attachment":"scroll","background-type":"","background-media":"","overlay-type":"","overlay-color":"","overlay-opacity":"","overlay-gradient":""}},"footnotes":""},"class_list":["post-2191","page","type-page","status-publish"],"acf":[],"uagb_featured_image_src":{"full":false,"thumbnail":false,"medium":false,"medium_large":false,"large":false,"1536x1536":false,"2048x2048":false,"trp-custom-language-flag":false},"uagb_author_info":{"display_name":"wpx_pullner","author_link":"https:\/\/www.staging.pullnerfilter.com\/es\/author\/wpx_pullner\/"},"uagb_comment_info":0,"uagb_excerpt":"Glass Fiber Pleated Filter Element Glass fiber pleated filter element is belong to Membrane Pleated Cartridge Filters. Filter element are constructed with borosilicate glass fiber membranes and excellent PP support materials. Glass fiber pleated cartridges provide high and consistent filtration efficiency with a filtration rating range from 0.2 to 50 micron. Filter media: Glass Fiber&hellip;","_links":{"self":[{"href":"https:\/\/www.staging.pullnerfilter.com\/es\/wp-json\/wp\/v2\/pages\/2191","targetHints":{"allow":["GET"]}}],"collection":[{"href":"https:\/\/www.staging.pullnerfilter.com\/es\/wp-json\/wp\/v2\/pages"}],"about":[{"href":"https:\/\/www.staging.pullnerfilter.com\/es\/wp-json\/wp\/v2\/types\/page"}],"author":[{"embeddable":true,"href":"https:\/\/www.staging.pullnerfilter.com\/es\/wp-json\/wp\/v2\/users\/1"}],"replies":[{"embeddable":true,"href":"https:\/\/www.staging.pullnerfilter.com\/es\/wp-json\/wp\/v2\/comments?post=2191"}],"version-history":[{"count":8,"href":"https:\/\/www.staging.pullnerfilter.com\/es\/wp-json\/wp\/v2\/pages\/2191\/revisions"}],"predecessor-version":[{"id":8714,"href":"https:\/\/www.staging.pullnerfilter.com\/es\/wp-json\/wp\/v2\/pages\/2191\/revisions\/8714"}],"wp:attachment":[{"href":"https:\/\/www.staging.pullnerfilter.com\/es\/wp-json\/wp\/v2\/media?parent=2191"}],"curies":[{"name":"wp","href":"https:\/\/api.w.org\/{rel}","templated":true}]}}