{"id":2182,"date":"2023-01-06T07:12:44","date_gmt":"2023-01-06T07:12:44","guid":{"rendered":"https:\/\/www.staging.pullnerfilter.com\/?page_id=2182"},"modified":"2023-01-06T07:14:44","modified_gmt":"2023-01-06T07:14:44","slug":"cartucho-filtrante-de-fibra-de-vidrio","status":"publish","type":"page","link":"https:\/\/www.staging.pullnerfilter.com\/es\/cartucho-filtrante-de-fibra-de-vidrio\/","title":{"rendered":"Cartucho filtrante de fibra de vidrio"},"content":{"rendered":"<div data-elementor-type=\"wp-page\" data-elementor-id=\"2182\" class=\"elementor elementor-2182\" data-elementor-post-type=\"page\">\n\t\t\t\t\t\t<section class=\"elementor-section elementor-top-section elementor-element elementor-element-1eb1326e elementor-section-boxed elementor-section-height-default elementor-section-height-default\" data-id=\"1eb1326e\" data-element_type=\"section\" data-e-type=\"section\">\n\t\t\t\t\t\t<div class=\"elementor-container elementor-column-gap-default\">\n\t\t\t\t\t<div class=\"elementor-column elementor-col-50 elementor-top-column elementor-element elementor-element-4c0037ca\" data-id=\"4c0037ca\" data-element_type=\"column\" data-e-type=\"column\">\n\t\t\t<div class=\"elementor-widget-wrap elementor-element-populated\">\n\t\t\t\t\t\t<div class=\"elementor-element elementor-element-15005074 elementor-arrows-position-inside elementor-pagination-position-outside elementor-widget elementor-widget-image-carousel\" data-id=\"15005074\" data-element_type=\"widget\" data-e-type=\"widget\" data-settings=\"{&quot;slides_to_show&quot;:&quot;1&quot;,&quot;navigation&quot;:&quot;both&quot;,&quot;autoplay&quot;:&quot;yes&quot;,&quot;pause_on_hover&quot;:&quot;yes&quot;,&quot;pause_on_interaction&quot;:&quot;yes&quot;,&quot;autoplay_speed&quot;:5000,&quot;infinite&quot;:&quot;yes&quot;,&quot;effect&quot;:&quot;slide&quot;,&quot;speed&quot;:500}\" data-widget_type=\"image-carousel.default\">\n\t\t\t\t<div class=\"elementor-widget-container\">\n\t\t\t\t\t\t\t<div class=\"elementor-image-carousel-wrapper swiper\" role=\"region\" aria-roledescription=\"carousel\" aria-label=\"\u0639\u0627\u0631\u0636 \u0627\u0644\u0635\u0648\u0631\" dir=\"ltr\">\n\t\t\t<div class=\"elementor-image-carousel swiper-wrapper swiper-image-stretch\" aria-live=\"off\">\n\t\t\t\t\t\t\t\t<div class=\"swiper-slide\" role=\"group\" aria-roledescription=\"slide\" aria-label=\"1 \u0645\u0646 1\" data-no-translation-aria-label=\"\"><figure class=\"swiper-slide-inner\"><img decoding=\"async\" class=\"swiper-slide-image\" src=\"https:\/\/www.staging.pullnerfilter.com\/wp-content\/uploads\/2023\/01\/Glass-fiber-filter-cartridge.jpg\" alt=\"Cartucho filtrante de fibra de vidrio\" \/><\/figure><\/div>\t\t\t<\/div>\n\t\t\t\t\t<\/div>\n\t\t\t\t\t\t<\/div>\n\t\t\t\t<\/div>\n\t\t\t\t\t<\/div>\n\t\t<\/div>\n\t\t\t\t<div class=\"elementor-column elementor-col-50 elementor-top-column elementor-element elementor-element-b0a27ce\" data-id=\"b0a27ce\" data-element_type=\"column\" data-e-type=\"column\">\n\t\t\t<div class=\"elementor-widget-wrap elementor-element-populated\">\n\t\t\t\t\t\t<div class=\"elementor-element elementor-element-74937222 elementor-widget elementor-widget-heading\" data-id=\"74937222\" data-element_type=\"widget\" data-e-type=\"widget\" data-widget_type=\"heading.default\">\n\t\t\t\t<div class=\"elementor-widget-container\">\n\t\t\t\t\t<h1 class=\"elementor-heading-title elementor-size-default\">Cartucho filtrante de fibra de vidrio <\/h1>\t\t\t\t<\/div>\n\t\t\t\t<\/div>\n\t\t\t\t<div class=\"elementor-element elementor-element-346d730a elementor-widget elementor-widget-text-editor\" data-id=\"346d730a\" data-element_type=\"widget\" data-e-type=\"widget\" data-widget_type=\"text-editor.default\">\n\t\t\t\t<div class=\"elementor-widget-container\">\n\t\t\t\t\t\t\t\t\t<p>El cartucho filtrante de la serie PLGF est\u00e1 hecho de material de fibra de vidrio ultrafino, tiene una alta capacidad de retenci\u00f3n de suciedad y un efecto de adsorci\u00f3n inherente. Es adecuado para el filtrado de l\u00edquidos que contienen coloides, grasa y alto contenido de part\u00edculas. El cartucho de filtro de fibra de vidrio tiene una buena eficiencia de interceptaci\u00f3n de part\u00edculas de hasta 98%, y baja presi\u00f3n diferencial inicial, gran caudal y larga vida \u00fatil.<\/p><ul><li>Medio filtrante: Fibra de vidrio ultrafina<\/li><li>Soporte\/Drenaje: Polipropileno (PP)<\/li><li>Jaula\/n\u00facleo\/tapas finales: Polipropileno (PP)<\/li><li>Temperatura m\u00e1xima de funcionamiento: 80\u2103<\/li><li>Presi\u00f3n diferencial m\u00e1xima de funcionamiento: 4bar\/21\u2103 o 2,4bar\/80\u2103<\/li><\/ul>\t\t\t\t\t\t\t\t<\/div>\n\t\t\t\t<\/div>\n\t\t\t\t<div class=\"elementor-element elementor-element-4caa6348 elementor-align-left elementor-widget elementor-widget-button\" data-id=\"4caa6348\" data-element_type=\"widget\" data-e-type=\"widget\" data-widget_type=\"button.default\">\n\t\t\t\t<div class=\"elementor-widget-container\">\n\t\t\t\t\t\t\t\t\t<div class=\"elementor-button-wrapper\">\n\t\t\t\t\t<a class=\"elementor-button elementor-button-link elementor-size-md\" href=\"\/es\/contacto\/\">\n\t\t\t\t\t\t<span class=\"elementor-button-content-wrapper\">\n\t\t\t\t\t\t\t\t\t<span class=\"elementor-button-text\">Env\u00ede su consulta ahora<\/span>\n\t\t\t\t\t<\/span>\n\t\t\t\t\t<\/a>\n\t\t\t\t<\/div>\n\t\t\t\t\t\t\t\t<\/div>\n\t\t\t\t<\/div>\n\t\t\t\t\t<\/div>\n\t\t<\/div>\n\t\t\t\t\t<\/div>\n\t\t<\/section>\n\t\t\t\t<section class=\"elementor-section elementor-top-section elementor-element elementor-element-5cff78bc elementor-section-boxed elementor-section-height-default elementor-section-height-default\" data-id=\"5cff78bc\" data-element_type=\"section\" data-e-type=\"section\">\n\t\t\t\t\t\t<div class=\"elementor-container elementor-column-gap-default\">\n\t\t\t\t\t<div class=\"elementor-column elementor-col-100 elementor-top-column elementor-element elementor-element-1ad0606f\" data-id=\"1ad0606f\" data-element_type=\"column\" data-e-type=\"column\">\n\t\t\t<div class=\"elementor-widget-wrap elementor-element-populated\">\n\t\t\t\t\t\t<div class=\"elementor-element elementor-element-15d3ea0c elementor-widget elementor-widget-text-editor\" data-id=\"15d3ea0c\" data-element_type=\"widget\" data-e-type=\"widget\" data-widget_type=\"text-editor.default\">\n\t\t\t\t<div class=\"elementor-widget-container\">\n\t\t\t\t\t\t\t\t\t<p>Los cartuchos filtrantes de fibra de vidrio son filtros de profundidad de adsorci\u00f3n altamente retentiva dise\u00f1ados para eliminar contaminantes coloidales y viscosos en vacunas y medios de cultivo.<\/p><p>La construcci\u00f3n es con una resina de PP de alta temperatura para una vida m\u00e1s larga en temperaturas elevadas.<\/p><p>El medio de microfibra de borosilicato con construcci\u00f3n de polipropileno proporciona una excelente compatibilidad qu\u00edmica y un flujo superior.<\/p><p>Se caracteriza por su gran capacidad de retenci\u00f3n de suciedad y su excelente capacidad de retenci\u00f3n de part\u00edculas.<\/p><p>Este medio de fibra de vidrio de zeta positiva modificada se utiliza en la eliminaci\u00f3n de contaminantes como coloides, l\u00edpidos, agregados de prote\u00ednas y part\u00edculas para l\u00edquidos biofarmac\u00e9uticos.<\/p><p>Estos filtros pueden proteger eficazmente los cartuchos finales para prolongar su vida \u00fatil. No se utilizan adhesivos ni tensioactivos en el proceso de fabricaci\u00f3n.<\/p><p>La microfibra de borosilicato es \u201cno liberadora de fibras\u201d.\u201d<\/p><p>Tecnolog\u00eda de sellado Uni\u00f3n t\u00e9rmica, No se utilizan adhesivos, aglutinantes ni tensioactivos en el proceso de fabricaci\u00f3n.<\/p><p>Los cartuchos filtrantes 100% se someten a pruebas de integridad antes de su comercializaci\u00f3n, lo que garantiza un rendimiento constante conforme a las especificaciones.<\/p><p>La construcci\u00f3n con tecnolog\u00eda de pliegues avanzada permite el m\u00e1ximo acceso de fluidos y contaminantes a la superficie del filtro para obtener el m\u00e1ximo rendimiento.<\/p><p>La construcci\u00f3n totalmente de polipropileno proporciona una excelente compatibilidad t\u00e9rmica y qu\u00edmica con productos qu\u00edmicos de pH alto y bajo.<\/p><p>Las operaciones con semiconductores producen circuitos integrados en peque\u00f1os componentes llamados \u201cchips\u201d y probablemente requieren los productos qu\u00edmicos m\u00e1s limpios y los gases m\u00e1s puros de cualquier industria. En consecuencia, las operaciones de fabricaci\u00f3n son muy intensivas en filtraci\u00f3n.<\/p>\t\t\t\t\t\t\t\t<\/div>\n\t\t\t\t<\/div>\n\t\t\t\t\t<\/div>\n\t\t<\/div>\n\t\t\t\t\t<\/div>\n\t\t<\/section>\n\t\t\t\t<\/div>","protected":false},"excerpt":{"rendered":"<p>Glass Fiber Filter Cartridge PLGF series filter cartridge is made of ultra-fine Glass fiber material, has high dirt holding capacity and inherent adsorption effect. It is suitable for filtering liquids containing colloids, grease and high particle content. The glass fiber filter cartridge has good particle interception efficiency up to 98%, and low initial differential pressure, [&hellip;]<\/p>\n","protected":false},"author":1,"featured_media":0,"parent":0,"menu_order":0,"comment_status":"closed","ping_status":"closed","template":"","meta":{"_acf_changed":false,"_seopress_robots_primary_cat":"","_seopress_titles_title":"","_seopress_titles_desc":"","_seopress_robots_index":"","_uag_custom_page_level_css":"","site-sidebar-layout":"no-sidebar","site-content-layout":"page-builder","ast-site-content-layout":"default","site-content-style":"default","site-sidebar-style":"default","ast-global-header-display":"","ast-banner-title-visibility":"","ast-main-header-display":"","ast-hfb-above-header-display":"","ast-hfb-below-header-display":"","ast-hfb-mobile-header-display":"","site-post-title":"disabled","ast-breadcrumbs-content":"","ast-featured-img":"disabled","footer-sml-layout":"","theme-transparent-header-meta":"","adv-header-id-meta":"","stick-header-meta":"","header-above-stick-meta":"","header-main-stick-meta":"","header-below-stick-meta":"","astra-migrate-meta-layouts":"default","ast-page-background-enabled":"default","ast-page-background-meta":{"desktop":{"background-color":"","background-image":"","background-repeat":"repeat","background-position":"center center","background-size":"auto","background-attachment":"scroll","background-type":"","background-media":"","overlay-type":"","overlay-color":"","overlay-opacity":"","overlay-gradient":""},"tablet":{"background-color":"","background-image":"","background-repeat":"repeat","background-position":"center center","background-size":"auto","background-attachment":"scroll","background-type":"","background-media":"","overlay-type":"","overlay-color":"","overlay-opacity":"","overlay-gradient":""},"mobile":{"background-color":"","background-image":"","background-repeat":"repeat","background-position":"center center","background-size":"auto","background-attachment":"scroll","background-type":"","background-media":"","overlay-type":"","overlay-color":"","overlay-opacity":"","overlay-gradient":""}},"ast-content-background-meta":{"desktop":{"background-color":"var(--ast-global-color-5)","background-image":"","background-repeat":"repeat","background-position":"center center","background-size":"auto","background-attachment":"scroll","background-type":"","background-media":"","overlay-type":"","overlay-color":"","overlay-opacity":"","overlay-gradient":""},"tablet":{"background-color":"var(--ast-global-color-5)","background-image":"","background-repeat":"repeat","background-position":"center center","background-size":"auto","background-attachment":"scroll","background-type":"","background-media":"","overlay-type":"","overlay-color":"","overlay-opacity":"","overlay-gradient":""},"mobile":{"background-color":"var(--ast-global-color-5)","background-image":"","background-repeat":"repeat","background-position":"center center","background-size":"auto","background-attachment":"scroll","background-type":"","background-media":"","overlay-type":"","overlay-color":"","overlay-opacity":"","overlay-gradient":""}},"footnotes":""},"class_list":["post-2182","page","type-page","status-publish"],"acf":[],"uagb_featured_image_src":{"full":false,"thumbnail":false,"medium":false,"medium_large":false,"large":false,"1536x1536":false,"2048x2048":false,"trp-custom-language-flag":false},"uagb_author_info":{"display_name":"wpx_pullner","author_link":"https:\/\/www.staging.pullnerfilter.com\/es\/author\/wpx_pullner\/"},"uagb_comment_info":0,"uagb_excerpt":"Glass Fiber Filter Cartridge PLGF series filter cartridge is made of ultra-fine Glass fiber material, has high dirt holding capacity and inherent adsorption effect. It is suitable for filtering liquids containing colloids, grease and high particle content. The glass fiber filter cartridge has good particle interception efficiency up to 98%, and low initial differential pressure,&hellip;","_links":{"self":[{"href":"https:\/\/www.staging.pullnerfilter.com\/es\/wp-json\/wp\/v2\/pages\/2182","targetHints":{"allow":["GET"]}}],"collection":[{"href":"https:\/\/www.staging.pullnerfilter.com\/es\/wp-json\/wp\/v2\/pages"}],"about":[{"href":"https:\/\/www.staging.pullnerfilter.com\/es\/wp-json\/wp\/v2\/types\/page"}],"author":[{"embeddable":true,"href":"https:\/\/www.staging.pullnerfilter.com\/es\/wp-json\/wp\/v2\/users\/1"}],"replies":[{"embeddable":true,"href":"https:\/\/www.staging.pullnerfilter.com\/es\/wp-json\/wp\/v2\/comments?post=2182"}],"version-history":[{"count":6,"href":"https:\/\/www.staging.pullnerfilter.com\/es\/wp-json\/wp\/v2\/pages\/2182\/revisions"}],"predecessor-version":[{"id":8710,"href":"https:\/\/www.staging.pullnerfilter.com\/es\/wp-json\/wp\/v2\/pages\/2182\/revisions\/8710"}],"wp:attachment":[{"href":"https:\/\/www.staging.pullnerfilter.com\/es\/wp-json\/wp\/v2\/media?parent=2182"}],"curies":[{"name":"wp","href":"https:\/\/api.w.org\/{rel}","templated":true}]}}