{"id":2160,"date":"2023-01-06T06:49:55","date_gmt":"2023-01-06T06:49:55","guid":{"rendered":"https:\/\/www.staging.pullnerfilter.com\/?page_id=2160"},"modified":"2023-01-06T07:06:02","modified_gmt":"2023-01-06T07:06:02","slug":"cartucho-filtrante-electronico-para-lodos","status":"publish","type":"page","link":"https:\/\/www.staging.pullnerfilter.com\/es\/cartucho-filtrante-electronico-para-lodos\/","title":{"rendered":"Cartucho electr\u00f3nico de filtro de lodos"},"content":{"rendered":"<div data-elementor-type=\"wp-page\" data-elementor-id=\"2160\" class=\"elementor elementor-2160\" data-elementor-post-type=\"page\">\n\t\t\t\t\t\t<section class=\"elementor-section elementor-top-section elementor-element elementor-element-36cffcca elementor-section-boxed elementor-section-height-default elementor-section-height-default\" data-id=\"36cffcca\" data-element_type=\"section\" data-e-type=\"section\">\n\t\t\t\t\t\t<div class=\"elementor-container elementor-column-gap-default\">\n\t\t\t\t\t<div class=\"elementor-column elementor-col-50 elementor-top-column elementor-element elementor-element-4fbbf8f6\" data-id=\"4fbbf8f6\" data-element_type=\"column\" data-e-type=\"column\">\n\t\t\t<div class=\"elementor-widget-wrap elementor-element-populated\">\n\t\t\t\t\t\t<div class=\"elementor-element elementor-element-6989f83a elementor-arrows-position-inside elementor-pagination-position-outside elementor-widget elementor-widget-image-carousel\" data-id=\"6989f83a\" data-element_type=\"widget\" data-e-type=\"widget\" data-settings=\"{&quot;slides_to_show&quot;:&quot;1&quot;,&quot;navigation&quot;:&quot;both&quot;,&quot;autoplay&quot;:&quot;yes&quot;,&quot;pause_on_hover&quot;:&quot;yes&quot;,&quot;pause_on_interaction&quot;:&quot;yes&quot;,&quot;autoplay_speed&quot;:5000,&quot;infinite&quot;:&quot;yes&quot;,&quot;effect&quot;:&quot;slide&quot;,&quot;speed&quot;:500}\" data-widget_type=\"image-carousel.default\">\n\t\t\t\t<div class=\"elementor-widget-container\">\n\t\t\t\t\t\t\t<div class=\"elementor-image-carousel-wrapper swiper\" role=\"region\" aria-roledescription=\"carousel\" aria-label=\"Carrusel de im\u00e1genes\" dir=\"ltr\">\n\t\t\t<div class=\"elementor-image-carousel swiper-wrapper swiper-image-stretch\" aria-live=\"off\">\n\t\t\t\t\t\t\t\t<div class=\"swiper-slide\" role=\"group\" aria-roledescription=\"slide\" aria-label=\"1 de 1\"><figure class=\"swiper-slide-inner\"><img decoding=\"async\" class=\"swiper-slide-image\" src=\"https:\/\/www.staging.pullnerfilter.com\/wp-content\/uploads\/2023\/01\/Electronic-slurry-filter-element.jpg\" alt=\"Elemento electr\u00f3nico de filtrado de lodos\" \/><\/figure><\/div>\t\t\t<\/div>\n\t\t\t\t\t<\/div>\n\t\t\t\t\t\t<\/div>\n\t\t\t\t<\/div>\n\t\t\t\t\t<\/div>\n\t\t<\/div>\n\t\t\t\t<div class=\"elementor-column elementor-col-50 elementor-top-column elementor-element elementor-element-b263584\" data-id=\"b263584\" data-element_type=\"column\" data-e-type=\"column\">\n\t\t\t<div class=\"elementor-widget-wrap elementor-element-populated\">\n\t\t\t\t\t\t<div class=\"elementor-element elementor-element-2a6dbb55 elementor-widget elementor-widget-heading\" data-id=\"2a6dbb55\" data-element_type=\"widget\" data-e-type=\"widget\" data-widget_type=\"heading.default\">\n\t\t\t\t<div class=\"elementor-widget-container\">\n\t\t\t\t\t<h1 class=\"elementor-heading-title elementor-size-default\">Cartucho electr\u00f3nico de filtro de lodos<\/h1>\t\t\t\t<\/div>\n\t\t\t\t<\/div>\n\t\t\t\t<div class=\"elementor-element elementor-element-2b821f54 elementor-widget elementor-widget-text-editor\" data-id=\"2b821f54\" data-element_type=\"widget\" data-e-type=\"widget\" data-widget_type=\"text-editor.default\">\n\t\t\t\t<div class=\"elementor-widget-container\">\n\t\t\t\t\t\t\t\t\t<p>El cartucho electr\u00f3nico de filtro de lodo pertenece al filtro de c\u00e1psula. Adopta un dise\u00f1o de estructura sinuosa, que puede filtrar con precisi\u00f3n el lodo CMP, interceptar eficazmente las part\u00edculas grandes y liberar las part\u00edculas efectivas. La estructura de gradiente de fuera a dentro aumenta el espacio de retenci\u00f3n de suciedad y prolonga la vida \u00fatil del elemento filtrante.<\/p><ul><li>Medio filtrante: Polipropileno (PP)<\/li><li>Jaula\/n\u00facleo\/tapas finales: Polipropileno (PP)<\/li><li>Micras: 0,5\u03bcm, 1\u03bcm, 3\u03bcm, 5\u03bcm, 10\u03bcm, 25\u03bcm, 40\u03bcm, 50\u03bcm.<\/li><li>Presi\u00f3n diferencial m\u00e1xima de funcionamiento: 4bar@21\u2103\/2,4 bar @ 80 \u2103<\/li><\/ul>\t\t\t\t\t\t\t\t<\/div>\n\t\t\t\t<\/div>\n\t\t\t\t<div class=\"elementor-element elementor-element-163e4b67 elementor-align-left elementor-widget elementor-widget-button\" data-id=\"163e4b67\" data-element_type=\"widget\" data-e-type=\"widget\" data-widget_type=\"button.default\">\n\t\t\t\t<div class=\"elementor-widget-container\">\n\t\t\t\t\t\t\t\t\t<div class=\"elementor-button-wrapper\">\n\t\t\t\t\t<a class=\"elementor-button elementor-button-link elementor-size-md\" href=\"\/es\/contacto\/\">\n\t\t\t\t\t\t<span class=\"elementor-button-content-wrapper\">\n\t\t\t\t\t\t\t\t\t<span class=\"elementor-button-text\">Env\u00ede su consulta ahora<\/span>\n\t\t\t\t\t<\/span>\n\t\t\t\t\t<\/a>\n\t\t\t\t<\/div>\n\t\t\t\t\t\t\t\t<\/div>\n\t\t\t\t<\/div>\n\t\t\t\t\t<\/div>\n\t\t<\/div>\n\t\t\t\t\t<\/div>\n\t\t<\/section>\n\t\t\t\t<section class=\"elementor-section elementor-top-section elementor-element elementor-element-53c31a6a elementor-section-boxed elementor-section-height-default elementor-section-height-default\" data-id=\"53c31a6a\" data-element_type=\"section\" data-e-type=\"section\">\n\t\t\t\t\t\t<div class=\"elementor-container elementor-column-gap-default\">\n\t\t\t\t\t<div class=\"elementor-column elementor-col-100 elementor-top-column elementor-element elementor-element-25b3477\" data-id=\"25b3477\" data-element_type=\"column\" data-e-type=\"column\">\n\t\t\t<div class=\"elementor-widget-wrap elementor-element-populated\">\n\t\t\t\t\t\t<div class=\"elementor-element elementor-element-1cc84abb elementor-widget elementor-widget-text-editor\" data-id=\"1cc84abb\" data-element_type=\"widget\" data-e-type=\"widget\" data-widget_type=\"text-editor.default\">\n\t\t\t\t<div class=\"elementor-widget-container\">\n\t\t\t\t\t\t\t\t\t<p>Sin la CMP (planarizaci\u00f3n qu\u00edmico-mec\u00e1nica), los dispositivos semiconductores avanzados de m\u00faltiples niveles de interconexi\u00f3n no ser\u00edan posibles.<\/p><p>Los lodos CMP act\u00faan qu\u00edmica y mec\u00e1nicamente sobre herramientas especiales (pulidoras) para alisar las superficies de las obleas. Los filtros bien dise\u00f1ados eliminan las part\u00edculas grandes y duras y los aglomerados no deseados de las lechadas CMP que pueden caer sobre la superficie de la oblea y rayarla, al tiempo que permiten que las part\u00edculas de trabajo de ingenier\u00eda de la lechada pasen a trav\u00e9s del filtro.<\/p><p>Los crecientes retos del proceso de semiconductores dependen del agua, los productos qu\u00edmicos, los disolventes y los gases libres de part\u00edculas de tama\u00f1o submicr\u00f3nico o nanom\u00e9trico que matan el rendimiento, as\u00ed como de contaminantes met\u00e1licos, i\u00f3nicos y org\u00e1nicos que pueden lixiviarse de los materiales humedecidos.<\/p><p>La filtraci\u00f3n de estos fluidos es un requisito cr\u00edtico en los procesos de semiconductores y otros procesos microelectr\u00f3nicos.<\/p><p>Los filtros y dispositivos de depuraci\u00f3n deben eliminar las part\u00edculas procedentes de fuentes de part\u00edculas anteriores sin aportar otros contaminantes no deseados.<\/p><p>La exclusiva estructura de la cubierta de red impide que se caiga la fibra del elemento filtrante.<\/p><p>El dise\u00f1o de gradiente desde el exterior hacia el interior evita la obstrucci\u00f3n de la superficie de la membrana del filtro por el lodo condensado demasiado r\u00e1pido, aprovecha al m\u00e1ximo el espacio de retenci\u00f3n de suciedad, y tiene una alta capacidad de retenci\u00f3n de suciedad y una vida \u00fatil m\u00e1s larga.<\/p><p>Toda la estructura de material de polipropileno, utilizando la tecnolog\u00eda de soldadura t\u00e9rmica, sin adhesivos, muy poca lixiviaci\u00f3n, controlando eficazmente la precipitaci\u00f3n de la lixiviaci\u00f3n.<\/p><p>El dise\u00f1o \u00fanico de bobinado puede lograr una filtraci\u00f3n precisa de los lodos CMP. Intercepta eficazmente las part\u00edculas grandes y libera las part\u00edculas efectivas.<\/p>\t\t\t\t\t\t\t\t<\/div>\n\t\t\t\t<\/div>\n\t\t\t\t\t<\/div>\n\t\t<\/div>\n\t\t\t\t\t<\/div>\n\t\t<\/section>\n\t\t\t\t<\/div>","protected":false},"excerpt":{"rendered":"<p>Electronic Slurry Filter Cartridge Electronic slurry filter cartridge is belong to the capsule filter. It adopts a winding structure design, which can accurately filter the CMP slurry, efficiently intercept large particles and release effective particles. The gradient structure from outside to inside increases the dirt holding space and prolongs the service life of the filter [&hellip;]<\/p>\n","protected":false},"author":1,"featured_media":0,"parent":0,"menu_order":0,"comment_status":"closed","ping_status":"closed","template":"","meta":{"_acf_changed":false,"_seopress_robots_primary_cat":"","_seopress_titles_title":"","_seopress_titles_desc":"","_seopress_robots_index":"","_uag_custom_page_level_css":"","site-sidebar-layout":"no-sidebar","site-content-layout":"page-builder","ast-site-content-layout":"default","site-content-style":"default","site-sidebar-style":"default","ast-global-header-display":"","ast-banner-title-visibility":"","ast-main-header-display":"","ast-hfb-above-header-display":"","ast-hfb-below-header-display":"","ast-hfb-mobile-header-display":"","site-post-title":"disabled","ast-breadcrumbs-content":"","ast-featured-img":"disabled","footer-sml-layout":"","theme-transparent-header-meta":"","adv-header-id-meta":"","stick-header-meta":"","header-above-stick-meta":"","header-main-stick-meta":"","header-below-stick-meta":"","astra-migrate-meta-layouts":"default","ast-page-background-enabled":"default","ast-page-background-meta":{"desktop":{"background-color":"","background-image":"","background-repeat":"repeat","background-position":"center center","background-size":"auto","background-attachment":"scroll","background-type":"","background-media":"","overlay-type":"","overlay-color":"","overlay-opacity":"","overlay-gradient":""},"tablet":{"background-color":"","background-image":"","background-repeat":"repeat","background-position":"center center","background-size":"auto","background-attachment":"scroll","background-type":"","background-media":"","overlay-type":"","overlay-color":"","overlay-opacity":"","overlay-gradient":""},"mobile":{"background-color":"","background-image":"","background-repeat":"repeat","background-position":"center center","background-size":"auto","background-attachment":"scroll","background-type":"","background-media":"","overlay-type":"","overlay-color":"","overlay-opacity":"","overlay-gradient":""}},"ast-content-background-meta":{"desktop":{"background-color":"var(--ast-global-color-5)","background-image":"","background-repeat":"repeat","background-position":"center center","background-size":"auto","background-attachment":"scroll","background-type":"","background-media":"","overlay-type":"","overlay-color":"","overlay-opacity":"","overlay-gradient":""},"tablet":{"background-color":"var(--ast-global-color-5)","background-image":"","background-repeat":"repeat","background-position":"center center","background-size":"auto","background-attachment":"scroll","background-type":"","background-media":"","overlay-type":"","overlay-color":"","overlay-opacity":"","overlay-gradient":""},"mobile":{"background-color":"var(--ast-global-color-5)","background-image":"","background-repeat":"repeat","background-position":"center center","background-size":"auto","background-attachment":"scroll","background-type":"","background-media":"","overlay-type":"","overlay-color":"","overlay-opacity":"","overlay-gradient":""}},"footnotes":""},"class_list":["post-2160","page","type-page","status-publish"],"acf":[],"uagb_featured_image_src":{"full":false,"thumbnail":false,"medium":false,"medium_large":false,"large":false,"1536x1536":false,"2048x2048":false,"trp-custom-language-flag":false},"uagb_author_info":{"display_name":"wpx_pullner","author_link":"https:\/\/www.staging.pullnerfilter.com\/es\/author\/wpx_pullner\/"},"uagb_comment_info":0,"uagb_excerpt":"Electronic Slurry Filter Cartridge Electronic slurry filter cartridge is belong to the capsule filter. It adopts a winding structure design, which can accurately filter the CMP slurry, efficiently intercept large particles and release effective particles. The gradient structure from outside to inside increases the dirt holding space and prolongs the service life of the filter&hellip;","_links":{"self":[{"href":"https:\/\/www.staging.pullnerfilter.com\/es\/wp-json\/wp\/v2\/pages\/2160","targetHints":{"allow":["GET"]}}],"collection":[{"href":"https:\/\/www.staging.pullnerfilter.com\/es\/wp-json\/wp\/v2\/pages"}],"about":[{"href":"https:\/\/www.staging.pullnerfilter.com\/es\/wp-json\/wp\/v2\/types\/page"}],"author":[{"embeddable":true,"href":"https:\/\/www.staging.pullnerfilter.com\/es\/wp-json\/wp\/v2\/users\/1"}],"replies":[{"embeddable":true,"href":"https:\/\/www.staging.pullnerfilter.com\/es\/wp-json\/wp\/v2\/comments?post=2160"}],"version-history":[{"count":8,"href":"https:\/\/www.staging.pullnerfilter.com\/es\/wp-json\/wp\/v2\/pages\/2160\/revisions"}],"predecessor-version":[{"id":8699,"href":"https:\/\/www.staging.pullnerfilter.com\/es\/wp-json\/wp\/v2\/pages\/2160\/revisions\/8699"}],"wp:attachment":[{"href":"https:\/\/www.staging.pullnerfilter.com\/es\/wp-json\/wp\/v2\/media?parent=2160"}],"curies":[{"name":"wp","href":"https:\/\/api.w.org\/{rel}","templated":true}]}}