{"id":2148,"date":"2022-11-14T09:46:07","date_gmt":"2022-11-14T09:46:07","guid":{"rendered":"https:\/\/www.staging.pullnerfilter.com\/?page_id=2148"},"modified":"2023-01-06T04:06:43","modified_gmt":"2023-01-06T04:06:43","slug":"elemento-filtrante-de-alta-viscosidad","status":"publish","type":"page","link":"https:\/\/www.staging.pullnerfilter.com\/es\/elemento-filtrante-de-alta-viscosidad\/","title":{"rendered":"Elemento filtrante de alta viscosidad"},"content":{"rendered":"<div data-elementor-type=\"wp-page\" data-elementor-id=\"2148\" class=\"elementor elementor-2148\" data-elementor-post-type=\"page\">\n\t\t\t\t\t\t<section class=\"elementor-section elementor-top-section elementor-element elementor-element-17df53b0 elementor-section-boxed elementor-section-height-default elementor-section-height-default\" data-id=\"17df53b0\" data-element_type=\"section\" data-e-type=\"section\">\n\t\t\t\t\t\t<div class=\"elementor-container elementor-column-gap-default\">\n\t\t\t\t\t<div class=\"elementor-column elementor-col-50 elementor-top-column elementor-element elementor-element-66691eb5\" data-id=\"66691eb5\" data-element_type=\"column\" data-e-type=\"column\">\n\t\t\t<div class=\"elementor-widget-wrap elementor-element-populated\">\n\t\t\t\t\t\t<div class=\"elementor-element elementor-element-739be722 elementor-arrows-position-inside elementor-pagination-position-outside elementor-widget elementor-widget-image-carousel\" data-id=\"739be722\" data-element_type=\"widget\" data-e-type=\"widget\" data-settings=\"{&quot;slides_to_show&quot;:&quot;1&quot;,&quot;navigation&quot;:&quot;both&quot;,&quot;autoplay&quot;:&quot;yes&quot;,&quot;pause_on_hover&quot;:&quot;yes&quot;,&quot;pause_on_interaction&quot;:&quot;yes&quot;,&quot;autoplay_speed&quot;:5000,&quot;infinite&quot;:&quot;yes&quot;,&quot;effect&quot;:&quot;slide&quot;,&quot;speed&quot;:500}\" data-widget_type=\"image-carousel.default\">\n\t\t\t\t<div class=\"elementor-widget-container\">\n\t\t\t\t\t\t\t<div class=\"elementor-image-carousel-wrapper swiper\" role=\"region\" aria-roledescription=\"carousel\" aria-label=\"\u0639\u0627\u0631\u0636 \u0627\u0644\u0635\u0648\u0631\" dir=\"ltr\">\n\t\t\t<div class=\"elementor-image-carousel swiper-wrapper swiper-image-stretch\" aria-live=\"off\">\n\t\t\t\t\t\t\t\t<div class=\"swiper-slide\" role=\"group\" aria-roledescription=\"slide\" aria-label=\"1 de 1\"><figure class=\"swiper-slide-inner\"><img decoding=\"async\" class=\"swiper-slide-image\" src=\"https:\/\/www.staging.pullnerfilter.com\/wp-content\/uploads\/2022\/11\/High-Viscosity-Filter-Element.jpg\" alt=\"Elemento filtrante de alta viscosidad\" \/><\/figure><\/div>\t\t\t<\/div>\n\t\t\t\t\t<\/div>\n\t\t\t\t\t\t<\/div>\n\t\t\t\t<\/div>\n\t\t\t\t\t<\/div>\n\t\t<\/div>\n\t\t\t\t<div class=\"elementor-column elementor-col-50 elementor-top-column elementor-element elementor-element-67990803\" data-id=\"67990803\" data-element_type=\"column\" data-e-type=\"column\">\n\t\t\t<div class=\"elementor-widget-wrap elementor-element-populated\">\n\t\t\t\t\t\t<div class=\"elementor-element elementor-element-34a26239 elementor-widget elementor-widget-heading\" data-id=\"34a26239\" data-element_type=\"widget\" data-e-type=\"widget\" data-widget_type=\"heading.default\">\n\t\t\t\t<div class=\"elementor-widget-container\">\n\t\t\t\t\t<h1 class=\"elementor-heading-title elementor-size-default\">Elemento filtrante de alta viscosidad<\/h1>\t\t\t\t<\/div>\n\t\t\t\t<\/div>\n\t\t\t\t<div class=\"elementor-element elementor-element-5d793822 elementor-widget elementor-widget-text-editor\" data-id=\"5d793822\" data-element_type=\"widget\" data-e-type=\"widget\" data-widget_type=\"text-editor.default\">\n\t\t\t\t<div class=\"elementor-widget-container\">\n\t\t\t\t\t\t\t\t\t<p>El elemento filtrante de alta viscosidad pertenece a <a href=\"https:\/\/www.pullnerfilter.com\/membrane-filter-cartridge\/\">cartucho filtrante de membrana<\/a>. Adopta la membrana de PP de fibra Nano multicapa, que puede interceptar eficazmente las part\u00edculas en coloide, adecuado para la filtraci\u00f3n de l\u00edquidos con alta viscosidad y alto contenido de s\u00f3lidos.\u00a0<\/p><ul><li>Medio filtrante: Polipropileno (PP) de nanofibras<\/li><li>Jaula\/n\u00facleo\/tapa final: Polipropileno (PP)<\/li><li>Material de la junta: EPDM, Viton, FEP<\/li><li>Temperatura m\u00e1xima de funcionamiento: 80\u2103<\/li><li>Temperatura m\u00e1xima de funcionamiento: 4bar@21\u2103 \/ 4bar@80\u2103<\/li><\/ul>\t\t\t\t\t\t\t\t<\/div>\n\t\t\t\t<\/div>\n\t\t\t\t<div class=\"elementor-element elementor-element-2190882b elementor-align-left elementor-widget elementor-widget-button\" data-id=\"2190882b\" data-element_type=\"widget\" data-e-type=\"widget\" data-widget_type=\"button.default\">\n\t\t\t\t<div class=\"elementor-widget-container\">\n\t\t\t\t\t\t\t\t\t<div class=\"elementor-button-wrapper\">\n\t\t\t\t\t<a class=\"elementor-button elementor-button-link elementor-size-md\" href=\"\/es\/contacto\/\">\n\t\t\t\t\t\t<span class=\"elementor-button-content-wrapper\">\n\t\t\t\t\t\t\t\t\t<span class=\"elementor-button-text\">Env\u00ede su consulta ahora<\/span>\n\t\t\t\t\t<\/span>\n\t\t\t\t\t<\/a>\n\t\t\t\t<\/div>\n\t\t\t\t\t\t\t\t<\/div>\n\t\t\t\t<\/div>\n\t\t\t\t\t<\/div>\n\t\t<\/div>\n\t\t\t\t\t<\/div>\n\t\t<\/section>\n\t\t\t\t<section class=\"elementor-section elementor-top-section elementor-element elementor-element-454c4a00 elementor-section-boxed elementor-section-height-default elementor-section-height-default\" data-id=\"454c4a00\" data-element_type=\"section\" data-e-type=\"section\">\n\t\t\t\t\t\t<div class=\"elementor-container elementor-column-gap-default\">\n\t\t\t\t\t<div class=\"elementor-column elementor-col-100 elementor-top-column elementor-element elementor-element-2a02aacf\" data-id=\"2a02aacf\" data-element_type=\"column\" data-e-type=\"column\">\n\t\t\t<div class=\"elementor-widget-wrap elementor-element-populated\">\n\t\t\t\t\t\t<div class=\"elementor-element elementor-element-62b9c622 elementor-widget elementor-widget-text-editor\" data-id=\"62b9c622\" data-element_type=\"widget\" data-e-type=\"widget\" data-widget_type=\"text-editor.default\">\n\t\t\t\t<div class=\"elementor-widget-container\">\n\t\t\t\t\t\t\t\t\t<p>La membrana filtrante multicapa de PP de nanofibras puede interceptar eficazmente las part\u00edculas del coloide, lo que resulta adecuado para la filtraci\u00f3n de l\u00edquidos con alta viscosidad y alto contenido en s\u00f3lidos.<\/p><p>La eficacia de filtraci\u00f3n alcanza el 99,99% para garantizar la calidad del producto. La estructura de membrana multicapa y los materiales de soporte de alta resistencia garantizan que el elemento filtrante pueda soportar la filtraci\u00f3n de l\u00edquidos de alta viscosidad.<\/p><p>100% utilizar agua desionizada para el lavado antes de la entrega para garantizar la limpieza del elemento filtrante. Ultra-precisi\u00f3n de filtraci\u00f3n de sustancias coloidales de alta viscosidad, alto contenido de s\u00f3lidos de filtraci\u00f3n de fluidos.<\/p><p>El cartucho filtrante cuenta con un taller completamente limpio y de producci\u00f3n, equipos de producci\u00f3n avanzados y tecnolog\u00eda de producci\u00f3n. El moderno laboratorio as\u00e9ptico garantiza la calidad de los productos y hace que nuestros elementos filtrantes tengan una larga vida \u00fatil.<\/p><p>Estamos ubicados en Shanghai, somos una empresa bien conocida que integra I + D, producci\u00f3n y venta de micro filtraci\u00f3n de membrana, filtros de alto flujo, filtros de agua plisados, cartucho de filtro de cuerda enrollada, cartucho de filtro de fusi\u00f3n soplado, filtro de acero inoxidable, carcasa de filtro de acero inoxidable.<\/p><p>Cartucho de filtro plisado puede ser llamado filtros de agua plisado, filtro de sedimentos plisado. PULLNER es el fabricante profesional de cartucho de filtro plisado, aseguramos alta calidad y larga vida \u00fatil. Para ahorrar su cartucho de filtro plegado costo.<\/p><p>Filtro de agua plisado est\u00e1 hecho de membrana de polipropileno (PP) y tela no tejida o (PP malla) capas de soporte. La jaula exterior, n\u00facleo central y tapas de los extremos del filtro son la tecnolog\u00eda de soldadura t\u00e9rmica, sin ning\u00fan tipo de pegamento, no hay fugas, no hay dos contaminaci\u00f3n secundaria.<\/p><p>Grado de filtraci\u00f3n de 0,1um a 60um. Longitud 10\u201d, 20\u201d, 30\u201d, 40\u201d, con varios adaptadores de conexi\u00f3n para satisfacer diferentes requisitos. Adopta el tipo plisado, su baja presi\u00f3n diferencial \u00fanica, alto caudal y larga vida \u00fatil hacen que sea la mejor opci\u00f3n para la pre-filtraci\u00f3n. Toda la estructura de polipropileno proporciona un rendimiento estable y una amplia compatibilidad qu\u00edmica.<\/p><p>Nuevo dise\u00f1o de estructura integral 20\u201d, 30\u201d, 40\u201d, la jaula exterior de PP es de una sola pieza. Proporcionar mayor \u00e1rea de filtraci\u00f3n de eficiencia, alta resistencia, largo tiempo de servicio y aspecto hermoso.<\/p>\t\t\t\t\t\t\t\t<\/div>\n\t\t\t\t<\/div>\n\t\t\t\t\t<\/div>\n\t\t<\/div>\n\t\t\t\t\t<\/div>\n\t\t<\/section>\n\t\t\t\t<\/div>","protected":false},"excerpt":{"rendered":"<p>High Viscosity Filter Element High viscosity filter element is belong to membrane filter cartridge. It adopts multi-layer Nano fiber PP membrane, which can efficiently intercept the particles in colloid, suitable for liquid filtration with high viscosity and high solid content.\u00a0 Filter Media: Nano-fiber Polypropylene (PP) Cage\/Core\/End Cap: Polypropylene (PP) Seal material: EPDM, Viton, FEP Maximum [&hellip;]<\/p>\n","protected":false},"author":1,"featured_media":0,"parent":0,"menu_order":0,"comment_status":"closed","ping_status":"closed","template":"","meta":{"_acf_changed":false,"_seopress_robots_primary_cat":"","_seopress_titles_title":"","_seopress_titles_desc":"","_seopress_robots_index":"","_uag_custom_page_level_css":"","site-sidebar-layout":"no-sidebar","site-content-layout":"page-builder","ast-site-content-layout":"default","site-content-style":"default","site-sidebar-style":"default","ast-global-header-display":"","ast-banner-title-visibility":"","ast-main-header-display":"","ast-hfb-above-header-display":"","ast-hfb-below-header-display":"","ast-hfb-mobile-header-display":"","site-post-title":"disabled","ast-breadcrumbs-content":"","ast-featured-img":"disabled","footer-sml-layout":"","theme-transparent-header-meta":"","adv-header-id-meta":"","stick-header-meta":"","header-above-stick-meta":"","header-main-stick-meta":"","header-below-stick-meta":"","astra-migrate-meta-layouts":"default","ast-page-background-enabled":"default","ast-page-background-meta":{"desktop":{"background-color":"","background-image":"","background-repeat":"repeat","background-position":"center center","background-size":"auto","background-attachment":"scroll","background-type":"","background-media":"","overlay-type":"","overlay-color":"","overlay-opacity":"","overlay-gradient":""},"tablet":{"background-color":"","background-image":"","background-repeat":"repeat","background-position":"center center","background-size":"auto","background-attachment":"scroll","background-type":"","background-media":"","overlay-type":"","overlay-color":"","overlay-opacity":"","overlay-gradient":""},"mobile":{"background-color":"","background-image":"","background-repeat":"repeat","background-position":"center center","background-size":"auto","background-attachment":"scroll","background-type":"","background-media":"","overlay-type":"","overlay-color":"","overlay-opacity":"","overlay-gradient":""}},"ast-content-background-meta":{"desktop":{"background-color":"var(--ast-global-color-5)","background-image":"","background-repeat":"repeat","background-position":"center center","background-size":"auto","background-attachment":"scroll","background-type":"","background-media":"","overlay-type":"","overlay-color":"","overlay-opacity":"","overlay-gradient":""},"tablet":{"background-color":"var(--ast-global-color-5)","background-image":"","background-repeat":"repeat","background-position":"center center","background-size":"auto","background-attachment":"scroll","background-type":"","background-media":"","overlay-type":"","overlay-color":"","overlay-opacity":"","overlay-gradient":""},"mobile":{"background-color":"var(--ast-global-color-5)","background-image":"","background-repeat":"repeat","background-position":"center center","background-size":"auto","background-attachment":"scroll","background-type":"","background-media":"","overlay-type":"","overlay-color":"","overlay-opacity":"","overlay-gradient":""}},"footnotes":""},"class_list":["post-2148","page","type-page","status-publish"],"acf":[],"uagb_featured_image_src":{"full":false,"thumbnail":false,"medium":false,"medium_large":false,"large":false,"1536x1536":false,"2048x2048":false,"trp-custom-language-flag":false},"uagb_author_info":{"display_name":"wpx_pullner","author_link":"https:\/\/www.staging.pullnerfilter.com\/es\/author\/wpx_pullner\/"},"uagb_comment_info":0,"uagb_excerpt":"High Viscosity Filter Element High viscosity filter element is belong to membrane filter cartridge. It adopts multi-layer Nano fiber PP membrane, which can efficiently intercept the particles in colloid, suitable for liquid filtration with high viscosity and high solid content.\u00a0 Filter Media: Nano-fiber Polypropylene (PP) Cage\/Core\/End Cap: Polypropylene (PP) Seal material: EPDM, Viton, FEP Maximum&hellip;","_links":{"self":[{"href":"https:\/\/www.staging.pullnerfilter.com\/es\/wp-json\/wp\/v2\/pages\/2148","targetHints":{"allow":["GET"]}}],"collection":[{"href":"https:\/\/www.staging.pullnerfilter.com\/es\/wp-json\/wp\/v2\/pages"}],"about":[{"href":"https:\/\/www.staging.pullnerfilter.com\/es\/wp-json\/wp\/v2\/types\/page"}],"author":[{"embeddable":true,"href":"https:\/\/www.staging.pullnerfilter.com\/es\/wp-json\/wp\/v2\/users\/1"}],"replies":[{"embeddable":true,"href":"https:\/\/www.staging.pullnerfilter.com\/es\/wp-json\/wp\/v2\/comments?post=2148"}],"version-history":[{"count":6,"href":"https:\/\/www.staging.pullnerfilter.com\/es\/wp-json\/wp\/v2\/pages\/2148\/revisions"}],"predecessor-version":[{"id":2155,"href":"https:\/\/www.staging.pullnerfilter.com\/es\/wp-json\/wp\/v2\/pages\/2148\/revisions\/2155"}],"wp:attachment":[{"href":"https:\/\/www.staging.pullnerfilter.com\/es\/wp-json\/wp\/v2\/media?parent=2148"}],"curies":[{"name":"wp","href":"https:\/\/api.w.org\/{rel}","templated":true}]}}