{"id":2133,"date":"2022-09-19T08:27:58","date_gmt":"2022-09-19T08:27:58","guid":{"rendered":"https:\/\/www.staging.pullnerfilter.com\/?page_id=2133"},"modified":"2022-09-19T08:32:34","modified_gmt":"2022-09-19T08:32:34","slug":"cartucho-filtrante-de-membrana-de-alta-mucosa","status":"publish","type":"page","link":"https:\/\/www.staging.pullnerfilter.com\/es\/cartucho-filtrante-de-membrana-de-alta-mucosa\/","title":{"rendered":"Cartucho filtrante de membrana de alta mucosa\ufffc"},"content":{"rendered":"<div data-elementor-type=\"wp-page\" data-elementor-id=\"2133\" class=\"elementor elementor-2133\" data-elementor-post-type=\"page\">\n\t\t\t\t\t\t<section class=\"elementor-section elementor-top-section elementor-element elementor-element-330c3dc1 elementor-section-boxed elementor-section-height-default elementor-section-height-default\" data-id=\"330c3dc1\" data-element_type=\"section\" data-e-type=\"section\">\n\t\t\t\t\t\t<div class=\"elementor-container elementor-column-gap-default\">\n\t\t\t\t\t<div class=\"elementor-column elementor-col-50 elementor-top-column elementor-element elementor-element-3a66e36f\" data-id=\"3a66e36f\" data-element_type=\"column\" data-e-type=\"column\">\n\t\t\t<div class=\"elementor-widget-wrap elementor-element-populated\">\n\t\t\t\t\t\t<div class=\"elementor-element elementor-element-347be276 elementor-arrows-position-inside elementor-pagination-position-outside elementor-widget elementor-widget-image-carousel\" data-id=\"347be276\" data-element_type=\"widget\" data-e-type=\"widget\" data-settings=\"{&quot;slides_to_show&quot;:&quot;1&quot;,&quot;navigation&quot;:&quot;both&quot;,&quot;autoplay&quot;:&quot;yes&quot;,&quot;pause_on_hover&quot;:&quot;yes&quot;,&quot;pause_on_interaction&quot;:&quot;yes&quot;,&quot;autoplay_speed&quot;:5000,&quot;infinite&quot;:&quot;yes&quot;,&quot;effect&quot;:&quot;slide&quot;,&quot;speed&quot;:500}\" data-widget_type=\"image-carousel.default\">\n\t\t\t\t<div class=\"elementor-widget-container\">\n\t\t\t\t\t\t\t<div class=\"elementor-image-carousel-wrapper swiper\" role=\"region\" aria-roledescription=\"carousel\" aria-label=\"Carrusel de im\u00e1genes\" dir=\"ltr\">\n\t\t\t<div class=\"elementor-image-carousel swiper-wrapper swiper-image-stretch\" aria-live=\"off\">\n\t\t\t\t\t\t\t\t<div class=\"swiper-slide\" role=\"group\" aria-roledescription=\"slide\" aria-label=\"1 de 1\" data-no-translation-aria-label=\"\"><figure class=\"swiper-slide-inner\"><img decoding=\"async\" class=\"swiper-slide-image\" src=\"https:\/\/www.staging.pullnerfilter.com\/wp-content\/uploads\/2022\/09\/\u56fe\u7247-1.jpg\" alt=\"Cartucho filtrante de membrana de alta mucosa\" \/><\/figure><\/div>\t\t\t<\/div>\n\t\t\t\t\t<\/div>\n\t\t\t\t\t\t<\/div>\n\t\t\t\t<\/div>\n\t\t\t\t\t<\/div>\n\t\t<\/div>\n\t\t\t\t<div class=\"elementor-column elementor-col-50 elementor-top-column elementor-element elementor-element-3d3580bd\" data-id=\"3d3580bd\" data-element_type=\"column\" data-e-type=\"column\">\n\t\t\t<div class=\"elementor-widget-wrap elementor-element-populated\">\n\t\t\t\t\t\t<div class=\"elementor-element elementor-element-19a2828 elementor-widget elementor-widget-heading\" data-id=\"19a2828\" data-element_type=\"widget\" data-e-type=\"widget\" data-widget_type=\"heading.default\">\n\t\t\t\t<div class=\"elementor-widget-container\">\n\t\t\t\t\t<h1 class=\"elementor-heading-title elementor-size-default\">Cartucho filtrante de membrana de alta mucosa<\/h1>\t\t\t\t<\/div>\n\t\t\t\t<\/div>\n\t\t\t\t<div class=\"elementor-element elementor-element-6917d44f elementor-widget elementor-widget-text-editor\" data-id=\"6917d44f\" data-element_type=\"widget\" data-e-type=\"widget\" data-widget_type=\"text-editor.default\">\n\t\t\t\t<div class=\"elementor-widget-container\">\n\t\t\t\t\t\t\t\t\t<p>El cartucho filtrante de membrana mucosa alta pertenece a <a href=\"https:\/\/www.pullnerfilter.com\/membrane-filter-cartridge\/\" target=\"_blank\" rel=\"noopener\">cartucho filtrante de membrana<\/a>. Adopta la membrana multicapa Nano fibra PP, que puede interceptar eficazmente las part\u00edculas en coloide, adecuado para la filtraci\u00f3n de l\u00edquidos con alta viscosidad y alto contenido de s\u00f3lidos. Se puede utilizar en la filtraci\u00f3n de ultra-precisi\u00f3n de sustancias coloidales y de alta viscosidad, alto contenido de s\u00f3lidos de filtraci\u00f3n de l\u00edquidos.<\/p><ul><li>Filtro de nanofibra<\/li><li>Alta eficacia<\/li><li>Adecuado para la filtraci\u00f3n de fluidos de alta viscosidad<\/li><li>100% Lavado antes de la entrega<\/li><\/ul>\t\t\t\t\t\t\t\t<\/div>\n\t\t\t\t<\/div>\n\t\t\t\t<div class=\"elementor-element elementor-element-7ff2ae8a elementor-align-left elementor-widget elementor-widget-button\" data-id=\"7ff2ae8a\" data-element_type=\"widget\" data-e-type=\"widget\" data-widget_type=\"button.default\">\n\t\t\t\t<div class=\"elementor-widget-container\">\n\t\t\t\t\t\t\t\t\t<div class=\"elementor-button-wrapper\">\n\t\t\t\t\t<a class=\"elementor-button elementor-button-link elementor-size-md\" href=\"\/es\/contacto\/\">\n\t\t\t\t\t\t<span class=\"elementor-button-content-wrapper\">\n\t\t\t\t\t\t\t\t\t<span class=\"elementor-button-text\">Env\u00ede su consulta ahora<\/span>\n\t\t\t\t\t<\/span>\n\t\t\t\t\t<\/a>\n\t\t\t\t<\/div>\n\t\t\t\t\t\t\t\t<\/div>\n\t\t\t\t<\/div>\n\t\t\t\t\t<\/div>\n\t\t<\/div>\n\t\t\t\t\t<\/div>\n\t\t<\/section>\n\t\t\t\t<section class=\"elementor-section elementor-top-section elementor-element elementor-element-2bd613b7 elementor-section-boxed elementor-section-height-default elementor-section-height-default\" data-id=\"2bd613b7\" data-element_type=\"section\" data-e-type=\"section\">\n\t\t\t\t\t\t<div class=\"elementor-container elementor-column-gap-default\">\n\t\t\t\t\t<div class=\"elementor-column elementor-col-100 elementor-top-column elementor-element elementor-element-541b22e3\" data-id=\"541b22e3\" data-element_type=\"column\" data-e-type=\"column\">\n\t\t\t<div class=\"elementor-widget-wrap elementor-element-populated\">\n\t\t\t\t\t\t<div class=\"elementor-element elementor-element-af29c54 elementor-widget elementor-widget-text-editor\" data-id=\"af29c54\" data-element_type=\"widget\" data-e-type=\"widget\" data-widget_type=\"text-editor.default\">\n\t\t\t\t<div class=\"elementor-widget-container\">\n\t\t\t\t\t\t\t\t\t<p>La membrana filtrante multicapa de PP de nanofibras puede interceptar eficazmente las part\u00edculas del coloide, lo que resulta adecuado para la filtraci\u00f3n de l\u00edquidos con alta viscosidad y alto contenido en s\u00f3lidos.<\/p><p>La eficacia de filtraci\u00f3n alcanza el 99,99% para garantizar la calidad del producto. La estructura de membrana multicapa y los materiales de soporte de alta resistencia garantizan que el elemento filtrante pueda soportar la filtraci\u00f3n de l\u00edquidos de alta viscosidad.<\/p><p>100% utilizar agua desionizada para el lavado antes de la entrega para garantizar la limpieza del elemento filtrante. Los elementos filtrantes se utilizan ampliamente en la industria electr\u00f3nica, y se pueden utilizar en la industria de semiconductores, la industria de pantallas de cristal l\u00edquido y el almacenamiento de discos duros de datos.<\/p><p>El elemento filtrante puede afectar directamente a la calidad del producto final y a sus beneficios econ\u00f3micos.<\/p><p>Pullner filtraci\u00f3n puede proporcionar elementos filtrantes requeridos por diversos puntos del proceso, y nuestros a\u00f1os de experiencia en la industria pueden resolver los problemas relacionados con la filtraci\u00f3n de los clientes.<\/p><p>Las soluciones de filtraci\u00f3n eficaces en la industria microelectr\u00f3nica pueden mejorar en gran medida la eficiencia operativa de los equipos, prolongar la vida \u00fatil de los equipos y garantizar la calidad de los productos microelectr\u00f3nicos, y mejorar la calidad de los productos microelectr\u00f3nicos.<\/p><p>Aplicaciones en la industria de semiconductores En el proceso de fabricaci\u00f3n de semiconductores intervienen diversos fluidos, como productos qu\u00edmicos, gases, agua ultrapura, CMP y grabado y limpieza en h\u00famedo. Para ello ofrecemos soluciones de filtraci\u00f3n, purificaci\u00f3n y separaci\u00f3n.<\/p><p>\u00a0<\/p>\t\t\t\t\t\t\t\t<\/div>\n\t\t\t\t<\/div>\n\t\t\t\t\t<\/div>\n\t\t<\/div>\n\t\t\t\t\t<\/div>\n\t\t<\/section>\n\t\t\t\t<\/div>","protected":false},"excerpt":{"rendered":"<p>High Mucosal Membrane Filter Cartridge High mucosal membrane filter cartridge is belong to membrane filter cartridge. It adopts multi-layer Nano fiber PP membrane, which can efficiently intercept the particles in colloid, suitable for liquid filtration with high viscosity and high solid content. It can be used in Ultra-precision filtration of colloidal substances and High viscosity, [&hellip;]<\/p>\n","protected":false},"author":1,"featured_media":0,"parent":0,"menu_order":0,"comment_status":"closed","ping_status":"closed","template":"","meta":{"_acf_changed":false,"_seopress_robots_primary_cat":"","_seopress_titles_title":"","_seopress_titles_desc":"","_seopress_robots_index":"","_uag_custom_page_level_css":"","site-sidebar-layout":"no-sidebar","site-content-layout":"page-builder","ast-site-content-layout":"default","site-content-style":"default","site-sidebar-style":"default","ast-global-header-display":"","ast-banner-title-visibility":"","ast-main-header-display":"","ast-hfb-above-header-display":"","ast-hfb-below-header-display":"","ast-hfb-mobile-header-display":"","site-post-title":"disabled","ast-breadcrumbs-content":"","ast-featured-img":"disabled","footer-sml-layout":"","theme-transparent-header-meta":"","adv-header-id-meta":"","stick-header-meta":"","header-above-stick-meta":"","header-main-stick-meta":"","header-below-stick-meta":"","astra-migrate-meta-layouts":"default","ast-page-background-enabled":"default","ast-page-background-meta":{"desktop":{"background-color":"","background-image":"","background-repeat":"repeat","background-position":"center center","background-size":"auto","background-attachment":"scroll","background-type":"","background-media":"","overlay-type":"","overlay-color":"","overlay-opacity":"","overlay-gradient":""},"tablet":{"background-color":"","background-image":"","background-repeat":"repeat","background-position":"center center","background-size":"auto","background-attachment":"scroll","background-type":"","background-media":"","overlay-type":"","overlay-color":"","overlay-opacity":"","overlay-gradient":""},"mobile":{"background-color":"","background-image":"","background-repeat":"repeat","background-position":"center center","background-size":"auto","background-attachment":"scroll","background-type":"","background-media":"","overlay-type":"","overlay-color":"","overlay-opacity":"","overlay-gradient":""}},"ast-content-background-meta":{"desktop":{"background-color":"var(--ast-global-color-5)","background-image":"","background-repeat":"repeat","background-position":"center center","background-size":"auto","background-attachment":"scroll","background-type":"","background-media":"","overlay-type":"","overlay-color":"","overlay-opacity":"","overlay-gradient":""},"tablet":{"background-color":"var(--ast-global-color-5)","background-image":"","background-repeat":"repeat","background-position":"center center","background-size":"auto","background-attachment":"scroll","background-type":"","background-media":"","overlay-type":"","overlay-color":"","overlay-opacity":"","overlay-gradient":""},"mobile":{"background-color":"var(--ast-global-color-5)","background-image":"","background-repeat":"repeat","background-position":"center center","background-size":"auto","background-attachment":"scroll","background-type":"","background-media":"","overlay-type":"","overlay-color":"","overlay-opacity":"","overlay-gradient":""}},"footnotes":""},"class_list":["post-2133","page","type-page","status-publish"],"acf":[],"uagb_featured_image_src":{"full":false,"thumbnail":false,"medium":false,"medium_large":false,"large":false,"1536x1536":false,"2048x2048":false,"trp-custom-language-flag":false},"uagb_author_info":{"display_name":"wpx_pullner","author_link":"https:\/\/www.staging.pullnerfilter.com\/es\/author\/wpx_pullner\/"},"uagb_comment_info":0,"uagb_excerpt":"High Mucosal Membrane Filter Cartridge High mucosal membrane filter cartridge is belong to membrane filter cartridge. It adopts multi-layer Nano fiber PP membrane, which can efficiently intercept the particles in colloid, suitable for liquid filtration with high viscosity and high solid content. It can be used in Ultra-precision filtration of colloidal substances and High viscosity,&hellip;","_links":{"self":[{"href":"https:\/\/www.staging.pullnerfilter.com\/es\/wp-json\/wp\/v2\/pages\/2133","targetHints":{"allow":["GET"]}}],"collection":[{"href":"https:\/\/www.staging.pullnerfilter.com\/es\/wp-json\/wp\/v2\/pages"}],"about":[{"href":"https:\/\/www.staging.pullnerfilter.com\/es\/wp-json\/wp\/v2\/types\/page"}],"author":[{"embeddable":true,"href":"https:\/\/www.staging.pullnerfilter.com\/es\/wp-json\/wp\/v2\/users\/1"}],"replies":[{"embeddable":true,"href":"https:\/\/www.staging.pullnerfilter.com\/es\/wp-json\/wp\/v2\/comments?post=2133"}],"version-history":[{"count":5,"href":"https:\/\/www.staging.pullnerfilter.com\/es\/wp-json\/wp\/v2\/pages\/2133\/revisions"}],"predecessor-version":[{"id":8665,"href":"https:\/\/www.staging.pullnerfilter.com\/es\/wp-json\/wp\/v2\/pages\/2133\/revisions\/8665"}],"wp:attachment":[{"href":"https:\/\/www.staging.pullnerfilter.com\/es\/wp-json\/wp\/v2\/media?parent=2133"}],"curies":[{"name":"wp","href":"https:\/\/api.w.org\/{rel}","templated":true}]}}