{"id":2125,"date":"2022-09-19T07:57:43","date_gmt":"2022-09-19T07:57:43","guid":{"rendered":"https:\/\/www.staging.pullnerfilter.com\/?page_id=2125"},"modified":"2022-09-19T08:01:20","modified_gmt":"2022-09-19T08:01:20","slug":"elemento-filtrante-con-revestimiento-fotorresistente","status":"publish","type":"page","link":"https:\/\/www.staging.pullnerfilter.com\/es\/elemento-filtrante-con-revestimiento-fotorresistente\/","title":{"rendered":"Elemento filtrante con revestimiento fotorresistente"},"content":{"rendered":"<div data-elementor-type=\"wp-page\" data-elementor-id=\"2125\" class=\"elementor elementor-2125\" data-elementor-post-type=\"page\">\n\t\t\t\t\t\t<section class=\"elementor-section elementor-top-section elementor-element elementor-element-30ab8cc6 elementor-section-boxed elementor-section-height-default elementor-section-height-default\" data-id=\"30ab8cc6\" data-element_type=\"section\" data-e-type=\"section\">\n\t\t\t\t\t\t<div class=\"elementor-container elementor-column-gap-default\">\n\t\t\t\t\t<div class=\"elementor-column elementor-col-50 elementor-top-column elementor-element elementor-element-7146dae5\" data-id=\"7146dae5\" data-element_type=\"column\" data-e-type=\"column\">\n\t\t\t<div class=\"elementor-widget-wrap elementor-element-populated\">\n\t\t\t\t\t\t<div class=\"elementor-element elementor-element-41c1de05 elementor-arrows-position-inside elementor-pagination-position-outside elementor-widget elementor-widget-image-carousel\" data-id=\"41c1de05\" data-element_type=\"widget\" data-e-type=\"widget\" data-settings=\"{&quot;slides_to_show&quot;:&quot;1&quot;,&quot;navigation&quot;:&quot;both&quot;,&quot;autoplay&quot;:&quot;yes&quot;,&quot;pause_on_hover&quot;:&quot;yes&quot;,&quot;pause_on_interaction&quot;:&quot;yes&quot;,&quot;autoplay_speed&quot;:5000,&quot;infinite&quot;:&quot;yes&quot;,&quot;effect&quot;:&quot;slide&quot;,&quot;speed&quot;:500}\" data-widget_type=\"image-carousel.default\">\n\t\t\t\t<div class=\"elementor-widget-container\">\n\t\t\t\t\t\t\t<div class=\"elementor-image-carousel-wrapper swiper\" role=\"region\" aria-roledescription=\"carousel\" aria-label=\"Carrusel de im\u00e1genes\" dir=\"ltr\">\n\t\t\t<div class=\"elementor-image-carousel swiper-wrapper swiper-image-stretch\" aria-live=\"off\">\n\t\t\t\t\t\t\t\t<div class=\"swiper-slide\" role=\"group\" aria-roledescription=\"slide\" aria-label=\"1 de 1\"><figure class=\"swiper-slide-inner\"><img decoding=\"async\" class=\"swiper-slide-image\" src=\"https:\/\/www.staging.pullnerfilter.com\/wp-content\/uploads\/2022\/09\/\u56fe\u7247.jpg\" alt=\"Elemento filtrante con revestimiento fotorresistente\" \/><\/figure><\/div>\t\t\t<\/div>\n\t\t\t\t\t<\/div>\n\t\t\t\t\t\t<\/div>\n\t\t\t\t<\/div>\n\t\t\t\t\t<\/div>\n\t\t<\/div>\n\t\t\t\t<div class=\"elementor-column elementor-col-50 elementor-top-column elementor-element elementor-element-65158b47\" data-id=\"65158b47\" data-element_type=\"column\" data-e-type=\"column\">\n\t\t\t<div class=\"elementor-widget-wrap elementor-element-populated\">\n\t\t\t\t\t\t<div class=\"elementor-element elementor-element-2d5366a5 elementor-widget elementor-widget-heading\" data-id=\"2d5366a5\" data-element_type=\"widget\" data-e-type=\"widget\" data-widget_type=\"heading.default\">\n\t\t\t\t<div class=\"elementor-widget-container\">\n\t\t\t\t\t<h1 class=\"elementor-heading-title elementor-size-default\">Microelectr\u00f3nica Semiconductor Cartucho filtrante<\/h1>\t\t\t\t<\/div>\n\t\t\t\t<\/div>\n\t\t\t\t<div class=\"elementor-element elementor-element-713a2e16 elementor-widget elementor-widget-text-editor\" data-id=\"713a2e16\" data-element_type=\"widget\" data-e-type=\"widget\" data-widget_type=\"text-editor.default\">\n\t\t\t\t<div class=\"elementor-widget-container\">\n\t\t\t\t\t\t\t\t\t<p>El elemento filtrante fotorresistente pertenece a <a href=\"https:\/\/www.pullnerfilter.com\/pleated-filter-cartridges\/\" target=\"_blank\" rel=\"noopener\">cartucho filtrante de pliegues<\/a> dise\u00f1ada espec\u00edficamente para filtrar fotorresistentes y reveladores en el punto de uso. La membrana de nailon 6,6 naturalmente hidr\u00f3fila, con soporte y hardware de HDPE, permite la humectabilidad espont\u00e1nea. Esto minimiza los residuos fotoqu\u00edmicos al proporcionar un arranque r\u00e1pido, una generaci\u00f3n m\u00ednima de burbujas y un rendimiento constante. La configuraci\u00f3n patentada del filtro en forma de media luna garantiza una baja ca\u00edda de presi\u00f3n.<\/p><ul><li>Optimizado para una humectaci\u00f3n completa y total<\/li><li>Bajo volumen de retenci\u00f3n<\/li><li>Ventilaci\u00f3n r\u00e1pida<\/li><li>Excelente compatibilidad<\/li><li>Baja presi\u00f3n diferencial<\/li><li>Extra\u00edbles bajos<\/li><li>Fabricado en sala blanca<\/li><li>Junta t\u00f3rica para facilitar el cambio del filtro<\/li><li>Dise\u00f1ado para adaptarse a la mayor\u00eda de los sistemas de dispensaci\u00f3n de fotorresistencia m\u00e1s antiguos<\/li><\/ul>\t\t\t\t\t\t\t\t<\/div>\n\t\t\t\t<\/div>\n\t\t\t\t<div class=\"elementor-element elementor-element-3fe12de4 elementor-align-left elementor-widget elementor-widget-button\" data-id=\"3fe12de4\" data-element_type=\"widget\" data-e-type=\"widget\" data-widget_type=\"button.default\">\n\t\t\t\t<div class=\"elementor-widget-container\">\n\t\t\t\t\t\t\t\t\t<div class=\"elementor-button-wrapper\">\n\t\t\t\t\t<a class=\"elementor-button elementor-button-link elementor-size-md\" href=\"\/es\/contacto\/\">\n\t\t\t\t\t\t<span class=\"elementor-button-content-wrapper\">\n\t\t\t\t\t\t\t\t\t<span class=\"elementor-button-text\">Env\u00ede su consulta ahora<\/span>\n\t\t\t\t\t<\/span>\n\t\t\t\t\t<\/a>\n\t\t\t\t<\/div>\n\t\t\t\t\t\t\t\t<\/div>\n\t\t\t\t<\/div>\n\t\t\t\t\t<\/div>\n\t\t<\/div>\n\t\t\t\t\t<\/div>\n\t\t<\/section>\n\t\t\t\t<section class=\"elementor-section elementor-top-section elementor-element elementor-element-142213dc elementor-section-boxed elementor-section-height-default elementor-section-height-default\" data-id=\"142213dc\" data-element_type=\"section\" data-e-type=\"section\">\n\t\t\t\t\t\t<div class=\"elementor-container elementor-column-gap-default\">\n\t\t\t\t\t<div class=\"elementor-column elementor-col-100 elementor-top-column elementor-element elementor-element-576963a\" data-id=\"576963a\" data-element_type=\"column\" data-e-type=\"column\">\n\t\t\t<div class=\"elementor-widget-wrap elementor-element-populated\">\n\t\t\t\t\t\t<div class=\"elementor-element elementor-element-e6869db elementor-widget elementor-widget-text-editor\" data-id=\"e6869db\" data-element_type=\"widget\" data-e-type=\"widget\" data-widget_type=\"text-editor.default\">\n\t\t\t\t<div class=\"elementor-widget-container\">\n\t\t\t\t\t\t\t\t\t<p>La tendencia hacia anchuras de l\u00ednea m\u00e1s estrechas en la fabricaci\u00f3n de circuitos integrados ha supuesto una carga cada vez mayor para el control de la contaminaci\u00f3n en todos los aspectos de la fabricaci\u00f3n de semiconductores.<\/p><p>La filtraci\u00f3n de fotoresinas en el punto de uso (POU) se ha utilizado para controlar la contaminaci\u00f3n por part\u00edculas en la superficie de la oblea durante las operaciones de recubrimiento.<\/p><p>La necesidad de una filtraci\u00f3n m\u00e1s estricta ha llevado a la introducci\u00f3n de membranas de 0,05 \/spl mu\/m, adem\u00e1s de las tradicionales de 0,10 \/spl mu\/m, para controlar la contaminaci\u00f3n durante la dispensaci\u00f3n de fotorresistencia.<\/p><p>Con la introducci\u00f3n de membranas m\u00e1s ajustadas para su uso en la filtraci\u00f3n de fotorresistencias, el usuario final puede tener la preocupaci\u00f3n de que la fotorresistencia pueda sufrir algunos efectos nocivos al someterse a la filtraci\u00f3n.<\/p><p>Este estudio se centra en el uso de filtros Pall Falcon(R) de 0,05 \/spl mu\/m y 0,10 \/spl mu\/m en la dispensaci\u00f3n de fotorresistencia Microposit S1813 para la reducci\u00f3n de defectos superficiales en la superficie de la oblea.<\/p><p>Los resultados de la cromatograf\u00eda de permeaci\u00f3n en gel (GPC) en fotorresistencias filtradas y sin filtrar no mostraron ning\u00fan efecto sobre el peso molecular de los componentes fotosensibles.<\/p><p>Los resultados de viscosidad y espesor del revestimiento indicaron que no hab\u00eda p\u00e9rdida de s\u00f3lidos que pudiera afectar a la viscosidad y, a su vez, al espesor del revestimiento en la superficie de la oblea.<\/p><p>La exposici\u00f3n de la l\u00ednea G demostr\u00f3 la retenci\u00f3n de la fotovelocidad, lo que indica que no hay efectos da\u00f1inos en la resina ni en los componentes fotosensibles.<\/p><p>Las aplicaciones de la filtraci\u00f3n a la dispensaci\u00f3n de fotorresistencia se demuestran como un paso positivo para reducir la contaminaci\u00f3n en la superficie de la oblea sin efectos nocivos en el rendimiento de la fotorresistencia.<\/p>\t\t\t\t\t\t\t\t<\/div>\n\t\t\t\t<\/div>\n\t\t\t\t\t<\/div>\n\t\t<\/div>\n\t\t\t\t\t<\/div>\n\t\t<\/section>\n\t\t\t\t<\/div>","protected":false},"excerpt":{"rendered":"<p>Microelectronics Semiconductor Filter cartridge The Photoresist filter element is belong to pleated filter cartridge specifically designed to filter point-of-use photoresist and developers. The naturally hydrophilic nylon 6,6 membrane, with HDPE support and hardware, allows spontaneous wettability. This minimizes photochemical waste by providing quick start up, minimal bubble generation, and consistent performance. Low pressure drop is [&hellip;]<\/p>\n","protected":false},"author":1,"featured_media":0,"parent":0,"menu_order":0,"comment_status":"closed","ping_status":"closed","template":"","meta":{"_acf_changed":false,"_seopress_robots_primary_cat":"","_seopress_titles_title":"","_seopress_titles_desc":"","_seopress_robots_index":"","_uag_custom_page_level_css":"","site-sidebar-layout":"no-sidebar","site-content-layout":"page-builder","ast-site-content-layout":"default","site-content-style":"default","site-sidebar-style":"default","ast-global-header-display":"","ast-banner-title-visibility":"","ast-main-header-display":"","ast-hfb-above-header-display":"","ast-hfb-below-header-display":"","ast-hfb-mobile-header-display":"","site-post-title":"disabled","ast-breadcrumbs-content":"","ast-featured-img":"disabled","footer-sml-layout":"","theme-transparent-header-meta":"","adv-header-id-meta":"","stick-header-meta":"","header-above-stick-meta":"","header-main-stick-meta":"","header-below-stick-meta":"","astra-migrate-meta-layouts":"default","ast-page-background-enabled":"default","ast-page-background-meta":{"desktop":{"background-color":"","background-image":"","background-repeat":"repeat","background-position":"center center","background-size":"auto","background-attachment":"scroll","background-type":"","background-media":"","overlay-type":"","overlay-color":"","overlay-opacity":"","overlay-gradient":""},"tablet":{"background-color":"","background-image":"","background-repeat":"repeat","background-position":"center center","background-size":"auto","background-attachment":"scroll","background-type":"","background-media":"","overlay-type":"","overlay-color":"","overlay-opacity":"","overlay-gradient":""},"mobile":{"background-color":"","background-image":"","background-repeat":"repeat","background-position":"center center","background-size":"auto","background-attachment":"scroll","background-type":"","background-media":"","overlay-type":"","overlay-color":"","overlay-opacity":"","overlay-gradient":""}},"ast-content-background-meta":{"desktop":{"background-color":"var(--ast-global-color-5)","background-image":"","background-repeat":"repeat","background-position":"center center","background-size":"auto","background-attachment":"scroll","background-type":"","background-media":"","overlay-type":"","overlay-color":"","overlay-opacity":"","overlay-gradient":""},"tablet":{"background-color":"var(--ast-global-color-5)","background-image":"","background-repeat":"repeat","background-position":"center center","background-size":"auto","background-attachment":"scroll","background-type":"","background-media":"","overlay-type":"","overlay-color":"","overlay-opacity":"","overlay-gradient":""},"mobile":{"background-color":"var(--ast-global-color-5)","background-image":"","background-repeat":"repeat","background-position":"center center","background-size":"auto","background-attachment":"scroll","background-type":"","background-media":"","overlay-type":"","overlay-color":"","overlay-opacity":"","overlay-gradient":""}},"footnotes":""},"class_list":["post-2125","page","type-page","status-publish"],"acf":[],"uagb_featured_image_src":{"full":false,"thumbnail":false,"medium":false,"medium_large":false,"large":false,"1536x1536":false,"2048x2048":false,"trp-custom-language-flag":false},"uagb_author_info":{"display_name":"wpx_pullner","author_link":"https:\/\/www.staging.pullnerfilter.com\/es\/author\/wpx_pullner\/"},"uagb_comment_info":0,"uagb_excerpt":"Microelectronics Semiconductor Filter cartridge The Photoresist filter element is belong to pleated filter cartridge specifically designed to filter point-of-use photoresist and developers. The naturally hydrophilic nylon 6,6 membrane, with HDPE support and hardware, allows spontaneous wettability. This minimizes photochemical waste by providing quick start up, minimal bubble generation, and consistent performance. Low pressure drop is&hellip;","_links":{"self":[{"href":"https:\/\/www.staging.pullnerfilter.com\/es\/wp-json\/wp\/v2\/pages\/2125","targetHints":{"allow":["GET"]}}],"collection":[{"href":"https:\/\/www.staging.pullnerfilter.com\/es\/wp-json\/wp\/v2\/pages"}],"about":[{"href":"https:\/\/www.staging.pullnerfilter.com\/es\/wp-json\/wp\/v2\/types\/page"}],"author":[{"embeddable":true,"href":"https:\/\/www.staging.pullnerfilter.com\/es\/wp-json\/wp\/v2\/users\/1"}],"replies":[{"embeddable":true,"href":"https:\/\/www.staging.pullnerfilter.com\/es\/wp-json\/wp\/v2\/comments?post=2125"}],"version-history":[{"count":5,"href":"https:\/\/www.staging.pullnerfilter.com\/es\/wp-json\/wp\/v2\/pages\/2125\/revisions"}],"predecessor-version":[{"id":8630,"href":"https:\/\/www.staging.pullnerfilter.com\/es\/wp-json\/wp\/v2\/pages\/2125\/revisions\/8630"}],"wp:attachment":[{"href":"https:\/\/www.staging.pullnerfilter.com\/es\/wp-json\/wp\/v2\/media?parent=2125"}],"curies":[{"name":"wp","href":"https:\/\/api.w.org\/{rel}","templated":true}]}}