{"id":2114,"date":"2022-09-19T07:45:28","date_gmt":"2022-09-19T07:45:28","guid":{"rendered":"https:\/\/www.staging.pullnerfilter.com\/?page_id=2114"},"modified":"2023-04-19T02:27:01","modified_gmt":"2023-04-19T02:27:01","slug":"material-de-revestimiento-elemento-filtrante-en-venta","status":"publish","type":"page","link":"https:\/\/www.staging.pullnerfilter.com\/es\/material-de-revestimiento-elemento-filtrante-en-venta\/","title":{"rendered":"Material de revestimiento Elemento filtrante"},"content":{"rendered":"<div data-elementor-type=\"wp-page\" data-elementor-id=\"2114\" class=\"elementor elementor-2114\" data-elementor-post-type=\"page\">\n\t\t\t\t\t\t<section class=\"elementor-section elementor-top-section elementor-element elementor-element-3626e103 elementor-section-boxed elementor-section-height-default elementor-section-height-default\" data-id=\"3626e103\" data-element_type=\"section\" data-e-type=\"section\">\n\t\t\t\t\t\t<div class=\"elementor-container elementor-column-gap-default\">\n\t\t\t\t\t<div class=\"elementor-column elementor-col-50 elementor-top-column elementor-element elementor-element-5145b24f\" data-id=\"5145b24f\" data-element_type=\"column\" data-e-type=\"column\">\n\t\t\t<div class=\"elementor-widget-wrap elementor-element-populated\">\n\t\t\t\t\t\t<div class=\"elementor-element elementor-element-1cc06124 elementor-arrows-position-inside elementor-pagination-position-outside elementor-widget elementor-widget-image-carousel\" data-id=\"1cc06124\" data-element_type=\"widget\" data-e-type=\"widget\" data-settings=\"{&quot;slides_to_show&quot;:&quot;1&quot;,&quot;navigation&quot;:&quot;both&quot;,&quot;autoplay&quot;:&quot;yes&quot;,&quot;pause_on_hover&quot;:&quot;yes&quot;,&quot;pause_on_interaction&quot;:&quot;yes&quot;,&quot;autoplay_speed&quot;:5000,&quot;infinite&quot;:&quot;yes&quot;,&quot;effect&quot;:&quot;slide&quot;,&quot;speed&quot;:500}\" data-widget_type=\"image-carousel.default\">\n\t\t\t\t<div class=\"elementor-widget-container\">\n\t\t\t\t\t\t\t<div class=\"elementor-image-carousel-wrapper swiper\" role=\"region\" aria-roledescription=\"carousel\" aria-label=\"Carrusel de im\u00e1genes\" dir=\"ltr\">\n\t\t\t<div class=\"elementor-image-carousel swiper-wrapper swiper-image-stretch\" aria-live=\"off\">\n\t\t\t\t\t\t\t\t<div class=\"swiper-slide\" role=\"group\" aria-roledescription=\"slide\" aria-label=\"1 de 1\"><figure class=\"swiper-slide-inner\"><img decoding=\"async\" class=\"swiper-slide-image\" src=\"https:\/\/www.staging.pullnerfilter.com\/wp-content\/uploads\/2022\/09\/Coating-material-filter-element.jpg\" alt=\"Material de revestimiento-elemento filtrante\" \/><\/figure><\/div>\t\t\t<\/div>\n\t\t\t\t\t<\/div>\n\t\t\t\t\t\t<\/div>\n\t\t\t\t<\/div>\n\t\t\t\t\t<\/div>\n\t\t<\/div>\n\t\t\t\t<div class=\"elementor-column elementor-col-50 elementor-top-column elementor-element elementor-element-318f2883\" data-id=\"318f2883\" data-element_type=\"column\" data-e-type=\"column\">\n\t\t\t<div class=\"elementor-widget-wrap elementor-element-populated\">\n\t\t\t\t\t\t<div class=\"elementor-element elementor-element-68977ad7 elementor-widget elementor-widget-heading\" data-id=\"68977ad7\" data-element_type=\"widget\" data-e-type=\"widget\" data-widget_type=\"heading.default\">\n\t\t\t\t<div class=\"elementor-widget-container\">\n\t\t\t\t\t<h1 class=\"elementor-heading-title elementor-size-default\">Material de revestimiento Elemento filtrante<\/h1>\t\t\t\t<\/div>\n\t\t\t\t<\/div>\n\t\t\t\t<div class=\"elementor-element elementor-element-526e5e9c elementor-widget elementor-widget-text-editor\" data-id=\"526e5e9c\" data-element_type=\"widget\" data-e-type=\"widget\" data-widget_type=\"text-editor.default\">\n\t\t\t\t<div class=\"elementor-widget-container\">\n\t\t\t\t\t\t\t\t\t<p>El elemento filtrante de material de revestimiento adopta material de nanofibra multicapa, dise\u00f1o de estructura de gradiente, y tiene una alta capacidad de retenci\u00f3n de suciedad. El gradiente de tama\u00f1o de poro de grande a peque\u00f1o hace que el cartucho filtrante tenga una mayor capacidad de retenci\u00f3n de suciedad, lo que puede mejorar eficazmente el problema de obstrucci\u00f3n de la superficie y prolongar la vida \u00fatil del filtro. Es adecuado para part\u00edculas en suspensi\u00f3n, sustancias coloidales y l\u00edquidos de alta viscosidad.<\/p><ul><li>Tama\u00f1o de potencia graduada<\/li><li>Gran precisi\u00f3n de filtrado<\/li><li>Amplia compatibilidad qu\u00edmica<\/li><\/ul>\t\t\t\t\t\t\t\t<\/div>\n\t\t\t\t<\/div>\n\t\t\t\t<div class=\"elementor-element elementor-element-2b094c53 elementor-align-left elementor-widget elementor-widget-button\" data-id=\"2b094c53\" data-element_type=\"widget\" data-e-type=\"widget\" data-widget_type=\"button.default\">\n\t\t\t\t<div class=\"elementor-widget-container\">\n\t\t\t\t\t\t\t\t\t<div class=\"elementor-button-wrapper\">\n\t\t\t\t\t<a class=\"elementor-button elementor-button-link elementor-size-md\" href=\"\/es\/contacto\/\">\n\t\t\t\t\t\t<span class=\"elementor-button-content-wrapper\">\n\t\t\t\t\t\t\t\t\t<span class=\"elementor-button-text\">Env\u00ede su consulta ahora<\/span>\n\t\t\t\t\t<\/span>\n\t\t\t\t\t<\/a>\n\t\t\t\t<\/div>\n\t\t\t\t\t\t\t\t<\/div>\n\t\t\t\t<\/div>\n\t\t\t\t\t<\/div>\n\t\t<\/div>\n\t\t\t\t\t<\/div>\n\t\t<\/section>\n\t\t\t\t<section class=\"elementor-section elementor-top-section elementor-element elementor-element-53ef1f08 elementor-section-boxed elementor-section-height-default elementor-section-height-default\" data-id=\"53ef1f08\" data-element_type=\"section\" data-e-type=\"section\">\n\t\t\t\t\t\t<div class=\"elementor-container elementor-column-gap-default\">\n\t\t\t\t\t<div class=\"elementor-column elementor-col-100 elementor-top-column elementor-element elementor-element-29e4b30c\" data-id=\"29e4b30c\" data-element_type=\"column\" data-e-type=\"column\">\n\t\t\t<div class=\"elementor-widget-wrap elementor-element-populated\">\n\t\t\t\t\t\t<div class=\"elementor-element elementor-element-6d96434a elementor-widget elementor-widget-text-editor\" data-id=\"6d96434a\" data-element_type=\"widget\" data-e-type=\"widget\" data-widget_type=\"text-editor.default\">\n\t\t\t\t<div class=\"elementor-widget-container\">\n\t\t\t\t\t\t\t\t\t<p>La deposici\u00f3n de pel\u00edculas finas puede ayudar a resolver estos retos para <a href=\"https:\/\/www.pullnerfilter.com\/microelectronics-filtration-solutions\/\" target=\"_blank\" rel=\"noopener\">soluciones de filtraci\u00f3n para microelectr\u00f3nica<\/a>. Aplicar un recubrimiento de pel\u00edcula fina a los semiconductores no s\u00f3lo puede mejorar su eficacia, sino tambi\u00e9n prolongar su vida \u00fatil. Sin embargo, para obtener una pel\u00edcula de buena calidad, los fabricantes de semiconductores deben asegurarse de que los materiales de recubrimiento, normalmente c\u00e1todos para sputtering o materiales de evaporaci\u00f3n, sean de gran pureza. El uso del recubrimiento adecuado en los circuitos y bastidores de accionamiento puede mitigar los efectos corrosivos del entorno operativo. Para ello, el revestimiento se comporta como una barrera eficaz contra los contaminantes extra\u00f1os, lo que permite preservar la integridad del circuito y mitigar los posibles efectos de los bigotes de esta\u00f1o.<\/p><p>Los revestimientos y tratamientos son un aspecto importante de la filtraci\u00f3n hoy en d\u00eda, ya que la funcionalizaci\u00f3n de los medios filtrantes altera el comportamiento del producto y mejora el medio del que est\u00e1 hecho el filtro. Por ejemplo, estos finos tratamientos se aplican f\u00e1cilmente y hacen que los filtros sean repelentes (hidr\u00f3fobos y ole\u00f3fobos) o hidr\u00f3filos (atraen el agua). Estos tratamientos pueden aumentar la resistencia a la humedad y los aceites y mejorar el desprendimiento de la torta de polvo o, por el contrario, la hidrofilia ayuda a que los fluidos acuosos se desplacen a trav\u00e9s de un filtro de forma mucho m\u00e1s eficaz con menos resistencia inicial. Estas tecnolog\u00edas pueden utilizarse de forma independiente o junto con otras tecnolog\u00edas para crear el efecto deseado.<\/p><p>Estos tratamientos podr\u00edan ser mec\u00e1nicos; por ejemplo, el canto o el acristalamiento hacen m\u00e1s lisa la superficie del filtro. Tambi\u00e9n podr\u00edan a\u00f1adirse membranas de EPTFE o nanofibras para aumentar la eficiencia, mientras que los linters de carbono o acero inoxidable pueden a\u00f1adirse para proporcionar una v\u00eda conductora conectada a tierra que reduzca el riesgo de descarga est\u00e1tica.<\/p>\t\t\t\t\t\t\t\t<\/div>\n\t\t\t\t<\/div>\n\t\t\t\t\t<\/div>\n\t\t<\/div>\n\t\t\t\t\t<\/div>\n\t\t<\/section>\n\t\t\t\t<\/div>","protected":false},"excerpt":{"rendered":"<p>Coating Material Filter Element Coating material filter element adopts multi-layer Nano-fiber material, gradient structure design, and has high dirt holding capacity. The large-to-small gradient pore size makes the filter cartridge has stronger dirt holding capacity, which can effectively improve surface clogging problem and extend filter service life. It is suitable for high suspended particles, colloidal [&hellip;]<\/p>\n","protected":false},"author":1,"featured_media":0,"parent":0,"menu_order":0,"comment_status":"closed","ping_status":"closed","template":"","meta":{"_acf_changed":false,"_seopress_robots_primary_cat":"","_seopress_titles_title":"","_seopress_titles_desc":"","_seopress_robots_index":"","_uag_custom_page_level_css":"","site-sidebar-layout":"no-sidebar","site-content-layout":"page-builder","ast-site-content-layout":"default","site-content-style":"default","site-sidebar-style":"default","ast-global-header-display":"","ast-banner-title-visibility":"","ast-main-header-display":"","ast-hfb-above-header-display":"","ast-hfb-below-header-display":"","ast-hfb-mobile-header-display":"","site-post-title":"disabled","ast-breadcrumbs-content":"","ast-featured-img":"disabled","footer-sml-layout":"","theme-transparent-header-meta":"","adv-header-id-meta":"","stick-header-meta":"","header-above-stick-meta":"","header-main-stick-meta":"","header-below-stick-meta":"","astra-migrate-meta-layouts":"default","ast-page-background-enabled":"default","ast-page-background-meta":{"desktop":{"background-color":"","background-image":"","background-repeat":"repeat","background-position":"center center","background-size":"auto","background-attachment":"scroll","background-type":"","background-media":"","overlay-type":"","overlay-color":"","overlay-opacity":"","overlay-gradient":""},"tablet":{"background-color":"","background-image":"","background-repeat":"repeat","background-position":"center center","background-size":"auto","background-attachment":"scroll","background-type":"","background-media":"","overlay-type":"","overlay-color":"","overlay-opacity":"","overlay-gradient":""},"mobile":{"background-color":"","background-image":"","background-repeat":"repeat","background-position":"center center","background-size":"auto","background-attachment":"scroll","background-type":"","background-media":"","overlay-type":"","overlay-color":"","overlay-opacity":"","overlay-gradient":""}},"ast-content-background-meta":{"desktop":{"background-color":"var(--ast-global-color-5)","background-image":"","background-repeat":"repeat","background-position":"center center","background-size":"auto","background-attachment":"scroll","background-type":"","background-media":"","overlay-type":"","overlay-color":"","overlay-opacity":"","overlay-gradient":""},"tablet":{"background-color":"var(--ast-global-color-5)","background-image":"","background-repeat":"repeat","background-position":"center center","background-size":"auto","background-attachment":"scroll","background-type":"","background-media":"","overlay-type":"","overlay-color":"","overlay-opacity":"","overlay-gradient":""},"mobile":{"background-color":"var(--ast-global-color-5)","background-image":"","background-repeat":"repeat","background-position":"center center","background-size":"auto","background-attachment":"scroll","background-type":"","background-media":"","overlay-type":"","overlay-color":"","overlay-opacity":"","overlay-gradient":""}},"footnotes":""},"class_list":["post-2114","page","type-page","status-publish"],"acf":[],"uagb_featured_image_src":{"full":false,"thumbnail":false,"medium":false,"medium_large":false,"large":false,"1536x1536":false,"2048x2048":false,"trp-custom-language-flag":false},"uagb_author_info":{"display_name":"wpx_pullner","author_link":"https:\/\/www.staging.pullnerfilter.com\/es\/author\/wpx_pullner\/"},"uagb_comment_info":0,"uagb_excerpt":"Coating Material Filter Element Coating material filter element adopts multi-layer Nano-fiber material, gradient structure design, and has high dirt holding capacity. The large-to-small gradient pore size makes the filter cartridge has stronger dirt holding capacity, which can effectively improve surface clogging problem and extend filter service life. It is suitable for high suspended particles, colloidal&hellip;","_links":{"self":[{"href":"https:\/\/www.staging.pullnerfilter.com\/es\/wp-json\/wp\/v2\/pages\/2114","targetHints":{"allow":["GET"]}}],"collection":[{"href":"https:\/\/www.staging.pullnerfilter.com\/es\/wp-json\/wp\/v2\/pages"}],"about":[{"href":"https:\/\/www.staging.pullnerfilter.com\/es\/wp-json\/wp\/v2\/types\/page"}],"author":[{"embeddable":true,"href":"https:\/\/www.staging.pullnerfilter.com\/es\/wp-json\/wp\/v2\/users\/1"}],"replies":[{"embeddable":true,"href":"https:\/\/www.staging.pullnerfilter.com\/es\/wp-json\/wp\/v2\/comments?post=2114"}],"version-history":[{"count":9,"href":"https:\/\/www.staging.pullnerfilter.com\/es\/wp-json\/wp\/v2\/pages\/2114\/revisions"}],"predecessor-version":[{"id":8695,"href":"https:\/\/www.staging.pullnerfilter.com\/es\/wp-json\/wp\/v2\/pages\/2114\/revisions\/8695"}],"wp:attachment":[{"href":"https:\/\/www.staging.pullnerfilter.com\/es\/wp-json\/wp\/v2\/media?parent=2114"}],"curies":[{"name":"wp","href":"https:\/\/api.w.org\/{rel}","templated":true}]}}