{"id":2071,"date":"2022-07-29T00:56:32","date_gmt":"2022-07-29T00:56:32","guid":{"rendered":"https:\/\/www.staging.pullnerfilter.com\/?page_id=2071"},"modified":"2022-07-29T01:08:52","modified_gmt":"2022-07-29T01:08:52","slug":"elemento-filtrante-de-precision-de-grado-electronico","status":"publish","type":"page","link":"https:\/\/www.staging.pullnerfilter.com\/es\/elemento-filtrante-de-precision-de-grado-electronico\/","title":{"rendered":"Elemento filtrante de precisi\u00f3n de grado electr\u00f3nico\ufffc"},"content":{"rendered":"<div data-elementor-type=\"wp-page\" data-elementor-id=\"2071\" class=\"elementor elementor-2071\" data-elementor-post-type=\"page\">\n\t\t\t\t\t\t<section class=\"elementor-section elementor-top-section elementor-element elementor-element-78f9ddfd elementor-section-boxed elementor-section-height-default elementor-section-height-default\" data-id=\"78f9ddfd\" data-element_type=\"section\" data-e-type=\"section\">\n\t\t\t\t\t\t<div class=\"elementor-container elementor-column-gap-default\">\n\t\t\t\t\t<div class=\"elementor-column elementor-col-50 elementor-top-column elementor-element elementor-element-7a7e3666\" data-id=\"7a7e3666\" data-element_type=\"column\" data-e-type=\"column\">\n\t\t\t<div class=\"elementor-widget-wrap elementor-element-populated\">\n\t\t\t\t\t\t<div class=\"elementor-element elementor-element-74e7cdef elementor-arrows-position-inside elementor-pagination-position-outside elementor-widget elementor-widget-image-carousel\" data-id=\"74e7cdef\" data-element_type=\"widget\" data-e-type=\"widget\" data-settings=\"{&quot;slides_to_show&quot;:&quot;1&quot;,&quot;navigation&quot;:&quot;both&quot;,&quot;autoplay&quot;:&quot;yes&quot;,&quot;pause_on_hover&quot;:&quot;yes&quot;,&quot;pause_on_interaction&quot;:&quot;yes&quot;,&quot;autoplay_speed&quot;:5000,&quot;infinite&quot;:&quot;yes&quot;,&quot;effect&quot;:&quot;slide&quot;,&quot;speed&quot;:500}\" data-widget_type=\"image-carousel.default\">\n\t\t\t\t<div class=\"elementor-widget-container\">\n\t\t\t\t\t\t\t<div class=\"elementor-image-carousel-wrapper swiper\" role=\"region\" aria-roledescription=\"carousel\" aria-label=\"Carrusel de im\u00e1genes\" dir=\"ltr\">\n\t\t\t<div class=\"elementor-image-carousel swiper-wrapper swiper-image-stretch\" aria-live=\"off\">\n\t\t\t\t\t\t\t\t<div class=\"swiper-slide\" role=\"group\" aria-roledescription=\"slide\" aria-label=\"1 de 1\"><figure class=\"swiper-slide-inner\"><img decoding=\"async\" class=\"swiper-slide-image\" src=\"https:\/\/www.staging.pullnerfilter.com\/wp-content\/uploads\/2022\/07\/Electronic-Grade-Precision-Filter-Element.jpg\" alt=\"Elemento filtrante de precisi\u00f3n de grado electr\u00f3nico\" \/><\/figure><\/div>\t\t\t<\/div>\n\t\t\t\t\t<\/div>\n\t\t\t\t\t\t<\/div>\n\t\t\t\t<\/div>\n\t\t\t\t\t<\/div>\n\t\t<\/div>\n\t\t\t\t<div class=\"elementor-column elementor-col-50 elementor-top-column elementor-element elementor-element-98d84f9\" data-id=\"98d84f9\" data-element_type=\"column\" data-e-type=\"column\">\n\t\t\t<div class=\"elementor-widget-wrap elementor-element-populated\">\n\t\t\t\t\t\t<div class=\"elementor-element elementor-element-67eb5750 elementor-widget elementor-widget-heading\" data-id=\"67eb5750\" data-element_type=\"widget\" data-e-type=\"widget\" data-widget_type=\"heading.default\">\n\t\t\t\t<div class=\"elementor-widget-container\">\n\t\t\t\t\t<h1 class=\"elementor-heading-title elementor-size-default\">Elemento filtrante de precisi\u00f3n de grado electr\u00f3nico<\/h1>\t\t\t\t<\/div>\n\t\t\t\t<\/div>\n\t\t\t\t<div class=\"elementor-element elementor-element-7b369db6 elementor-widget elementor-widget-text-editor\" data-id=\"7b369db6\" data-element_type=\"widget\" data-e-type=\"widget\" data-widget_type=\"text-editor.default\">\n\t\t\t\t<div class=\"elementor-widget-container\">\n\t\t\t\t\t\t\t\t\t<p>El elemento filtrante de precisi\u00f3n de grado electr\u00f3nico pertenece a <a href=\"https:\/\/www.pullnerfilter.com\/membrane-filter-cartridge\/\" target=\"_blank\" rel=\"noopener\">cartucho filtrante de membrana<\/a>, PULLNER ha producido filtros construidos en PTFE, Poliarilsulfona, nylon, PVDF, polietileno y polisulfona, proporcionando la mejor selecci\u00f3n para cada aplicaci\u00f3n.<\/p><p>Se ha dise\u00f1ado espec\u00edficamente para limitar la extracci\u00f3n de hierro de modo que cumpla los requisitos de los productos qu\u00edmicos y disolventes org\u00e1nicos de la industria electr\u00f3nica.<\/p><ul><li>Excelente compatibilidad qu\u00edmica<\/li><li>Alto \u00edndice de eliminaci\u00f3n<\/li><li>Poco extra\u00edble<\/li><li>Se comprueba la integridad de cada cartucho filtrante<\/li><\/ul>\t\t\t\t\t\t\t\t<\/div>\n\t\t\t\t<\/div>\n\t\t\t\t<div class=\"elementor-element elementor-element-65d4b651 elementor-align-start elementor-icon-list--layout-traditional elementor-list-item-link-full_width elementor-widget elementor-widget-icon-list\" data-id=\"65d4b651\" data-element_type=\"widget\" data-e-type=\"widget\" data-widget_type=\"icon-list.default\">\n\t\t\t\t<div class=\"elementor-widget-container\">\n\t\t\t\t\t\t\t<ul class=\"elementor-icon-list-items\">\n\t\t\t\t\t\t\t<li class=\"elementor-icon-list-item\">\n\t\t\t\t\t\t\t\t\t\t\t<span class=\"elementor-icon-list-icon\">\n\t\t\t\t\t\t\t<i aria-hidden=\"true\" class=\"fas fa-angle-right\"><\/i>\t\t\t\t\t\t<\/span>\n\t\t\t\t\t\t\t\t\t\t<span class=\"elementor-icon-list-text\">Material del filtro: PP\/ PTFE\/ PES\/<\/span>\n\t\t\t\t\t\t\t\t\t<\/li>\n\t\t\t\t\t\t\t\t<li class=\"elementor-icon-list-item\">\n\t\t\t\t\t\t\t\t\t\t\t<span class=\"elementor-icon-list-icon\">\n\t\t\t\t\t\t\t<i aria-hidden=\"true\" class=\"fas fa-angle-right\"><\/i>\t\t\t\t\t\t<\/span>\n\t\t\t\t\t\t\t\t\t\t<span class=\"elementor-icon-list-text\">Tapas\/ N\u00facleo\/ Jaula: PP<\/span>\n\t\t\t\t\t\t\t\t\t<\/li>\n\t\t\t\t\t\t\t\t<li class=\"elementor-icon-list-item\">\n\t\t\t\t\t\t\t\t\t\t\t<span class=\"elementor-icon-list-icon\">\n\t\t\t\t\t\t\t<i aria-hidden=\"true\" class=\"fas fa-angle-right\"><\/i>\t\t\t\t\t\t<\/span>\n\t\t\t\t\t\t\t\t\t\t<span class=\"elementor-icon-list-text\">M\u00e1x. Temperatura de funcionamiento: 80\u00b0C<\/span>\n\t\t\t\t\t\t\t\t\t<\/li>\n\t\t\t\t\t\t\t\t<li class=\"elementor-icon-list-item\">\n\t\t\t\t\t\t\t\t\t\t\t<span class=\"elementor-icon-list-icon\">\n\t\t\t\t\t\t\t<i aria-hidden=\"true\" class=\"fas fa-angle-right\"><\/i>\t\t\t\t\t\t<\/span>\n\t\t\t\t\t\t\t\t\t\t<span class=\"elementor-icon-list-text\">M\u00e1x. Presi\u00f3n diferencial: 0,4 MPa\/ 21\u00b0C<\/span>\n\t\t\t\t\t\t\t\t\t<\/li>\n\t\t\t\t\t\t\t\t<li class=\"elementor-icon-list-item\">\n\t\t\t\t\t\t\t\t\t\t\t<span class=\"elementor-icon-list-icon\">\n\t\t\t\t\t\t\t<i aria-hidden=\"true\" class=\"fas fa-angle-right\"><\/i>\t\t\t\t\t\t<\/span>\n\t\t\t\t\t\t\t\t\t\t<span class=\"elementor-icon-list-text\">\u00c1rea del filtro: 0,1-100um 0,6-0,7m2\/ 10 pulgadas<\/span>\n\t\t\t\t\t\t\t\t\t<\/li>\n\t\t\t\t\t\t<\/ul>\n\t\t\t\t\t\t<\/div>\n\t\t\t\t<\/div>\n\t\t\t\t<div class=\"elementor-element elementor-element-3c83706b elementor-align-left elementor-widget elementor-widget-button\" data-id=\"3c83706b\" data-element_type=\"widget\" data-e-type=\"widget\" data-widget_type=\"button.default\">\n\t\t\t\t<div class=\"elementor-widget-container\">\n\t\t\t\t\t\t\t\t\t<div class=\"elementor-button-wrapper\">\n\t\t\t\t\t<a class=\"elementor-button elementor-button-link elementor-size-md\" href=\"\/es\/contacto\/\">\n\t\t\t\t\t\t<span class=\"elementor-button-content-wrapper\">\n\t\t\t\t\t\t\t\t\t<span class=\"elementor-button-text\">Env\u00ede su consulta ahora<\/span>\n\t\t\t\t\t<\/span>\n\t\t\t\t\t<\/a>\n\t\t\t\t<\/div>\n\t\t\t\t\t\t\t\t<\/div>\n\t\t\t\t<\/div>\n\t\t\t\t\t<\/div>\n\t\t<\/div>\n\t\t\t\t\t<\/div>\n\t\t<\/section>\n\t\t\t\t<section class=\"elementor-section elementor-top-section elementor-element elementor-element-3af8c10e elementor-section-boxed elementor-section-height-default elementor-section-height-default\" data-id=\"3af8c10e\" data-element_type=\"section\" data-e-type=\"section\">\n\t\t\t\t\t\t<div class=\"elementor-container elementor-column-gap-default\">\n\t\t\t\t\t<div class=\"elementor-column elementor-col-100 elementor-top-column elementor-element elementor-element-7ce52f16\" data-id=\"7ce52f16\" data-element_type=\"column\" data-e-type=\"column\">\n\t\t\t<div class=\"elementor-widget-wrap elementor-element-populated\">\n\t\t\t\t\t\t<div class=\"elementor-element elementor-element-7fad3c9c elementor-widget elementor-widget-text-editor\" data-id=\"7fad3c9c\" data-element_type=\"widget\" data-e-type=\"widget\" data-widget_type=\"text-editor.default\">\n\t\t\t\t<div class=\"elementor-widget-container\">\n\t\t\t\t\t\t\t\t\t<p>Elemento filtrante de precisi\u00f3n de grado electr\u00f3nico utilizado principalmente en productos qu\u00edmicos, gas, agua, lodos CMP y fotorresistencia La industria de semiconductores incluye circuitos integrados, almacenamiento de datos, pantallas planas y fotovoltaica.<\/p><p>Cada tipo de filtro, procedente de una amplia selecci\u00f3n de materiales, se clasifica en funci\u00f3n de las caracter\u00edsticas del producto y se adhiere a estrictos programas de control de calidad.<\/p><p>Elemento de filtro de precisi\u00f3n de grado electr\u00f3nico pertenecen a cartucho de filtro de membrana, PULLNER ha producido filtros construidos de PTFE, Polyarylsulfone, nylon, PVDF, polietileno y polisulfona, proporcionando la mejor selecci\u00f3n para cada aplicaci\u00f3n.<\/p><p>Se ha dise\u00f1ado espec\u00edficamente para limitar la extracci\u00f3n de hierro de modo que cumpla los requisitos de los productos qu\u00edmicos y disolventes org\u00e1nicos de la industria electr\u00f3nica.<\/p><p>Los productos qu\u00edmicos ultrapuros son la base de la fabricaci\u00f3n de semiconductores. Estos productos qu\u00edmicos especiales abarcan desde \u00e1cidos, bases y alcoholes hasta disolventes y cetonas, que requieren una amplia gama de filtros con distinta compatibilidad qu\u00edmica.<\/p><p>PULLNER utiliza equipos de fabricaci\u00f3n de \u00faltima generaci\u00f3n para fabricar y ensamblar en un entorno controlado filtros qu\u00edmicos de grado electr\u00f3nico que son ultralimpios y producen bajos niveles de iones extra\u00edbles y met\u00e1licos.<\/p><p>Cada filtro qu\u00edmico de grado electr\u00f3nico es 100% integridad probada. Excelente compatibilidad qu\u00edmica es adecuado para la filtraci\u00f3n de diversas soluciones de grabado h\u00famedo y el proceso de limpieza del filtro (WEC) de decapantes de grabado h\u00famedo.<\/p><p>Alta eficacia de retenci\u00f3n de part\u00edculas de hasta 99,99%. Disponible en una amplia gama de tama\u00f1os de poro de 0,02um a 10um en una amplia gama de tama\u00f1os de poro para satisfacer diferentes requisitos.<\/p><p>Puede utilizarse para membranas hidr\u00f3filas de PTFE Mientras que las membranas de PTFE son intr\u00ednsecamente hidr\u00f3fobas, el elemento filtrante de precisi\u00f3n de grado electr\u00f3nico est\u00e1 fabricado con membranas hidr\u00f3filas y no requiere prehumectaci\u00f3n.<\/p><p>La integridad de cada elemento se comprueba de forma independiente.<\/p>\t\t\t\t\t\t\t\t<\/div>\n\t\t\t\t<\/div>\n\t\t\t\t\t<\/div>\n\t\t<\/div>\n\t\t\t\t\t<\/div>\n\t\t<\/section>\n\t\t\t\t<\/div>","protected":false},"excerpt":{"rendered":"<p>Electronic Grade Precision Filter Element Electronic grade precision filter element belong to membrane filter cartridge, PULLNER has produced filters constructed of PTFE, Polyarylsulfone, nylon, PVDF, polyethylene, and polysulfone, providing the best selection for each application. It is specifically designed to limit iron extraction so that it meets the requirements of chemicals and organic solvents in [&hellip;]<\/p>\n","protected":false},"author":1,"featured_media":0,"parent":0,"menu_order":0,"comment_status":"closed","ping_status":"closed","template":"","meta":{"_acf_changed":false,"_seopress_robots_primary_cat":"","_seopress_titles_title":"","_seopress_titles_desc":"","_seopress_robots_index":"","_uag_custom_page_level_css":"","site-sidebar-layout":"no-sidebar","site-content-layout":"page-builder","ast-site-content-layout":"default","site-content-style":"default","site-sidebar-style":"default","ast-global-header-display":"","ast-banner-title-visibility":"","ast-main-header-display":"","ast-hfb-above-header-display":"","ast-hfb-below-header-display":"","ast-hfb-mobile-header-display":"","site-post-title":"disabled","ast-breadcrumbs-content":"","ast-featured-img":"disabled","footer-sml-layout":"","theme-transparent-header-meta":"","adv-header-id-meta":"","stick-header-meta":"","header-above-stick-meta":"","header-main-stick-meta":"","header-below-stick-meta":"","astra-migrate-meta-layouts":"default","ast-page-background-enabled":"default","ast-page-background-meta":{"desktop":{"background-color":"","background-image":"","background-repeat":"repeat","background-position":"center center","background-size":"auto","background-attachment":"scroll","background-type":"","background-media":"","overlay-type":"","overlay-color":"","overlay-opacity":"","overlay-gradient":""},"tablet":{"background-color":"","background-image":"","background-repeat":"repeat","background-position":"center center","background-size":"auto","background-attachment":"scroll","background-type":"","background-media":"","overlay-type":"","overlay-color":"","overlay-opacity":"","overlay-gradient":""},"mobile":{"background-color":"","background-image":"","background-repeat":"repeat","background-position":"center center","background-size":"auto","background-attachment":"scroll","background-type":"","background-media":"","overlay-type":"","overlay-color":"","overlay-opacity":"","overlay-gradient":""}},"ast-content-background-meta":{"desktop":{"background-color":"var(--ast-global-color-5)","background-image":"","background-repeat":"repeat","background-position":"center center","background-size":"auto","background-attachment":"scroll","background-type":"","background-media":"","overlay-type":"","overlay-color":"","overlay-opacity":"","overlay-gradient":""},"tablet":{"background-color":"var(--ast-global-color-5)","background-image":"","background-repeat":"repeat","background-position":"center center","background-size":"auto","background-attachment":"scroll","background-type":"","background-media":"","overlay-type":"","overlay-color":"","overlay-opacity":"","overlay-gradient":""},"mobile":{"background-color":"var(--ast-global-color-5)","background-image":"","background-repeat":"repeat","background-position":"center center","background-size":"auto","background-attachment":"scroll","background-type":"","background-media":"","overlay-type":"","overlay-color":"","overlay-opacity":"","overlay-gradient":""}},"footnotes":""},"class_list":["post-2071","page","type-page","status-publish"],"acf":[],"uagb_featured_image_src":{"full":false,"thumbnail":false,"medium":false,"medium_large":false,"large":false,"1536x1536":false,"2048x2048":false,"trp-custom-language-flag":false},"uagb_author_info":{"display_name":"wpx_pullner","author_link":"https:\/\/www.staging.pullnerfilter.com\/es\/author\/wpx_pullner\/"},"uagb_comment_info":0,"uagb_excerpt":"Electronic Grade Precision Filter Element Electronic grade precision filter element belong to membrane filter cartridge, PULLNER has produced filters constructed of PTFE, Polyarylsulfone, nylon, PVDF, polyethylene, and polysulfone, providing the best selection for each application. It is specifically designed to limit iron extraction so that it meets the requirements of chemicals and organic solvents in&hellip;","_links":{"self":[{"href":"https:\/\/www.staging.pullnerfilter.com\/es\/wp-json\/wp\/v2\/pages\/2071","targetHints":{"allow":["GET"]}}],"collection":[{"href":"https:\/\/www.staging.pullnerfilter.com\/es\/wp-json\/wp\/v2\/pages"}],"about":[{"href":"https:\/\/www.staging.pullnerfilter.com\/es\/wp-json\/wp\/v2\/types\/page"}],"author":[{"embeddable":true,"href":"https:\/\/www.staging.pullnerfilter.com\/es\/wp-json\/wp\/v2\/users\/1"}],"replies":[{"embeddable":true,"href":"https:\/\/www.staging.pullnerfilter.com\/es\/wp-json\/wp\/v2\/comments?post=2071"}],"version-history":[{"count":5,"href":"https:\/\/www.staging.pullnerfilter.com\/es\/wp-json\/wp\/v2\/pages\/2071\/revisions"}],"predecessor-version":[{"id":8553,"href":"https:\/\/www.staging.pullnerfilter.com\/es\/wp-json\/wp\/v2\/pages\/2071\/revisions\/8553"}],"wp:attachment":[{"href":"https:\/\/www.staging.pullnerfilter.com\/es\/wp-json\/wp\/v2\/media?parent=2071"}],"curies":[{"name":"wp","href":"https:\/\/api.w.org\/{rel}","templated":true}]}}