{"id":2046,"date":"2022-07-26T08:44:13","date_gmt":"2022-07-26T08:44:13","guid":{"rendered":"https:\/\/www.staging.pullnerfilter.com\/?page_id=2046"},"modified":"2022-07-26T08:47:56","modified_gmt":"2022-07-26T08:47:56","slug":"cartucho-filtrante-de-agua-de-proceso","status":"publish","type":"page","link":"https:\/\/www.staging.pullnerfilter.com\/es\/cartucho-filtrante-de-agua-de-proceso\/","title":{"rendered":"Cartucho de filtro de agua de proceso"},"content":{"rendered":"<div data-elementor-type=\"wp-page\" data-elementor-id=\"2046\" class=\"elementor elementor-2046\" data-elementor-post-type=\"page\">\n\t\t\t\t\t\t<section class=\"elementor-section elementor-top-section elementor-element elementor-element-227d54f7 elementor-section-boxed elementor-section-height-default elementor-section-height-default\" data-id=\"227d54f7\" data-element_type=\"section\" data-e-type=\"section\">\n\t\t\t\t\t\t<div class=\"elementor-container elementor-column-gap-default\">\n\t\t\t\t\t<div class=\"elementor-column elementor-col-50 elementor-top-column elementor-element elementor-element-4b6724f\" data-id=\"4b6724f\" data-element_type=\"column\" data-e-type=\"column\">\n\t\t\t<div class=\"elementor-widget-wrap elementor-element-populated\">\n\t\t\t\t\t\t<div class=\"elementor-element elementor-element-1e5965aa elementor-arrows-position-inside elementor-pagination-position-outside elementor-widget elementor-widget-image-carousel\" data-id=\"1e5965aa\" data-element_type=\"widget\" data-e-type=\"widget\" data-settings=\"{&quot;slides_to_show&quot;:&quot;1&quot;,&quot;navigation&quot;:&quot;both&quot;,&quot;autoplay&quot;:&quot;yes&quot;,&quot;pause_on_hover&quot;:&quot;yes&quot;,&quot;pause_on_interaction&quot;:&quot;yes&quot;,&quot;autoplay_speed&quot;:5000,&quot;infinite&quot;:&quot;yes&quot;,&quot;effect&quot;:&quot;slide&quot;,&quot;speed&quot;:500}\" data-widget_type=\"image-carousel.default\">\n\t\t\t\t<div class=\"elementor-widget-container\">\n\t\t\t\t\t\t\t<div class=\"elementor-image-carousel-wrapper swiper\" role=\"region\" aria-roledescription=\"carousel\" aria-label=\"\u0639\u0627\u0631\u0636 \u0627\u0644\u0635\u0648\u0631\" dir=\"ltr\">\n\t\t\t<div class=\"elementor-image-carousel swiper-wrapper swiper-image-stretch\" aria-live=\"off\">\n\t\t\t\t\t\t\t\t<div class=\"swiper-slide\" role=\"group\" aria-roledescription=\"slide\" aria-label=\"1 de 1\"><figure class=\"swiper-slide-inner\"><img decoding=\"async\" class=\"swiper-slide-image\" src=\"https:\/\/www.staging.pullnerfilter.com\/wp-content\/uploads\/2022\/07\/Process-water-filter-cartridge.jpg\" alt=\"Cartucho de filtro de agua de proceso\" \/><\/figure><\/div>\t\t\t<\/div>\n\t\t\t\t\t<\/div>\n\t\t\t\t\t\t<\/div>\n\t\t\t\t<\/div>\n\t\t\t\t\t<\/div>\n\t\t<\/div>\n\t\t\t\t<div class=\"elementor-column elementor-col-50 elementor-top-column elementor-element elementor-element-3f07f205\" data-id=\"3f07f205\" data-element_type=\"column\" data-e-type=\"column\">\n\t\t\t<div class=\"elementor-widget-wrap elementor-element-populated\">\n\t\t\t\t\t\t<div class=\"elementor-element elementor-element-54e81d6d elementor-widget elementor-widget-heading\" data-id=\"54e81d6d\" data-element_type=\"widget\" data-e-type=\"widget\" data-widget_type=\"heading.default\">\n\t\t\t\t<div class=\"elementor-widget-container\">\n\t\t\t\t\t<h1 class=\"elementor-heading-title elementor-size-default\">Cartucho de filtro de agua de proceso<\/h1>\t\t\t\t<\/div>\n\t\t\t\t<\/div>\n\t\t\t\t<div class=\"elementor-element elementor-element-62d48b1f elementor-widget elementor-widget-text-editor\" data-id=\"62d48b1f\" data-element_type=\"widget\" data-e-type=\"widget\" data-widget_type=\"text-editor.default\">\n\t\t\t\t<div class=\"elementor-widget-container\">\n\t\t\t\t\t\t\t\t\t<p>El cartucho filtrante de agua de proceso pertenece a <a href=\"https:\/\/www.pullnerfilter.com\/pleated-filter-cartridges\/\" target=\"_blank\" rel=\"noopener\">cartucho filtrante de pliegues<\/a>, El material de grado electr\u00f3nico utilizado en el elemento filtrante de la serie de proceso puede controlar eficazmente el problema de precipitaci\u00f3n de iones de la filtraci\u00f3n, y la estructura de polipropileno puro hace que el elemento filtrante tenga una amplia gama de compatibilidad qu\u00edmica. Se puede aplicar a la filtraci\u00f3n de la mayor\u00eda de los \u00e1cidos y bases, agua de proceso y disolventes org\u00e1nicos.<\/p><ul><li>baja precipitaci\u00f3n<\/li><li>Amplia compatibilidad qu\u00edmica<\/li><li>Se puede seleccionar una variedad de precisi\u00f3n de filtrado<\/li><\/ul>\t\t\t\t\t\t\t\t<\/div>\n\t\t\t\t<\/div>\n\t\t\t\t<div class=\"elementor-element elementor-element-5e6970b3 elementor-align-end elementor-icon-list--layout-traditional elementor-list-item-link-full_width elementor-widget elementor-widget-icon-list\" data-id=\"5e6970b3\" data-element_type=\"widget\" data-e-type=\"widget\" data-widget_type=\"icon-list.default\">\n\t\t\t\t<div class=\"elementor-widget-container\">\n\t\t\t\t\t\t\t<ul class=\"elementor-icon-list-items\">\n\t\t\t\t\t\t\t<li class=\"elementor-icon-list-item\">\n\t\t\t\t\t\t\t\t\t\t\t<span class=\"elementor-icon-list-icon\">\n\t\t\t\t\t\t\t<i aria-hidden=\"true\" class=\"fas fa-angle-right\"><\/i>\t\t\t\t\t\t<\/span>\n\t\t\t\t\t\t\t\t\t\t<span class=\"elementor-icon-list-text\">Material del filtro: PP<\/span>\n\t\t\t\t\t\t\t\t\t<\/li>\n\t\t\t\t\t\t\t\t<li class=\"elementor-icon-list-item\">\n\t\t\t\t\t\t\t\t\t\t\t<span class=\"elementor-icon-list-icon\">\n\t\t\t\t\t\t\t<i aria-hidden=\"true\" class=\"fas fa-angle-right\"><\/i>\t\t\t\t\t\t<\/span>\n\t\t\t\t\t\t\t\t\t\t<span class=\"elementor-icon-list-text\">Carcasa\/n\u00facleo central\/tapa final PP<\/span>\n\t\t\t\t\t\t\t\t\t<\/li>\n\t\t\t\t\t\t\t\t<li class=\"elementor-icon-list-item\">\n\t\t\t\t\t\t\t\t\t\t\t<span class=\"elementor-icon-list-icon\">\n\t\t\t\t\t\t\t<i aria-hidden=\"true\" class=\"fas fa-angle-right\"><\/i>\t\t\t\t\t\t<\/span>\n\t\t\t\t\t\t\t\t\t\t<span class=\"elementor-icon-list-text\">Rendimiento del filtro<\/span>\n\t\t\t\t\t\t\t\t\t<\/li>\n\t\t\t\t\t\t\t\t<li class=\"elementor-icon-list-item\">\n\t\t\t\t\t\t\t\t\t\t\t<span class=\"elementor-icon-list-icon\">\n\t\t\t\t\t\t\t<i aria-hidden=\"true\" class=\"fas fa-angle-right\"><\/i>\t\t\t\t\t\t<\/span>\n\t\t\t\t\t\t\t\t\t\t<span class=\"elementor-icon-list-text\">Temperatura m\u00e1xima de trabajo: 80\u2103<\/span>\n\t\t\t\t\t\t\t\t\t<\/li>\n\t\t\t\t\t\t\t\t<li class=\"elementor-icon-list-item\">\n\t\t\t\t\t\t\t\t\t\t\t<span class=\"elementor-icon-list-icon\">\n\t\t\t\t\t\t\t<i aria-hidden=\"true\" class=\"fas fa-angle-right\"><\/i>\t\t\t\t\t\t<\/span>\n\t\t\t\t\t\t\t\t\t\t<span class=\"elementor-icon-list-text\">Diferencia m\u00e1xima de presi\u00f3n de trabajo: 4bar@21\u2103<\/span>\n\t\t\t\t\t\t\t\t\t<\/li>\n\t\t\t\t\t\t<\/ul>\n\t\t\t\t\t\t<\/div>\n\t\t\t\t<\/div>\n\t\t\t\t<div class=\"elementor-element elementor-element-5e530420 elementor-align-left elementor-widget elementor-widget-button\" data-id=\"5e530420\" data-element_type=\"widget\" data-e-type=\"widget\" data-widget_type=\"button.default\">\n\t\t\t\t<div class=\"elementor-widget-container\">\n\t\t\t\t\t\t\t\t\t<div class=\"elementor-button-wrapper\">\n\t\t\t\t\t<a class=\"elementor-button elementor-button-link elementor-size-md\" href=\"\/es\/contacto\/\">\n\t\t\t\t\t\t<span class=\"elementor-button-content-wrapper\">\n\t\t\t\t\t\t\t\t\t<span class=\"elementor-button-text\">Env\u00ede su consulta ahora<\/span>\n\t\t\t\t\t<\/span>\n\t\t\t\t\t<\/a>\n\t\t\t\t<\/div>\n\t\t\t\t\t\t\t\t<\/div>\n\t\t\t\t<\/div>\n\t\t\t\t\t<\/div>\n\t\t<\/div>\n\t\t\t\t\t<\/div>\n\t\t<\/section>\n\t\t\t\t<section class=\"elementor-section elementor-top-section elementor-element elementor-element-1dcca4fb elementor-section-boxed elementor-section-height-default elementor-section-height-default\" data-id=\"1dcca4fb\" data-element_type=\"section\" data-e-type=\"section\">\n\t\t\t\t\t\t<div class=\"elementor-container elementor-column-gap-default\">\n\t\t\t\t\t<div class=\"elementor-column elementor-col-100 elementor-top-column elementor-element elementor-element-58fcef13\" data-id=\"58fcef13\" data-element_type=\"column\" data-e-type=\"column\">\n\t\t\t<div class=\"elementor-widget-wrap elementor-element-populated\">\n\t\t\t\t\t\t<div class=\"elementor-element elementor-element-2d90ff49 elementor-widget elementor-widget-text-editor\" data-id=\"2d90ff49\" data-element_type=\"widget\" data-e-type=\"widget\" data-widget_type=\"text-editor.default\">\n\t\t\t\t<div class=\"elementor-widget-container\">\n\t\t\t\t\t\t\t\t\t<p>El filtro de agua de proceso incluye principalmente el filtro de agua de proceso h\u00famedo y el filtro de proceso FPD.<\/p><p>Los productos qu\u00edmicos para electr\u00f3nica h\u00fameda son materiales qu\u00edmicos electr\u00f3nicos clave para la producci\u00f3n de circuitos integrados, dispositivos discretos, paneles de visualizaci\u00f3n, c\u00e9lulas solares y otros procesos h\u00famedos.<\/p><p>El proceso h\u00famedo FPD es principalmente para el proceso de pantalla plana de cristal l\u00edquido, semiconductor, pantalla t\u00e1ctil, metalizado, energ\u00eda solar, PCB (placa de circuito impreso), LCD (pantalla de cristal l\u00edquido), LED (diodo emisor de luz) y otros campos t\u00e9cnicos.<\/p><p>Con la mejora de los requisitos de producci\u00f3n de componentes electr\u00f3nicos, tambi\u00e9n aumentan los requisitos de pureza de los productos qu\u00edmicos h\u00famedos electr\u00f3nicos en las aplicaciones industriales relacionadas.<\/p><p>Con el fin de adaptarse a la tendencia de mejora continua del nivel de la tecnolog\u00eda de microprocesamiento en la industria de la informaci\u00f3n electr\u00f3nica, y estandarizar los productos qu\u00edmicos h\u00famedos electr\u00f3nicos del mundo.<\/p><p>La norma, SEMI (Asociaci\u00f3n Internacional de la Industria de Semiconductores) clasific\u00f3 los productos qu\u00edmicos h\u00famedos electr\u00f3nicos seg\u00fan las impurezas met\u00e1licas, el control del tama\u00f1o de las part\u00edculas, el tama\u00f1o de las part\u00edculas el n\u00famero y el \u00e1mbito de aplicaci\u00f3n y otros indicadores para formular normas internacionales de clasificaci\u00f3n. Normas de productos qu\u00edmicos h\u00famedos electr\u00f3nicos en diversos \u00e1mbitos de aplicaci\u00f3n<\/p><p>Diferentes, los fotovoltaicos generalmente s\u00f3lo necesitan el nivel G1; los paneles de visualizaci\u00f3n y LED generalmente requieren G2 para los productos qu\u00edmicos h\u00famedos electr\u00f3nicos, el nivel G3; los circuitos integrados tienen altos requisitos para la pureza de los productos qu\u00edmicos h\u00famedos electr\u00f3nicos, que se concentran b\u00e1sicamente en el nivel superior a G3, y el tama\u00f1o de la oblea cuanto mayor es la pulgada, mayores son los requisitos de pureza, y la fabricaci\u00f3n de obleas de 12 pulgadas generalmente requiere un nivel superior a G4; los dispositivos discretos requieren productos qu\u00edmicos h\u00famedos electr\u00f3nicos los requisitos de pureza del producto son ligeramente inferiores a los de los circuitos integrados, y se concentran b\u00e1sicamente en el nivel G2.<\/p>\t\t\t\t\t\t\t\t<\/div>\n\t\t\t\t<\/div>\n\t\t\t\t\t<\/div>\n\t\t<\/div>\n\t\t\t\t\t<\/div>\n\t\t<\/section>\n\t\t\t\t<\/div>","protected":false},"excerpt":{"rendered":"<p>Process Water Filter Cartridge Process water filter cartridge belong to pleated filter cartridge, The electronic grade material used in the process series filter element can effectively control the ion precipitation problem of filtration, and the pure polypropylene structure makes the filter element have a wide range of chemical compatibility. It can be applied to the [&hellip;]<\/p>\n","protected":false},"author":1,"featured_media":0,"parent":0,"menu_order":0,"comment_status":"closed","ping_status":"closed","template":"","meta":{"_acf_changed":false,"_seopress_robots_primary_cat":"","_seopress_titles_title":"","_seopress_titles_desc":"","_seopress_robots_index":"","_uag_custom_page_level_css":"","site-sidebar-layout":"no-sidebar","site-content-layout":"page-builder","ast-site-content-layout":"default","site-content-style":"default","site-sidebar-style":"default","ast-global-header-display":"","ast-banner-title-visibility":"","ast-main-header-display":"","ast-hfb-above-header-display":"","ast-hfb-below-header-display":"","ast-hfb-mobile-header-display":"","site-post-title":"disabled","ast-breadcrumbs-content":"","ast-featured-img":"disabled","footer-sml-layout":"","theme-transparent-header-meta":"","adv-header-id-meta":"","stick-header-meta":"","header-above-stick-meta":"","header-main-stick-meta":"","header-below-stick-meta":"","astra-migrate-meta-layouts":"default","ast-page-background-enabled":"default","ast-page-background-meta":{"desktop":{"background-color":"","background-image":"","background-repeat":"repeat","background-position":"center center","background-size":"auto","background-attachment":"scroll","background-type":"","background-media":"","overlay-type":"","overlay-color":"","overlay-opacity":"","overlay-gradient":""},"tablet":{"background-color":"","background-image":"","background-repeat":"repeat","background-position":"center center","background-size":"auto","background-attachment":"scroll","background-type":"","background-media":"","overlay-type":"","overlay-color":"","overlay-opacity":"","overlay-gradient":""},"mobile":{"background-color":"","background-image":"","background-repeat":"repeat","background-position":"center center","background-size":"auto","background-attachment":"scroll","background-type":"","background-media":"","overlay-type":"","overlay-color":"","overlay-opacity":"","overlay-gradient":""}},"ast-content-background-meta":{"desktop":{"background-color":"var(--ast-global-color-5)","background-image":"","background-repeat":"repeat","background-position":"center center","background-size":"auto","background-attachment":"scroll","background-type":"","background-media":"","overlay-type":"","overlay-color":"","overlay-opacity":"","overlay-gradient":""},"tablet":{"background-color":"var(--ast-global-color-5)","background-image":"","background-repeat":"repeat","background-position":"center center","background-size":"auto","background-attachment":"scroll","background-type":"","background-media":"","overlay-type":"","overlay-color":"","overlay-opacity":"","overlay-gradient":""},"mobile":{"background-color":"var(--ast-global-color-5)","background-image":"","background-repeat":"repeat","background-position":"center center","background-size":"auto","background-attachment":"scroll","background-type":"","background-media":"","overlay-type":"","overlay-color":"","overlay-opacity":"","overlay-gradient":""}},"footnotes":""},"class_list":["post-2046","page","type-page","status-publish"],"acf":[],"uagb_featured_image_src":{"full":false,"thumbnail":false,"medium":false,"medium_large":false,"large":false,"1536x1536":false,"2048x2048":false,"trp-custom-language-flag":false},"uagb_author_info":{"display_name":"wpx_pullner","author_link":"https:\/\/www.staging.pullnerfilter.com\/es\/author\/wpx_pullner\/"},"uagb_comment_info":0,"uagb_excerpt":"Process Water Filter Cartridge Process water filter cartridge belong to pleated filter cartridge, The electronic grade material used in the process series filter element can effectively control the ion precipitation problem of filtration, and the pure polypropylene structure makes the filter element have a wide range of chemical compatibility. It can be applied to the&hellip;","_links":{"self":[{"href":"https:\/\/www.staging.pullnerfilter.com\/es\/wp-json\/wp\/v2\/pages\/2046","targetHints":{"allow":["GET"]}}],"collection":[{"href":"https:\/\/www.staging.pullnerfilter.com\/es\/wp-json\/wp\/v2\/pages"}],"about":[{"href":"https:\/\/www.staging.pullnerfilter.com\/es\/wp-json\/wp\/v2\/types\/page"}],"author":[{"embeddable":true,"href":"https:\/\/www.staging.pullnerfilter.com\/es\/wp-json\/wp\/v2\/users\/1"}],"replies":[{"embeddable":true,"href":"https:\/\/www.staging.pullnerfilter.com\/es\/wp-json\/wp\/v2\/comments?post=2046"}],"version-history":[{"count":8,"href":"https:\/\/www.staging.pullnerfilter.com\/es\/wp-json\/wp\/v2\/pages\/2046\/revisions"}],"predecessor-version":[{"id":8621,"href":"https:\/\/www.staging.pullnerfilter.com\/es\/wp-json\/wp\/v2\/pages\/2046\/revisions\/8621"}],"wp:attachment":[{"href":"https:\/\/www.staging.pullnerfilter.com\/es\/wp-json\/wp\/v2\/media?parent=2046"}],"curies":[{"name":"wp","href":"https:\/\/api.w.org\/{rel}","templated":true}]}}