{"id":2039,"date":"2022-07-26T08:38:53","date_gmt":"2022-07-26T08:38:53","guid":{"rendered":"https:\/\/www.staging.pullnerfilter.com\/?page_id=2039"},"modified":"2022-07-26T08:41:45","modified_gmt":"2022-07-26T08:41:45","slug":"cartucho-de-filtro-de-agua-de-proceso-electronico","status":"publish","type":"page","link":"https:\/\/www.staging.pullnerfilter.com\/es\/cartucho-de-filtro-de-agua-de-proceso-electronico\/","title":{"rendered":"Cartucho de filtro de agua de proceso electr\u00f3nico\ufffc"},"content":{"rendered":"<div data-elementor-type=\"wp-page\" data-elementor-id=\"2039\" class=\"elementor elementor-2039\" data-elementor-post-type=\"page\">\n\t\t\t\t\t\t<section class=\"elementor-section elementor-top-section elementor-element elementor-element-62f709e elementor-section-boxed elementor-section-height-default elementor-section-height-default\" data-id=\"62f709e\" data-element_type=\"section\" data-e-type=\"section\">\n\t\t\t\t\t\t<div class=\"elementor-container elementor-column-gap-default\">\n\t\t\t\t\t<div class=\"elementor-column elementor-col-50 elementor-top-column elementor-element elementor-element-6af985bd\" data-id=\"6af985bd\" data-element_type=\"column\" data-e-type=\"column\">\n\t\t\t<div class=\"elementor-widget-wrap elementor-element-populated\">\n\t\t\t\t\t\t<div class=\"elementor-element elementor-element-3d5d2860 elementor-arrows-position-inside elementor-pagination-position-outside elementor-widget elementor-widget-image-carousel\" data-id=\"3d5d2860\" data-element_type=\"widget\" data-e-type=\"widget\" data-settings=\"{&quot;slides_to_show&quot;:&quot;1&quot;,&quot;navigation&quot;:&quot;both&quot;,&quot;autoplay&quot;:&quot;yes&quot;,&quot;pause_on_hover&quot;:&quot;yes&quot;,&quot;pause_on_interaction&quot;:&quot;yes&quot;,&quot;autoplay_speed&quot;:5000,&quot;infinite&quot;:&quot;yes&quot;,&quot;effect&quot;:&quot;slide&quot;,&quot;speed&quot;:500}\" data-widget_type=\"image-carousel.default\">\n\t\t\t\t<div class=\"elementor-widget-container\">\n\t\t\t\t\t\t\t<div class=\"elementor-image-carousel-wrapper swiper\" role=\"region\" aria-roledescription=\"carousel\" aria-label=\"Carrusel de im\u00e1genes\" dir=\"ltr\">\n\t\t\t<div class=\"elementor-image-carousel swiper-wrapper swiper-image-stretch\" aria-live=\"off\">\n\t\t\t\t\t\t\t\t<div class=\"swiper-slide\" role=\"group\" aria-roledescription=\"slide\" aria-label=\"1 de 1\" data-no-translation-aria-label=\"\"><figure class=\"swiper-slide-inner\"><img decoding=\"async\" class=\"swiper-slide-image\" src=\"https:\/\/www.staging.pullnerfilter.com\/wp-content\/uploads\/2022\/07\/\u56fe\u7247.jpg\" alt=\"Microelectr\u00f3nica Semiconductor Cartucho filtrante\" \/><\/figure><\/div>\t\t\t<\/div>\n\t\t\t\t\t<\/div>\n\t\t\t\t\t\t<\/div>\n\t\t\t\t<\/div>\n\t\t\t\t\t<\/div>\n\t\t<\/div>\n\t\t\t\t<div class=\"elementor-column elementor-col-50 elementor-top-column elementor-element elementor-element-2c6ef92c\" data-id=\"2c6ef92c\" data-element_type=\"column\" data-e-type=\"column\">\n\t\t\t<div class=\"elementor-widget-wrap elementor-element-populated\">\n\t\t\t\t\t\t<div class=\"elementor-element elementor-element-5f03b1c9 elementor-widget elementor-widget-heading\" data-id=\"5f03b1c9\" data-element_type=\"widget\" data-e-type=\"widget\" data-widget_type=\"heading.default\">\n\t\t\t\t<div class=\"elementor-widget-container\">\n\t\t\t\t\t<h1 class=\"elementor-heading-title elementor-size-default\">Cartucho de filtro electr\u00f3nico de agua de proceso<\/h1>\t\t\t\t<\/div>\n\t\t\t\t<\/div>\n\t\t\t\t<div class=\"elementor-element elementor-element-14d5f3b4 elementor-widget elementor-widget-text-editor\" data-id=\"14d5f3b4\" data-element_type=\"widget\" data-e-type=\"widget\" data-widget_type=\"text-editor.default\">\n\t\t\t\t<div class=\"elementor-widget-container\">\n\t\t\t\t\t\t\t\t\t<p>Cartucho de filtro de agua de proceso electr\u00f3nico pertenecen al elemento de filtro de agua qu\u00edmica h\u00fameda, tiene una estructura de PVDF con membrana de PTFE. Excelente resistencia a la corrosi\u00f3n, El material especial hace que se ajuste a los productos qu\u00edmicos de grado de proceso electr\u00f3nico, proporciona una excelente compatibilidad qu\u00edmica y resistencia a la temperatura.<\/p><ul><li>Material del filtro: PTFE hidr\u00f3filo\/ PTFE hidr\u00f3fobo;<\/li><li>Tapas de los extremos&amp;n\u00facleo interior: HDPE;<\/li><li>Presi\u00f3n de funcionamiento: 0,4MPa \/ 21\u2103<\/li><\/ul>\t\t\t\t\t\t\t\t<\/div>\n\t\t\t\t<\/div>\n\t\t\t\t<div class=\"elementor-element elementor-element-7985027e elementor-align-start elementor-icon-list--layout-traditional elementor-list-item-link-full_width elementor-widget elementor-widget-icon-list\" data-id=\"7985027e\" data-element_type=\"widget\" data-e-type=\"widget\" data-widget_type=\"icon-list.default\">\n\t\t\t\t<div class=\"elementor-widget-container\">\n\t\t\t\t\t\t\t<ul class=\"elementor-icon-list-items\">\n\t\t\t\t\t\t\t<li class=\"elementor-icon-list-item\">\n\t\t\t\t\t\t\t\t\t\t\t<span class=\"elementor-icon-list-icon\">\n\t\t\t\t\t\t\t<i aria-hidden=\"true\" class=\"fas fa-angle-right\"><\/i>\t\t\t\t\t\t<\/span>\n\t\t\t\t\t\t\t\t\t\t<span class=\"elementor-icon-list-text\">Cada cartucho de filtro 100% integridad individual probado;<\/span>\n\t\t\t\t\t\t\t\t\t<\/li>\n\t\t\t\t\t\t\t\t<li class=\"elementor-icon-list-item\">\n\t\t\t\t\t\t\t\t\t\t\t<span class=\"elementor-icon-list-icon\">\n\t\t\t\t\t\t\t<i aria-hidden=\"true\" class=\"fas fa-angle-right\"><\/i>\t\t\t\t\t\t<\/span>\n\t\t\t\t\t\t\t\t\t\t<span class=\"elementor-icon-list-text\">Especialmente filtrar el \u00e1cido HF;<\/span>\n\t\t\t\t\t\t\t\t\t<\/li>\n\t\t\t\t\t\t\t\t<li class=\"elementor-icon-list-item\">\n\t\t\t\t\t\t\t\t\t\t\t<span class=\"elementor-icon-list-icon\">\n\t\t\t\t\t\t\t<i aria-hidden=\"true\" class=\"fas fa-angle-right\"><\/i>\t\t\t\t\t\t<\/span>\n\t\t\t\t\t\t\t\t\t\t<span class=\"elementor-icon-list-text\">Construcci\u00f3n totalmente de fluoropol\u00edmero, amplia compatibilidad qu\u00edmica;<\/span>\n\t\t\t\t\t\t\t\t\t<\/li>\n\t\t\t\t\t\t<\/ul>\n\t\t\t\t\t\t<\/div>\n\t\t\t\t<\/div>\n\t\t\t\t<div class=\"elementor-element elementor-element-63978568 elementor-align-left elementor-widget elementor-widget-button\" data-id=\"63978568\" data-element_type=\"widget\" data-e-type=\"widget\" data-widget_type=\"button.default\">\n\t\t\t\t<div class=\"elementor-widget-container\">\n\t\t\t\t\t\t\t\t\t<div class=\"elementor-button-wrapper\">\n\t\t\t\t\t<a class=\"elementor-button elementor-button-link elementor-size-md\" href=\"\/es\/contacto\/\">\n\t\t\t\t\t\t<span class=\"elementor-button-content-wrapper\">\n\t\t\t\t\t\t\t\t\t<span class=\"elementor-button-text\">Env\u00ede su consulta ahora<\/span>\n\t\t\t\t\t<\/span>\n\t\t\t\t\t<\/a>\n\t\t\t\t<\/div>\n\t\t\t\t\t\t\t\t<\/div>\n\t\t\t\t<\/div>\n\t\t\t\t\t<\/div>\n\t\t<\/div>\n\t\t\t\t\t<\/div>\n\t\t<\/section>\n\t\t\t\t<section class=\"elementor-section elementor-top-section elementor-element elementor-element-200241a6 elementor-section-boxed elementor-section-height-default elementor-section-height-default\" data-id=\"200241a6\" data-element_type=\"section\" data-e-type=\"section\">\n\t\t\t\t\t\t<div class=\"elementor-container elementor-column-gap-default\">\n\t\t\t\t\t<div class=\"elementor-column elementor-col-100 elementor-top-column elementor-element elementor-element-532ce806\" data-id=\"532ce806\" data-element_type=\"column\" data-e-type=\"column\">\n\t\t\t<div class=\"elementor-widget-wrap elementor-element-populated\">\n\t\t\t\t\t\t<div class=\"elementor-element elementor-element-31fe3a84 elementor-widget elementor-widget-text-editor\" data-id=\"31fe3a84\" data-element_type=\"widget\" data-e-type=\"widget\" data-widget_type=\"text-editor.default\">\n\t\t\t\t<div class=\"elementor-widget-container\">\n\t\t\t\t\t\t\t\t\t<p>El cartucho filtrante electr\u00f3nico de agua de proceso se utiliza principalmente en <a href=\"https:\/\/www.pullnerfilter.com\/microelectronics-filtration-solutions\/\">Filtraci\u00f3n microelectr\u00f3nica<\/a>.<\/p><p>Nuestro cartucho filtrante puede mejorar dr\u00e1sticamente la OEE y la disponibilidad de los equipos, prolongar la vida \u00fatil de los productos qu\u00edmicos, reducir los defectos y maximizar la calidad y el rendimiento de los productos.<\/p><p>Elegimos elementos filtrantes con gran capacidad de retenci\u00f3n de suciedad, reducimos el tiempo de inactividad del sistema y ahorramos costes. La fabricaci\u00f3n de semiconductores en nodos avanzados requiere flujos de fluidos extremadamente limpios, lo que impulsa la necesidad de soluciones de filtraci\u00f3n y purificaci\u00f3n de alta gama.<\/p><p>Un control m\u00e1s estricto de la contaminaci\u00f3n puede mejorar significativamente el rendimiento. Las aplicaciones de semiconductores incluyen qu\u00edmica, CMP, grabado h\u00famedo y agua ultrapura.<\/p><p>Nuestras soluciones de alta tecnolog\u00eda tienen una amplia gama de aplicaciones para la industria de semiconductores. Los talleres locales de purificaci\u00f3n de nivel 1000 y los laboratorios de verificaci\u00f3n proporcionan datos experimentales profesionales y fiables.<\/p><p>Las decenas de millones de talleres de depuraci\u00f3n garantizan que la introducci\u00f3n de impurezas se reduzca al m\u00ednimo en el proceso de producci\u00f3n de elementos filtrantes.<br \/>Los filtros PULLNER est\u00e1n dise\u00f1ados para maximizar el rendimiento de muchos procesos de semiconductores diferentes mediante el tama\u00f1o y la concentraci\u00f3n de las part\u00edculas del lodo.<\/p><p>Tras la filtraci\u00f3n, mediante la aplicaci\u00f3n de un dise\u00f1o de filtro l\u00edder en el sector, es posible controlar el n\u00famero de tama\u00f1os de part\u00edculas de los lodos y el n\u00famero de part\u00edculas grandes seg\u00fan los par\u00e1metros de proceso especificados. Una filtraci\u00f3n eficaz permite reducir los defectos y los procesos.<\/p><p>Los defectos son uno de los problemas m\u00e1s importantes para los ingenieros de CMP en el proceso de producci\u00f3n. Estos defectos pueden afectar negativamente al rendimiento y costar tiempo y dinero a los clientes.<\/p><p>Los productos CMP premium de PULLNER ofrecen una mejor retenci\u00f3n y un rendimiento m\u00e1s constante que otras opciones. Esta combinaci\u00f3n de retenci\u00f3n y mejora de la calidad se traduce en una reducci\u00f3n general del coste de propiedad.<\/p>\t\t\t\t\t\t\t\t<\/div>\n\t\t\t\t<\/div>\n\t\t\t\t\t<\/div>\n\t\t<\/div>\n\t\t\t\t\t<\/div>\n\t\t<\/section>\n\t\t\t\t<\/div>","protected":false},"excerpt":{"rendered":"<p>Electronic Process Water Filter Cartridge Electronic process water filter cartridge belong to the Wet Chemical water filter element, it has a PVDF structure with PTFE membrane. Excellent corrosion resistance, The special material makes it fitted electronic process grade chemicals, provides excellent chemical compatibility and temperature resistance. Filter material: Hydrophilic PTFE\/ Hydrophobic PTFE; End caps&amp;inner core: [&hellip;]<\/p>\n","protected":false},"author":1,"featured_media":0,"parent":0,"menu_order":0,"comment_status":"closed","ping_status":"closed","template":"","meta":{"_acf_changed":false,"_seopress_robots_primary_cat":"","_seopress_titles_title":"","_seopress_titles_desc":"","_seopress_robots_index":"","_uag_custom_page_level_css":"","site-sidebar-layout":"no-sidebar","site-content-layout":"page-builder","ast-site-content-layout":"default","site-content-style":"default","site-sidebar-style":"default","ast-global-header-display":"","ast-banner-title-visibility":"","ast-main-header-display":"","ast-hfb-above-header-display":"","ast-hfb-below-header-display":"","ast-hfb-mobile-header-display":"","site-post-title":"disabled","ast-breadcrumbs-content":"","ast-featured-img":"disabled","footer-sml-layout":"","theme-transparent-header-meta":"","adv-header-id-meta":"","stick-header-meta":"","header-above-stick-meta":"","header-main-stick-meta":"","header-below-stick-meta":"","astra-migrate-meta-layouts":"default","ast-page-background-enabled":"default","ast-page-background-meta":{"desktop":{"background-color":"","background-image":"","background-repeat":"repeat","background-position":"center center","background-size":"auto","background-attachment":"scroll","background-type":"","background-media":"","overlay-type":"","overlay-color":"","overlay-opacity":"","overlay-gradient":""},"tablet":{"background-color":"","background-image":"","background-repeat":"repeat","background-position":"center center","background-size":"auto","background-attachment":"scroll","background-type":"","background-media":"","overlay-type":"","overlay-color":"","overlay-opacity":"","overlay-gradient":""},"mobile":{"background-color":"","background-image":"","background-repeat":"repeat","background-position":"center center","background-size":"auto","background-attachment":"scroll","background-type":"","background-media":"","overlay-type":"","overlay-color":"","overlay-opacity":"","overlay-gradient":""}},"ast-content-background-meta":{"desktop":{"background-color":"var(--ast-global-color-5)","background-image":"","background-repeat":"repeat","background-position":"center center","background-size":"auto","background-attachment":"scroll","background-type":"","background-media":"","overlay-type":"","overlay-color":"","overlay-opacity":"","overlay-gradient":""},"tablet":{"background-color":"var(--ast-global-color-5)","background-image":"","background-repeat":"repeat","background-position":"center center","background-size":"auto","background-attachment":"scroll","background-type":"","background-media":"","overlay-type":"","overlay-color":"","overlay-opacity":"","overlay-gradient":""},"mobile":{"background-color":"var(--ast-global-color-5)","background-image":"","background-repeat":"repeat","background-position":"center center","background-size":"auto","background-attachment":"scroll","background-type":"","background-media":"","overlay-type":"","overlay-color":"","overlay-opacity":"","overlay-gradient":""}},"footnotes":""},"class_list":["post-2039","page","type-page","status-publish"],"acf":[],"uagb_featured_image_src":{"full":false,"thumbnail":false,"medium":false,"medium_large":false,"large":false,"1536x1536":false,"2048x2048":false,"trp-custom-language-flag":false},"uagb_author_info":{"display_name":"wpx_pullner","author_link":"https:\/\/www.staging.pullnerfilter.com\/es\/author\/wpx_pullner\/"},"uagb_comment_info":0,"uagb_excerpt":"Electronic Process Water Filter Cartridge Electronic process water filter cartridge belong to the Wet Chemical water filter element, it has a PVDF structure with PTFE membrane. Excellent corrosion resistance, The special material makes it fitted electronic process grade chemicals, provides excellent chemical compatibility and temperature resistance. Filter material: Hydrophilic PTFE\/ Hydrophobic PTFE; End caps&amp;inner core:&hellip;","_links":{"self":[{"href":"https:\/\/www.staging.pullnerfilter.com\/es\/wp-json\/wp\/v2\/pages\/2039","targetHints":{"allow":["GET"]}}],"collection":[{"href":"https:\/\/www.staging.pullnerfilter.com\/es\/wp-json\/wp\/v2\/pages"}],"about":[{"href":"https:\/\/www.staging.pullnerfilter.com\/es\/wp-json\/wp\/v2\/types\/page"}],"author":[{"embeddable":true,"href":"https:\/\/www.staging.pullnerfilter.com\/es\/wp-json\/wp\/v2\/users\/1"}],"replies":[{"embeddable":true,"href":"https:\/\/www.staging.pullnerfilter.com\/es\/wp-json\/wp\/v2\/comments?post=2039"}],"version-history":[{"count":4,"href":"https:\/\/www.staging.pullnerfilter.com\/es\/wp-json\/wp\/v2\/pages\/2039\/revisions"}],"predecessor-version":[{"id":2044,"href":"https:\/\/www.staging.pullnerfilter.com\/es\/wp-json\/wp\/v2\/pages\/2039\/revisions\/2044"}],"wp:attachment":[{"href":"https:\/\/www.staging.pullnerfilter.com\/es\/wp-json\/wp\/v2\/media?parent=2039"}],"curies":[{"name":"wp","href":"https:\/\/api.w.org\/{rel}","templated":true}]}}