{"id":1999,"date":"2022-07-26T08:11:51","date_gmt":"2022-07-26T08:11:51","guid":{"rendered":"https:\/\/www.staging.pullnerfilter.com\/?page_id=1999"},"modified":"2022-07-26T08:25:06","modified_gmt":"2022-07-26T08:25:06","slug":"cartucho-de-filtro-de-tinta-de-inyeccion","status":"publish","type":"page","link":"https:\/\/www.staging.pullnerfilter.com\/es\/cartucho-de-filtro-de-tinta-de-inyeccion\/","title":{"rendered":"Cartucho de filtro de tinta\ufffc"},"content":{"rendered":"<div data-elementor-type=\"wp-page\" data-elementor-id=\"1999\" class=\"elementor elementor-1999\" data-elementor-post-type=\"page\">\n\t\t\t\t\t\t<section class=\"elementor-section elementor-top-section elementor-element elementor-element-1e8f424e elementor-section-boxed elementor-section-height-default elementor-section-height-default\" data-id=\"1e8f424e\" data-element_type=\"section\" data-e-type=\"section\">\n\t\t\t\t\t\t<div class=\"elementor-container elementor-column-gap-default\">\n\t\t\t\t\t<div class=\"elementor-column elementor-col-50 elementor-top-column elementor-element elementor-element-755c73d3\" data-id=\"755c73d3\" data-element_type=\"column\" data-e-type=\"column\">\n\t\t\t<div class=\"elementor-widget-wrap elementor-element-populated\">\n\t\t\t\t\t\t<div class=\"elementor-element elementor-element-1037919c elementor-arrows-position-inside elementor-pagination-position-outside elementor-widget elementor-widget-image-carousel\" data-id=\"1037919c\" data-element_type=\"widget\" data-e-type=\"widget\" data-settings=\"{&quot;slides_to_show&quot;:&quot;1&quot;,&quot;navigation&quot;:&quot;both&quot;,&quot;autoplay&quot;:&quot;yes&quot;,&quot;pause_on_hover&quot;:&quot;yes&quot;,&quot;pause_on_interaction&quot;:&quot;yes&quot;,&quot;autoplay_speed&quot;:5000,&quot;infinite&quot;:&quot;yes&quot;,&quot;effect&quot;:&quot;slide&quot;,&quot;speed&quot;:500}\" data-widget_type=\"image-carousel.default\">\n\t\t\t\t<div class=\"elementor-widget-container\">\n\t\t\t\t\t\t\t<div class=\"elementor-image-carousel-wrapper swiper\" role=\"region\" aria-roledescription=\"carousel\" aria-label=\"Carrusel de im\u00e1genes\" dir=\"ltr\">\n\t\t\t<div class=\"elementor-image-carousel swiper-wrapper swiper-image-stretch\" aria-live=\"off\">\n\t\t\t\t\t\t\t\t<div class=\"swiper-slide\" role=\"group\" aria-roledescription=\"slide\" aria-label=\"1 de 1\" data-no-translation-aria-label=\"\"><figure class=\"swiper-slide-inner\"><img decoding=\"async\" class=\"swiper-slide-image\" src=\"https:\/\/www.staging.pullnerfilter.com\/wp-content\/uploads\/2022\/07\/Inkjet-ink-filter-cartridge.jpg\" alt=\"Cartucho de tinta para inyecci\u00f3n\" \/><\/figure><\/div>\t\t\t<\/div>\n\t\t\t\t\t<\/div>\n\t\t\t\t\t\t<\/div>\n\t\t\t\t<\/div>\n\t\t\t\t\t<\/div>\n\t\t<\/div>\n\t\t\t\t<div class=\"elementor-column elementor-col-50 elementor-top-column elementor-element elementor-element-204c45c6\" data-id=\"204c45c6\" data-element_type=\"column\" data-e-type=\"column\">\n\t\t\t<div class=\"elementor-widget-wrap elementor-element-populated\">\n\t\t\t\t\t\t<div class=\"elementor-element elementor-element-2974a5e0 elementor-widget elementor-widget-heading\" data-id=\"2974a5e0\" data-element_type=\"widget\" data-e-type=\"widget\" data-widget_type=\"heading.default\">\n\t\t\t\t<div class=\"elementor-widget-container\">\n\t\t\t\t\t<h1 class=\"elementor-heading-title elementor-size-default\">Cartucho de filtro de tinta<\/h1>\t\t\t\t<\/div>\n\t\t\t\t<\/div>\n\t\t\t\t<div class=\"elementor-element elementor-element-7a408ea4 elementor-widget elementor-widget-text-editor\" data-id=\"7a408ea4\" data-element_type=\"widget\" data-e-type=\"widget\" data-widget_type=\"text-editor.default\">\n\t\t\t\t<div class=\"elementor-widget-container\">\n\t\t\t\t\t\t\t\t\t<p>El cartucho de filtro de tinta de inyecci\u00f3n pertenece a <a href=\"https:\/\/www.pullnerfilter.com\/pleated-filter-cartridges\/\" target=\"_blank\" rel=\"noopener\">cartucho filtrante de pliegues<\/a> que se utilizan en la construcci\u00f3n de una sola pieza. Carcasas de diferentes tama\u00f1os para adaptarse a los distintos requisitos de caudal y vida \u00fatil. Especialmente para impresoras industriales. Cartucho de filtro de tinta de inyecci\u00f3n de tinta utilizado principalmente en el sistema de suministro de tinta digital. Los cartuchos de filtro de inyecci\u00f3n de tinta est\u00e1n hechos de membrana de polipropileno, tienen una excelente compatibilidad con la mayor\u00eda de los sistemas de tinta.<\/p><ul><li>Material: PP<\/li><li>Micras: 1\u03bcm - 10\u03bcm<\/li><li>M\u00e1x. Presi\u00f3n admisible: 4,1 bar\/60 PSI<\/li><li>M\u00e1x. Temperatura admisible: 50\u00b0C \/ 120\u00b0F<\/li><\/ul>\t\t\t\t\t\t\t\t<\/div>\n\t\t\t\t<\/div>\n\t\t\t\t<div class=\"elementor-element elementor-element-1776bd61 elementor-align-left elementor-widget elementor-widget-button\" data-id=\"1776bd61\" data-element_type=\"widget\" data-e-type=\"widget\" data-widget_type=\"button.default\">\n\t\t\t\t<div class=\"elementor-widget-container\">\n\t\t\t\t\t\t\t\t\t<div class=\"elementor-button-wrapper\">\n\t\t\t\t\t<a class=\"elementor-button elementor-button-link elementor-size-md\" href=\"\/es\/contacto\/\">\n\t\t\t\t\t\t<span class=\"elementor-button-content-wrapper\">\n\t\t\t\t\t\t\t\t\t<span class=\"elementor-button-text\">Env\u00ede su consulta ahora<\/span>\n\t\t\t\t\t<\/span>\n\t\t\t\t\t<\/a>\n\t\t\t\t<\/div>\n\t\t\t\t\t\t\t\t<\/div>\n\t\t\t\t<\/div>\n\t\t\t\t\t<\/div>\n\t\t<\/div>\n\t\t\t\t\t<\/div>\n\t\t<\/section>\n\t\t\t\t<section class=\"elementor-section elementor-top-section elementor-element elementor-element-6170b1b6 elementor-section-boxed elementor-section-height-default elementor-section-height-default\" data-id=\"6170b1b6\" data-element_type=\"section\" data-e-type=\"section\">\n\t\t\t\t\t\t<div class=\"elementor-container elementor-column-gap-default\">\n\t\t\t\t\t<div class=\"elementor-column elementor-col-100 elementor-top-column elementor-element elementor-element-73c0c937\" data-id=\"73c0c937\" data-element_type=\"column\" data-e-type=\"column\">\n\t\t\t<div class=\"elementor-widget-wrap elementor-element-populated\">\n\t\t\t\t\t\t<div class=\"elementor-element elementor-element-c9db377 elementor-widget elementor-widget-text-editor\" data-id=\"c9db377\" data-element_type=\"widget\" data-e-type=\"widget\" data-widget_type=\"text-editor.default\">\n\t\t\t\t<div class=\"elementor-widget-container\">\n\t\t\t\t\t\t\t\t\t<p>La optimizaci\u00f3n del proceso de filtraci\u00f3n de tintas siempre ha sido un gran problema. Es necesario abordar el problema de los aglomerados, los subproductos y las part\u00edculas de pigmento de gran tama\u00f1o.<\/p><p>Seg\u00fan las impurezas de la tinta, se proporcionan diferentes materiales de filtrado y procesos de productos de filtrado para que estas soluciones espec\u00edficas sean m\u00e1s precisas. Adem\u00e1s, en el uso real, tambi\u00e9n hay productos en c\u00e1psulas para elegir, lo que resulta m\u00e1s c\u00f3modo de manejar.<\/p><p>Las capas exteriores de nanofibras de PP proporcionan altos caudales y las m\u00faltiples capas de microfibras de vidrio superfinas contribuyen a una alta eficacia. El dise\u00f1o optimizado proporciona una alta capacidad de retenci\u00f3n de la suciedad y una gran eficacia de eliminaci\u00f3n.<\/p><p>Los cartuchos de filtro de tinta para inyecci\u00f3n de tinta se utilizan en construcci\u00f3n de una sola pieza. Carcasas de diferentes tama\u00f1os para adaptarse a diferentes requisitos de caudal y demanda de vida \u00fatil. Especialmente para impresoras industriales.<\/p><p>Cartucho de filtro de tinta de inyecci\u00f3n de tinta utilizado principalmente en el sistema de suministro de tinta digital. Disponibles en varias capacidades: 200 ml, 300 ml, 400 ml, 500 ml y 700 ml. Tecnolog\u00eda de soldadura t\u00e9rmica. Conexi\u00f3n de entrada de aire y purga de drenaje. Sin resinas adhesivas. Adecuado para diferentes aplicaciones de tinta.<\/p><p>El cartucho filtrante adopta una estructura de apertura gradual y material filtrante de alta porosidad, garantizando as\u00ed el flujo de filtraci\u00f3n y la vida \u00fatil del elemento filtrante y reduciendo el coste de funcionamiento y mantenimiento. Podemos dise\u00f1ar el cartucho filtrante m\u00e1s adecuado seg\u00fan las condiciones de trabajo del lugar.<\/p>\t\t\t\t\t\t\t\t<\/div>\n\t\t\t\t<\/div>\n\t\t\t\t\t<\/div>\n\t\t<\/div>\n\t\t\t\t\t<\/div>\n\t\t<\/section>\n\t\t\t\t<\/div>","protected":false},"excerpt":{"rendered":"<p>Inkjet ink filter cartridge Inkjet ink filter cartridge is belong to pleated filter cartridge which used in one-piece construction. Different size housings in order to fit different flow rate requirements and service life demand. Especially for industrial printer. Inkjet ink filter cartridge mainly used in the digital ink supply system. Inkjet Filter cartridges are made [&hellip;]<\/p>\n","protected":false},"author":1,"featured_media":0,"parent":0,"menu_order":0,"comment_status":"closed","ping_status":"closed","template":"","meta":{"_acf_changed":false,"_seopress_robots_primary_cat":"","_seopress_titles_title":"","_seopress_titles_desc":"","_seopress_robots_index":"","_uag_custom_page_level_css":"","site-sidebar-layout":"no-sidebar","site-content-layout":"page-builder","ast-site-content-layout":"default","site-content-style":"default","site-sidebar-style":"default","ast-global-header-display":"","ast-banner-title-visibility":"","ast-main-header-display":"","ast-hfb-above-header-display":"","ast-hfb-below-header-display":"","ast-hfb-mobile-header-display":"","site-post-title":"disabled","ast-breadcrumbs-content":"","ast-featured-img":"disabled","footer-sml-layout":"","theme-transparent-header-meta":"","adv-header-id-meta":"","stick-header-meta":"","header-above-stick-meta":"","header-main-stick-meta":"","header-below-stick-meta":"","astra-migrate-meta-layouts":"default","ast-page-background-enabled":"default","ast-page-background-meta":{"desktop":{"background-color":"","background-image":"","background-repeat":"repeat","background-position":"center center","background-size":"auto","background-attachment":"scroll","background-type":"","background-media":"","overlay-type":"","overlay-color":"","overlay-opacity":"","overlay-gradient":""},"tablet":{"background-color":"","background-image":"","background-repeat":"repeat","background-position":"center center","background-size":"auto","background-attachment":"scroll","background-type":"","background-media":"","overlay-type":"","overlay-color":"","overlay-opacity":"","overlay-gradient":""},"mobile":{"background-color":"","background-image":"","background-repeat":"repeat","background-position":"center center","background-size":"auto","background-attachment":"scroll","background-type":"","background-media":"","overlay-type":"","overlay-color":"","overlay-opacity":"","overlay-gradient":""}},"ast-content-background-meta":{"desktop":{"background-color":"var(--ast-global-color-5)","background-image":"","background-repeat":"repeat","background-position":"center center","background-size":"auto","background-attachment":"scroll","background-type":"","background-media":"","overlay-type":"","overlay-color":"","overlay-opacity":"","overlay-gradient":""},"tablet":{"background-color":"var(--ast-global-color-5)","background-image":"","background-repeat":"repeat","background-position":"center center","background-size":"auto","background-attachment":"scroll","background-type":"","background-media":"","overlay-type":"","overlay-color":"","overlay-opacity":"","overlay-gradient":""},"mobile":{"background-color":"var(--ast-global-color-5)","background-image":"","background-repeat":"repeat","background-position":"center center","background-size":"auto","background-attachment":"scroll","background-type":"","background-media":"","overlay-type":"","overlay-color":"","overlay-opacity":"","overlay-gradient":""}},"footnotes":""},"class_list":["post-1999","page","type-page","status-publish"],"acf":[],"uagb_featured_image_src":{"full":false,"thumbnail":false,"medium":false,"medium_large":false,"large":false,"1536x1536":false,"2048x2048":false,"trp-custom-language-flag":false},"uagb_author_info":{"display_name":"wpx_pullner","author_link":"https:\/\/www.staging.pullnerfilter.com\/es\/author\/wpx_pullner\/"},"uagb_comment_info":0,"uagb_excerpt":"Inkjet ink filter cartridge Inkjet ink filter cartridge is belong to pleated filter cartridge which used in one-piece construction. Different size housings in order to fit different flow rate requirements and service life demand. Especially for industrial printer. Inkjet ink filter cartridge mainly used in the digital ink supply system. Inkjet Filter cartridges are made&hellip;","_links":{"self":[{"href":"https:\/\/www.staging.pullnerfilter.com\/es\/wp-json\/wp\/v2\/pages\/1999","targetHints":{"allow":["GET"]}}],"collection":[{"href":"https:\/\/www.staging.pullnerfilter.com\/es\/wp-json\/wp\/v2\/pages"}],"about":[{"href":"https:\/\/www.staging.pullnerfilter.com\/es\/wp-json\/wp\/v2\/types\/page"}],"author":[{"embeddable":true,"href":"https:\/\/www.staging.pullnerfilter.com\/es\/wp-json\/wp\/v2\/users\/1"}],"replies":[{"embeddable":true,"href":"https:\/\/www.staging.pullnerfilter.com\/es\/wp-json\/wp\/v2\/comments?post=1999"}],"version-history":[{"count":9,"href":"https:\/\/www.staging.pullnerfilter.com\/es\/wp-json\/wp\/v2\/pages\/1999\/revisions"}],"predecessor-version":[{"id":8535,"href":"https:\/\/www.staging.pullnerfilter.com\/es\/wp-json\/wp\/v2\/pages\/1999\/revisions\/8535"}],"wp:attachment":[{"href":"https:\/\/www.staging.pullnerfilter.com\/es\/wp-json\/wp\/v2\/media?parent=1999"}],"curies":[{"name":"wp","href":"https:\/\/api.w.org\/{rel}","templated":true}]}}