{"id":1986,"date":"2022-07-26T07:52:19","date_gmt":"2022-07-26T07:52:19","guid":{"rendered":"https:\/\/www.staging.pullnerfilter.com\/?page_id=1986"},"modified":"2026-01-08T02:34:34","modified_gmt":"2026-01-08T02:34:34","slug":"cartucho-filtrante-semiconductor-para-microelectronica","status":"publish","type":"page","link":"https:\/\/www.staging.pullnerfilter.com\/es\/cartucho-filtrante-semiconductor-para-microelectronica\/","title":{"rendered":"Microelectr\u00f3nica Semiconductor Cartucho filtrante"},"content":{"rendered":"<div data-elementor-type=\"wp-page\" data-elementor-id=\"1986\" class=\"elementor elementor-1986\" data-elementor-post-type=\"page\">\n\t\t\t\t\t\t<section class=\"elementor-section elementor-top-section elementor-element elementor-element-1c0ae30f elementor-section-boxed elementor-section-height-default elementor-section-height-default\" data-id=\"1c0ae30f\" data-element_type=\"section\" data-e-type=\"section\">\n\t\t\t\t\t\t<div class=\"elementor-container elementor-column-gap-default\">\n\t\t\t\t\t<div class=\"elementor-column elementor-col-50 elementor-top-column elementor-element elementor-element-58bf8a90\" data-id=\"58bf8a90\" data-element_type=\"column\" data-e-type=\"column\">\n\t\t\t<div class=\"elementor-widget-wrap elementor-element-populated\">\n\t\t\t\t\t\t<div class=\"elementor-element elementor-element-42bbf0d1 elementor-arrows-position-inside elementor-pagination-position-outside elementor-widget elementor-widget-image-carousel\" data-id=\"42bbf0d1\" data-element_type=\"widget\" data-e-type=\"widget\" data-settings=\"{&quot;slides_to_show&quot;:&quot;1&quot;,&quot;navigation&quot;:&quot;both&quot;,&quot;autoplay&quot;:&quot;yes&quot;,&quot;pause_on_hover&quot;:&quot;yes&quot;,&quot;pause_on_interaction&quot;:&quot;yes&quot;,&quot;autoplay_speed&quot;:5000,&quot;infinite&quot;:&quot;yes&quot;,&quot;effect&quot;:&quot;slide&quot;,&quot;speed&quot;:500}\" data-widget_type=\"image-carousel.default\">\n\t\t\t\t<div class=\"elementor-widget-container\">\n\t\t\t\t\t\t\t<div class=\"elementor-image-carousel-wrapper swiper\" role=\"region\" aria-roledescription=\"carousel\" aria-label=\"Carrusel de im\u00e1genes\" dir=\"ltr\">\n\t\t\t<div class=\"elementor-image-carousel swiper-wrapper swiper-image-stretch\" aria-live=\"off\">\n\t\t\t\t\t\t\t\t<div class=\"swiper-slide\" role=\"group\" aria-roledescription=\"slide\" aria-label=\"1 de 1\"><figure class=\"swiper-slide-inner\"><img decoding=\"async\" class=\"swiper-slide-image\" src=\"https:\/\/www.staging.pullnerfilter.com\/wp-content\/uploads\/2022\/07\/\u56fe\u7247.jpg\" alt=\"Microelectr\u00f3nica Semiconductor Cartucho filtrante\" \/><\/figure><\/div>\t\t\t<\/div>\n\t\t\t\t\t<\/div>\n\t\t\t\t\t\t<\/div>\n\t\t\t\t<\/div>\n\t\t\t\t\t<\/div>\n\t\t<\/div>\n\t\t\t\t<div class=\"elementor-column elementor-col-50 elementor-top-column elementor-element elementor-element-4bb1c99a\" data-id=\"4bb1c99a\" data-element_type=\"column\" data-e-type=\"column\">\n\t\t\t<div class=\"elementor-widget-wrap elementor-element-populated\">\n\t\t\t\t\t\t<div class=\"elementor-element elementor-element-59529ecf elementor-widget elementor-widget-heading\" data-id=\"59529ecf\" data-element_type=\"widget\" data-e-type=\"widget\" data-widget_type=\"heading.default\">\n\t\t\t\t<div class=\"elementor-widget-container\">\n\t\t\t\t\t<h1 class=\"elementor-heading-title elementor-size-default\">Microelectr\u00f3nica Semiconductor Cartucho filtrante<\/h1>\t\t\t\t<\/div>\n\t\t\t\t<\/div>\n\t\t\t\t<div class=\"elementor-element elementor-element-c2d101d elementor-widget elementor-widget-text-editor\" data-id=\"c2d101d\" data-element_type=\"widget\" data-e-type=\"widget\" data-widget_type=\"text-editor.default\">\n\t\t\t\t<div class=\"elementor-widget-container\">\n\t\t\t\t\t\t\t\t\t<p>El cartucho filtrante para semiconductores de microelectr\u00f3nica forma parte de la serie de filtros de c\u00e1psula. Estos cartuchos se utilizan ampliamente en industrias como la electr\u00f3nica, los semiconductores, la pantalla de cristal l\u00edquido (LCD), el agua ultrapura, el grabado h\u00famedo y el almacenamiento en disco duro de datos.<\/p><ul><li>Material: PP<\/li><li>Micras: 1\u03bcm - 10\u03bcm<\/li><li>M\u00e1x. Presi\u00f3n admisible: 4,1 bar\/60 PSI<\/li><li>M\u00e1x. Temperatura admisible: 50\u00b0C \/ 120\u00b0F<\/li><\/ul>\t\t\t\t\t\t\t\t<\/div>\n\t\t\t\t<\/div>\n\t\t\t\t<div class=\"elementor-element elementor-element-4b4bd8f2 elementor-align-start elementor-icon-list--layout-traditional elementor-list-item-link-full_width elementor-widget elementor-widget-icon-list\" data-id=\"4b4bd8f2\" data-element_type=\"widget\" data-e-type=\"widget\" data-widget_type=\"icon-list.default\">\n\t\t\t\t<div class=\"elementor-widget-container\">\n\t\t\t\t\t\t\t<ul class=\"elementor-icon-list-items\">\n\t\t\t\t\t\t\t<li class=\"elementor-icon-list-item\">\n\t\t\t\t\t\t\t\t\t\t\t<span class=\"elementor-icon-list-icon\">\n\t\t\t\t\t\t\t<i aria-hidden=\"true\" class=\"fas fa-angle-right\"><\/i>\t\t\t\t\t\t<\/span>\n\t\t\t\t\t\t\t\t\t\t<span class=\"elementor-icon-list-text\">Hay disponibles varias capacidades: 200 ml, 300 ml, 400 ml, 500 ml y 700 ml. <\/span>\n\t\t\t\t\t\t\t\t\t<\/li>\n\t\t\t\t\t\t\t\t<li class=\"elementor-icon-list-item\">\n\t\t\t\t\t\t\t\t\t\t\t<span class=\"elementor-icon-list-icon\">\n\t\t\t\t\t\t\t<i aria-hidden=\"true\" class=\"fas fa-angle-right\"><\/i>\t\t\t\t\t\t<\/span>\n\t\t\t\t\t\t\t\t\t\t<span class=\"elementor-icon-list-text\">Tecnolog\u00eda de soldadura t\u00e9rmica. Conexi\u00f3n de entrada de aire y desag\u00fce. <\/span>\n\t\t\t\t\t\t\t\t\t<\/li>\n\t\t\t\t\t\t\t\t<li class=\"elementor-icon-list-item\">\n\t\t\t\t\t\t\t\t\t\t\t<span class=\"elementor-icon-list-icon\">\n\t\t\t\t\t\t\t<i aria-hidden=\"true\" class=\"fas fa-angle-right\"><\/i>\t\t\t\t\t\t<\/span>\n\t\t\t\t\t\t\t\t\t\t<span class=\"elementor-icon-list-text\">Sin resinas adhesivas. <\/span>\n\t\t\t\t\t\t\t\t\t<\/li>\n\t\t\t\t\t\t\t\t<li class=\"elementor-icon-list-item\">\n\t\t\t\t\t\t\t\t\t\t\t<span class=\"elementor-icon-list-icon\">\n\t\t\t\t\t\t\t<i aria-hidden=\"true\" class=\"fas fa-angle-right\"><\/i>\t\t\t\t\t\t<\/span>\n\t\t\t\t\t\t\t\t\t\t<span class=\"elementor-icon-list-text\">Adecuado para diferentes aplicaciones de tintas.<\/span>\n\t\t\t\t\t\t\t\t\t<\/li>\n\t\t\t\t\t\t\t\t<li class=\"elementor-icon-list-item\">\n\t\t\t\t\t\t\t\t\t\t\t<span class=\"elementor-icon-list-icon\">\n\t\t\t\t\t\t\t<i aria-hidden=\"true\" class=\"fas fa-angle-right\"><\/i>\t\t\t\t\t\t<\/span>\n\t\t\t\t\t\t\t\t\t\t<span class=\"elementor-icon-list-text\">Econ\u00f3mico: Como prefiltro, tiene una alta eficacia de filtraci\u00f3n y un alto rendimiento econ\u00f3mico.<\/span>\n\t\t\t\t\t\t\t\t\t<\/li>\n\t\t\t\t\t\t<\/ul>\n\t\t\t\t\t\t<\/div>\n\t\t\t\t<\/div>\n\t\t\t\t<div class=\"elementor-element elementor-element-28d87ee5 elementor-align-left elementor-widget elementor-widget-button\" data-id=\"28d87ee5\" data-element_type=\"widget\" data-e-type=\"widget\" data-widget_type=\"button.default\">\n\t\t\t\t<div class=\"elementor-widget-container\">\n\t\t\t\t\t\t\t\t\t<div class=\"elementor-button-wrapper\">\n\t\t\t\t\t<a class=\"elementor-button elementor-button-link elementor-size-md\" href=\"\/es\/contacto\/\">\n\t\t\t\t\t\t<span class=\"elementor-button-content-wrapper\">\n\t\t\t\t\t\t\t\t\t<span class=\"elementor-button-text\">Env\u00ede su consulta ahora<\/span>\n\t\t\t\t\t<\/span>\n\t\t\t\t\t<\/a>\n\t\t\t\t<\/div>\n\t\t\t\t\t\t\t\t<\/div>\n\t\t\t\t<\/div>\n\t\t\t\t\t<\/div>\n\t\t<\/div>\n\t\t\t\t\t<\/div>\n\t\t<\/section>\n\t\t\t\t<section class=\"elementor-section elementor-top-section elementor-element elementor-element-ea116c4 elementor-section-boxed elementor-section-height-default elementor-section-height-default\" data-id=\"ea116c4\" data-element_type=\"section\" data-e-type=\"section\">\n\t\t\t\t\t\t<div class=\"elementor-container elementor-column-gap-default\">\n\t\t\t\t\t<div class=\"elementor-column elementor-col-100 elementor-top-column elementor-element elementor-element-23f12f9\" data-id=\"23f12f9\" data-element_type=\"column\" data-e-type=\"column\">\n\t\t\t<div class=\"elementor-widget-wrap elementor-element-populated\">\n\t\t\t\t\t\t<div class=\"elementor-element elementor-element-c594c82 elementor-widget elementor-widget-text-editor\" data-id=\"c594c82\" data-element_type=\"widget\" data-e-type=\"widget\" data-widget_type=\"text-editor.default\">\n\t\t\t\t<div class=\"elementor-widget-container\">\n\t\t\t\t\t\t\t\t\t<p>Estos filtros son esenciales para mantener la limpieza y pureza de los entornos en industrias en las que el control de precisi\u00f3n de las part\u00edculas es fundamental, como en\u00a0<a href=\"https:\/\/www.pullnerfilter.com\/microelectronics-filtration-solutions\/\">microelectr\u00f3nica<\/a>\u00a0y la producci\u00f3n de semiconductores.<\/p><p>Nuestros cartuchos filtrantes para semiconductores de microelectr\u00f3nica se utilizan ampliamente en la industria de los semiconductores, la producci\u00f3n de LCD, la filtraci\u00f3n de agua ultrapura, etc., donde se requiere una gran pureza y eficacia.<\/p><h3>Control de calidad y tecnolog\u00eda avanzada<\/h3><p>Hemos establecido un laboratorio de verificaci\u00f3n con un nivel de depuraci\u00f3n local de 1.000 y un nivel de taller de 10 millones para garantizar la limpieza de cada elemento filtrante. Cada proceso est\u00e1 estrictamente controlado por nuestros t\u00e9cnicos profesionales, que seleccionan cuidadosamente los materiales y las configuraciones de filtro adecuados en funci\u00f3n de los requisitos espec\u00edficos del emplazamiento.<\/p><p>Mediante el uso de avanzados equipos de laboratorio y un equipo t\u00e9cnico profesional, proporcionamos las mejores soluciones de filtraci\u00f3n que ofrecen ahorro de costes, mejora de la calidad del producto y mayor rendimiento. Utilizamos\u00a0<strong>PP, PTFE, PES, PVDF y PFA<\/strong>\u00a0materiales, ofreciendo una variedad de precisiones de filtraci\u00f3n de 0,1\u03bcm-25\u03bcm para satisfacer diversos requisitos. El alto caudal, la baja precipitaci\u00f3n y la exclusiva estructura del material filtrante mejoran la vida \u00fatil del filtro, lo que reduce significativamente los costes de inactividad.<\/p><p>Para un rendimiento de filtraci\u00f3n \u00f3ptimo en aplicaciones de microelectr\u00f3nica y semiconductores, considere la posibilidad de combinar su cartucho filtrante con un\u00a0<a href=\"#\">fabricante de carcasas de filtros de acero inoxidable<\/a>\u00a0para garantizar una carcasa duradera y robusta para su sistema de filtrado.<\/p>\t\t\t\t\t\t\t\t<\/div>\n\t\t\t\t<\/div>\n\t\t\t\t\t<\/div>\n\t\t<\/div>\n\t\t\t\t\t<\/div>\n\t\t<\/section>\n\t\t\t\t<\/div>","protected":false},"excerpt":{"rendered":"<p>Microelectronics Semiconductor Filter cartridge The\u00a0microelectronics semiconductor filter cartridge\u00a0is part of the\u00a0capsule filter\u00a0series. These cartridges are widely used in industries such as\u00a0electronics,\u00a0semiconductors,\u00a0liquid crystal display (LCD),\u00a0ultrapure water,\u00a0wet etch, and\u00a0data hard disk storage. Material: PP Micron: 1\u03bcm &#8211; 10\u03bcm Max. Allowable Pressure: 4.1 bar\/60 PSI Max. Allowable Temperature: 50\u00b0C \/ 120\u00b0F Multiple capacities 200ml, 300ml, 400ml, 500ml, and [&hellip;]<\/p>\n","protected":false},"author":1,"featured_media":0,"parent":0,"menu_order":0,"comment_status":"closed","ping_status":"closed","template":"","meta":{"_acf_changed":false,"_seopress_robots_primary_cat":"","_seopress_titles_title":"","_seopress_titles_desc":"","_seopress_robots_index":"","_uag_custom_page_level_css":"","site-sidebar-layout":"no-sidebar","site-content-layout":"page-builder","ast-site-content-layout":"default","site-content-style":"default","site-sidebar-style":"default","ast-global-header-display":"","ast-banner-title-visibility":"","ast-main-header-display":"","ast-hfb-above-header-display":"","ast-hfb-below-header-display":"","ast-hfb-mobile-header-display":"","site-post-title":"disabled","ast-breadcrumbs-content":"","ast-featured-img":"disabled","footer-sml-layout":"","theme-transparent-header-meta":"","adv-header-id-meta":"","stick-header-meta":"","header-above-stick-meta":"","header-main-stick-meta":"","header-below-stick-meta":"","astra-migrate-meta-layouts":"default","ast-page-background-enabled":"default","ast-page-background-meta":{"desktop":{"background-color":"","background-image":"","background-repeat":"repeat","background-position":"center center","background-size":"auto","background-attachment":"scroll","background-type":"","background-media":"","overlay-type":"","overlay-color":"","overlay-opacity":"","overlay-gradient":""},"tablet":{"background-color":"","background-image":"","background-repeat":"repeat","background-position":"center center","background-size":"auto","background-attachment":"scroll","background-type":"","background-media":"","overlay-type":"","overlay-color":"","overlay-opacity":"","overlay-gradient":""},"mobile":{"background-color":"","background-image":"","background-repeat":"repeat","background-position":"center center","background-size":"auto","background-attachment":"scroll","background-type":"","background-media":"","overlay-type":"","overlay-color":"","overlay-opacity":"","overlay-gradient":""}},"ast-content-background-meta":{"desktop":{"background-color":"var(--ast-global-color-5)","background-image":"","background-repeat":"repeat","background-position":"center center","background-size":"auto","background-attachment":"scroll","background-type":"","background-media":"","overlay-type":"","overlay-color":"","overlay-opacity":"","overlay-gradient":""},"tablet":{"background-color":"var(--ast-global-color-5)","background-image":"","background-repeat":"repeat","background-position":"center center","background-size":"auto","background-attachment":"scroll","background-type":"","background-media":"","overlay-type":"","overlay-color":"","overlay-opacity":"","overlay-gradient":""},"mobile":{"background-color":"var(--ast-global-color-5)","background-image":"","background-repeat":"repeat","background-position":"center center","background-size":"auto","background-attachment":"scroll","background-type":"","background-media":"","overlay-type":"","overlay-color":"","overlay-opacity":"","overlay-gradient":""}},"footnotes":""},"class_list":["post-1986","page","type-page","status-publish"],"acf":[],"uagb_featured_image_src":{"full":false,"thumbnail":false,"medium":false,"medium_large":false,"large":false,"1536x1536":false,"2048x2048":false,"trp-custom-language-flag":false},"uagb_author_info":{"display_name":"wpx_pullner","author_link":"https:\/\/www.staging.pullnerfilter.com\/es\/author\/wpx_pullner\/"},"uagb_comment_info":0,"uagb_excerpt":"Microelectronics Semiconductor Filter cartridge The\u00a0microelectronics semiconductor filter cartridge\u00a0is part of the\u00a0capsule filter\u00a0series. These cartridges are widely used in industries such as\u00a0electronics,\u00a0semiconductors,\u00a0liquid crystal display (LCD),\u00a0ultrapure water,\u00a0wet etch, and\u00a0data hard disk storage. Material: PP Micron: 1\u03bcm &#8211; 10\u03bcm Max. Allowable Pressure: 4.1 bar\/60 PSI Max. Allowable Temperature: 50\u00b0C \/ 120\u00b0F Multiple capacities 200ml, 300ml, 400ml, 500ml, and&hellip;","_links":{"self":[{"href":"https:\/\/www.staging.pullnerfilter.com\/es\/wp-json\/wp\/v2\/pages\/1986","targetHints":{"allow":["GET"]}}],"collection":[{"href":"https:\/\/www.staging.pullnerfilter.com\/es\/wp-json\/wp\/v2\/pages"}],"about":[{"href":"https:\/\/www.staging.pullnerfilter.com\/es\/wp-json\/wp\/v2\/types\/page"}],"author":[{"embeddable":true,"href":"https:\/\/www.staging.pullnerfilter.com\/es\/wp-json\/wp\/v2\/users\/1"}],"replies":[{"embeddable":true,"href":"https:\/\/www.staging.pullnerfilter.com\/es\/wp-json\/wp\/v2\/comments?post=1986"}],"version-history":[{"count":14,"href":"https:\/\/www.staging.pullnerfilter.com\/es\/wp-json\/wp\/v2\/pages\/1986\/revisions"}],"predecessor-version":[{"id":8773,"href":"https:\/\/www.staging.pullnerfilter.com\/es\/wp-json\/wp\/v2\/pages\/1986\/revisions\/8773"}],"wp:attachment":[{"href":"https:\/\/www.staging.pullnerfilter.com\/es\/wp-json\/wp\/v2\/media?parent=1986"}],"curies":[{"name":"wp","href":"https:\/\/api.w.org\/{rel}","templated":true}]}}